{"id":2118,"date":"2020-02-27T15:27:38","date_gmt":"2020-02-27T15:27:38","guid":{"rendered":"http:\/\/www.tipard.de\/blog\/?page_id=2118"},"modified":"2020-02-27T15:33:30","modified_gmt":"2020-02-27T15:33:30","slug":"top-5-kostenlose-bildschirmaufnahme-programme","status":"publish","type":"page","link":"https:\/\/www.tipard.de\/blog\/top-5-kostenlose-bildschirmaufnahme-programme\/","title":{"rendered":"Top 5 der kostenlosen Bildschirmaufnahmeprogramme aus dem Jahr 2017"},"content":{"rendered":"<p><img loading=\"lazy\" decoding=\"async\" class=\"alignnone size-full wp-image-2123\" src=\"http:\/\/www.tipard.de\/blog\/wp-content\/uploads\/2020\/02\/free-screen-recorder.jpg\" alt=\"\" width=\"600\" height=\"338\" srcset=\"https:\/\/www.tipard.de\/blog\/wp-content\/uploads\/2020\/02\/free-screen-recorder.jpg 600w, https:\/\/www.tipard.de\/blog\/wp-content\/uploads\/2020\/02\/free-screen-recorder-300x169.jpg 300w\" sizes=\"auto, (max-width: 600px) 100vw, 600px\" \/>Wie sagt man so sch\u00f6n, Bilder sind wertvoller als Tausend Worte. Also m\u00fcsste ein Video wertvoller als ein dickes Buch sein. Heutzutage werden Videos benutzt, um besondere Momente festzuhalten. Computerspieler ver\u00f6ffentlichen Videos um Ihre Tricks zu zeigen, Lehrer versuchen durch Screenshots Ihren Sch\u00fclern etwas n\u00e4her zu bringen. Blogger stellen Ihre aufgenommenen Videos ins Netz, damit der Leser dies besser nachvollziehen kann. Auf dem Markt gibt es unz\u00e4hlige von Programmen, mit dem Sie Ihren Bildschirm aufnehmen k\u00f6nnen, doch in diesem Artikel finden Sie eine Auflistung, der 5 besten Programme dieser Art.<\/p>\n<h2>Empfehlung: Tipard Screen Capture<\/h2>\n<p><a href=\"https:\/\/www.tipard.de\/screen-capture\/\"><em>Tipard Screen Capture<\/em> <\/a>ist einer der leichtesten Wege eine Bildschirmaufnahme zu benutzen. Obwohl es eine kostenpflichtige Version des Programmes gibt, k\u00f6nnen Sie ebenso die kostenfreie Version des Programmes benutzen. Durch die \u00fcbersichtliche und strukturierte Benutzeroberfl\u00e4che, ist dieses Programm ebenso f\u00fcr Profis, wie f\u00fcr Einsteiger. Das gr\u00f6\u00dfte Feature des <a href=\"https:\/\/www.tipard.de\/screen-capture\/\"><em>Tipard Screen Capture\u2019s<\/em><\/a> ist die Aufnahme von Videos in einer sehr hohen Qualit\u00e4t. Mit dem <a href=\"https:\/\/www.tipard.de\/screen-capture\/\"><em>Screen Capture von Tipard<\/em><\/a>, haben Sie also keine Probleme was die Frames oder verlorene Bilder angeht. Im Folgenden k\u00f6nnen Sie lesen, welche weiteren Extras dieses Programm Ihnen bietet.<\/p>\n<p><img loading=\"lazy\" decoding=\"async\" class=\"alignnone size-full wp-image-2126\" src=\"http:\/\/www.tipard.de\/blog\/wp-content\/uploads\/2020\/02\/ready-record.jpg\" alt=\"\" width=\"600\" height=\"488\" srcset=\"https:\/\/www.tipard.de\/blog\/wp-content\/uploads\/2020\/02\/ready-record.jpg 600w, https:\/\/www.tipard.de\/blog\/wp-content\/uploads\/2020\/02\/ready-record-300x244.jpg 300w\" sizes=\"auto, (max-width: 600px) 100vw, 600px\" \/><\/p>\n<p>1. Der Bildschirm und der Ton werden zu 100% \u00fcbernommen.<br \/>\n2. Systemaudio wird \u00fcbernommen.<br \/>\n3. Nutzer k\u00f6nnen entscheiden, ob Sie den Systemsound oder den Mikrofonsound aufnehmen wollen.<br \/>\n4. Das aufgenommene Video kann angezeigt werden, bevor es gespeichert wird.<br \/>\n5. Das Programm ist f\u00fcr fast alle Windows Programme verf\u00fcgbar.<br \/>\n6. Videos k\u00f6nnen in hochaufl\u00f6senden Formaten aufgenommen werden.<\/p>\n<h2>1. Microsoft Expression Encoder 4<\/h2>\n<p>Viele Menschen wissen, dass Microsoft Expression Encoder 4 ein professionales Aufnahme Programm ist. Microsoft bietet Ihnen zwei Versionen dieses Programmes an, einmal die kostenlose Standartversion und die bezahlte Version. Die Standartversion des Programmes enth\u00e4lt dennoch die M\u00f6glichkeit, Ihren Bildschirm aufzunehmen. Im Folgenden k\u00f6nnen Sie genauere Extras zu diesem Programm finden.<\/p>\n<p><img loading=\"lazy\" decoding=\"async\" class=\"alignnone size-full wp-image-2124\" src=\"http:\/\/www.tipard.de\/blog\/wp-content\/uploads\/2020\/02\/microsoft-expression-encoder-4.jpg\" alt=\"\" width=\"600\" height=\"463\" srcset=\"https:\/\/www.tipard.de\/blog\/wp-content\/uploads\/2020\/02\/microsoft-expression-encoder-4.jpg 600w, https:\/\/www.tipard.de\/blog\/wp-content\/uploads\/2020\/02\/microsoft-expression-encoder-4-300x232.jpg 300w\" sizes=\"auto, (max-width: 600px) 100vw, 600px\" \/><\/p>\n<p>1. Nutzer k\u00f6nnen den Bildschirm aufnehmen und sich dann das Originalvideo dazu anschauen.<br \/>\n2. Es besteht die M\u00f6glichkeit, Bilder aus Aufnahmen und der Web Kamera zu speichern.<br \/>\n3. Sie k\u00f6nnen Audio und Bild gleichzeitig aufnehmen.<br \/>\n4. Die gespeicherte Aufnahme wird als Expression Encode Format gespeichert.<br \/>\n5. Nachdem Aufnehmen, haben Sie die M\u00f6glichkeit Ihr Video dank der Videobearbeitung, nach Ihren W\u00fcnschen umzugestalten.<br \/>\n6. Bestimmte Tastenkombinationen erm\u00f6glichen Ihnen, w\u00e4hrend der Aufnahme, die Kontrolle \u00fcber das System zu behalten.<\/p>\n<h2>2. Open Broadcaster Software<\/h2>\n<p>Viele Menschen kennen die Open Broadcaster Software nur mit Ihrer Abk\u00fcrzung, OBS. Es ist einer der meistgenutzte und dazu noch kostenfreie Aufnahmeprogramme, die es zurzeit auf dem Markt gibt.\u00a0 Es enth\u00e4lt nicht nur die M\u00f6glichkeit, Ihren Bildschirm aufzunehmen, sondern mit diesem Programm, k\u00f6nnen Sie ebenso livestreamen. Im Weiteren finden Sie weitere Extras zu diesem Broadcaster.<\/p>\n<p><img loading=\"lazy\" decoding=\"async\" class=\"alignnone size-full wp-image-2125\" src=\"http:\/\/www.tipard.de\/blog\/wp-content\/uploads\/2020\/02\/open-broadcaster-software.jpg\" alt=\"\" width=\"600\" height=\"537\" srcset=\"https:\/\/www.tipard.de\/blog\/wp-content\/uploads\/2020\/02\/open-broadcaster-software.jpg 600w, https:\/\/www.tipard.de\/blog\/wp-content\/uploads\/2020\/02\/open-broadcaster-software-300x269.jpg 300w\" sizes=\"auto, (max-width: 600px) 100vw, 600px\" \/><\/p>\n<p>1. Es gibt keine Einschr\u00e4nkung, was die Anzahl und die L\u00e4nge Ihrer Videos angeht.<br \/>\n2. Sie k\u00f6nnen Ihre Spiele und mehr auf YouTube streamen.<br \/>\n3. OBS erstellt zu jeder Aufnahme ein eigenes Projekt, Sie k\u00f6nnen also ganz einfach Ihr Video bearbeiten.<br \/>\n4. Videos k\u00f6nnen in den g\u00e4ngigen Videoformaten gespeichert werden.<br \/>\n5. Die Aufnahme kann vielf\u00e4ltig ausfallen, selbst wenn Sie Ihr Spiel im Vollbildmodus spielen, k\u00f6nnen Sie mit Hilfe einer Tastenkombination, die Aufnahme starten.<br \/>\n6. OBS ist in der Lage, die CPU voll auszulasten, damit Ihre Aufnahme perfekt wird.<\/p>\n<h2>3. Ezvid<\/h2>\n<p><img loading=\"lazy\" decoding=\"async\" class=\"alignnone size-full wp-image-2122\" src=\"http:\/\/www.tipard.de\/blog\/wp-content\/uploads\/2020\/02\/ezvid.jpg\" alt=\"\" width=\"600\" height=\"473\" srcset=\"https:\/\/www.tipard.de\/blog\/wp-content\/uploads\/2020\/02\/ezvid.jpg 600w, https:\/\/www.tipard.de\/blog\/wp-content\/uploads\/2020\/02\/ezvid-300x237.jpg 300w\" sizes=\"auto, (max-width: 600px) 100vw, 600px\" \/><\/p>\n<p>Ezvid ist ein kostenfreies Aufnahme Programm f\u00fcr Windows Nutzer, dennoch unterst\u00fctzt es zurzeit noch kein Windows 10. Durch eine leichte Benutzerfl\u00e4che ist dieses Programm f\u00fcr jeder Mann geeignet. Im Weiteren finden Sie zahlreiche Extras, die Ihnen Ezvid liefert.<\/p>\n<p>1. Es ist eines der einfachsten Aufnahmeprogramme, Sie m\u00fcssen lediglich auf Start dr\u00fccken, und die Aufnahme l\u00e4uft.<br \/>\n2. Durch die Bet\u00e4tigung einer Tastenkombination, ist dieses Programm sehr gut f\u00fcr Gamer geeignet, die Ihre Spiele im Vollbildmodus spielen.<br \/>\n3. Durch einen Screenshot, kann der Ton des Mikrofons aufgenommen werden.<br \/>\n4. Durch bestimmte Features zum Video bearbeiten, k\u00f6nnen Sie Ihrem Video einen Feinschliff geben.<br \/>\n5. Nachdem Aufnehmen, k\u00f6nnen Sie Ihr Video auf den verschiedensten Plattformen hochladen.<br \/>\n6. Hintergrundger\u00e4usche werden ausgeblendet.<\/p>\n<h2>4. TinyTake<\/h2>\n<p><img loading=\"lazy\" decoding=\"async\" class=\"alignnone size-full wp-image-2127\" src=\"http:\/\/www.tipard.de\/blog\/wp-content\/uploads\/2020\/02\/tinytake.jpg\" alt=\"\" width=\"600\" height=\"335\" srcset=\"https:\/\/www.tipard.de\/blog\/wp-content\/uploads\/2020\/02\/tinytake.jpg 600w, https:\/\/www.tipard.de\/blog\/wp-content\/uploads\/2020\/02\/tinytake-300x168.jpg 300w\" sizes=\"auto, (max-width: 600px) 100vw, 600px\" \/><\/p>\n<p>Wenn Sie es nicht m\u00f6gen, dass Sie einige Videos auf Ihrem Computer speichern m\u00fcssen, ist TinyTake die optimale L\u00f6sung f\u00fcr Sie. Es hat n\u00e4mlich nicht nur die M\u00f6glichkeit Ihre Videos auf Ihrem Computer zu speichern, sondern dank der Cloud, k\u00f6nnen einige Videos auch extern gespeichert werden. Im Folgenden finden Sie einige Merkmale dieses Programmes.<\/p>\n<p>1. Fotos k\u00f6nnen importiert werden.<br \/>\n2. Der ganze Prozess der Aufnahme, kann durch bestimmte Tastenkombinationen gesteuert werden.<br \/>\n3. Obwohl es ein Limit von 5 Minuten pro Aufnahme gibt, wird Ihnen keine Wasserzeichen oder Ank\u00fcndigungen angezeigt.<br \/>\n4. Vor dem Speichern, k\u00f6nnen Sie sich Ihre Videos noch einmal in Ruhe anschauen.<br \/>\n5. Nachdem aufnehmen, k\u00f6nnen Sie entscheiden, ob Sie Ihr Video auf YouTube oder doch lieber auf Ihrem internen Speicher lagern wollen.<\/p>\n<h2>5. Xsplit<\/h2>\n<p><img loading=\"lazy\" decoding=\"async\" class=\"alignnone size-full wp-image-2128\" src=\"http:\/\/www.tipard.de\/blog\/wp-content\/uploads\/2020\/02\/xsplit.jpg\" alt=\"\" width=\"600\" height=\"337\" srcset=\"https:\/\/www.tipard.de\/blog\/wp-content\/uploads\/2020\/02\/xsplit.jpg 600w, https:\/\/www.tipard.de\/blog\/wp-content\/uploads\/2020\/02\/xsplit-300x169.jpg 300w\" sizes=\"auto, (max-width: 600px) 100vw, 600px\" \/><\/p>\n<p>Xsplit ist vor allem bei Gamern und Broadcastern bekannt. Der kostenfreie Recorder hat zwei Modelle, den Broadcaster und den Gamecaster. Obwohl der Unterschied sehr gering ist, macht es f\u00fcr die Gamer einen Riesen Unterschied. Die Hauptaufgabe von Xsplit, eine kleine Videodatei mit einer hohen Qualit\u00e4t zu erstellen. Das ist sehr wichtig, wenn Sie Ihre Videos exportieren m\u00f6chten, denn desto gr\u00f6\u00dfer die Dateien sind, desto l\u00e4nger dauert der Upload.<\/p>\n<p>1. Xsplit unterst\u00fctzt eine gro\u00dfe Menge an Inputs, wie ein Bildschirm, Web Kamera, Anwendungen, Medien Dateien, eine Video Karte und vieles mehr.<br \/>\n2. Wenn Sie ein Spiel starten, wird das Programm sofort ausgel\u00f6st.<br \/>\n3. Aufgenommene Videos, k\u00f6nnen auf Sozialen Plattformen oder auf Ihrem Computer abgespeichert werden.<br \/>\n4. Man kann einige weitere Einstellungen einstellen.<\/p>\n<h3>Fazit:<\/h3>\n<p>In diesem Artikel wurden die 5 besten Bildschirmaufnahme Programme vorgestellt. Wenn Sie also noch vor dem Lesen dieses Artikels, auf der Suche nach einem Programm dieser Art waren, dann sollte Ihnen dieser Artikel auf jeden Fall geholfen haben.<\/p>\n<p>&nbsp;<\/p>\n","protected":false},"excerpt":{"rendered":"<p>Wie sagt man so sch\u00f6n, Bilder sind wertvoller als Tausend Worte. Also m\u00fcsste ein Video wertvoller als ein dickes Buch sein. Heutzutage werden Videos benutzt, um besondere Momente festzuhalten. Computerspieler ver\u00f6ffentlichen Videos um Ihre Tricks zu zeigen, Lehrer versuchen durch Screenshots Ihren Sch\u00fclern etwas n\u00e4her zu bringen. Blogger stellen Ihre aufgenommenen Videos ins Netz, damit [&hellip;]<\/p>\n","protected":false},"author":1,"featured_media":0,"parent":0,"menu_order":0,"comment_status":"closed","ping_status":"closed","template":"","meta":{"footnotes":""},"class_list":["post-2118","page","type-page","status-publish","hentry"],"_links":{"self":[{"href":"https:\/\/www.tipard.de\/blog\/wp-json\/wp\/v2\/pages\/2118","targetHints":{"allow":["GET"]}}],"collection":[{"href":"https:\/\/www.tipard.de\/blog\/wp-json\/wp\/v2\/pages"}],"about":[{"href":"https:\/\/www.tipard.de\/blog\/wp-json\/wp\/v2\/types\/page"}],"author":[{"embeddable":true,"href":"https:\/\/www.tipard.de\/blog\/wp-json\/wp\/v2\/users\/1"}],"replies":[{"embeddable":true,"href":"https:\/\/www.tipard.de\/blog\/wp-json\/wp\/v2\/comments?post=2118"}],"version-history":[{"count":4,"href":"https:\/\/www.tipard.de\/blog\/wp-json\/wp\/v2\/pages\/2118\/revisions"}],"predecessor-version":[{"id":2129,"href":"https:\/\/www.tipard.de\/blog\/wp-json\/wp\/v2\/pages\/2118\/revisions\/2129"}],"wp:attachment":[{"href":"https:\/\/www.tipard.de\/blog\/wp-json\/wp\/v2\/media?parent=2118"}],"curies":[{"name":"wp","href":"https:\/\/api.w.org\/{rel}","templated":true}]}}