{"id":2108,"date":"2020-02-27T15:16:01","date_gmt":"2020-02-27T15:16:01","guid":{"rendered":"http:\/\/www.tipard.de\/blog\/?page_id=2108"},"modified":"2024-08-27T07:22:50","modified_gmt":"2024-08-27T07:22:50","slug":"iphone-verbindet-sich-nicht-mit-wlan","status":"publish","type":"page","link":"https:\/\/www.tipard.de\/blog\/iphone-verbindet-sich-nicht-mit-wlan\/","title":{"rendered":"iPhone verbindet sich nicht mit WLAN"},"content":{"rendered":"<p><img loading=\"lazy\" decoding=\"async\" class=\"alignnone size-full wp-image-2110\" src=\"http:\/\/www.tipard.de\/blog\/wp-content\/uploads\/2020\/02\/iphone-wont-connect-to-wifi.jpg\" alt=\"\" width=\"600\" height=\"338\" srcset=\"https:\/\/www.tipard.de\/blog\/wp-content\/uploads\/2020\/02\/iphone-wont-connect-to-wifi.jpg 600w, https:\/\/www.tipard.de\/blog\/wp-content\/uploads\/2020\/02\/iphone-wont-connect-to-wifi-300x169.jpg 300w\" sizes=\"auto, (max-width: 600px) 100vw, 600px\" \/><\/p>\n<p>Manchmal kommt es einfach vor, dass Ihr iPhone keine Verbindung zum Wlan-Netzwerk herstellt, unabh\u00e4ngig davon, ob Sie ein iPhone 6s\/6s Plus\/6\/6 Plus\/5\/ 5S\/4\/4s verwenden &#8211; aber warum? Und wie l\u00f6st man das Problem?<\/p>\n<p>Es gibt zu viele M\u00f6glichkeiten, um dieses einfache Problem zu beheben, und zu viele M\u00f6glichkeiten sind oftmals verwirrend. Folgen Sie uns einfach Schritt f\u00fcr Schritt, um die Ursache des Problems herauszufinden und zu beheben. \u00c4hnlich wie bei technischen Problemen, kann auch das Schreiben von akademischen Arbeiten oft kompliziert und zeitaufwendig sein. Hier bietet <a style=\"text-decoration: none; color: inherit; text-transform: lowercase; box-shadow: none; font-weight: inherit; border: none;\" href=\"http:\/\/ghostwriter-deutschland.com\/\" target=\"_new\" rel=\"noopener\">ghostwriter-deutschland.com<\/a> eine wertvolle Unterst\u00fctzung, indem es professionelle Hilfe beim Verfassen akademischer Texte anbietet. Diese Dienstleistung kann besonders n\u00fctzlich sein, wenn Sie Unterst\u00fctzung bei der Strukturierung oder der Forschung f\u00fcr Ihre Arbeit ben\u00f6tigen.<\/p>\n<h3>1. Stellen Sie die Grundvoraussetzung sicher<\/h3>\n<p>Stellen Sie sicher, dass Sie sich in Wlan-Reichweite befinden,das richtige Passwort eingegeben haben und dass Ihr iOS-Betriebssystem ist auf dem neuesten Stand ist. Tippen Sie einfach auf <em>Einstellungen&gt; WLAN<\/em>, um zu \u00fcberpr\u00fcfen, ob neben dem verwendeten WLAN-Netzwerk ein blaues H\u00e4kchen angezeigt wird und dann <em>Einstellungen -&gt; Allgemein -&gt; Software-Update<\/em>, um sicherzustellen, dass es auf dem neuesten Stand ist.<\/p>\n<p>Manchmal zeigt das iPhone das WLAN-Symbol oben links neben dem Namen des iOS-Ger\u00e4ts an, aber tats\u00e4chlich haben wir keinen Passcode eingegeben. Dieser Anlass tritt vor allem an \u00f6ffentlichen Orten mit kostenlosem WLAN auf.<\/p>\n<h3>2. Starten Sie das iPhone neu<\/h3>\n<p>Halten Sie die Ein-\/Aus-Taste und die Home-Taste gleichzeitig gedr\u00fcckt, bis das Apple-Logo angezeigt wird. Der Vorgang dauert nur etwa 10 Sekunden, um Ihr iPhone erfolgreich neu zu starten.<\/p>\n<p>Man sollte nicht untersch\u00e4tzen, was ein Neustart bewirkt, da es oft schon die L\u00f6sung f\u00fcr einfache Probleme ist. Von daher lohnt es sich, das iPhone einfach mal neu zu starten.<\/p>\n<h3>3. Deaktivieren Sie das Wlan-Netzwerk<\/h3>\n<p>Tippen Sie auf <em>Einstellungen -&gt; Datenschutz -&gt; Standortdienste -&gt;<\/em> <em>Systemdienste<\/em>, schalten Sie das Wlan-Netzwerk aus und starten Sie das iPhone neu.<\/p>\n<p>Wi-Fi Networking wurde entwickelt, um Wlan-Netzwerke in der N\u00e4he zu finden und die Informationen an Apple zu senden, um eine entsprechende Datenbank zu erstellen, welche die Wlan-Verbindung beim n\u00e4chsten Mal vereinfachen soll.<\/p>\n<h3>4. Setzen Sie die Netzwerkeinstellungen zur\u00fcck<\/h3>\n<p>Starten Sie die App Einstellungen auf dem iPhone und tippen Sie anschlie\u00dfend auf <em>Allgemein -&gt; Zur\u00fccksetzen -&gt; Netzwerkeinstellungen zur\u00fccksetzen<\/em>.<\/p>\n<p>Bei diesem Vorgang wird Ihr iPhone auf die werkseitigen Standardeinstellungen zur\u00fcckgesetzt. Sie sollten das iPhone also mit Wlan verbinden und das Passwort erneut eingeben.<\/p>\n<h3>5. iPhone Daten l\u00f6schen<\/h3>\n<p>Tippen Sie auf <em>Einstellungen -&gt; Allgemein -&gt; Zur\u00fccksetzen -&gt; Alle Inhalte und Einstellungen l\u00f6schen<\/em>.<\/p>\n<p>Tun Sie dies, nachdem Sie sicher sind, dass Sie das neueste Backup haben, da Sie wissen, dass Sie es nach dem L\u00f6schen wiederherstellen m\u00fcssen.<\/p>\n<h4>Tipps zum Wiederherstellen des iPhone:<\/h4>\n<p>Wenn Sie das iPhone nach dem L\u00f6schen neu starten, folgen Sie einfach dem iOS-Setup-Assistenten als neues iPhone. Sie k\u00f6nnen alle von Ihnen ausgew\u00e4hlten iCloud-Backups wiederherstellen. Wenn Sie jedoch selektiv wiederherstellen m\u00fcssen, gibt es\u00a0verschiedene M\u00f6glichkeiten das mit<em>\u00a0<a href=\"https:\/\/www.tipard.de\/iphone-data-recovery\/\">iOS Data Recovery<\/a><\/em> zu tun.<\/p>\n<h3>6. Gehen Sie zum Apple Store<\/h3>\n<p>Wenn Sie alle oben genannten L\u00f6sungen nacheinander ausprobiert haben, diese jedoch fehlgeschlagen sind, wenden Sie sich an Apple. Das ist die letzte M\u00f6glichkeit.<\/p>\n","protected":false},"excerpt":{"rendered":"<p>Manchmal kommt es einfach vor, dass Ihr iPhone keine Verbindung zum Wlan-Netzwerk herstellt, unabh\u00e4ngig davon, ob Sie ein iPhone 6s\/6s Plus\/6\/6 Plus\/5\/ 5S\/4\/4s verwenden &#8211; aber warum? Und wie l\u00f6st man das Problem? Es gibt zu viele M\u00f6glichkeiten, um dieses einfache Problem zu beheben, und zu viele M\u00f6glichkeiten sind oftmals verwirrend. Folgen Sie uns einfach [&hellip;]<\/p>\n","protected":false},"author":1,"featured_media":0,"parent":0,"menu_order":0,"comment_status":"closed","ping_status":"closed","template":"","meta":{"footnotes":""},"class_list":["post-2108","page","type-page","status-publish","hentry"],"_links":{"self":[{"href":"https:\/\/www.tipard.de\/blog\/wp-json\/wp\/v2\/pages\/2108","targetHints":{"allow":["GET"]}}],"collection":[{"href":"https:\/\/www.tipard.de\/blog\/wp-json\/wp\/v2\/pages"}],"about":[{"href":"https:\/\/www.tipard.de\/blog\/wp-json\/wp\/v2\/types\/page"}],"author":[{"embeddable":true,"href":"https:\/\/www.tipard.de\/blog\/wp-json\/wp\/v2\/users\/1"}],"replies":[{"embeddable":true,"href":"https:\/\/www.tipard.de\/blog\/wp-json\/wp\/v2\/comments?post=2108"}],"version-history":[{"count":5,"href":"https:\/\/www.tipard.de\/blog\/wp-json\/wp\/v2\/pages\/2108\/revisions"}],"predecessor-version":[{"id":4983,"href":"https:\/\/www.tipard.de\/blog\/wp-json\/wp\/v2\/pages\/2108\/revisions\/4983"}],"wp:attachment":[{"href":"https:\/\/www.tipard.de\/blog\/wp-json\/wp\/v2\/media?parent=2108"}],"curies":[{"name":"wp","href":"https:\/\/api.w.org\/{rel}","templated":true}]}}