{"id":2099,"date":"2020-02-27T15:04:40","date_gmt":"2020-02-27T15:04:40","guid":{"rendered":"http:\/\/www.tipard.de\/blog\/?page_id=2099"},"modified":"2024-05-03T19:58:39","modified_gmt":"2024-05-03T19:58:39","slug":"die-4-besten-snipping-tools-fuer-mac","status":"publish","type":"page","link":"https:\/\/www.tipard.de\/blog\/die-4-besten-snipping-tools-fuer-mac\/","title":{"rendered":"Die 4 besten Snipping Tools f\u00fcr Mac"},"content":{"rendered":"<p><img loading=\"lazy\" decoding=\"async\" class=\"wp-image-2105 alignnone\" src=\"http:\/\/www.tipard.de\/blog\/wp-content\/uploads\/2020\/02\/snipping-tool.jpg\" alt=\"\" width=\"478\" height=\"269\" srcset=\"https:\/\/www.tipard.de\/blog\/wp-content\/uploads\/2020\/02\/snipping-tool.jpg 600w, https:\/\/www.tipard.de\/blog\/wp-content\/uploads\/2020\/02\/snipping-tool-300x169.jpg 300w\" sizes=\"auto, (max-width: 478px) 100vw, 478px\" \/><\/p>\n<p>Was m\u00fcssen Sie tun, um einen Screenshot Ihres Macs zu erhalten? Wenn Sie ein Windows-Benutzer sind, werden Sie mit den Snipping-Tools zufrieden sein. Es ist ein leistungsstarkes Dienstprogramm mit vier verschiedenen Modi: Freiform-Snip, Rechteck-Snip, Fenster-Snip und Vollbild-Snip. Die Software ist jedoch nur f\u00fcr Windows verf\u00fcgbar.<br \/>\nDer Artikel erkl\u00e4rt die 5 besten alternativen Snipping-Tools f\u00fcr Mac.<\/p>\n<h2>1. Grab<\/h2>\n<p>Grab ist das Standard-Snipping-Tool f\u00fcr den Mac von Apple, das eine L\u00f6sung zum Abrufen von Screenshots mit Tastenkombinationen bietet. Es ist die wohl am h\u00e4ufigsten verwendete Methode. Erfahren Sie mehr \u00fcber die Methode zum Ausschneiden des gew\u00fcnschten Schnitts mit Tastenkombinationen.<\/p>\n<p><img loading=\"lazy\" decoding=\"async\" class=\"alignnone size-full wp-image-2100\" src=\"http:\/\/www.tipard.de\/blog\/wp-content\/uploads\/2020\/02\/grab.jpg\" alt=\"\" width=\"600\" height=\"270\" srcset=\"https:\/\/www.tipard.de\/blog\/wp-content\/uploads\/2020\/02\/grab.jpg 600w, https:\/\/www.tipard.de\/blog\/wp-content\/uploads\/2020\/02\/grab-300x135.jpg 300w\" sizes=\"auto, (max-width: 600px) 100vw, 600px\" \/><\/p>\n<p><strong>1. Shift + Command + 3<\/strong>, um den gesamten Bildschirm aufzunehmen. Standardm\u00e4\u00dfig ist die L\u00f6sung f\u00fcr den gesamten Bildschirm 1280 * 800.<br \/>\n<strong>2. Shift + Command + 4<\/strong>, um ein benutzerdefiniertes Rechteck aufzunehmen, k\u00f6nnen Sie auf den Bildschirmbereich klicken und ihn zum gew\u00fcnschten Teil ziehen.<br \/>\n<strong>3. Shift + Command + 4 mit Leertaste<\/strong>, mit der Sie ein bestimmtes Fenster erfassen k\u00f6nnen. Sie k\u00f6nnen den Mauszeiger \u00fcber die gew\u00fcnschten Fenster bewegen, um das Teil zu erhalten.<br \/>\n<strong>4.<\/strong>\u00a0Dr\u00fccken Sie <strong>Esc<\/strong>, um den Vorgang des Snippings abzubrechen.<\/p>\n<p>Der gesamte Screenshot wird automatisch im PNG-Format auf dem Desktop gespeichert. Nat\u00fcrlich k\u00f6nnen Sie das Snipping-Tool auch verwenden, um den Screenshot in einem anderen Format wie JPG, TIFF, PDF, PNG, BMP oder PICT zu speichern. Hier ist die Befehlszeile, die Sie eingeben sollten, wenn Sie das Dateiformat \u00e4ndern m\u00f6chten.<\/p>\n<p><em>defaults write com.apple.screencapture type image_format<\/em><br \/>\n<em>killall SystemUIServer<\/em><\/p>\n<h2>2. Snip<\/h2>\n<p>Snip ist eine andere Software, die das aktive Fenster oder benutzerdefinierte Bereiche erfassen kann. Dar\u00fcber hinaus kann es Fenster automatisch identifizieren. Als eines der beliebtesten kostenlosen Mac-Snipping-Tools stehen Ihnen viele hervorragende Funktionen zur Verf\u00fcgung, insbesondere, wenn Sie eine hohe Anzahl von Dateien in Word speichern m\u00fcssen.<\/p>\n<p><img loading=\"lazy\" decoding=\"async\" class=\"alignnone size-full wp-image-2104\" src=\"http:\/\/www.tipard.de\/blog\/wp-content\/uploads\/2020\/02\/snip.jpg\" alt=\"\" width=\"600\" height=\"390\" srcset=\"https:\/\/www.tipard.de\/blog\/wp-content\/uploads\/2020\/02\/snip.jpg 600w, https:\/\/www.tipard.de\/blog\/wp-content\/uploads\/2020\/02\/snip-300x195.jpg 300w\" sizes=\"auto, (max-width: 600px) 100vw, 600px\" \/><\/p>\n<p>1. F\u00fcgen Sie Beschriftungen, Texte und handschriftliche Inhalte Ihrer Wahl hinzu und speichern Sie diese auf Ihrem Ger\u00e4t oder in der Zwischenablage.<br \/>\n2. Snip erkennt automatisch ge\u00f6ffnete Fenster und Sie k\u00f6nnen den Bereich auch manuell Ihren Anforderungen entsprechend anpassen.<br \/>\n3. Es gibt einige spezielle Tags, z. B. Rechteck, Ellipse, Pfeil, Text und sogar Zeichnen mit Handschriftpinseln.<br \/>\n4. Das Mac-Snipping-Tool unterst\u00fctzt eine benutzerdefinierte Position, Gr\u00f6\u00dfe und Farbe.<\/p>\n<h2>3. Skitch<\/h2>\n<p>Skitch ist ein weiteres beliebtes Snipping-Tool f\u00fcr Mac, welches von EverNote entwickelt wurde. Es ist in der Lage, mehrere Screenshots aufzunehmen und diese problemlos zu kommentieren. Skitch enth\u00e4lt ein interessantes Widget f\u00fcr die Benutzeroberfl\u00e4che, mit dem Sie den Screenshot einfach und zusammenh\u00e4ngend erstellen k\u00f6nnen. Erfahren Sie im Folgenden mehr \u00fcber die Besonderheiten von Skitch.<\/p>\n<p><img loading=\"lazy\" decoding=\"async\" class=\"alignnone size-full wp-image-2102\" src=\"http:\/\/www.tipard.de\/blog\/wp-content\/uploads\/2020\/02\/skitch.jpg\" alt=\"\" width=\"600\" height=\"375\" srcset=\"https:\/\/www.tipard.de\/blog\/wp-content\/uploads\/2020\/02\/skitch.jpg 600w, https:\/\/www.tipard.de\/blog\/wp-content\/uploads\/2020\/02\/skitch-300x188.jpg 300w\" sizes=\"auto, (max-width: 600px) 100vw, 600px\" \/><\/p>\n<p>1. Die starken Anmerkungsmarkierungen stellen das visuelle Element der Fernkommunikation wieder her, als st\u00fcnden Sie neben jemandem.<br \/>\n2. Das Snipping-Tool f\u00fcr Mac ist auch eine einfache M\u00f6glichkeit, Ihre Arbeit zu speichern oder sie bequem an E-Mails anzuh\u00e4ngen.<br \/>\n3. Es hat mehr Funktionen als die Windows-Snipping-Tools, und ist vor allem sehr interessant und lustig.<br \/>\n4. Es gibt noch weitere Freigabe- und Bearbeitungsfunktionen, um den Screenshot genau Ihre Anforderungen zu erf\u00fcllen.<\/p>\n<div class=\"w-full text-token-text-primary\" dir=\"auto\" data-testid=\"conversation-turn-3\" data-scroll-anchor=\"true\">\n<div class=\"py-2 px-3 text-base md:px-4 m-auto md:px-5 lg:px-1 xl:px-5\">\n<div class=\"mx-auto flex flex-1 gap-3 text-base juice:gap-4 juice:md:gap-6 md:max-w-3xl lg:max-w-[40rem] xl:max-w-[48rem]\">\n<div class=\"relative flex w-full min-w-0 flex-col agent-turn\">\n<div class=\"flex-col gap-1 md:gap-3\">\n<div class=\"flex flex-grow flex-col max-w-full\">\n<div class=\"min-h-[20px] text-message flex flex-col items-start whitespace-pre-wrap break-words [.text-message+&amp;]:mt-5 overflow-x-auto gap-3\" dir=\"auto\" data-message-author-role=\"assistant\" data-message-id=\"1cb3ef9b-0d0f-45d3-a304-bfa9945d8aa6\">\n<div class=\"markdown prose w-full break-words dark:prose-invert light\">\n<p>Generell ist Skitch eine einfache und unterhaltsame Snipping-Software f\u00fcr den Mac. F\u00fchren Sie einfach die Software aus, \u00f6ffnen Sie ein Bild, kommentieren und versenden Sie es. Mit der Software k\u00f6nnen Sie Bilder visuell hervorheben, um Ihren Standpunkt zu verdeutlichen. Wenn Sie nebenbei auch akademische Arbeiten schreiben, k\u00f6nnte Ihnen eine <span style=\"color: inherit;\"><a style=\"color: inherit;\" href=\"http:\/\/ghostwriting-agentur.com\/\">ghostwriter agentur<\/a><\/span>, wie unser Partner, dabei helfen, Ihre akademischen Pflichten mit Ihren Hobbys zu vereinbaren. Diese Agenturen bieten Unterst\u00fctzung beim Verfassen wissenschaftlicher Texte, was Ihnen erm\u00f6glicht, sich weiter auf kreative Projekte wie die Nutzung von Skitch zu konzentrieren.<\/p>\n<\/div>\n<\/div>\n<\/div>\n<\/div>\n<\/div>\n<\/div>\n<\/div>\n<\/div>\n<h2>4. Snagit<\/h2>\n<p><img loading=\"lazy\" decoding=\"async\" class=\"alignnone size-full wp-image-2103\" src=\"http:\/\/www.tipard.de\/blog\/wp-content\/uploads\/2020\/02\/snagit.jpg\" alt=\"\" width=\"600\" height=\"461\" srcset=\"https:\/\/www.tipard.de\/blog\/wp-content\/uploads\/2020\/02\/snagit.jpg 600w, https:\/\/www.tipard.de\/blog\/wp-content\/uploads\/2020\/02\/snagit-300x231.jpg 300w\" sizes=\"auto, (max-width: 600px) 100vw, 600px\" \/><\/p>\n<p>Snagit ist eine leistungsstarke L\u00f6sung zum Erstellen und Bearbeiten von Screenshots. Das Snipping-Tool ist sowohl mit Windows als auch mit Mac kompatibel. Sie k\u00f6nnen es auch f\u00fcr die mobile Erfassung verwenden. Sie k\u00f6nnen TechSmith Fuse f\u00fcr Android- oder iOS-Telefone herunterladen, um Screenshots f\u00fcr Mobilger\u00e4te aufzunehmen. Und dann senden Sie Fotos und Videos vom mobilen Ger\u00e4t direkt an Snagit Editor.<\/p>\n<p>1. Die GIF-Funktion kann jede kurze Bildschirmaufnahme in eine animierte GIF-Datei verwandeln. Zeigen Sie schnelle Aufgaben und Workflows ohne gro\u00dfe Dateigr\u00f6\u00dfe.<br \/>\n2. Es passt nicht nur jeden Screenshot an und bearbeitet ihn, sondern bietet auch professionelle Markup-Tools. Und konvertiert sogar in die richtigen Formate.<br \/>\n3. Es kann ein ganzseitiger Screenshot erstellt werden, mit dem der horizontale, vertikale oder gesamte Bildlaufbereich mit nur einem Klick erfasst werden kann.<br \/>\n4. Snagit ist in der Lage, breite, horizontale Bildl\u00e4ufe zu erfassen, Websites stufenlos zu scrollen uvm.<\/p>\n<p>Es ist ein leistungsstarkes Snipping-Tool f\u00fcr Mac, das Ihren gesamten Desktop, einn Bereich, ein Fenster oder einen Scroll-Bildschirm erfasst. Nehmen Sie sich eine beliebige Webseite oder Anwendung, f\u00fcr die eine einzige Tastenkombination oder Klick erforderlich ist.<\/p>\n<h2>Tipard Screen Capture<\/h2>\n<p><a href=\"https:\/\/www.tipard.de\/screen-capture\/\"><em>Tipard Screen Capture<\/em> <\/a>ist das wohl beste Snipping-Tool f\u00fcr Windows, um eine schnelle Bildschirmaufnahme zu erm\u00f6glichen. Es werden nicht nur Bildschirmaufnahmen erfasst oder Online-Videos in bester Qualit\u00e4t aufgezeichnet, sondern auch die Bildschirmgr\u00f6\u00dfe angepasst, die Erfassungszeit und der Cursor eingestellt und vieles mehr. Erfahren Sie mehr \u00fcber die All-in-One-Software f\u00fcr Windows.<\/p>\n<p>1. <a href=\"https:\/\/www.tipard.de\/screen-capture\/\"><em>Tipard Screen Capture<\/em> <\/a>ist in der Lage, Bildschirme in hoher Qualit\u00e4t zu erfassen, wodurch Sie Bildschirmbewegungen und -aktionen auf einfachste Weise erfassen k\u00f6nnen.<br \/>\n2. Zudem kann das Snipping-Tool auch Audiodateien sowhl vom Computer als auch vom Mikrofon aufnehmen.<br \/>\n3. Sie k\u00f6nnen sich Video auch in der Vorschau anzeigen lassen, wenn Sie die Bildschirmaufnahme abgeschlossen haben.<br \/>\n4. Die Software unterst\u00fctzt gem\u00e4\u00df Ihren Anforderungen mehrere Online-Video-Sites sowie Video- und Audioformate.<br \/>\n5. Sie k\u00f6nnen die Bildschirmgr\u00f6\u00dfe ganz einfach Ihren Bed\u00fcrfnisse anpassen.<\/p>\n<p><img loading=\"lazy\" decoding=\"async\" class=\"alignnone size-full wp-image-2101\" src=\"http:\/\/www.tipard.de\/blog\/wp-content\/uploads\/2020\/02\/recording.jpg\" alt=\"\" width=\"600\" height=\"488\" srcset=\"https:\/\/www.tipard.de\/blog\/wp-content\/uploads\/2020\/02\/recording.jpg 600w, https:\/\/www.tipard.de\/blog\/wp-content\/uploads\/2020\/02\/recording-300x244.jpg 300w\" sizes=\"auto, (max-width: 600px) 100vw, 600px\" \/><\/p>\n<p>Neben den Funktionen k\u00f6nnen Sie auch einige Bearbeitungsfunktionen verwenden, um professionelle Video-Tutorials zu erstellen, interessante Screenshots aufzunehmen oder einige Online-Streaming-Videos abzurufen. All das macht es zum ultimativen Snipping-Tool.<\/p>\n<h2>Fazit<\/h2>\n<div class=\"w-full text-token-text-primary\" dir=\"auto\" data-testid=\"conversation-turn-3\" data-scroll-anchor=\"true\">\n<div class=\"py-2 px-3 text-base md:px-4 m-auto md:px-5 lg:px-1 xl:px-5\">\n<div class=\"mx-auto flex flex-1 gap-3 text-base juice:gap-4 juice:md:gap-6 md:max-w-3xl lg:max-w-[40rem] xl:max-w-[48rem]\">\n<div class=\"relative flex w-full min-w-0 flex-col agent-turn\">\n<div class=\"flex-col gap-1 md:gap-3\">\n<div class=\"flex flex-grow flex-col max-w-full\">\n<div class=\"min-h-[20px] text-message flex flex-col items-start whitespace-pre-wrap break-words [.text-message+&amp;]:mt-5 overflow-x-auto gap-3\" dir=\"auto\" data-message-author-role=\"assistant\" data-message-id=\"e73fdb2c-8f66-45f9-8111-4869b36a5767\">\n<div class=\"markdown prose w-full break-words dark:prose-invert light\">\n<p>Wie bereits erw\u00e4hnt, sollte bei der Suche nach den besten Snipping-Tools f\u00fcr Mac das Standardprogramm Grab f\u00fcr Mac die erste Wahl sein. Wenn Sie spezielle Anmerkungen hinzuf\u00fcgen wollen, ist Skitch sehr empfehlenswert. Im Kontext akademischer Arbeiten kann der Einsatz von <span style=\"color: inherit;\"><a style=\"color: inherit;\" href=\"http:\/\/ghostwriter-deutschland.com\/\">ghostwriter deutschland<\/a><\/span> als Partner sehr n\u00fctzlich sein. Dieser Dienst unterst\u00fctzt Sie dabei, Ihre Hobbys und akademischen Verpflichtungen effizient zu verbinden, indem er Ihnen hilft, qualitativ hochwertige Inhalte zu erstellen. Benutzer mit OICQ oder dem Wunsch nach einer sehr kleinen Software, sollten sich f\u00fcr snip entscheiden. Um die Snipping-Tools f\u00fcr Mac, Windows und Smartphones zu verwenden, ist Snagit eine super L\u00f6sung, um den gew\u00fcnschten Screenshot zu erhalten.<button class=\"flex items-center gap-1.5 rounded-md p-1 text-xs text-token-text-tertiary hover:text-token-text-primary\"><\/button><\/p>\n<p><a href=\"https:\/\/www.tipard.de\/screen-capture\/\"><em>Tipard Screen Capture<\/em><\/a> ist die ultimative Software zum Erfassen von Bildschirm-, Video- und Audiodateien Ihres Computers. Sie k\u00f6nnen die gew\u00fcnschten Dateien jederzeit schneiden.<\/p>\n<\/div>\n<\/div>\n<\/div>\n<\/div>\n<\/div>\n<\/div>\n<\/div>\n<\/div>\n<p>Wenn Sie mehr Details \u00fcber Mac-Snipping-Tools teilen m\u00f6chten, k\u00f6nnen Sie dies ejetzt gerne in den Kommentaren hinzuf\u00fcgen.<\/p>\n<p>&nbsp;<\/p>\n","protected":false},"excerpt":{"rendered":"<p>Was m\u00fcssen Sie tun, um einen Screenshot Ihres Macs zu erhalten? Wenn Sie ein Windows-Benutzer sind, werden Sie mit den Snipping-Tools zufrieden sein. Es ist ein leistungsstarkes Dienstprogramm mit vier verschiedenen Modi: Freiform-Snip, Rechteck-Snip, Fenster-Snip und Vollbild-Snip. Die Software ist jedoch nur f\u00fcr Windows verf\u00fcgbar. Der Artikel erkl\u00e4rt die 5 besten alternativen Snipping-Tools f\u00fcr Mac. [&hellip;]<\/p>\n","protected":false},"author":1,"featured_media":0,"parent":0,"menu_order":0,"comment_status":"closed","ping_status":"closed","template":"","meta":{"footnotes":""},"class_list":["post-2099","page","type-page","status-publish","hentry"],"_links":{"self":[{"href":"https:\/\/www.tipard.de\/blog\/wp-json\/wp\/v2\/pages\/2099","targetHints":{"allow":["GET"]}}],"collection":[{"href":"https:\/\/www.tipard.de\/blog\/wp-json\/wp\/v2\/pages"}],"about":[{"href":"https:\/\/www.tipard.de\/blog\/wp-json\/wp\/v2\/types\/page"}],"author":[{"embeddable":true,"href":"https:\/\/www.tipard.de\/blog\/wp-json\/wp\/v2\/users\/1"}],"replies":[{"embeddable":true,"href":"https:\/\/www.tipard.de\/blog\/wp-json\/wp\/v2\/comments?post=2099"}],"version-history":[{"count":5,"href":"https:\/\/www.tipard.de\/blog\/wp-json\/wp\/v2\/pages\/2099\/revisions"}],"predecessor-version":[{"id":2635,"href":"https:\/\/www.tipard.de\/blog\/wp-json\/wp\/v2\/pages\/2099\/revisions\/2635"}],"wp:attachment":[{"href":"https:\/\/www.tipard.de\/blog\/wp-json\/wp\/v2\/media?parent=2099"}],"curies":[{"name":"wp","href":"https:\/\/api.w.org\/{rel}","templated":true}]}}