{"id":2081,"date":"2020-02-26T15:24:37","date_gmt":"2020-02-26T15:24:37","guid":{"rendered":"http:\/\/www.tipard.de\/blog\/?page_id=2081"},"modified":"2020-02-26T15:24:37","modified_gmt":"2020-02-26T15:24:37","slug":"die-13-besten-alternativen-zu-mp3raid","status":"publish","type":"page","link":"https:\/\/www.tipard.de\/blog\/die-13-besten-alternativen-zu-mp3raid\/","title":{"rendered":"Die 13 besten Alternativen zu MP3Raid, um kostenlose MP3-Musik zu erhalten"},"content":{"rendered":"<p>Mp3raid ist eine kostenlose MP3-Musik-Download-Website. Sie bietet eine gute Suchmaschine f\u00fcr schwer zu findene Titel in MP3. Zwar kann man dadurch kostenlose Musik genie\u00dfen, jedoch kann MP3Raid auch viele Probleme mit sich bringen, wie z.B. defekte Links, Weiterleitungen und sogar Trojaner.<\/p>\n<p>Wenn Sie auf der Suche nach \u00e4hnlichen Websites oder Alternativen f\u00fcr MP3Raid sind, ist dies genau der richtige Artikel f\u00fcr Sie.<\/p>\n<p><img loading=\"lazy\" decoding=\"async\" class=\"size-full wp-image-2092 aligncenter\" src=\"http:\/\/www.tipard.de\/blog\/wp-content\/uploads\/2020\/02\/mp3raid.jpg\" alt=\"\" width=\"600\" height=\"338\" srcset=\"https:\/\/www.tipard.de\/blog\/wp-content\/uploads\/2020\/02\/mp3raid.jpg 600w, https:\/\/www.tipard.de\/blog\/wp-content\/uploads\/2020\/02\/mp3raid-300x169.jpg 300w\" sizes=\"auto, (max-width: 600px) 100vw, 600px\" \/><\/p>\n<h2>13 Alternativen zu MP3Raid um kostenlose MP3 Musik zu erhalten<\/h2>\n<p>Tats\u00e4chlich gibt es zehntausende kostenlose MP3-Musikwebsites. Mp3raid ist eine der gr\u00f6\u00dften MP3-Suchmaschinen im Internet und bietet Millionen von MP3-Downloads. Mit dieser Liste an \u00e4hnlichen Websites k\u00f6nnen Si auch m\u00fchelos auf kostenlose Musik zugreifen.<\/p>\n<h3>1. BeeMP3<\/h3>\n<p><img loading=\"lazy\" decoding=\"async\" class=\"size-full wp-image-2083 aligncenter\" src=\"http:\/\/www.tipard.de\/blog\/wp-content\/uploads\/2020\/02\/beemp3.jpg\" alt=\"\" width=\"600\" height=\"349\" srcset=\"https:\/\/www.tipard.de\/blog\/wp-content\/uploads\/2020\/02\/beemp3.jpg 600w, https:\/\/www.tipard.de\/blog\/wp-content\/uploads\/2020\/02\/beemp3-300x175.jpg 300w\" sizes=\"auto, (max-width: 600px) 100vw, 600px\" \/><\/p>\n<p>Bee MP3 dient zum Katalogisieren und Verwalten von Audiodaten, die offiziell online ver\u00f6ffentlicht wurden. Die Website bietet jede Woche neue Hits und listet die besten Tracks aus den Bereichen Indie, HipHop und allen weiteren Stilrichtungen auf.<\/p>\n<h3>2. eMusic<\/h3>\n<p><img loading=\"lazy\" decoding=\"async\" class=\"size-full wp-image-2084 aligncenter\" src=\"http:\/\/www.tipard.de\/blog\/wp-content\/uploads\/2020\/02\/emusic.jpg\" alt=\"\" width=\"600\" height=\"344\" srcset=\"https:\/\/www.tipard.de\/blog\/wp-content\/uploads\/2020\/02\/emusic.jpg 600w, https:\/\/www.tipard.de\/blog\/wp-content\/uploads\/2020\/02\/emusic-300x172.jpg 300w\" sizes=\"auto, (max-width: 600px) 100vw, 600px\" \/><\/p>\n<p>eMusic ist ein Abonnementdienst, der legale und virenfreie MP3-Dateien anbietet. Genau wie bei Mp3Raid finden Sie eine Vielzahl von Genres, K\u00fcnstlern und Labels. Allerdings funktioniert eMusic nur in den USA und in einigen weiteren begrenzten L\u00e4ndern.<\/p>\n<h3>3. Kohit.net<\/h3>\n<p><img loading=\"lazy\" decoding=\"async\" class=\"size-full wp-image-2086 aligncenter\" src=\"http:\/\/www.tipard.de\/blog\/wp-content\/uploads\/2020\/02\/kohit.jpg\" alt=\"\" width=\"600\" height=\"278\" srcset=\"https:\/\/www.tipard.de\/blog\/wp-content\/uploads\/2020\/02\/kohit.jpg 600w, https:\/\/www.tipard.de\/blog\/wp-content\/uploads\/2020\/02\/kohit-300x139.jpg 300w\" sizes=\"auto, (max-width: 600px) 100vw, 600px\" \/><\/p>\n<p>Kohit.net ist eine weitere Domain f\u00fcr Songtexte, in der Sie Musik, Songs und Alben online anh\u00f6ren und herunterladen k\u00f6nnen. Es ist eine der beliebtesten Online-MP3-Lyric-Seiten in den Vereinigten Staaten.<\/p>\n<h3>4. Yourmp3.net<\/h3>\n<p><img loading=\"lazy\" decoding=\"async\" class=\"size-full wp-image-2096 aligncenter\" src=\"http:\/\/www.tipard.de\/blog\/wp-content\/uploads\/2020\/02\/yourmp3.jpg\" alt=\"\" width=\"600\" height=\"256\" srcset=\"https:\/\/www.tipard.de\/blog\/wp-content\/uploads\/2020\/02\/yourmp3.jpg 600w, https:\/\/www.tipard.de\/blog\/wp-content\/uploads\/2020\/02\/yourmp3-300x128.jpg 300w\" sizes=\"auto, (max-width: 600px) 100vw, 600px\" \/><\/p>\n<p>Yourmp3.net bietet Tausende von MP3-Downloads aus einem Archiv, in dem Sie st\u00f6bern k\u00f6nnen. Sie k\u00f6nnen Songs oder ganze Alben, MTV-Charts und Texte herunterladen. Dar\u00fcber hinaus wird die Website t\u00e4glich aktualisiert, sodass Sie auf neue Songs zugreifen k\u00f6nnen.<\/p>\n<h3>5. Mp3Fusion.net<\/h3>\n<p><img loading=\"lazy\" decoding=\"async\" class=\"size-full wp-image-2090 aligncenter\" src=\"http:\/\/www.tipard.de\/blog\/wp-content\/uploads\/2020\/02\/mp3fusion.jpg\" alt=\"\" width=\"600\" height=\"323\" srcset=\"https:\/\/www.tipard.de\/blog\/wp-content\/uploads\/2020\/02\/mp3fusion.jpg 600w, https:\/\/www.tipard.de\/blog\/wp-content\/uploads\/2020\/02\/mp3fusion-300x162.jpg 300w\" sizes=\"auto, (max-width: 600px) 100vw, 600px\" \/><\/p>\n<p>Mp3Fusion bietet ein gro\u00dfartiges Website Design. Sie finden dort alle Covers der Alben und Interpreten. Sie auf das Album zugreifen und Ihre Lieblingslieder entsprechend der verschiedenen Stilrichtungen im oberen Men\u00fc ausw\u00e4hlen.<\/p>\n<h3>6. Airmp3.net<\/h3>\n<p><img loading=\"lazy\" decoding=\"async\" class=\"size-full wp-image-2082 aligncenter\" src=\"http:\/\/www.tipard.de\/blog\/wp-content\/uploads\/2020\/02\/airmp3.jpg\" alt=\"\" width=\"600\" height=\"265\" srcset=\"https:\/\/www.tipard.de\/blog\/wp-content\/uploads\/2020\/02\/airmp3.jpg 600w, https:\/\/www.tipard.de\/blog\/wp-content\/uploads\/2020\/02\/airmp3-300x133.jpg 300w\" sizes=\"auto, (max-width: 600px) 100vw, 600px\" \/><\/p>\n<p>Airmp3 ist eine alternative MP3-Streaming-Seite f\u00fcr Mp3Raid. Wenn Sie online Musik h\u00f6ren m\u00f6chten, sollte dies die richtige Website f\u00fcr Sie sein. F\u00fcgen Sie einfach Musiktitel, Interpreten oder Alben zur Website hinzu, um Musik ganz einfach online zu genie\u00dfen.<\/p>\n<h3>7. Free-Mp3-Album<\/h3>\n<p><img loading=\"lazy\" decoding=\"async\" class=\"size-full wp-image-2085 aligncenter\" src=\"http:\/\/www.tipard.de\/blog\/wp-content\/uploads\/2020\/02\/free-mp3-album.jpg\" alt=\"\" width=\"600\" height=\"394\" srcset=\"https:\/\/www.tipard.de\/blog\/wp-content\/uploads\/2020\/02\/free-mp3-album.jpg 600w, https:\/\/www.tipard.de\/blog\/wp-content\/uploads\/2020\/02\/free-mp3-album-300x197.jpg 300w\" sizes=\"auto, (max-width: 600px) 100vw, 600px\" \/><\/p>\n<p>Wenn Sie nach Titeln suchen und z.B. nur den Albumnamen kennen, ist Free-Mp3-Album die richtige Wahl. Durchsuchen Sie einfach die Alben nach dem ersten Buchstaben oder Zeichen, und Sie k\u00f6nnen es ganz einfach finden.<\/p>\n<h3>8. Mp3int<\/h3>\n<p><img loading=\"lazy\" decoding=\"async\" class=\"size-full wp-image-2091 aligncenter\" src=\"http:\/\/www.tipard.de\/blog\/wp-content\/uploads\/2020\/02\/mp3int.jpg\" alt=\"\" width=\"600\" height=\"479\" srcset=\"https:\/\/www.tipard.de\/blog\/wp-content\/uploads\/2020\/02\/mp3int.jpg 600w, https:\/\/www.tipard.de\/blog\/wp-content\/uploads\/2020\/02\/mp3int-300x240.jpg 300w\" sizes=\"auto, (max-width: 600px) 100vw, 600px\" \/><\/p>\n<p>Mp3int hat eine sehr benutzerfreundliche Oberfl\u00e4che, mit der Sie nach dem gew\u00fcnschten Lied suchen und die Datei herunterladen k\u00f6nnen. Als Quelle f\u00fcr die MP3-Downloads wird YouTube verwendet.<\/p>\n<h3>9. Mp3web<\/h3>\n<p><img loading=\"lazy\" decoding=\"async\" class=\"size-full wp-image-2093 aligncenter\" src=\"http:\/\/www.tipard.de\/blog\/wp-content\/uploads\/2020\/02\/mp3web.jpg\" alt=\"\" width=\"600\" height=\"287\" srcset=\"https:\/\/www.tipard.de\/blog\/wp-content\/uploads\/2020\/02\/mp3web.jpg 600w, https:\/\/www.tipard.de\/blog\/wp-content\/uploads\/2020\/02\/mp3web-300x144.jpg 300w\" sizes=\"auto, (max-width: 600px) 100vw, 600px\" \/><\/p>\n<p>Mp3web ist eine beliebte Website, die kostenlose MP3-Musikdateien anbietet. Als Alternative zu Mp3Raid finden Sie dort die beliebtesten Alben, Genres, Top 50 und Neuerscheinungen auf der benutzerfreundlichen MP3-Download-Site.<\/p>\n<h3>10. MP3-Center<\/h3>\n<p><img loading=\"lazy\" decoding=\"async\" class=\"size-full wp-image-2088 aligncenter\" src=\"http:\/\/www.tipard.de\/blog\/wp-content\/uploads\/2020\/02\/mp3-center.jpg\" alt=\"\" width=\"600\" height=\"300\" srcset=\"https:\/\/www.tipard.de\/blog\/wp-content\/uploads\/2020\/02\/mp3-center.jpg 600w, https:\/\/www.tipard.de\/blog\/wp-content\/uploads\/2020\/02\/mp3-center-300x150.jpg 300w\" sizes=\"auto, (max-width: 600px) 100vw, 600px\" \/><\/p>\n<p>Mp3 Center ist eine Musiksuchmaschine, mit der Sie MP3-Songs kostenlos herunterladen k\u00f6nnen. Die Website sammelt Suchergebnisse aus den besten Musikquellen und erm\u00f6glicht es Ihnen, MP3-Songs direkt auf der benutzerfreundlichen Website anzuh\u00f6ren und herunterzuladen.<\/p>\n<h3>11. MusicMp3.ru<\/h3>\n<p><img loading=\"lazy\" decoding=\"async\" class=\"size-full wp-image-2094 aligncenter\" src=\"http:\/\/www.tipard.de\/blog\/wp-content\/uploads\/2020\/02\/musicmp3.jpg\" alt=\"\" width=\"600\" height=\"340\" srcset=\"https:\/\/www.tipard.de\/blog\/wp-content\/uploads\/2020\/02\/musicmp3.jpg 600w, https:\/\/www.tipard.de\/blog\/wp-content\/uploads\/2020\/02\/musicmp3-300x170.jpg 300w\" sizes=\"auto, (max-width: 600px) 100vw, 600px\" \/><\/p>\n<p>MusicMp3.ru bietet Texte verschiedener Genres wie Rock, Metal, Pop, Hip-Hop, R &amp; B, Electronic, Country, Blue, Dance uvm. an. Selbstverst\u00e4ndlich k\u00f6nnen Sie auch auf die Songs ber\u00fchmter K\u00fcnstler oder Top-Alben zugreifen.<\/p>\n<h3>12. MP3<\/h3>\n<p><img loading=\"lazy\" decoding=\"async\" class=\"size-full wp-image-2087 aligncenter\" src=\"http:\/\/www.tipard.de\/blog\/wp-content\/uploads\/2020\/02\/mp3.jpg\" alt=\"\" width=\"600\" height=\"339\" srcset=\"https:\/\/www.tipard.de\/blog\/wp-content\/uploads\/2020\/02\/mp3.jpg 600w, https:\/\/www.tipard.de\/blog\/wp-content\/uploads\/2020\/02\/mp3-300x170.jpg 300w\" sizes=\"auto, (max-width: 600px) 100vw, 600px\" \/><\/p>\n<p>MP3 ist eine der \u00e4ltesten und bekanntesten russischen MP3-Musikwebsites. Sie k\u00f6nnen die MP3-Musik zu unglaublich g\u00fcnstigen Preisen herunterladen. Abgesehen von den Musikdateien k\u00f6nnen Sie auf der Website auch News aus der Musikszene erhalten.<\/p>\n<h3>13. Mp3fiesta<\/h3>\n<p><img loading=\"lazy\" decoding=\"async\" class=\"size-full wp-image-2089 aligncenter\" src=\"http:\/\/www.tipard.de\/blog\/wp-content\/uploads\/2020\/02\/mp3fiesta.jpg\" alt=\"\" width=\"600\" height=\"326\" srcset=\"https:\/\/www.tipard.de\/blog\/wp-content\/uploads\/2020\/02\/mp3fiesta.jpg 600w, https:\/\/www.tipard.de\/blog\/wp-content\/uploads\/2020\/02\/mp3fiesta-300x163.jpg 300w\" sizes=\"auto, (max-width: 600px) 100vw, 600px\" \/><\/p>\n<p>Mp3fiesta ist eine weitere beliebte Mp3Raid-Alternative, um Musik zu genie\u00dfen. Es gibt einige kostenlose Musikdateien als auch Preisnachl\u00e4sse f\u00fcr verschiedene MP3- und H\u00f6rb\u00fccher. Sie k\u00f6nnen jederzeit problemlos die gew\u00fcnschten MP3-Dateien abrufen.<\/p>\n<h2>Alternative L\u00f6sung zu MP3, um Musik aufzunehmen<\/h2>\n<p>Was tun, wenn die gew\u00fcnschte MP3-Datei weder bei MP3Raid, noch bei einer der anderen, alternativen Websites zu finden ist?<\/p>\n<p>In dem Fall ist<a href=\"https:\/\/www.tipard.de\/screen-capture\/\"><em> Tipard Screen Capture<\/em><\/a> das beste Programm, um die Musikdateien aufzunehmen. Ob Sie nur die Audio- oder auch die MTV-Dateien aufnehmen m\u00fcssen \u2013 dieses Programm bietet nur das beste Ergebnis und das auf professionelle Weise.<\/p>\n<p><img loading=\"lazy\" decoding=\"async\" class=\"size-full wp-image-2095 aligncenter\" src=\"http:\/\/www.tipard.de\/blog\/wp-content\/uploads\/2020\/02\/screen-recorder.jpg\" alt=\"\" width=\"600\" height=\"190\" srcset=\"https:\/\/www.tipard.de\/blog\/wp-content\/uploads\/2020\/02\/screen-recorder.jpg 600w, https:\/\/www.tipard.de\/blog\/wp-content\/uploads\/2020\/02\/screen-recorder-300x95.jpg 300w\" sizes=\"auto, (max-width: 600px) 100vw, 600px\" \/><\/p>\n<p>1. Bildschirmaufnahme starten und Online-Videos f\u00fcr Mp3Raid, YouTube und andere Online-Streaming-Websites aufnehmen.<br \/>\n2. Passen Sie die Bildschirmgr\u00f6\u00dfe an, um Ihren Bildschirm aufzunehmen. So k\u00f6nnen Sie MTV und andere Videos online aufnehmen.<br \/>\n3. Nehmen Sie die Audiodateien sowohl vom PC als auch von der Mikrofonstimme auf.<br \/>\n4. Sie k\u00f6nnen auch die Aufnahmezeit und den Cursor einstellen, wenn Sie Musiktitel von Mp3Raid oder einer anderen Website \u00fcber einen l\u00e4ngeren Zeitraum aufnehmen m\u00f6chten.<\/p>\n<p><strong>Wie man Musik von Mp3Raid und anderen Sites aufnimmt<\/strong><\/p>\n<p>Bevor Sie Musik von Mp3Raid oder anderen Websites aufnehmen, sollten Sie sicherstellen, dass Sie nur Musik oder MTV-Dateien aufnehmen. Sobald Sie eine Entscheidung getroffen haben, erfahren Sie im Folgenden mehr \u00fcber die Methode zum Aufnehmen von Musik von Mp3Raid.<\/p>\n<p>1. \u00d6ffnen Sie die Mp3Raid-Website und w\u00e4hlen Sie die gew\u00fcnschten Songs auf der Website aus.<br \/>\n2. Klicken Sie auf das Symbol zum Anh\u00f6ren, um die Musikdatei abzuspielen, oder klicken Sie auf die von YouTube heruntergeladenen Videos.<br \/>\n3. Stellen Sie die Audioquelle oder die Mikrofonstimme ein. W\u00e4hlen Sie das System-Audio oder das Mikrofon-Audio aus, oder w\u00e4hlen Sie beide entsprechend Ihren Anforderungen aus.<br \/>\n4. Sobald Sie die Audiodatei aufgenommen haben, k\u00f6nnen Sie auf REC klicken, um Ihre Audiodatei aufzunehmen und die Musik anzuh\u00f6ren.<\/p>\n<p>Bekannterweise stammen die meisten Audiodateien von YouTube. Sie k\u00f6nnen Videos jederzeit direkt von YouTube oder anderen Websites herunterladen und aufnehmen. Sie k\u00f6nnen die Musikdateien jederzeit problemlos von Mp3Raid und anderen Websites abrufen.<\/p>\n<h2>Fazit<\/h2>\n<p>Wenn Sie MP3-Musikdateien herunterladen m\u00f6chten, versuchen Sie es zun\u00e4chst \u00fcber MP3Raid oder eine der \u00e4hnlichen Websites. Wenn Sie die kostenlose Datei von MP3Raid nicht erhalten k\u00f6nnen, \u00fcberpr\u00fcfen Sie, ob Sie die Dateien von anderen Websites bekommen k\u00f6nnen.<\/p>\n<p>Dann k\u00f6nnen Sie mit Tipard Screen Capture ganz einfach das erw\u00fcnschte Video erstellen. Das Programm ist in der Lage , Videos und Audios von allen Websites gem\u00e4\u00df Ihren Anforderungen und W\u00fcnschen aufzunehmen.<\/p>\n<p>Falls Sie weitere Fragen zu MP3Raid oder den Alternativen haben, wenden Sie sich gerne an mich.<\/p>\n","protected":false},"excerpt":{"rendered":"<p>Mp3raid ist eine kostenlose MP3-Musik-Download-Website. Sie bietet eine gute Suchmaschine f\u00fcr schwer zu findene Titel in MP3. Zwar kann man dadurch kostenlose Musik genie\u00dfen, jedoch kann MP3Raid auch viele Probleme mit sich bringen, wie z.B. defekte Links, Weiterleitungen und sogar Trojaner. Wenn Sie auf der Suche nach \u00e4hnlichen Websites oder Alternativen f\u00fcr MP3Raid sind, ist [&hellip;]<\/p>\n","protected":false},"author":1,"featured_media":0,"parent":0,"menu_order":0,"comment_status":"closed","ping_status":"closed","template":"","meta":{"footnotes":""},"class_list":["post-2081","page","type-page","status-publish","hentry"],"_links":{"self":[{"href":"https:\/\/www.tipard.de\/blog\/wp-json\/wp\/v2\/pages\/2081","targetHints":{"allow":["GET"]}}],"collection":[{"href":"https:\/\/www.tipard.de\/blog\/wp-json\/wp\/v2\/pages"}],"about":[{"href":"https:\/\/www.tipard.de\/blog\/wp-json\/wp\/v2\/types\/page"}],"author":[{"embeddable":true,"href":"https:\/\/www.tipard.de\/blog\/wp-json\/wp\/v2\/users\/1"}],"replies":[{"embeddable":true,"href":"https:\/\/www.tipard.de\/blog\/wp-json\/wp\/v2\/comments?post=2081"}],"version-history":[{"count":1,"href":"https:\/\/www.tipard.de\/blog\/wp-json\/wp\/v2\/pages\/2081\/revisions"}],"predecessor-version":[{"id":2097,"href":"https:\/\/www.tipard.de\/blog\/wp-json\/wp\/v2\/pages\/2081\/revisions\/2097"}],"wp:attachment":[{"href":"https:\/\/www.tipard.de\/blog\/wp-json\/wp\/v2\/media?parent=2081"}],"curies":[{"name":"wp","href":"https:\/\/api.w.org\/{rel}","templated":true}]}}