{"id":2071,"date":"2020-02-26T15:04:32","date_gmt":"2020-02-26T15:04:32","guid":{"rendered":"http:\/\/www.tipard.de\/blog\/?page_id=2071"},"modified":"2020-02-26T15:08:00","modified_gmt":"2020-02-26T15:08:00","slug":"wenn-das-iphone-ins-wasser-faellt","status":"publish","type":"page","link":"https:\/\/www.tipard.de\/blog\/wenn-das-iphone-ins-wasser-faellt\/","title":{"rendered":"Wenn das iPhone ins Wasser f\u00e4llt: Wie man es repariert und was dann zu tun ist"},"content":{"rendered":"<h2>Fallengelassenes iPhone reparieren<\/h2>\n<p>Ein Wasserschaden am iPhone ist ein gro\u00dfes Problem, so empfindlich wie iPhones sind. Aber nicht nur, dass das iPhone seinen Geist aufgeben k\u00f6nnte ist die Gefahr. Sondern vor allem, dass wichtige Daten verloren gehen k\u00f6nnten, beispielsweise Kontakte, die nicht mehr synchronisiert wurden.<\/p>\n<p>Es besteht jedoch weiterhin die M\u00f6glichkeit, ihr iPhone zu reparieren.<\/p>\n<p>Wir erkl\u00e4ren Ihnen in diesem Artikel, wie Sie ihr nasses iPhone trocknen und Ihr Bestes geben, es zu retten.<\/p>\n<h2><img loading=\"lazy\" decoding=\"async\" class=\"size-full wp-image-2076 aligncenter\" src=\"http:\/\/www.tipard.de\/blog\/wp-content\/uploads\/2020\/02\/fix-dropped-iphone-in-water.jpg\" alt=\"\" width=\"696\" height=\"338\" srcset=\"https:\/\/www.tipard.de\/blog\/wp-content\/uploads\/2020\/02\/fix-dropped-iphone-in-water.jpg 696w, https:\/\/www.tipard.de\/blog\/wp-content\/uploads\/2020\/02\/fix-dropped-iphone-in-water-300x146.jpg 300w\" sizes=\"auto, (max-width: 696px) 100vw, 696px\" \/><\/h2>\n<h3>Teil 1: So reparieren Sie das untergetauchte iPhone<\/h3>\n<p>1. Nat\u00fcrlich sollten Sie Ihr iPhone so schnell wie m\u00f6glich aus dem Wasser holen und dann sofort ausschalten, um Kurzschl\u00fcsse zu vermeiden. In den n\u00e4chsten 48 Stunden sollten Sie es auf keinen Fall einschalten.<\/p>\n<p>2. Nehmen Sie die SIM-Karte, das SIM-Kartenfach und alles andere heraus, was Sie herausnehmen k\u00f6nnen. Wenn Sie ein Heimwerker sind, k\u00f6nnen Sie auch den Akku herausnehmen, wodurch Sie allerdings Ihre Garantie verlieren.<\/p>\n<p>3. Benutzen Sie sich etwas Stoff (z.B. ein Handtuch oder T-Shirt), um das iPhone sofort abzutrocknen. Wischen Sie alle Stellen ab, die Sie erreichen k\u00f6nnen, besonders wichtig dabei sind Tasten, Lautsprecher und Mikrofone. Sie k\u00f6nnen Ihr iPhone beim Abwischen auch leicht sch\u00fctteln. Verwenden Sie keinesfalls W\u00e4rmebehandlungen wie Haartrockner, da das iPhone sonst besch\u00e4digt wird.<\/p>\n<p>4. Suchen Sie sich eine Aufbewahrungstasche mit Rei\u00dfverschluss und f\u00fcllen Sie sie mit ungekochtem Reis.<\/p>\n<p>5. Legen Sie Ihr iPhone in die Aufbewahrungstasche mit Rei\u00dfverschluss und vergewissern Sie sich, dass es komplett von Reis umgeben ist.<\/p>\n<p>6. Lassen Sie den Rei\u00dfverschluss-Aufbewahrungsbeutel 48 Stunden lang an einem warmen und trockenen Ort.<\/p>\n<p>7. Schalten Sie das iPhone erst ein, nachdem Sie sichergestellt haben, dass die Fl\u00fcssigkeitskontaktanzeige (Liquid Contact Indicator, LCI) nicht rot, sondern wei\u00df oder silber ist. Sie finden den LCI-Standort wie in der Abbildung unten dargestellt.<\/p>\n<p><img loading=\"lazy\" decoding=\"async\" class=\"size-full wp-image-2077 aligncenter\" src=\"http:\/\/www.tipard.de\/blog\/wp-content\/uploads\/2020\/02\/lci.jpg\" alt=\"\" width=\"600\" height=\"238\" srcset=\"https:\/\/www.tipard.de\/blog\/wp-content\/uploads\/2020\/02\/lci.jpg 600w, https:\/\/www.tipard.de\/blog\/wp-content\/uploads\/2020\/02\/lci-300x119.jpg 300w\" sizes=\"auto, (max-width: 600px) 100vw, 600px\" \/><\/p>\n<p>Wir k\u00f6nnen nicht garantieren, dass diese L\u00f6sung f\u00fcr Ihr iPhone effektiv ist, da sie von zu vielen externen Faktoren abh\u00e4ngt, die wir nicht vorhersagen k\u00f6nnen. Unabh\u00e4ngig davon, um welche L\u00f6sung es sich handelt, k\u00f6nnen Sie Ihr iPhone erfolgreich retten oder es einfach auf der Apple Logo-Oberfl\u00e4che ausf\u00fchren. Wenn das iPhone erneut h\u00e4ngen bleibt, sollten Sie wichtige Daten so schnell wie m\u00f6glich sichern. Wir empfehlen Ihnen, iPhone-Daten mit Softwares von Drittanbietern zu sichern \u2013 wie <em>Tipard iPhone Transfer Ultimate<\/em>, mit der Sie die Daten schnell und gezielt sichern k\u00f6nnen und z. B. Kontakte vom iPhone auf den Computer \u00fcbertragen k\u00f6nnen, wie Sie m\u00f6chten.<\/p>\n<h3>Teil 2: So stellen Sie iPhone-Daten wieder her<\/h3>\n<p><a href=\"https:\/\/www.tipard.de\/iphone-data-recovery\/\"><em>Tipard iOS Data Recovery<\/em> <\/a>bietet Ihnen drei M\u00f6glichkeiten, um Ihre iPhone-Daten wiederherzustellen, d.h. Direkt vom iPhone, \u00fcber iTunes Backup oder iCloud Backup.<\/p>\n<p>Wenn Sie Ihr iPhone vom Apple Store reparieren lassen, erhalten Sie Ihr iPhone ohne Speicher zur\u00fcck. In diesem Fall unterst\u00fctzt iOS Data Recovery die direkte Wiederherstellung von iPhone-Daten nicht. Dann k\u00f6nnen Sie nur anhand von iTunes\/ iCloud-Backups wiederherstellen.<\/p>\n<p>Wenn Ihr iPhone erfolgreich repariert wurde, zeigen wir Ihnen, wie Sie iPhone-Daten mit iOS Data Recovery direkt wiederherstellen k\u00f6nnen.<\/p>\n<div class=\"article-steps\"><br \/>\n<div class=\"article-step\"><div class=\"context\"><h3><span class=\"stepShield\">Schritt 1<\/span>Verbinden Sie das iPhone mit dem Programm<\/h3> Downloaden und installieren Sie iOS Data Recover. Schlie\u00dfen Sie Ihr iPhone \u00fcber USB an den Computer an. <\/div><img loading=\"lazy\" decoding=\"async\" width=\"400\" height=\"255\" src=\"https:\/\/www.tipard.de\/blog\/wp-content\/uploads\/2020\/02\/connect-iphone-to-computer.jpg\" class=\"preview\" alt=\"Verbinden Sie das iPhone mit dem Programm\" srcset=\"https:\/\/www.tipard.de\/blog\/wp-content\/uploads\/2020\/02\/connect-iphone-to-computer.jpg 700w, https:\/\/www.tipard.de\/blog\/wp-content\/uploads\/2020\/02\/connect-iphone-to-computer-300x191.jpg 300w\" sizes=\"auto, (max-width: 400px) 100vw, 400px\" \/><\/div><br \/>\n<div class=\"article-step\"><div class=\"context noPreview\"><h3><span class=\"stepShield\">Schritt 2<\/span>W\u00e4hlen Sie die Wiederherstellungsmethode<\/h3> W\u00e4hlen Sie in der oberen Leiste die Option &#8222;Vom iOS-Ger\u00e4t wiederherstellen&#8220; und klicken Sie auf &#8222;Scan starten&#8220;, um Ihre iPhone-Daten einschlie\u00dflich der gel\u00f6schten Daten zu scannen. <\/div><\/div><br \/>\n<div class=\"article-step\"><div class=\"context\"><h3><span class=\"stepShield\">Schritt 3<\/span>Vorschau der iPhone-Daten<\/h3> W\u00e4hlen Sie in der Vorschau auf der linken Leiste Daten wie Galerie oder Kalender aus. <\/div><img loading=\"lazy\" decoding=\"async\" width=\"400\" height=\"255\" src=\"https:\/\/www.tipard.de\/blog\/wp-content\/uploads\/2020\/02\/recover-photos-from-itunes.jpg\" class=\"preview\" alt=\"Vorschau der iPhone-Daten\" srcset=\"https:\/\/www.tipard.de\/blog\/wp-content\/uploads\/2020\/02\/recover-photos-from-itunes.jpg 600w, https:\/\/www.tipard.de\/blog\/wp-content\/uploads\/2020\/02\/recover-photos-from-itunes-300x191.jpg 300w\" sizes=\"auto, (max-width: 400px) 100vw, 400px\" \/><\/div><br \/>\n<div class=\"article-step\"><div class=\"context noPreview\"><h3><span class=\"stepShield\">Schritt 4<\/span>iPhone Daten wiederherstellen<\/h3> Aktivieren Sie ein bestimmtes Element und klicken Sie dann unten rechts auf die Schaltfl\u00e4che &#8222;Wiederherstellen&#8220;, um die ben\u00f6tigten Elemente wiederherzustellen. <\/div><\/div><br \/>\n<\/div>\n<p>Herzlichen Gl\u00fcckwunsch, wenn Sie Ihr in Wasser gefallenes iPhone erfolgreich gerettet und die Ihnen wichtigen Daten erfolgreich gesichert haben.<\/p>\n<p>&nbsp;<\/p>\n<p>&nbsp;<\/p>\n","protected":false},"excerpt":{"rendered":"<p>Fallengelassenes iPhone reparieren Ein Wasserschaden am iPhone ist ein gro\u00dfes Problem, so empfindlich wie iPhones sind. Aber nicht nur, dass das iPhone seinen Geist aufgeben k\u00f6nnte ist die Gefahr. Sondern vor allem, dass wichtige Daten verloren gehen k\u00f6nnten, beispielsweise Kontakte, die nicht mehr synchronisiert wurden. Es besteht jedoch weiterhin die M\u00f6glichkeit, ihr iPhone zu reparieren. [&hellip;]<\/p>\n","protected":false},"author":1,"featured_media":0,"parent":0,"menu_order":0,"comment_status":"closed","ping_status":"closed","template":"","meta":{"footnotes":""},"class_list":["post-2071","page","type-page","status-publish","hentry"],"_links":{"self":[{"href":"https:\/\/www.tipard.de\/blog\/wp-json\/wp\/v2\/pages\/2071","targetHints":{"allow":["GET"]}}],"collection":[{"href":"https:\/\/www.tipard.de\/blog\/wp-json\/wp\/v2\/pages"}],"about":[{"href":"https:\/\/www.tipard.de\/blog\/wp-json\/wp\/v2\/types\/page"}],"author":[{"embeddable":true,"href":"https:\/\/www.tipard.de\/blog\/wp-json\/wp\/v2\/users\/1"}],"replies":[{"embeddable":true,"href":"https:\/\/www.tipard.de\/blog\/wp-json\/wp\/v2\/comments?post=2071"}],"version-history":[{"count":5,"href":"https:\/\/www.tipard.de\/blog\/wp-json\/wp\/v2\/pages\/2071\/revisions"}],"predecessor-version":[{"id":2080,"href":"https:\/\/www.tipard.de\/blog\/wp-json\/wp\/v2\/pages\/2071\/revisions\/2080"}],"wp:attachment":[{"href":"https:\/\/www.tipard.de\/blog\/wp-json\/wp\/v2\/media?parent=2071"}],"curies":[{"name":"wp","href":"https:\/\/api.w.org\/{rel}","templated":true}]}}