{"id":1977,"date":"2019-12-17T17:30:30","date_gmt":"2019-12-17T17:30:30","guid":{"rendered":"http:\/\/www.tipard.de\/blog\/?page_id=1977"},"modified":"2019-12-17T17:30:30","modified_gmt":"2019-12-17T17:30:30","slug":"whatsapp-auf-dem-ipad","status":"publish","type":"page","link":"https:\/\/www.tipard.de\/blog\/whatsapp-auf-dem-ipad\/","title":{"rendered":"Wie installiert man WhatsApp auf dem iPad"},"content":{"rendered":"<h2>\u00a0<img loading=\"lazy\" decoding=\"async\" class=\"aligncenter wp-image-1981 size-full\" src=\"http:\/\/www.tipard.de\/blog\/wp-content\/uploads\/2019\/12\/Whatsapp-auf-dem-iPad.jpg\" alt=\"WhatsApp auf dem iPad benutzen\" width=\"600\" height=\"338\" srcset=\"https:\/\/www.tipard.de\/blog\/wp-content\/uploads\/2019\/12\/Whatsapp-auf-dem-iPad.jpg 600w, https:\/\/www.tipard.de\/blog\/wp-content\/uploads\/2019\/12\/Whatsapp-auf-dem-iPad-300x169.jpg 300w\" sizes=\"auto, (max-width: 600px) 100vw, 600px\" \/><\/h2>\n<h2>Was ist WhatsApp<\/h2>\n<p>WhatsApp Messanger ist ein Nachrichten Dienst. Es ben\u00f6tigt einen Internetanschluss wie z.B.: 4G\/3G\/2G\/EDGE oder Wi-Fi, um ihre Familie\/ Freunde zu kontaktieren.<\/p>\n<p>WhatsApp kann auf vielen verschiedenen Mobiltelefonen, wie iPhone, Android, Windows Phone und vielen weiteren benutzt werden. Dennoch gibt es keine offizielle Version f\u00fcr Ihr iPad\/iPod. Haben Sie sich jemals gefragt \u201eWie kann ich WhatsApp auf meinem iPad benutzen?\u201c<\/p>\n<p>Es bedeutet nicht, dass es unm\u00f6glich ist WhatsApp auf Ihrem iPad zum Laufen zu bekommen. Hier finden Sie eine Anleitung, wie WhatsApp auf Ihrem Ger\u00e4t installiert werden kann.<\/p>\n<h2>Wie installiert man WhatsApp auf dem iPad<\/h2>\n<h3>Methode 1: Benutzen Sie WhatsApp Web auf Ihrem iPad:<\/h3>\n<p>Hierzu \u00f6ffnen Sie WhatsApp Web in ihrem Internetbrowser (Chrome, Opera, Firefox, Safari, Windows Edge). Dennoch kann es passieren, dass Sie nicht alle Features von WhatsApp auf Ihrem iPad benutzen k\u00f6nnen. Das liegt daran, dass noch nicht alle Features von WhatsApp, auf WhatsApp Web verf\u00fcgbar sind.<\/p>\n<p><strong>Hinweis: iPads besitzen keine Mobiltelefonnummer, deswegen kann man keinen Account registrieren! <\/strong><\/p>\n<p>Um Zugriff auf WhatsApp Web von durch Safari auf Ihrem iPad zu bekommen, befolgen Sie folgende Schritte:<\/p>\n<p><strong>1.<\/strong> \u00d6ffnen Sie Safari auf Ihrem iPad, und installieren Sie web.whatsapp.com herunter. Sobald die Datei heruntergeladen wurde, k\u00f6nnen Sie das WhatsApp Sperrbild erkennen.<\/p>\n<p><strong>2.<\/strong> Klicken Sie auf die URL, Scrollen Sie runter, sodass das Favoriten Menu erscheint, dort k\u00f6nnen sie unter dem Punkt \u201eLade Desktop Seite\u201c WhatsApp Web auf Ihrem Desktop installieren.<br \/>\n<strong>3<\/strong>. Nachdem die Datei heruntergeladen wurde, k\u00f6nnen Sie in dem Programm einen QR- Code, welchen sie mit Ihrem iPhone koppeln k\u00f6nnen. Daf\u00fcr m\u00fcssen Sie auf Ihrem iPhone WhatsApp \u00f6ffnen. Wenn Sie die App ge\u00f6ffnet haben, gehen Sie auf \u201eEinstellungen\u201c- WhatsApp Web und scannen den angezeigten QR-Code.<br \/>\n<strong>4.<\/strong> Sobald Sie den QR-Code gescannt haben werden Ihre Chats und weitere Informationen auf Ihrem iPad erscheinen.<\/p>\n<h2><img loading=\"lazy\" decoding=\"async\" class=\"aligncenter wp-image-1980 size-full\" style=\"font-size: 16px;\" src=\"http:\/\/www.tipard.de\/blog\/wp-content\/uploads\/2019\/12\/qr-code.jpg\" alt=\"QR-Code WhatsApp Web\" width=\"600\" height=\"402\" srcset=\"https:\/\/www.tipard.de\/blog\/wp-content\/uploads\/2019\/12\/qr-code.jpg 600w, https:\/\/www.tipard.de\/blog\/wp-content\/uploads\/2019\/12\/qr-code-300x201.jpg 300w\" sizes=\"auto, (max-width: 600px) 100vw, 600px\" \/><\/h2>\n<p>Der Browser wird durch WhatsApp nicht unterst\u00fctzt, aus diesem Grund k\u00f6nnen sie beim Gebrauch von WhatsApp Web keine Sprachnachrichten verschicken. Benachrichtigungen, welche von Ihrem Web Browser empfangen werden, werden von IOS nicht unterst\u00fctzt. Sie k\u00f6nnen keine Benachrichtigungen der eingegangenen Nachrichten bekommen.<\/p>\n<h3>Methode 2: WhatsApp auf Ihrem iPad durch iTunes und iFunBox:<\/h3>\n<p><strong>Ben\u00f6tigte Ger\u00e4te:<\/strong><\/p>\n<p>&#8211; iMac oder Windows Computer<br \/>\n&#8211; iFunBox App auf Ihrem Mobiltelefon (Download: i-funbox.com). Dieses Ist ein kostenloses Programm, welches Ihnen hilft WhatsApp auf Ihrem iPad zu installieren<br \/>\n&#8211; iPhone (Sie m\u00fcssen WhatsApp auf diesem Ger\u00e4t deinstallieren<br \/>\n&#8211; Ihr iPad<\/p>\n<p><strong>1.<\/strong> Verbinden Sie Ihr iPad mit Ihrem Computer<br \/>\n<strong>2.<\/strong> Installieren Sie WhatsApp aus dem iTunes Store<br \/>\n<strong>3.<\/strong> Sie m\u00fcssen beim Installieren ein Passwort eingeben<br \/>\n<strong>4.<\/strong> Finden Sie die WhatsApp.ipa Datei auf Ihrem Computer<\/p>\n<p><strong>Hinweis: Wenn sie einen iMac benutzen, \u00f6ffnen sie die Suche- Home- iTunes- iTunes Media- Mobile Applications- WhatsApp.ipa.\u00a0<\/strong><strong>Wenn sie Windows benutzen, finden sie C: &#8211; Users- User- My Music- iTunes- iTunes Media- Monile Applications &gt; WhatsApp.ipa <\/strong><\/p>\n<p><strong>5.<\/strong> Bewegen Sie WhatsApp.ipa auf Ihren Desktop<br \/>\n<strong>6.<\/strong> \u00d6ffnen Sie iFunBox und klicken sie auf \u201eInstallieren\u201c<br \/>\n<strong>7.<\/strong> \u00d6ffnen Sie die Datei \u201eWhatsApp,ipa\u201c<br \/>\n<strong>8<\/strong>. iFunBox wird Ihnen helfen, WhatsApp auf Ihrem iPad zu installieren<br \/>\n<strong>9.<\/strong> Wenn Sie auf Ihrem iPhone WhatsApp installiert haben, m\u00fcssen sie das Programm von Ihrem Mobiltelefon Deinstallieren<br \/>\n<strong>10<\/strong>. Geben Sie die iPhone Ziffern ein und verifizieren sie sich mit dem Message Code<br \/>\n<strong>11.<\/strong> Stecken Sie Ihr iPhone in Ihren Computer, wenn alle vorherigen Schritte abgeschlossen wurden<br \/>\n<strong>12.<\/strong> Finden sie die \u201eBenutzeranwendungen\u201c auf Ihrem iPhone- WhatsApp- kopieren Sie due Bibliotheks und Dokuments Dateien auf Ihren Desktop<br \/>\n<strong>13.<\/strong> Entfernen Sie Ihr Mobiltelefon von PC und verbinden Sie Ihr iPad<br \/>\n<strong>14.<\/strong> Finden Sie \u201eBenutzeranwendungen\u201c auf Ihrem iPad- WhatsApp- l\u00f6schen Sie Die Dokument und Bibliotheks Ordner und kopieren Sie die zwei Dateien, die Sie zvor von Ihrem iPhone auf den Desktop kopiert haben.<\/p>\n<p>Wenn Sie alle diese Schritte befolgt haben, dann sollte WhatsApp erfolgreich auf Ihrem iPad installiert worden sein<\/p>\n","protected":false},"excerpt":{"rendered":"<p>\u00a0 Was ist WhatsApp WhatsApp Messanger ist ein Nachrichten Dienst. Es ben\u00f6tigt einen Internetanschluss wie z.B.: 4G\/3G\/2G\/EDGE oder Wi-Fi, um ihre Familie\/ Freunde zu kontaktieren. WhatsApp kann auf vielen verschiedenen Mobiltelefonen, wie iPhone, Android, Windows Phone und vielen weiteren benutzt werden. Dennoch gibt es keine offizielle Version f\u00fcr Ihr iPad\/iPod. Haben Sie sich jemals gefragt [&hellip;]<\/p>\n","protected":false},"author":1,"featured_media":0,"parent":0,"menu_order":0,"comment_status":"closed","ping_status":"closed","template":"","meta":{"footnotes":""},"class_list":["post-1977","page","type-page","status-publish","hentry"],"_links":{"self":[{"href":"https:\/\/www.tipard.de\/blog\/wp-json\/wp\/v2\/pages\/1977","targetHints":{"allow":["GET"]}}],"collection":[{"href":"https:\/\/www.tipard.de\/blog\/wp-json\/wp\/v2\/pages"}],"about":[{"href":"https:\/\/www.tipard.de\/blog\/wp-json\/wp\/v2\/types\/page"}],"author":[{"embeddable":true,"href":"https:\/\/www.tipard.de\/blog\/wp-json\/wp\/v2\/users\/1"}],"replies":[{"embeddable":true,"href":"https:\/\/www.tipard.de\/blog\/wp-json\/wp\/v2\/comments?post=1977"}],"version-history":[{"count":3,"href":"https:\/\/www.tipard.de\/blog\/wp-json\/wp\/v2\/pages\/1977\/revisions"}],"predecessor-version":[{"id":1984,"href":"https:\/\/www.tipard.de\/blog\/wp-json\/wp\/v2\/pages\/1977\/revisions\/1984"}],"wp:attachment":[{"href":"https:\/\/www.tipard.de\/blog\/wp-json\/wp\/v2\/media?parent=1977"}],"curies":[{"name":"wp","href":"https:\/\/api.w.org\/{rel}","templated":true}]}}