{"id":1897,"date":"2019-02-16T15:32:14","date_gmt":"2019-02-16T15:32:14","guid":{"rendered":"http:\/\/www.tipard.de\/blog\/?page_id=1897"},"modified":"2019-02-16T15:32:14","modified_gmt":"2019-02-16T15:32:14","slug":"ipod-zuruecksetzen-mit-und-ohne-itunes","status":"publish","type":"page","link":"https:\/\/www.tipard.de\/blog\/ipod-zuruecksetzen-mit-und-ohne-itunes\/","title":{"rendered":"iPod zur\u00fccksetzen mit und ohne iTunes"},"content":{"rendered":"<p>Wenn Ihr iPod nicht richtig funktioniert oder eingefroren ist, m\u00f6chten Sie den Neustart vielleicht erzwingen um das Ger\u00e4t wieder nutzen zu k\u00f6nnen. Im Folgenden pr\u00e4sentieren wir Ihnen 5 L\u00f6sungen in 3 Teilen, um Ihren iPod Classic, iPod Touch und iPod Shuffle zur\u00fcckzusetzen. Die Schritte zum Neustart oder zur\u00fccksetzten des iPods, sind abh\u00e4ngig vom Model.<\/p>\n<h2>Teil 1: Zur\u00fccksetzen des iPod Touch, Nano der sechsten und siebten Generation<\/h2>\n<p>Ihr iPod will einfach nicht funktionieren? Versuchen Sie den Neustart, die Zwangsbeendung einer App oder das Zur\u00fccksetzten des iPods.<\/p>\n<h3>L\u00f6sung 1: Manuelles Zur\u00fccksetzten des iPods<\/h3>\n<p>1. Halten Sie den Anschaltet auf der Oberseite des iPods und dr\u00fccken Sie gleichzeitig den Homeknopf f\u00fcr ungef\u00e4hr 15 Sekunden.<\/p>\n<p>2. Wenn das Apple Logo auf dem Bildschirm erscheint lassen Sie den Knopf los.<\/p>\n<p><strong>Tipp<\/strong>: Um den Nano der sechsten Generation zur\u00fcckzusetzen, m\u00fcssen Sie den An-\/Ausschalter und den Lautst\u00e4rkeregler gleichzeitig f\u00fcr mindestens 8 Sekunden halten.<\/p>\n<h3>L\u00f6sung 2: iPod mit iTunes auf Werkseinstellungen zur\u00fccksetzen<\/h3>\n<p>Wenn der Home Knopf kaputt ist oder Sie Ihren iPod komplett zur\u00fccksetzten wollen, k\u00f6nnen Sie dies mit iTunes tun.<\/p>\n<p>1. Verbinden Sie Ihren iPod mit dem PC via USB-Kabel.<\/p>\n<p>2. \u00d6ffnen Sie iTunes und w\u00e4hlen sie den iPod bei den Quellen aus. Gehen Sie zum \u201eallgemein\u201c Feld des iTunes Fensters.<\/p>\n<p>3. iTunes sollte Ihnen das erfolgreiche verbinden anzeigen. Sie k\u00f6nnen dann auf Wiederherstellen klicken.<\/p>\n<p><strong>Tipp<\/strong>: Bitte schlie\u00dfen Sie ein Backup des iPods ab bevor Sie diesen zur\u00fccksetzen. Dies geht mit iTunes oder iCloud. Wenn Sie Problemen mit dem Erstellen eines Backups haben, k\u00f6nnen Sie den Artikel von uns zu diesem Thema lesen.<\/p>\n<h3>L\u00f6sung 3: iPod ohne iTunes zur\u00fccksetzen<\/h3>\n<p>Zur\u00fccksetzen des iPods: Gehen Sie in die Einstellungen, Allgemein, Auf Werkseinstellungen zur\u00fccksetzten, Alle Einstellungen zur\u00fccksetzen.<\/p>\n<p>&nbsp;<\/p>\n<h2>Teil 2: iPod Classic, iPod nano (erste bis f\u00fcnfte Generation) und iPod mini zur\u00fccksetzen<\/h2>\n<h3>L\u00f6sung 4: Zur\u00fccksetzen \u00e4lterer iPod nano und iPod Classic Modelle<\/h3>\n<p>Die ersten f\u00fcnf Generationen des iPod Nanos, iPod Classics und iPod mini werden auf dieselbe Weise zur\u00fcckgesetzt.<\/p>\n<p>1. Schalten Sie den An-\/Ausschalter ein und aus.<\/p>\n<p>2. Dr\u00fccken und halten Sie die \u201eMen\u00fc\u201c und \u201eSelect\u201c Taste bis das Apple Logo f\u00fcr 10 Sekunden erscheint. Sie m\u00fcssen diesen Schritt eventuell wiederholen.<\/p>\n<p>&nbsp;<\/p>\n<h2>Teil 3: iPod shuffle zur\u00fccksetzen<\/h2>\n<h3>L\u00f6sung 5: Zur\u00fccksetzen des iPod shuffle wegen Einfrieren<\/h3>\n<p>Wenn Sie eine Taste des iPod shuffle dr\u00fccken und das Ger\u00e4t nicht reagiert, m\u00fcssen Sie einen Neustarten durchf\u00fchren.<\/p>\n<p>1. Schieben Sie den Schalter einfach in die \u201eAus\u201c Position und warten Sie f\u00fcr 10 Sekunden.<\/p>\n<p>2. Schieben Sie den Schalter dann in die \u201ePlay\u201c oder \u201eShuffle\u201c Position.<\/p>\n<p>Nachdem Sie die obenstehenden Schritte durchgef\u00fchrt haben, sollte Ihr iPod wieder normal funktionieren.<\/p>\n<p>&nbsp;<\/p>\n<p>Wie auch immer, nach dem Zur\u00fccksetzen des iPods, k\u00f6nnten ein paar Lieder verloren gegangen sein. Keine Sorge, es ist m\u00f6glich diese wiederherzustellen indem Sie <a href=\"https:\/\/www.tipard.de\/iphone-data-recovery\/\">iPod Data Recovery<\/a> benutzen. Einen Artikel \u00fcber die Anwendung dieses Programmes finden Sie auf dieser Website.<\/p>\n","protected":false},"excerpt":{"rendered":"<p>Wenn Ihr iPod nicht richtig funktioniert oder eingefroren ist, m\u00f6chten Sie den Neustart vielleicht erzwingen um das Ger\u00e4t wieder nutzen zu k\u00f6nnen. Im Folgenden pr\u00e4sentieren wir Ihnen 5 L\u00f6sungen in 3 Teilen, um Ihren iPod Classic, iPod Touch und iPod Shuffle zur\u00fcckzusetzen. Die Schritte zum Neustart oder zur\u00fccksetzten des iPods, sind abh\u00e4ngig vom Model. Teil [&hellip;]<\/p>\n","protected":false},"author":1,"featured_media":0,"parent":0,"menu_order":0,"comment_status":"closed","ping_status":"closed","template":"","meta":{"footnotes":""},"class_list":["post-1897","page","type-page","status-publish","hentry"],"_links":{"self":[{"href":"https:\/\/www.tipard.de\/blog\/wp-json\/wp\/v2\/pages\/1897","targetHints":{"allow":["GET"]}}],"collection":[{"href":"https:\/\/www.tipard.de\/blog\/wp-json\/wp\/v2\/pages"}],"about":[{"href":"https:\/\/www.tipard.de\/blog\/wp-json\/wp\/v2\/types\/page"}],"author":[{"embeddable":true,"href":"https:\/\/www.tipard.de\/blog\/wp-json\/wp\/v2\/users\/1"}],"replies":[{"embeddable":true,"href":"https:\/\/www.tipard.de\/blog\/wp-json\/wp\/v2\/comments?post=1897"}],"version-history":[{"count":1,"href":"https:\/\/www.tipard.de\/blog\/wp-json\/wp\/v2\/pages\/1897\/revisions"}],"predecessor-version":[{"id":1898,"href":"https:\/\/www.tipard.de\/blog\/wp-json\/wp\/v2\/pages\/1897\/revisions\/1898"}],"wp:attachment":[{"href":"https:\/\/www.tipard.de\/blog\/wp-json\/wp\/v2\/media?parent=1897"}],"curies":[{"name":"wp","href":"https:\/\/api.w.org\/{rel}","templated":true}]}}