{"id":1895,"date":"2019-02-16T15:26:24","date_gmt":"2019-02-16T15:26:24","guid":{"rendered":"http:\/\/www.tipard.de\/blog\/?page_id=1895"},"modified":"2019-02-16T15:26:24","modified_gmt":"2019-02-16T15:26:24","slug":"was-tun-wenn-iphone-im-kopfhoerermodus-feststeckt","status":"publish","type":"page","link":"https:\/\/www.tipard.de\/blog\/was-tun-wenn-iphone-im-kopfhoerermodus-feststeckt\/","title":{"rendered":"Was tun, wenn iPhone im Kopfh\u00f6rermodus feststeckt?"},"content":{"rendered":"<p>Ich besitze ein iPhone 6 und es funktioniert einwandfrei, aber gestern kam kein Ton aus meinen Lautsprechern. Ich kann keine Anrufe, Nachrichten oder Musik h\u00f6ren solange ich keine Kopfh\u00f6rer benutze. Ich habe versucht die Lautst\u00e4rke mit den Lautst\u00e4rkekn\u00f6pfen zu regulieren aber es wird angezeigt, dass Kopfh\u00f6rer mit dem Ger\u00e4t verbunden sind. Ich bin aufgeschmissen. Hat sonst noch jemand das Problem und wei\u00df wie man es l\u00f6st? -Frank<\/p>\n<p>Viele iPhone Nutzer mussten sich bereits mit diesem Problem auseinandersetzten. Manche stellen sich sicherlich die Frage \u201eWarum h\u00e4ngt mein iPhone im Kopfh\u00f6rer Modus fest&#8220;. Es kann an Dreck liegen, der sich im Klinkenanschluss festgesetzt hat und das iPhone denken l\u00e4sst es seien immer noch Kopfh\u00f6rer angeschlossen. Es kann auch mit falscher Bedienung zusammenh\u00e4ngen. Gl\u00fccklicherweise ist es einfach dieses Problem zu l\u00f6sen, mit Hilfe der folgenden Tipps.<\/p>\n<h2>Methode 1: Stecken Sie die Kopfh\u00f6rer ein paar mal rein und wieder raus<\/h2>\n<p>Sie k\u00f6nnen Ihr iPhone aus dem Kopfh\u00f6rer Modus befreien, indem Sie Kopfh\u00f6rer benutzen und diese mehrmals ein- und wieder aus steckt.<\/p>\n<h2>Methode 2: S\u00e4ubern des Klinkenanschlusses<\/h2>\n<p>Manche Nutzer berichten davon, dass ein Zahnstocher benutzt werden kann um den Klinkenanschluss von Schmutz und Staub zu befreien. Den Anschluss mit dem F\u00f6hn zu trocknen kann auch helfen. Selbst wenn mit dem blo\u00dfen Auge keine Verunreinigung zu erkennen ist, kann es helfen. Gehen Sie vorsichtig und behutsam dabei vor.<\/p>\n<h2>Methode 3: Das Problem kann durch fehlerhafte Bedienung auftreten<\/h2>\n<p>Der einfachste Weg um herauszufinden, ob dies der Fall ist, ist durch einen Neustart des Ger\u00e4ts. Daf\u00fcr m\u00fcssen Sie nur den Anschalter\u00a0gedr\u00fcckt halten, bis die Option \u201eWischen um auszuschalten\u201c erscheint. Halten Sie dann den Anschalter\u00a0f\u00fcr ein paar weitere Sekunden gedr\u00fcckt, um einen Neustart zu starten.<\/p>\n<h2>Methode 4: Zur\u00fccksetzten oder Wiederherstellen des Ger\u00e4tes<\/h2>\n<h3>iPhone zur\u00fccksetzen:<\/h3>\n<p>Gehen Sie in die Einstellungen, allgemein, auf Werkseinstellungen zur\u00fccksetzten, alle Einstellungen zur\u00fccksetzten.<\/p>\n<h3>Tipp:<\/h3>\n<p>Bevor Sie Ihr iPhone zur\u00fccksetzen oder Wiederherstellen, erstellen Sie ein Backup Ihres Ger\u00e4tes mit iTunes oder iCloud.<\/p>\n<p>Hoffentlich waren diese L\u00f6sungsans\u00e4tze hilfreich bei der L\u00f6sung des Problems. Wenn dem nicht so ist, suchen Sie besser einen Apple Store auf und lassen das Problem von der Technikabteilung diagnostizieren.<\/p>\n","protected":false},"excerpt":{"rendered":"<p>Ich besitze ein iPhone 6 und es funktioniert einwandfrei, aber gestern kam kein Ton aus meinen Lautsprechern. Ich kann keine Anrufe, Nachrichten oder Musik h\u00f6ren solange ich keine Kopfh\u00f6rer benutze. Ich habe versucht die Lautst\u00e4rke mit den Lautst\u00e4rkekn\u00f6pfen zu regulieren aber es wird angezeigt, dass Kopfh\u00f6rer mit dem Ger\u00e4t verbunden sind. Ich bin aufgeschmissen. Hat [&hellip;]<\/p>\n","protected":false},"author":1,"featured_media":0,"parent":0,"menu_order":0,"comment_status":"closed","ping_status":"closed","template":"","meta":{"footnotes":""},"class_list":["post-1895","page","type-page","status-publish","hentry"],"_links":{"self":[{"href":"https:\/\/www.tipard.de\/blog\/wp-json\/wp\/v2\/pages\/1895","targetHints":{"allow":["GET"]}}],"collection":[{"href":"https:\/\/www.tipard.de\/blog\/wp-json\/wp\/v2\/pages"}],"about":[{"href":"https:\/\/www.tipard.de\/blog\/wp-json\/wp\/v2\/types\/page"}],"author":[{"embeddable":true,"href":"https:\/\/www.tipard.de\/blog\/wp-json\/wp\/v2\/users\/1"}],"replies":[{"embeddable":true,"href":"https:\/\/www.tipard.de\/blog\/wp-json\/wp\/v2\/comments?post=1895"}],"version-history":[{"count":1,"href":"https:\/\/www.tipard.de\/blog\/wp-json\/wp\/v2\/pages\/1895\/revisions"}],"predecessor-version":[{"id":1896,"href":"https:\/\/www.tipard.de\/blog\/wp-json\/wp\/v2\/pages\/1895\/revisions\/1896"}],"wp:attachment":[{"href":"https:\/\/www.tipard.de\/blog\/wp-json\/wp\/v2\/media?parent=1895"}],"curies":[{"name":"wp","href":"https:\/\/api.w.org\/{rel}","templated":true}]}}