{"id":1886,"date":"2019-02-16T15:21:01","date_gmt":"2019-02-16T15:21:01","guid":{"rendered":"http:\/\/www.tipard.de\/blog\/?page_id=1886"},"modified":"2019-02-16T15:21:01","modified_gmt":"2019-02-16T15:21:01","slug":"daten-zwischen-ipad-und-pc-uebertragen","status":"publish","type":"page","link":"https:\/\/www.tipard.de\/blog\/daten-zwischen-ipad-und-pc-uebertragen\/","title":{"rendered":"Daten zwischen iPad und PC \u00fcbertragen"},"content":{"rendered":"<p>Das iPad ist ein g\u00e4ngiges Ger\u00e4t um Filme zuschauen, Spiele zu spielen, Musik zu h\u00f6ren, B\u00fccher zu lesen, im Internet zu surfen, Arbeit zu erledigen und so weiter. Wenn Sie ein neues iPad bekommen m\u00f6chten Sie vielleicht Videos, Fotos, PDF Dateien, Musik etc. Von Ihrem PC auf Ihr iPad \u00fcbertragen. Keine Panik, Sie k\u00f6nnen mit der Hilfe von <a href=\"https:\/\/www.tipard.de\/iphone-transfer\/\">iPad Transfer Ultimate<\/a> genau das tun. Foren Sie dazu Teil 1. Sie k\u00f6nnen damit auch Daten auf Ihrem iPad mit Ihrer Familie teilen, darunter Musik, Videos, Fotos und vieles mehr. Mehr dazu in Teil 2.<\/p>\n<h2>Teil 1: Wie \u00fcbertragen Sie Daten vom PC zum iPad<\/h2>\n<div class=\"article-steps\"><br \/>\n<div class=\"article-step\"><div class=\"context noPreview\"><h3><span class=\"stepShield\">Schritt 1<\/span> Downloaden und installieren Sie das iPad Transfer Programm<\/h3> Starten Sie das Programm nach der Installation. <\/div><\/div><br \/>\n<div class=\"article-step reverse\"><div class=\"context\"><h3><span class=\"stepShield\">Schritt 2<\/span>Verbinden Sie das iPad mit dem Computer<\/h3> Schlie\u00dfen Sie Ihr iPad an den Computer an. Nachdem das passiert ist, sehen Sie die Inhalte des iPads in einer Liste wie unten zu sehen. <\/div><img loading=\"lazy\" decoding=\"async\" width=\"400\" height=\"271\" src=\"https:\/\/www.tipard.de\/blog\/wp-content\/uploads\/2019\/02\/step1-1.jpg\" class=\"preview\" alt=\"Verbinden Sie das iPad mit dem Computer\" srcset=\"https:\/\/www.tipard.de\/blog\/wp-content\/uploads\/2019\/02\/step1-1.jpg 600w, https:\/\/www.tipard.de\/blog\/wp-content\/uploads\/2019\/02\/step1-1-300x203.jpg 300w\" sizes=\"auto, (max-width: 400px) 100vw, 400px\" \/><\/div><br \/>\n<div class=\"article-step\"><div class=\"context\"><h3><span class=\"stepShield\">Schritt 3<\/span>W\u00e4hlen Sie Daten f\u00fcr den Transfer<\/h3> Nach dem Verbinden werden alle Datenkategorien auf der linken Seite angezeigt. W\u00e4hle Sie die Kategorien an Daten, die Sie \u00fcbertragen wollen. Falls Sie zum Beispiel Musik, Filme, TV-Serien, Musikvideos und andere Medien \u00fcbertragen wollen, w\u00e4hlen Sie die Kategorie \u201eMedien\u201c. Wenn die Videos die Sie hinzugef\u00fcgt haben, nicht auf iOS abgespielt werden k\u00f6nnen, konvertiert iPad Transfer Ultimate die Dateien automatisch in ein Format, dass vom iPad unterst\u00fctzt wird. <\/div><img loading=\"lazy\" decoding=\"async\" width=\"400\" height=\"271\" src=\"https:\/\/www.tipard.de\/blog\/wp-content\/uploads\/2019\/02\/step2-1.jpg\" class=\"preview\" alt=\"W\u00e4hlen Sie Daten f\u00fcr den Transfer\" srcset=\"https:\/\/www.tipard.de\/blog\/wp-content\/uploads\/2019\/02\/step2-1.jpg 600w, https:\/\/www.tipard.de\/blog\/wp-content\/uploads\/2019\/02\/step2-1-300x203.jpg 300w\" sizes=\"auto, (max-width: 400px) 100vw, 400px\" \/><\/div><br \/>\n<div class=\"article-step reverse\"><div class=\"context\"><h3><span class=\"stepShield\">Schritt 4<\/span>Beginn des Transfers<\/h3> Klicken Sie \u201eHinzuf\u00fcgen\u201c um den Ordner oder die Datei zu w\u00e4hlen, die Sie importieren m\u00f6chten. <\/div><img loading=\"lazy\" decoding=\"async\" width=\"400\" height=\"271\" src=\"https:\/\/www.tipard.de\/blog\/wp-content\/uploads\/2019\/02\/step3-1.jpg\" class=\"preview\" alt=\"Beginn des Transfers\" srcset=\"https:\/\/www.tipard.de\/blog\/wp-content\/uploads\/2019\/02\/step3-1.jpg 600w, https:\/\/www.tipard.de\/blog\/wp-content\/uploads\/2019\/02\/step3-1-300x203.jpg 300w\" sizes=\"auto, (max-width: 400px) 100vw, 400px\" \/><\/div><br \/>\n<\/div>\n<h3>Tipps<\/h3>\n<p>Andere Dateien die sich ebenfalls vom PC auf iPad \u00fcbertragen lassen: ePub, PDF, Kontakte, Musik, Filme, TV-Serien, Musikvideos, Podcasts, iTunes U, Klingelt\u00f6ne, H\u00f6rb\u00fccher, Momos, Fotos, Playlists und Alben.<\/p>\n<h2>Teil 2: Daten vom iPad zum PC \u00fcbertragen.<\/h2>\n<p>Abgesehen vom \u00dcbertragen der Daten vom iPad zum PC, k\u00f6nnen Sie au\u00dferdem ein Backup von den Daten auf dem iPad erstellen und auf dem PC und in der iTunes Mediathek f\u00fcr sp\u00e4tere Nutzung Speichern.<\/p>\n<h3>1. Verbinden Sie das iPad mit dem Computer<\/h3>\n<p>Nutzen Sie hierf\u00fcr ein USB-Kabel. Das Programm erkennt automatisch Ihr Ger\u00e4t.<\/p>\n<h3>2. W\u00e4hlen Sie die Daten f\u00fcr den Transfer<\/h3>\n<p>Nach der Verbindung werde alle Daten auf Ihrem Ger\u00e4t erkannt. Sie k\u00f6nnen die Daten die Sie brauchen, durch klicken auf den Dateityp auf der linken Seite, finden.<\/p>\n<h3>3. Beginn des Transfers<\/h3>\n<p>Nachdem Sie die ben\u00f6tigten Dateien gew\u00e4hlt haben, klicken Sie auf \u201eExportieren\u201c. Wenn Sie diese auf Ihren PC \u00fcbertragen wollen, w\u00e4hlen Sie \u201eExportieren zu PC\u201c und geben Sie den Ort an, an dem sie gespeichert werden sollen. Wenn Sie ein Backup von den Daten mit iTunes machen wollen, klicken Sie \u201eExportieren in die iTunes Mediathek\u201c.<\/p>\n<p>Mit diesem iPad Transfer k\u00f6nnen Sie ganz einfach Ihre Daten verwalten und das ohne Verlust. Sie sind in der Lage Fotos\/Videos\/Musik\/Kontakte und anderes von PC zu iPhone\/iPad\/iPod zu \u00fcbertragen. Selbst zwischen zwei iOS Ger\u00e4ten ist der Transfer m\u00f6glich. Es unterst\u00fctzt die neuste iOS Version (iOS 12) und iPhone XS\/XS Max\/XR\/X\/8\/7\/6\/SE, iPad pro, iPad Air, iPad mini, iPod und so weiter.<\/p>\n","protected":false},"excerpt":{"rendered":"<p>Das iPad ist ein g\u00e4ngiges Ger\u00e4t um Filme zuschauen, Spiele zu spielen, Musik zu h\u00f6ren, B\u00fccher zu lesen, im Internet zu surfen, Arbeit zu erledigen und so weiter. Wenn Sie ein neues iPad bekommen m\u00f6chten Sie vielleicht Videos, Fotos, PDF Dateien, Musik etc. Von Ihrem PC auf Ihr iPad \u00fcbertragen. Keine Panik, Sie k\u00f6nnen mit [&hellip;]<\/p>\n","protected":false},"author":1,"featured_media":0,"parent":0,"menu_order":0,"comment_status":"closed","ping_status":"closed","template":"","meta":{"footnotes":""},"class_list":["post-1886","page","type-page","status-publish","hentry"],"_links":{"self":[{"href":"https:\/\/www.tipard.de\/blog\/wp-json\/wp\/v2\/pages\/1886","targetHints":{"allow":["GET"]}}],"collection":[{"href":"https:\/\/www.tipard.de\/blog\/wp-json\/wp\/v2\/pages"}],"about":[{"href":"https:\/\/www.tipard.de\/blog\/wp-json\/wp\/v2\/types\/page"}],"author":[{"embeddable":true,"href":"https:\/\/www.tipard.de\/blog\/wp-json\/wp\/v2\/users\/1"}],"replies":[{"embeddable":true,"href":"https:\/\/www.tipard.de\/blog\/wp-json\/wp\/v2\/comments?post=1886"}],"version-history":[{"count":4,"href":"https:\/\/www.tipard.de\/blog\/wp-json\/wp\/v2\/pages\/1886\/revisions"}],"predecessor-version":[{"id":1893,"href":"https:\/\/www.tipard.de\/blog\/wp-json\/wp\/v2\/pages\/1886\/revisions\/1893"}],"wp:attachment":[{"href":"https:\/\/www.tipard.de\/blog\/wp-json\/wp\/v2\/media?parent=1886"}],"curies":[{"name":"wp","href":"https:\/\/api.w.org\/{rel}","templated":true}]}}