{"id":1881,"date":"2019-02-16T15:10:21","date_gmt":"2019-02-16T15:10:21","guid":{"rendered":"http:\/\/www.tipard.de\/blog\/?page_id=1881"},"modified":"2019-02-16T15:22:22","modified_gmt":"2019-02-16T15:22:22","slug":"wie-synchronisieren-sie-iphones-und-ipads","status":"publish","type":"page","link":"https:\/\/www.tipard.de\/blog\/wie-synchronisieren-sie-iphones-und-ipads\/","title":{"rendered":"Wie synchronisieren Sie iPhones und iPads?"},"content":{"rendered":"<p>\u201eIch habe eben ein neues iPad angeschafft und m\u00f6chte meine iPhone Fotos, Kontakte, Musik und Bilder mit meinem iPad synchronisieren. Gibt es einen einfachen weg, um das zu tun?\u201c Nat\u00fcrlich! Dieser Artikel stellt alle simplen Wege vor, um iPhone Daten auf Ihr neues iPad zu \u00fcbertragen.<\/p>\n<h2>Teil 1: Synchronisieren von iPhone zu iPad mit Apple\u2019s AirDrop Service<\/h2>\n<p>Um Inhalte mit AirDrop zu teilen, stellen Sie sicher, dass iOS 7 oder neuer auf Ihren Ger\u00e4ten installiert ist. (iPhone 5 oder neuer, iPad Pro, iPad der 4. Generation oder neuer, iPad mini oder neuer).<\/p>\n<p>1. Wischen Sie auf beiden Ger\u00e4ten von unten nach oben um das Kontrollcenter zu \u00f6ffnen. Tippen Sie auf AirDrop um es zu aktivieren und w\u00e4hlen sie \u201eNur Kontakte\u201c.<\/p>\n<p>2. \u00d6ffnen Sie die Foto App auf Ihrem iPhone und w\u00e4hlen Sie die Fotos die Sie mit Ihrem iPad synchronisieren m\u00f6chten und dann tippen Sie auf \u201eteilen\u201c.<\/p>\n<p>3. Tippen Sie auf \u201eakzeptieren\u201c auf Ihrem iPad. Die ausgew\u00e4hlten Fotos werden jetzt auf dem neuen iPad sein. Sie k\u00f6nnen auch Kontakte, Safari Daten, Fotos und vieles mehr Synchronisieren. Sowohl von iPhone zu iPad, als auch von iPad zu iPhone.<\/p>\n<p>Tipps: Sie m\u00fcssen Wi-Fi und Bluetooth aktivieren.<\/p>\n<p>&nbsp;<\/p>\n<h2>Teil 2: Synchronisieren von iPhone zu iPad via iTunes.<\/h2>\n<p>1. Verbinden Sie Ihr iPhone und iPad mit Ihrem Computer in dem Sie ein USB-Kabel verwenden.<\/p>\n<p>2. Starten Sie iTunes und Sie werden sehen, dass Ihr iPhone und iPad zur selben Zeit erkannt werden.<\/p>\n<p>3. Bitte klicken Sie auf \u201eJetzt Backupen\u201c um Ihr iPhone mit iTunes zu backupen.<\/p>\n<p>4. Wechseln Sie dann auf Ihr iPad und klicken Sie auf \u201eAus Backup wiederherstellen\u201c um Ihre iPhone Inhalte mit Ihrem iPad zu synchronisieren.<\/p>\n<p>&nbsp;<\/p>\n<h2>Teil 3: \u00dcbertragen Sie iPhone Daten auf Ihr iPad mit iCloud<\/h2>\n<p>iCloud ist eine praktische M\u00f6glichkeit f\u00fcr Apple Nutzer all Ihre Daten zwischen Ihren Gr\u00e4ten zu synchronisieren. Sie m\u00fcssen sich mit derselben Apple ID auf beiden Ger\u00e4ten anmelden und mit dem WLAN verbunden sein.<\/p>\n<p>1.Tippen Sie auf Einstellungen, w\u00e4hlen Sie dann iCloud und melden Sie sich mit Ihrem Account an.<\/p>\n<p>2. W\u00e4hlen Sie die Kategorien an Inhalten aus, die \u00fcbertragen werden sollen. (Fotos, Mails, Kontakte, Kalender, Erinnerungen, Safari Daten, Notizen etc.)<\/p>\n<p>Es gibt ein paar Einschr\u00e4nkungen mit den genannten Methoden, denn es funktioniert eventuell nur mit neuere Ger\u00e4ten und Internetverbindung und die n\u00f6tigen Schritte k\u00f6nnten f\u00fcr manche kompliziert sein. Wenn dies f\u00fcr Sie der Fall ist und dementsprechend nach einem leichteren Weg suchen, sollten Sie Schritt 4 befolgen.<\/p>\n<p>&nbsp;<\/p>\n<h2>Teil 4: Synchronisieren Sie Ihr iPhone mit Ihrem iPad mit einem Klick<\/h2>\n<p><a href=\"https:\/\/www.tipard.de\/iphone-transfer\/\">Tipard iPhone Transfer<\/a> ist der beste Datenmanager f\u00fcr iPhone, iPad und iPod Nutzer. Wenn Sie zwischen iPhones und iPads synchronisieren wollen, ohne iTunes zu benutzen, ist dieses Programm Ihre beste Wahl. Es hilft Ihnen alle iPhone Daten, Kontakte, Fotos, Musik, Videos etc. auf Ihr iPad zu \u00fcbertragen. Es bef\u00e4higt Sie au\u00dferdem Musik, Fotos, Videos, Kontakte, pdf Dateien und weitere Daten generell von Ihrem PC auf Ihr iPhone\/iPad\/iPod zu \u00fcberspielen.<\/p>\n<div class=\"article-steps\"><br \/>\n<div class=\"article-step\"><div class=\"context\"><h3><span class=\"stepShield\">Schritt 1<\/span>Downloaden und installieren<\/h3> Bitte starten Sie das iPhone Transfer Programm, nachdem Sie es Installiert haben. Anschlie\u00dfend verbinden Sie beide Ger\u00e4te sowohl iPhone als auch iPad via USB-Kabel mit Ihrem PC. Das Programm erkennt diese automatisch und zeigt zugeh\u00f6rige Informationen auf dem linken Anzeigefeld an. <\/div><img loading=\"lazy\" decoding=\"async\" width=\"400\" height=\"271\" src=\"https:\/\/www.tipard.de\/blog\/wp-content\/uploads\/2019\/02\/step1.jpg\" class=\"preview\" alt=\"Downloaden und installieren\" srcset=\"https:\/\/www.tipard.de\/blog\/wp-content\/uploads\/2019\/02\/step1.jpg 600w, https:\/\/www.tipard.de\/blog\/wp-content\/uploads\/2019\/02\/step1-300x203.jpg 300w\" sizes=\"auto, (max-width: 400px) 100vw, 400px\" \/><\/div><br \/>\n<div class=\"article-step reverse\"><div class=\"context\"><h3><span class=\"stepShield\">Schritt 2<\/span>W\u00e4hlen Sie die Daten aus, die synchronisiert werden sollen<\/h3> W\u00e4hlen Sie Ihr iPhone und klicken Sie auf die Dateien auf dem linken Anzeigefeld. <\/div><img loading=\"lazy\" decoding=\"async\" width=\"400\" height=\"271\" src=\"https:\/\/www.tipard.de\/blog\/wp-content\/uploads\/2019\/02\/step2.jpg\" class=\"preview\" alt=\"W\u00e4hlen Sie die Daten aus, die synchronisiert werden sollen\" srcset=\"https:\/\/www.tipard.de\/blog\/wp-content\/uploads\/2019\/02\/step2.jpg 600w, https:\/\/www.tipard.de\/blog\/wp-content\/uploads\/2019\/02\/step2-300x203.jpg 300w\" sizes=\"auto, (max-width: 400px) 100vw, 400px\" \/><\/div><br \/>\n<div class=\"article-step\"><div class=\"context\"><h3><span class=\"stepShield\">Schritt 3<\/span>Synchronisieren Sie Ihr iPhone mit Ihrem iPad<\/h3> Versehen Sie die Daten f\u00fcr den Transfer mit einem H\u00e4kchen. Klicken Sie auf \u201eExportieren zu\u201c und w\u00e4hlen Sie den Namen Ihres iPads um den Prozess abzuschlie\u00dfen. <\/div><img loading=\"lazy\" decoding=\"async\" width=\"400\" height=\"271\" src=\"https:\/\/www.tipard.de\/blog\/wp-content\/uploads\/2019\/02\/step3.jpg\" class=\"preview\" alt=\"Synchronisieren Sie Ihr iPhone mit Ihrem iPad\" srcset=\"https:\/\/www.tipard.de\/blog\/wp-content\/uploads\/2019\/02\/step3.jpg 600w, https:\/\/www.tipard.de\/blog\/wp-content\/uploads\/2019\/02\/step3-300x203.jpg 300w\" sizes=\"auto, (max-width: 400px) 100vw, 400px\" \/><\/div><br \/>\n<\/div>\n<p>&nbsp;<\/p>\n","protected":false},"excerpt":{"rendered":"<p>\u201eIch habe eben ein neues iPad angeschafft und m\u00f6chte meine iPhone Fotos, Kontakte, Musik und Bilder mit meinem iPad synchronisieren. Gibt es einen einfachen weg, um das zu tun?\u201c Nat\u00fcrlich! Dieser Artikel stellt alle simplen Wege vor, um iPhone Daten auf Ihr neues iPad zu \u00fcbertragen. Teil 1: Synchronisieren von iPhone zu iPad mit Apple\u2019s [&hellip;]<\/p>\n","protected":false},"author":1,"featured_media":0,"parent":0,"menu_order":0,"comment_status":"closed","ping_status":"closed","template":"","meta":{"footnotes":""},"class_list":["post-1881","page","type-page","status-publish","hentry"],"_links":{"self":[{"href":"https:\/\/www.tipard.de\/blog\/wp-json\/wp\/v2\/pages\/1881","targetHints":{"allow":["GET"]}}],"collection":[{"href":"https:\/\/www.tipard.de\/blog\/wp-json\/wp\/v2\/pages"}],"about":[{"href":"https:\/\/www.tipard.de\/blog\/wp-json\/wp\/v2\/types\/page"}],"author":[{"embeddable":true,"href":"https:\/\/www.tipard.de\/blog\/wp-json\/wp\/v2\/users\/1"}],"replies":[{"embeddable":true,"href":"https:\/\/www.tipard.de\/blog\/wp-json\/wp\/v2\/comments?post=1881"}],"version-history":[{"count":2,"href":"https:\/\/www.tipard.de\/blog\/wp-json\/wp\/v2\/pages\/1881\/revisions"}],"predecessor-version":[{"id":1894,"href":"https:\/\/www.tipard.de\/blog\/wp-json\/wp\/v2\/pages\/1881\/revisions\/1894"}],"wp:attachment":[{"href":"https:\/\/www.tipard.de\/blog\/wp-json\/wp\/v2\/media?parent=1881"}],"curies":[{"name":"wp","href":"https:\/\/api.w.org\/{rel}","templated":true}]}}