{"id":1864,"date":"2019-02-13T15:50:44","date_gmt":"2019-02-13T15:50:44","guid":{"rendered":"http:\/\/www.tipard.de\/blog\/?page_id=1864"},"modified":"2019-02-13T15:50:44","modified_gmt":"2019-02-13T15:50:44","slug":"was-sie-tun-koennen-wenn-ihr-iphone-dauerhaft-das-apple-logo-zeigt","status":"publish","type":"page","link":"https:\/\/www.tipard.de\/blog\/was-sie-tun-koennen-wenn-ihr-iphone-dauerhaft-das-apple-logo-zeigt\/","title":{"rendered":"Was Sie tun k\u00f6nnen, wenn Ihr iPhone dauerhaft das Apple-Logo zeigt"},"content":{"rendered":"<p>\u201eMein iPhone geht neuerdings nicht mehr an. Ich habe versucht es mit iTunes zu verbinden und den An- und Homebutton gedr\u00fcckt zu halten aber vergebens. Es wird nur das wei\u00dfe Apple-Logo angezeigt. Warum f\u00e4hrt es nicht hoch und wie l\u00f6st man das Problem?\u201c<\/p>\n<h2>Teil 1: Warum dies \u00fcberhaupt passiert<\/h2>\n<p>1. Meistens tritt das Problem auf, wenn man das Betriebssystem des iPhones updatet.<\/p>\n<p>2. Ein Jailbreak kann auch zu derartigen Problemen f\u00fchren.<\/p>\n<p>3. Es kann auch auftreten, nach dem man einen Reset durchgef\u00fchrt hat.<\/p>\n<p>4. Bei einer Wiederherstellung von iTunes oder aus der iCloud.<\/p>\n<p>5. Es kann auch auf einen Fehler in einer Datei oder eines Programmes oder sogar auf das Herunterfahren des iPhones w\u00e4hrend der Installation einer App zur\u00fcckgef\u00fchrt werden.<\/p>\n<h2>Teil 2: Die einfachste Methode um das Problem zu l\u00f6sen<\/h2>\n<p><a href=\"https:\/\/www.tipard.de\/iphone-data-recovery\/\">Tipard iOS Data Recovery<\/a> ist das beste Programm um genau dieses Problem zu l\u00f6sen. Es ist mit Funktionen versehen, die Ihnen dabei helfen wieder zu der normalen Benutzeroberfl\u00e4che zu gelangen und zus\u00e4tzlich verlorene Dateien wiederzugewinnen, zu resetten, zu updaten, zu jailbreaken und vieles mehr.<\/p>\n<div class=\"article-steps\"><\/p>\n<p><div class=\"article-step\"><div class=\"context\"><h3><span class=\"stepShield\">Schritt 1<\/span>Downloaden und installieren<\/h3> Starten Sie das effektive Wiederherstellungsprogramm nach der Installation und verbinden Sie Ihr iPhone daraufhin via USB. <\/div><img loading=\"lazy\" decoding=\"async\" width=\"400\" height=\"255\" src=\"https:\/\/www.tipard.de\/blog\/wp-content\/uploads\/2019\/02\/1.jpg\" class=\"preview\" alt=\"Downloaden und installieren\" srcset=\"https:\/\/www.tipard.de\/blog\/wp-content\/uploads\/2019\/02\/1.jpg 600w, https:\/\/www.tipard.de\/blog\/wp-content\/uploads\/2019\/02\/1-300x191.jpg 300w\" sizes=\"auto, (max-width: 400px) 100vw, 400px\" \/><\/div><\/p>\n<p><div class=\"article-step\"><div class=\"context noPreview\"><h3><span class=\"stepShield\">Schritt 2<\/span>Das Problem beheben<\/h3> Das Programm erkennt Ihr iPhone automatisch und Sie werden dies angezeigt bekommen. (Siehe Bild unten) Dr\u00fccken Sie auf \u201eStart\u201c um Ihr iPhone wieder in den normalen Zustand zu versetzen. <\/div><\/div><\/p>\n<p><\/div>\n<p>Mit dieser Wiederherstellungssoftware l\u00f6sen Sie das Problem des h\u00e4ngen gebliebenen Startbildschirmes mit nur einem Klick. Es werden alle Modelle an iPhones unterst\u00fctzt, so auch das iPhone XS\/XS Max\/XR\/X\/8\/7\/6, iPad Pro, iPad Air, iPad mini, iPad, iPod und so weiter. Eine weitere Funktion ist es die verlorenen Daten des iPhones aus iTunes\/iCloud Backups wiederherzustellen.<\/p>\n<h2>Teil 3: Wie stellt man die verlorenen Dateien auf dem iPhone wieder her?<\/h2>\n<div class=\"article-steps\"><\/p>\n<p><div class=\"article-step\"><div class=\"context\"><h3><span class=\"stepShield\">Schritt 1<\/span>W\u00e4hlen Sie den Wiederherstellungsmodus und starten Sie den iPhone Scan<\/h3> Das Programm bietet 3 Wiederherstellungsmodi, wie die Wiederherstellung direkt von dem Ger\u00e4t aus, die Wiederherstellung aus einer iTunes Backup Datei und die Wiederherstellung aus einer iCloud Backup Datei. W\u00e4hlen Sie die Option \u201eWiederherstellung vom iOS Ger\u00e4t\u201c und dr\u00fccken Sie \u201eScan starten.&#8220; <\/div><img loading=\"lazy\" decoding=\"async\" width=\"400\" height=\"255\" src=\"https:\/\/www.tipard.de\/blog\/wp-content\/uploads\/2019\/02\/Schritt-1.jpg\" class=\"preview\" alt=\"W\u00e4hlen Sie den Wiederherstellungsmodus und starten Sie den iPhone Scan\" srcset=\"https:\/\/www.tipard.de\/blog\/wp-content\/uploads\/2019\/02\/Schritt-1.jpg 600w, https:\/\/www.tipard.de\/blog\/wp-content\/uploads\/2019\/02\/Schritt-1-300x191.jpg 300w\" sizes=\"auto, (max-width: 400px) 100vw, 400px\" \/><\/div><\/p>\n<p><div class=\"article-step reverse\"><div class=\"context\"><h3><span class=\"stepShield\">Schritt 2<\/span>Einsehen und Wiedergewinnung verlorener Daten<\/h3> Nach dem Scan sind alle Datenkataloge auf der linken Seite einsehbar. (Zum Beispiel Camera Roll, Foto Stream, Foto Bibliothek, die Foto App, Nachrichten, Kontakte, Anrufverl\u00e4ufe, Notizen, Kalender und mehr) Auf der rechten Seite werden Details zu den Daten angezeigt. Sie m\u00fcssen nur noch die gew\u00fcnschten Daten ausw\u00e4hlen, Wiederherstellen dr\u00fccken und die Daten werden auf Ihrem Computer gesichert. <\/div><img loading=\"lazy\" decoding=\"async\" width=\"400\" height=\"255\" src=\"https:\/\/www.tipard.de\/blog\/wp-content\/uploads\/2019\/02\/Schritt-2.jpg\" class=\"preview\" alt=\"Einsehen und Wiedergewinnung verlorener Daten\" srcset=\"https:\/\/www.tipard.de\/blog\/wp-content\/uploads\/2019\/02\/Schritt-2.jpg 600w, https:\/\/www.tipard.de\/blog\/wp-content\/uploads\/2019\/02\/Schritt-2-300x191.jpg 300w\" sizes=\"auto, (max-width: 400px) 100vw, 400px\" \/><\/div><\/p>\n<p><\/div>\n<p>Mit der Hilfe von <a href=\"https:\/\/www.tipard.de\/iphone-data-recovery\/\">Tipard iOS Data Recovery<\/a> kann das iPhone nicht nur aus der h\u00e4ngen bleiben im Startbildschirm gerettet werden, sondern auch verlorene Daten wiederhergestellt werden.<\/p>\n<h3>Software, die Ihnen vielleicht auch gefallen k\u00f6nnte.<\/h3>\n<h4><a href=\"https:\/\/www.tipard.de\/iphone-data-recovery\/\">iOS Data Recovery:<\/a><\/h4>\n<p>Diese iOS Datenwiederherstellung kann Ihnen dabei helfen das Problem, dass das Ger\u00e4t auf dem Apple-Logo Bildschrim festh\u00e4ngt mit nur einem Klick zu l\u00f6sen.<\/p>\n<p>Stellen Sie verloren geglaubte Kontakte, Nachrichten, Fotos, Anrufsverl\u00e4ufe, Videos und sonstige gel\u00f6schte Dateien auf Ihrem iPhone XS\/XS Max\/XR\/X\/8\/7\/6\/SE\/5s\/5c\/4s\/4 etc. wieder her.<\/p>\n<p>Neben der iPhone Modellreihe k\u00f6nnen auch verlorene Daten von iPods und iPads gerettet werden.<\/p>\n","protected":false},"excerpt":{"rendered":"<p>\u201eMein iPhone geht neuerdings nicht mehr an. Ich habe versucht es mit iTunes zu verbinden und den An- und Homebutton gedr\u00fcckt zu halten aber vergebens. Es wird nur das wei\u00dfe Apple-Logo angezeigt. Warum f\u00e4hrt es nicht hoch und wie l\u00f6st man das Problem?\u201c Teil 1: Warum dies \u00fcberhaupt passiert 1. Meistens tritt das Problem auf, [&hellip;]<\/p>\n","protected":false},"author":1,"featured_media":0,"parent":0,"menu_order":0,"comment_status":"closed","ping_status":"closed","template":"","meta":{"footnotes":""},"class_list":["post-1864","page","type-page","status-publish","hentry"],"_links":{"self":[{"href":"https:\/\/www.tipard.de\/blog\/wp-json\/wp\/v2\/pages\/1864","targetHints":{"allow":["GET"]}}],"collection":[{"href":"https:\/\/www.tipard.de\/blog\/wp-json\/wp\/v2\/pages"}],"about":[{"href":"https:\/\/www.tipard.de\/blog\/wp-json\/wp\/v2\/types\/page"}],"author":[{"embeddable":true,"href":"https:\/\/www.tipard.de\/blog\/wp-json\/wp\/v2\/users\/1"}],"replies":[{"embeddable":true,"href":"https:\/\/www.tipard.de\/blog\/wp-json\/wp\/v2\/comments?post=1864"}],"version-history":[{"count":5,"href":"https:\/\/www.tipard.de\/blog\/wp-json\/wp\/v2\/pages\/1864\/revisions"}],"predecessor-version":[{"id":1872,"href":"https:\/\/www.tipard.de\/blog\/wp-json\/wp\/v2\/pages\/1864\/revisions\/1872"}],"wp:attachment":[{"href":"https:\/\/www.tipard.de\/blog\/wp-json\/wp\/v2\/media?parent=1864"}],"curies":[{"name":"wp","href":"https:\/\/api.w.org\/{rel}","templated":true}]}}