{"id":179,"date":"2017-05-27T11:29:15","date_gmt":"2017-05-27T11:29:15","guid":{"rendered":"http:\/\/www.tipard.de\/blog\/?page_id=179"},"modified":"2017-08-17T11:17:45","modified_gmt":"2017-08-17T11:17:45","slug":"wie-ubertrage-ich-bilder-von-meinem-handy-auf-den-computer","status":"publish","type":"page","link":"https:\/\/www.tipard.de\/blog\/wie-ubertrage-ich-bilder-von-meinem-handy-auf-den-computer\/","title":{"rendered":"Wie \u00fcbertrage ich Bilder von meinem Handy auf den Computer"},"content":{"rendered":"<p>Wie kann ich Bilder von meinem Handy auf dem Computer archivieren? Wenn Sie sich mit dieser Frage konfrontiert f\u00fchlen gibt es f\u00fcr Sie verschiedene M\u00f6glichkeiten, die Sie f\u00fcr den Transfer Ihrer Handyfotos auf den PC nutzen k\u00f6nnen. Datunter fallen Bilder auf die Dropbox hochladen, Bilder mit Nachrichten schicken oder auch die Fotos auf der iCloud absichern und viele weitere. Der Artikel stellt Ihnen die besten Methoden f\u00fcr die Foto\u00fcbertragung von Handy auf Computer mit Tipard iPhone Transfer vor.<\/p>\n<h2>Teil 1: Fotos vom Handy auf den Computer ziehen<\/h2>\n<h3>1. Schicken Sie Ihre Fotos vom Handy auf Ihren Computer<\/h3>\n<p>Sie k\u00f6nnen Ihre Fotos mit Nachrichten senden und diese an Ihre Computer mailen. Wenn Sie nur wenige Fotos haben, k\u00f6nnen Sie diese Methode nutzen. Jedoch wird es komplizierter, wenn Sie eine gro\u00dfe Menge an Bildern haben.<br \/>\nA: Laden Sie die Fotos in einer Nachricht oder Email hoch.<br \/>\nB: Senden Sie die Fotos in der Nachricht oder Email auf den Computer.<br \/>\nC: Laden Sie die Fotos auf den Computer runter.<br \/>\n<img loading=\"lazy\" decoding=\"async\" class=\"alignnone size-full wp-image-182\" src=\"http:\/\/www.tipard.de\/blog\/wp-content\/uploads\/2017\/05\/email.jpg\" alt=\"\" width=\"600\" height=\"316\" srcset=\"https:\/\/www.tipard.de\/blog\/wp-content\/uploads\/2017\/05\/email.jpg 600w, https:\/\/www.tipard.de\/blog\/wp-content\/uploads\/2017\/05\/email-300x158.jpg 300w\" sizes=\"auto, (max-width: 600px) 100vw, 600px\" \/><\/p>\n<h3>2. Handyfotos auf dem Computer synchronisieren<\/h3>\n<p>Falls Sie die Handyfotos auf dem Computer synchronisieren wollen, k\u00f6nnen Sie Dropbox, Airdrop oder iCloud nutzen. Sie haben die M\u00f6glichkeit viele Fotos zwischen iPhone und Computer zu synchronisieren. Jedoch sind diese danach nicht geordnet und Sie m\u00fcssen alle Fotos neu sortieren und verwalten. Einige Fotos k\u00f6nnen vielleicht verschwunden sein.<br \/>\nA: In der Anwendung einloggen.<br \/>\nB: Bilder vom Handy in der Anwendung ausw\u00e4hlen.<br \/>\nC: Bilder vom Handy auf den Computer \u00fcbertragen.<\/p>\n<p><img loading=\"lazy\" decoding=\"async\" class=\"alignnone size-full wp-image-185\" src=\"http:\/\/www.tipard.de\/blog\/wp-content\/uploads\/2017\/05\/sync.jpg\" alt=\"\" width=\"600\" height=\"327\" srcset=\"https:\/\/www.tipard.de\/blog\/wp-content\/uploads\/2017\/05\/sync.jpg 600w, https:\/\/www.tipard.de\/blog\/wp-content\/uploads\/2017\/05\/sync-300x164.jpg 300w\" sizes=\"auto, (max-width: 600px) 100vw, 600px\" \/><\/p>\n<h3>3. Fototransfer vom Handy auf den Computer via USB Kabel<\/h3>\n<p>Eigentlich k\u00f6nnen Sie die Handyfotos mit der SD oder Flash Karte auf den Computer \u00fcbertragen, jedoch m\u00fcssen Sie die Fotos zuerst auf die Karte ziehen. Der komfortabelste Weg die Fotos auf den PC oder Mac zu \u00fcbertragen ist via USB Kabel. Es kann aber passieren, dass Sie nicht alle Fotos wieder finden, wenn Sie diese mit USB und iTunes absichern. Tipard iPhone Transfer Ultimate ist die beste M\u00f6glichtkeit f\u00fcr die \u00dcbertragung von Fotos.<br \/>\n<img loading=\"lazy\" decoding=\"async\" class=\"alignnone size-full wp-image-186\" src=\"http:\/\/www.tipard.de\/blog\/wp-content\/uploads\/2017\/05\/usb-cable.jpg\" alt=\"\" width=\"600\" height=\"323\" srcset=\"https:\/\/www.tipard.de\/blog\/wp-content\/uploads\/2017\/05\/usb-cable.jpg 600w, https:\/\/www.tipard.de\/blog\/wp-content\/uploads\/2017\/05\/usb-cable-300x162.jpg 300w\" sizes=\"auto, (max-width: 600px) 100vw, 600px\" \/><\/p>\n<h2>Teil 2: Bilder vom Handy auf den Computer \u00fcbertragen mit <a href=\"http:\/\/www.tipard.de\/iphone-transfer\/\">Tipard iPhone Transfer Ultimate<\/a><\/h2>\n<p>Wenn Sie Ihre Bilder vom Handy auf Ihren Computer mit <a href=\"http:\/\/www.tipard.de\/iphone-transfer\/\">Tipard iPhone Transfer Ultimate <\/a>synchronisieren, k\u00f6nnen Sie auch Gebrauch von der \u00dcbertragungsmethode mit dem USB Kabel machen, sowie von den Zusatzfeatures, die Ihnen Tipard iPhone Transfer Ultimate bietet.<br \/>\n1. Die Originalqualit\u00e4t der Bilder wird \u00fcbertragen. Bei anderen Methoden werden die Bilder des \u00f6fteren verkleinert.<br \/>\n2. Schauen Sie sich die Vorschau der Bilder im Originalordner an, bevor Sie diese vom Handy auf Ihren Computer ziehen.<\/p>\n<h2>Teil 3: Wie \u00fcbertrage ich die Bilder vom Handy auf den Computer mit <a href=\"http:\/\/www.tipard.de\/iphone-transfer\/\">Tipard iPhone Transfer Ultimate<\/a><\/h2>\n<div class=\"article-steps\"><br \/>\n<div class=\"article-step\"><div class=\"context\"><h3><span class=\"stepShield\">Schritt 1<\/span>Verbinden Sie Ihr Handy via USB mit dem Computer<\/h3>Laden Sie die aktuellste Version von Tipard iPhone Transfer Ultimate herunter und installieren Sie diese. Verbinden Sie Ihr Handy mit dem Programm.<\/div><img loading=\"lazy\" decoding=\"async\" width=\"400\" height=\"284\" src=\"https:\/\/www.tipard.de\/blog\/wp-content\/uploads\/2017\/05\/connect-iphone-albert.jpg\" class=\"preview\" alt=\"Verbinden Sie Ihr Handy via USB mit dem Computer\" srcset=\"https:\/\/www.tipard.de\/blog\/wp-content\/uploads\/2017\/05\/connect-iphone-albert.jpg 400w, https:\/\/www.tipard.de\/blog\/wp-content\/uploads\/2017\/05\/connect-iphone-albert-300x213.jpg 300w\" sizes=\"auto, (max-width: 400px) 100vw, 400px\" \/><\/div><br \/>\n<div class=\"article-step reverse\"><div class=\"context\"><h3><span class=\"stepShield\">Schritt 2<\/span>Vorschau der \u00fcbertragen Handyfotos<\/h3>Sie k\u00f6nnen die \u00fcbertragenen Bilder schnell im Originalordner Ihres Handys finden und die Bilder, die Sie auf Ihren Computer \u00fcbertragen wollen, ausw\u00e4hlen.<\/div><img loading=\"lazy\" decoding=\"async\" width=\"400\" height=\"284\" src=\"https:\/\/www.tipard.de\/blog\/wp-content\/uploads\/2017\/05\/preview-photo.jpg\" class=\"preview\" alt=\"Vorschau der \u00fcbertragen Handyfotos\" srcset=\"https:\/\/www.tipard.de\/blog\/wp-content\/uploads\/2017\/05\/preview-photo.jpg 400w, https:\/\/www.tipard.de\/blog\/wp-content\/uploads\/2017\/05\/preview-photo-300x213.jpg 300w\" sizes=\"auto, (max-width: 400px) 100vw, 400px\" \/><\/div><br \/>\n<div class=\"article-step\"><div class=\"context\"><h3><span class=\"stepShield\">Schritt 3<\/span>Exportieren Sie die Fotos vom Handy auf den Computer<\/h3>1. Klicken Sie die &#8222;Zum Ordner&#8220; Option im Hauptmen\u00fc, um Ihre Fotos auf dem Computer zu sichern. Dort k\u00f6nnen Sie die Bilder bequem und m\u00fchelos verwalten.<\/div><img loading=\"lazy\" decoding=\"async\" width=\"400\" height=\"65\" src=\"https:\/\/www.tipard.de\/blog\/wp-content\/uploads\/2017\/05\/backup-to.jpg\" class=\"preview\" alt=\"Exportieren Sie die Fotos vom Handy auf den Computer\" srcset=\"https:\/\/www.tipard.de\/blog\/wp-content\/uploads\/2017\/05\/backup-to.jpg 400w, https:\/\/www.tipard.de\/blog\/wp-content\/uploads\/2017\/05\/backup-to-300x49.jpg 300w\" sizes=\"auto, (max-width: 400px) 100vw, 400px\" \/><\/div><br \/>\n<div class=\"article-step\"><div class=\"context\">2. W\u00e4hle die Bilder aus Schritt 2 aus und exportiere sie auf dein Computer oder ein anderes Ger\u00e4t. Du kannst die Bilder dann im original Ordner deines Handys finden.<\/div><img loading=\"lazy\" decoding=\"async\" width=\"400\" height=\"68\" src=\"https:\/\/www.tipard.de\/blog\/wp-content\/uploads\/2017\/05\/export-to.jpg\" class=\"preview\" alt=\"\" srcset=\"https:\/\/www.tipard.de\/blog\/wp-content\/uploads\/2017\/05\/export-to.jpg 400w, https:\/\/www.tipard.de\/blog\/wp-content\/uploads\/2017\/05\/export-to-300x51.jpg 300w\" sizes=\"auto, (max-width: 400px) 100vw, 400px\" \/><\/div><br \/>\n<\/div>\n","protected":false},"excerpt":{"rendered":"<p>Wie kann ich Bilder von meinem Handy auf dem Computer archivieren? Wenn Sie sich mit dieser Frage konfrontiert f\u00fchlen gibt es f\u00fcr Sie verschiedene M\u00f6glichkeiten, die Sie f\u00fcr den Transfer Ihrer Handyfotos auf den PC nutzen k\u00f6nnen. Datunter fallen Bilder auf die Dropbox hochladen, Bilder mit Nachrichten schicken oder auch die Fotos auf der iCloud [&hellip;]<\/p>\n","protected":false},"author":1,"featured_media":0,"parent":0,"menu_order":0,"comment_status":"closed","ping_status":"closed","template":"","meta":{"footnotes":""},"class_list":["post-179","page","type-page","status-publish","hentry"],"_links":{"self":[{"href":"https:\/\/www.tipard.de\/blog\/wp-json\/wp\/v2\/pages\/179","targetHints":{"allow":["GET"]}}],"collection":[{"href":"https:\/\/www.tipard.de\/blog\/wp-json\/wp\/v2\/pages"}],"about":[{"href":"https:\/\/www.tipard.de\/blog\/wp-json\/wp\/v2\/types\/page"}],"author":[{"embeddable":true,"href":"https:\/\/www.tipard.de\/blog\/wp-json\/wp\/v2\/users\/1"}],"replies":[{"embeddable":true,"href":"https:\/\/www.tipard.de\/blog\/wp-json\/wp\/v2\/comments?post=179"}],"version-history":[{"count":10,"href":"https:\/\/www.tipard.de\/blog\/wp-json\/wp\/v2\/pages\/179\/revisions"}],"predecessor-version":[{"id":699,"href":"https:\/\/www.tipard.de\/blog\/wp-json\/wp\/v2\/pages\/179\/revisions\/699"}],"wp:attachment":[{"href":"https:\/\/www.tipard.de\/blog\/wp-json\/wp\/v2\/media?parent=179"}],"curies":[{"name":"wp","href":"https:\/\/api.w.org\/{rel}","templated":true}]}}