{"id":1778,"date":"2018-10-11T15:48:07","date_gmt":"2018-10-11T15:48:07","guid":{"rendered":"http:\/\/www.tipard.de\/blog\/?page_id=1778"},"modified":"2018-10-11T15:48:07","modified_gmt":"2018-10-11T15:48:07","slug":"drei-wege-dateien-zwischen-dem-iphone-und-mac-zu-uebertragen","status":"publish","type":"page","link":"https:\/\/www.tipard.de\/blog\/drei-wege-dateien-zwischen-dem-iphone-und-mac-zu-uebertragen\/","title":{"rendered":"Drei Wege, Dateien zwischen dem iPhone und Mac zu \u00fcbertragen"},"content":{"rendered":"<p>Wenn Sie drau\u00dfen sind und Musik mit Ihrem iPod h\u00f6ren wollen, was machen Sie dann? Die Antwort lautet Lieder vom Mac auf den iPod zu \u00fcbertragen. In diesem Post zeigen wir Ihnen drei Wege, um Dateien zwischen dem iPod und Mac zu \u00fcbertragen.<\/p>\n<h3>Wie Sie Daten vom iPod auf den Mac mit iTunes \u00fcbertragen<\/h3>\n<p>iTunes ist die beste L\u00f6sung, um Musik, Videos, Fotos etc. vom iPod auf den Mac zu \u00fcbertragen. Sie k\u00f6nnen den Schritten unten folgen, um iPod Musik, Fotos, Videos etc. auf den Mac zu \u00fcbertragen.<\/p>\n<p>1.) \u00d6ffnen Sie iTunes auf dem Mac.<br \/>\n2.) Verbinden Sie Ihr iPod via USB Kabel.<br \/>\n3.) Klicken Sie das iPod Icon.<br \/>\n4.) Klicken Sie \u201eAutomatische Backups\u201c von \u201eBackups\u201c zu \u201eDieser Computer\u201c &gt; \u201eJetzt Backup erstellen\u201c &gt; Auf diesem Wege k\u00f6nnen Sie Daten auch wiederherstellen.<br \/>\n5.)Wenn Sie Kontakte, Kalender, Mail und weitere auf den Mac \u00fcbertragen wollen, klicken Sie \u201eInfo\u201c und klicken iPod Daten auf den Mac \u00fcbertragen.<br \/>\n6.) Daten zu \u00fcbertragen ist auf diesem Weg relativ einfach. Jedoch k\u00f6nnen keine Nachrichten vom iPod auf den Mac \u00fcbertragen werden. Au\u00dferdem kann iTunes manchmal keine Musik synchronisieren. Dies bereitet gro\u00dfe Schwierigkeiten.<\/p>\n<h3>Daten mit AirDrop zwischen dem iPod und Mac \u00fcbertragen<\/h3>\n<p>AirDrop ist eine L\u00f6sung, die von Apple erfunden wurde, um Lieder vom iPod auf den Mac mit nur einem Klick zu \u00fcbertragen. Sie ben\u00f6tigen einen iPod Touch (5. Gen oder neuer), einen Mac mit macOS High Sierra oder neuer und m\u00fcssen Air Drop auf beiden Ger\u00e4ten installiert haben. Au\u00dferdem m\u00fcssen Sie Bluetooth und WLAN einschalten und Pers\u00f6nlicher Hotspot ausschalten.<\/p>\n<p>Anschlie\u00dfend Machen Sie folgendes:<\/p>\n<p>1.) AirDrop einschalten<\/p>\n<p>Klicken Sie auf dem Mac \u201cLos\u201d &gt; \u201cAirDrop\u201d &gt; \u201cErlauben mich zu sehen\u201d. Gehen Sie beim iPod ins Kontrollzentrum und dr\u00fccken \u201eAirDrop\u201c.<\/p>\n<p>2.) Songs vom Mac auf den iPod kopieren<\/p>\n<p>W\u00e4hlen Sie die Musik aus, die Sie \u00fcbertragen m\u00f6chten. Ziehen Sie sie auf den AirDrop User und anschlie\u00dfend \u201eSenden\u201c, um die Lieder zu \u00fcbertragen. Au\u00dferdem k\u00f6nnen Sie auch fotos und Videos senden.<\/p>\n<p>3.) Synchronisieren Sie iPod Musik und Videos auf den Mac<\/p>\n<p>Wenn Sie fotos vom iPod auf den Mac \u00fcbertragen m\u00f6chten m\u00fcssen Sie die Dateien auf dem iPod finden, \u201eAirDrop\u201c ausw\u00e4hlen und die Fotos anschlie\u00dfend senden.<\/p>\n<p>4.) Die \u00fcbertragenen Dateien finden<\/p>\n<p>Auf Ihrem iPod finden Sie die \u00fcbertragenen Daten da, wo sie hingeh\u00f6reren, also Musik im Musik Ordner, Fotos im Fotos Ordner, etc. Auf dem Mac finden Sie alle Dateien im Download Ordner.<\/p>\n<p>Air Drop ist einfach zu benutzen. Aber Sie m\u00fcssen Ihren Mac und iPod beisammen haben und sie m\u00fcssen im selben Internet sein.<\/p>\n<h3>Alle Daten zwischen dem iPod und Mac mit iPod Transfer f\u00fcr Mac \u00fcbertragen<\/h3>\n<p>Um alle Daten sicher und einfach zwischen den beiden Ger\u00e4ten zu \u00fcbertragen raten wir Ihnen <a href=\"http:\/\/www.tipard.de\/mac-iphone-transfer\/\">iPod Transfer f\u00fcr Mac<\/a> zu verwenden. Die L\u00f6sung erlaubt es Ihnen Daten zwischen dem iPod und Mac zu \u00fcbertragen und das in drei einfachen Schritten. Zuerst sollten Sie die kostenlose Version auf Ihrem Mac installieren und \u00f6ffnen.<\/p>\n<div class=\"article-steps\"><br \/>\n<div class=\"article-step\"><div class=\"context\"><h3><span class=\"stepShield\">Schritt 1<\/span>iPod mit dem Mac verbinden<\/h3> Verbinden Sie Ihren iPod via USB Kabel mit dem Mac. Die L\u00f6sung erkennt Ihr Ger\u00e4t automatisch. <\/div><img loading=\"lazy\" decoding=\"async\" width=\"400\" height=\"268\" src=\"https:\/\/www.tipard.de\/blog\/wp-content\/uploads\/2018\/10\/1connect-ipod.jpg\" class=\"preview\" alt=\"iPod mit dem Mac verbinden\" srcset=\"https:\/\/www.tipard.de\/blog\/wp-content\/uploads\/2018\/10\/1connect-ipod.jpg 400w, https:\/\/www.tipard.de\/blog\/wp-content\/uploads\/2018\/10\/1connect-ipod-300x201.jpg 300w\" sizes=\"auto, (max-width: 400px) 100vw, 400px\" \/><\/div><br \/>\n<div class=\"article-step reverse\"><div class=\"context\"><h3><span class=\"stepShield\">Schritt 2<\/span>Dateien zum \u00fcbertragen ausw\u00e4hlen<\/h3> Klicken Sie \u201eMedien\u201c, w\u00e4hlen Songs aus, klicken \u201eExportieren nach Mac\u201c, um alle Lieder zu \u00fcbertragen. Um Kontakte zu synchronisieren folgen Sie den oben genannten Schritten nur mit Kontakten. <\/div><img loading=\"lazy\" decoding=\"async\" width=\"400\" height=\"268\" src=\"https:\/\/www.tipard.de\/blog\/wp-content\/uploads\/2018\/10\/2ipod-mac.jpg\" class=\"preview\" alt=\"Dateien zum \u00fcbertragen ausw\u00e4hlen\" srcset=\"https:\/\/www.tipard.de\/blog\/wp-content\/uploads\/2018\/10\/2ipod-mac.jpg 400w, https:\/\/www.tipard.de\/blog\/wp-content\/uploads\/2018\/10\/2ipod-mac-300x201.jpg 300w\" sizes=\"auto, (max-width: 400px) 100vw, 400px\" \/><\/div><br \/>\n<div class=\"article-step reverse\"><div class=\"context\"><h3><span class=\"stepShield\">Schritt 2<\/span>Daten vom Mac auf den iPod \u00fcbertragen<\/h3> Um Musik vom Mac auf den iPod zu synchronisieren k\u00f6nnen Sie auch diese L\u00f6sung verwenden. Klicken Sie \u201eHinzuf\u00fcgen\u201c &gt; \u201eDateien Hinzuf\u00fcgen\u201c. Die Lieder\/Dateien werden automatisch so umgewandelt, dass sie auf dem iPod abgespielt werden k\u00f6nnen. <\/div><img loading=\"lazy\" decoding=\"async\" width=\"400\" height=\"267\" src=\"https:\/\/www.tipard.de\/blog\/wp-content\/uploads\/2018\/10\/3mac-ipod.jpg\" class=\"preview\" alt=\"Daten vom Mac auf den iPod \u00fcbertragen\" srcset=\"https:\/\/www.tipard.de\/blog\/wp-content\/uploads\/2018\/10\/3mac-ipod.jpg 400w, https:\/\/www.tipard.de\/blog\/wp-content\/uploads\/2018\/10\/3mac-ipod-300x200.jpg 300w\" sizes=\"auto, (max-width: 400px) 100vw, 400px\" \/><\/div><br \/>\n<\/div>\n<p><a href=\"http:\/\/www.tipard.de\/mac-iphone-transfer\/\">Dieser Weg<\/a> um Daten zwischen dem iPod und Mac auszutauschen ist der einfachste und Sie ben\u00f6tigen keine WLAN Verbindung. Probieren Sie es selbst aus.<\/p>\n<p>&nbsp;<\/p>\n","protected":false},"excerpt":{"rendered":"<p>Wenn Sie drau\u00dfen sind und Musik mit Ihrem iPod h\u00f6ren wollen, was machen Sie dann? Die Antwort lautet Lieder vom Mac auf den iPod zu \u00fcbertragen. In diesem Post zeigen wir Ihnen drei Wege, um Dateien zwischen dem iPod und Mac zu \u00fcbertragen. Wie Sie Daten vom iPod auf den Mac mit iTunes \u00fcbertragen iTunes [&hellip;]<\/p>\n","protected":false},"author":1,"featured_media":0,"parent":0,"menu_order":0,"comment_status":"closed","ping_status":"closed","template":"","meta":{"footnotes":""},"class_list":["post-1778","page","type-page","status-publish","hentry"],"_links":{"self":[{"href":"https:\/\/www.tipard.de\/blog\/wp-json\/wp\/v2\/pages\/1778","targetHints":{"allow":["GET"]}}],"collection":[{"href":"https:\/\/www.tipard.de\/blog\/wp-json\/wp\/v2\/pages"}],"about":[{"href":"https:\/\/www.tipard.de\/blog\/wp-json\/wp\/v2\/types\/page"}],"author":[{"embeddable":true,"href":"https:\/\/www.tipard.de\/blog\/wp-json\/wp\/v2\/users\/1"}],"replies":[{"embeddable":true,"href":"https:\/\/www.tipard.de\/blog\/wp-json\/wp\/v2\/comments?post=1778"}],"version-history":[{"count":1,"href":"https:\/\/www.tipard.de\/blog\/wp-json\/wp\/v2\/pages\/1778\/revisions"}],"predecessor-version":[{"id":1782,"href":"https:\/\/www.tipard.de\/blog\/wp-json\/wp\/v2\/pages\/1778\/revisions\/1782"}],"wp:attachment":[{"href":"https:\/\/www.tipard.de\/blog\/wp-json\/wp\/v2\/media?parent=1778"}],"curies":[{"name":"wp","href":"https:\/\/api.w.org\/{rel}","templated":true}]}}