{"id":1772,"date":"2018-10-11T15:33:48","date_gmt":"2018-10-11T15:33:48","guid":{"rendered":"http:\/\/www.tipard.de\/blog\/?page_id=1772"},"modified":"2018-10-11T15:33:48","modified_gmt":"2018-10-11T15:33:48","slug":"wie-sie-pdf-in-text-konvertieren","status":"publish","type":"page","link":"https:\/\/www.tipard.de\/blog\/wie-sie-pdf-in-text-konvertieren\/","title":{"rendered":"Wie Sie PDF in Text konvertieren"},"content":{"rendered":"<p>Seit es PDF Datei Formate gibt werden fast alle gesch\u00e4ftlichen Dokumente als PDF erstellt und verschickt. Der Vorteil daran ist, dass sich das PDF nicht ab\u00e4ndern l\u00e4sst. Man kann also sichergehen, dass PDFs immer so sind, wie es der Ersteller vorgesehen hat. Manchmal sind PDFs jedoch auch vom Nachteil. Texte in PDFs k\u00f6nnen nicht einfach so bearbeitet werden. Au\u00dferdem ben\u00f6tigt man einen professionellen PDF Reader, um PDFs \u00f6ffnen zu k\u00f6nnen. Aus diesem Grund m\u00fcssen PDFs heutzutage oft in Textdateien umgewandelt werden. Doch wie funktioniert das? Und gibt es eine einfache L\u00f6sung, um PDF zu Textdateien umzuwandeln?<\/p>\n<p>Es gibt viele M\u00f6glichkeiten PDF in Text umzuwandeln. Die meisten von Ihnen sind Online-L\u00f6sungen, wie PDF zu TXT von ZAMZAR, Online-Convert.com, Online OCR, Convert online free und viele mehr. Alle verlangen vom User, dass sie eine PDF Datei hochladen oder einen Link zum PDf angeben. Anschlie\u00dfend w\u00e4hlt man die Sprache der Datei aus und gibt seine Email Adresse ein, damit die umgewandelte Datei an Sie geschickt werden kann. Ich kann mir vorstellen, dass Sie diesen Weg ziemlich einfach finden und es vermutlich auch so machen w\u00fcrden. Aber haben Sie schonmal dar\u00fcber nachgedacht wie sicher diese Methode ist? Sie ist kostenlos und online. Wie stellen Sie sicher, dass das alles vertrauensw\u00fcrdig ist? Tats\u00e4chlich beschweren sich immer mehr User \u00fcber diese Online-L\u00f6sungen, denn das Ganze beherbergt ein gro\u00dfes Risiko. Wie k\u00f6nnen Wir PDFs sicher und kostenlos umwandeln? Hier erfahren Sie es.<\/p>\n<h3>Wie Sie PDF in Text kostenlos und sicher umwandeln<\/h3>\n<p>PDF to Text Converter von Tipard ist der professioneller PDF Konverter, nach dem Sie suchen. Er ikst m\u00e4chtig genug, um PDF Dateien in Text Dokumente umzuwandeln und das auch noch mit einer gro\u00dfartigen Ausgabe Qualit\u00e4t. Au\u00dferdem erlaubt die L\u00f6sung es Ihnen mehrere PDF Dateien gleichzeitig umzuwandeln. Sie k\u00f6nnen eine Vorschau starten und aus verschiedenen Dateiformaten, wie (.doc\/.docx), Excel (.xls\/xlsx), PPT (.pptx), ePub (.epb), HTML (.html) etc. ausw\u00e4hlen. Und es ist alles komplett kostenlos, solange Sie ein kleines Wasserzeichen auf den Dokumenten nicht st\u00f6rt.<\/p>\n<p>&nbsp;<\/p>\n<div class=\"article-steps\"><br \/>\n<div class=\"article-step\"><div class=\"context noPreview\"><h3><span class=\"stepShield\">Schritt 1<\/span>Downloaden und installieren Sie die kostenlose Probeversion von PDF to Text Converter auf Ihrem Computer<\/h3> <\/div><\/div><br \/>\n<div class=\"article-step reverse\"><div class=\"context\"><h3><span class=\"stepShield\">Schritt 2<\/span>\u00d6ffnen Sie die L\u00f6sung<\/h3>\u00a0 <\/div><img loading=\"lazy\" decoding=\"async\" width=\"400\" height=\"303\" src=\"https:\/\/www.tipard.de\/blog\/wp-content\/uploads\/2018\/10\/2launch.jpg\" class=\"preview\" alt=\"\u00d6ffnen Sie die L\u00f6sung\" srcset=\"https:\/\/www.tipard.de\/blog\/wp-content\/uploads\/2018\/10\/2launch.jpg 400w, https:\/\/www.tipard.de\/blog\/wp-content\/uploads\/2018\/10\/2launch-300x227.jpg 300w\" sizes=\"auto, (max-width: 400px) 100vw, 400px\" \/><\/div><br \/>\n<div class=\"article-step\"><div class=\"context\"><h3><span class=\"stepShield\">Schritt 3<\/span>F\u00fcgen Sie PDF Dateien oder Ordner hinzu<\/h3> Nachdem sie Dateien hinzugef\u00fcgt haben k\u00f6nnen Sie sie umbenennen, entfernen oder eine Vorschau starten. <\/div><img loading=\"lazy\" decoding=\"async\" width=\"400\" height=\"303\" src=\"https:\/\/www.tipard.de\/blog\/wp-content\/uploads\/2018\/10\/3addpdffiles.jpg\" class=\"preview\" alt=\"F\u00fcgen Sie PDF Dateien oder Ordner hinzu\" srcset=\"https:\/\/www.tipard.de\/blog\/wp-content\/uploads\/2018\/10\/3addpdffiles.jpg 400w, https:\/\/www.tipard.de\/blog\/wp-content\/uploads\/2018\/10\/3addpdffiles-300x227.jpg 300w\" sizes=\"auto, (max-width: 400px) 100vw, 400px\" \/><\/div><br \/>\n<br \/>\n<div class=\"article-step\"><div class=\"context\"><h3><span class=\"stepShield\">Schritt 5<\/span>PDF Datei in Text Dokument umwandeln<\/h3> Starten Sie eine Vorschau der PDF Datei im Vorschaufenster, klicken Sie Alles, um das komplette PDF umzuwandeln. Klicken Sie anschlie\u00dfend auf Umwandeln, um das komplette PDF umzuwandeln. <\/div><img loading=\"lazy\" decoding=\"async\" width=\"400\" height=\"303\" src=\"https:\/\/www.tipard.de\/blog\/wp-content\/uploads\/2018\/10\/5convertpdf.jpg\" class=\"preview\" alt=\"PDF Datei in Text Dokument umwandeln\" srcset=\"https:\/\/www.tipard.de\/blog\/wp-content\/uploads\/2018\/10\/5convertpdf.jpg 400w, https:\/\/www.tipard.de\/blog\/wp-content\/uploads\/2018\/10\/5convertpdf-300x227.jpg 300w\" sizes=\"auto, (max-width: 400px) 100vw, 400px\" \/><\/div><br \/>\n<\/div>\n<h3>PDF Datei in Text umwandeln<\/h3>\n<p>Wir sollten erw\u00e4hnen, dass die Ausgabedatei, die mit der kostenlosen Version von Tipard PDF zu Text Converter generiert wird ein Wasserzeichen enth\u00e4lt. Au\u00dferdem haben Sie nur 15 Tage, um die Version zu benutzen. Wenn Sie die L\u00f6sung l\u00e4ngerfristig benutzen wollen sollten Sie auf die Pro Version umsteigen.<\/p>\n<h3>PDF vs. Text<\/h3>\n<p>PDF (kurz f\u00fcr Portable Document Format) ist ein Dateiformat, welches von Adobe erfunden wurde, um Dokumente auszutauschen. Eine PDF Datei kann mit verschiedenen L\u00f6sungen ge\u00f6ffnet werden. Sie kann Links, Audio, Video, Bilder, Tabellen und andere Informationen enthalten. W\u00e4hrend Text Dateien zwar \u00e4lter als PDF sind k\u00f6nnen Sie nur Texte, ohne andere Formate enthalten. Die Dateigr\u00f6\u00dfe ist wesentlich kleiner, sodass Sie auch auf tragbaren Ger\u00e4ten wie MP3, Mp4 Playern, Handys oder anderen tragbaren Ger\u00e4ten gelesen und transportiert werden k\u00f6nnen. Es ist einfacher eine .txt Datei zu bearbeiten.<\/p>\n<p>&nbsp;<\/p>\n","protected":false},"excerpt":{"rendered":"<p>Seit es PDF Datei Formate gibt werden fast alle gesch\u00e4ftlichen Dokumente als PDF erstellt und verschickt. Der Vorteil daran ist, dass sich das PDF nicht ab\u00e4ndern l\u00e4sst. Man kann also sichergehen, dass PDFs immer so sind, wie es der Ersteller vorgesehen hat. Manchmal sind PDFs jedoch auch vom Nachteil. Texte in PDFs k\u00f6nnen nicht einfach [&hellip;]<\/p>\n","protected":false},"author":1,"featured_media":0,"parent":0,"menu_order":0,"comment_status":"closed","ping_status":"closed","template":"","meta":{"footnotes":""},"class_list":["post-1772","page","type-page","status-publish","hentry"],"_links":{"self":[{"href":"https:\/\/www.tipard.de\/blog\/wp-json\/wp\/v2\/pages\/1772","targetHints":{"allow":["GET"]}}],"collection":[{"href":"https:\/\/www.tipard.de\/blog\/wp-json\/wp\/v2\/pages"}],"about":[{"href":"https:\/\/www.tipard.de\/blog\/wp-json\/wp\/v2\/types\/page"}],"author":[{"embeddable":true,"href":"https:\/\/www.tipard.de\/blog\/wp-json\/wp\/v2\/users\/1"}],"replies":[{"embeddable":true,"href":"https:\/\/www.tipard.de\/blog\/wp-json\/wp\/v2\/comments?post=1772"}],"version-history":[{"count":1,"href":"https:\/\/www.tipard.de\/blog\/wp-json\/wp\/v2\/pages\/1772\/revisions"}],"predecessor-version":[{"id":1777,"href":"https:\/\/www.tipard.de\/blog\/wp-json\/wp\/v2\/pages\/1772\/revisions\/1777"}],"wp:attachment":[{"href":"https:\/\/www.tipard.de\/blog\/wp-json\/wp\/v2\/media?parent=1772"}],"curies":[{"name":"wp","href":"https:\/\/api.w.org\/{rel}","templated":true}]}}