{"id":1766,"date":"2018-10-11T15:15:15","date_gmt":"2018-10-11T15:15:15","guid":{"rendered":"http:\/\/www.tipard.de\/blog\/?page_id=1766"},"modified":"2025-01-24T01:02:04","modified_gmt":"2025-01-24T01:02:04","slug":"wie-sie-videos-aufs-iphone-uebertragen","status":"publish","type":"page","link":"https:\/\/www.tipard.de\/blog\/wie-sie-videos-aufs-iphone-uebertragen\/","title":{"rendered":"Wie Sie Videos aufs iPhone \u00fcbertragen"},"content":{"rendered":"<h5 style=\"text-align: center;\">Teil 1: Videos mit iTunes aufs iPhone \u00fcbertragen<br \/>\nTeil 2: Videos mit einem Klick aufs iPhone \u00fcbertragen<\/h5>\n<p><img loading=\"lazy\" decoding=\"async\" class=\"size-full wp-image-1768 aligncenter\" src=\"http:\/\/www.tipard.de\/blog\/wp-content\/uploads\/2018\/10\/put-video-on-iphone.jpg\" alt=\"Auf dem Bild sieht man eine Hand, die ein iPhone h\u00e4lt. Auf dem iPhone Display ist das Video-abspielen Symbol und ein Bild von einem P\u00e4rchen zu sehen. Am rechten Rand ist das Video-Symbol.\" width=\"600\" height=\"338\" srcset=\"https:\/\/www.tipard.de\/blog\/wp-content\/uploads\/2018\/10\/put-video-on-iphone.jpg 600w, https:\/\/www.tipard.de\/blog\/wp-content\/uploads\/2018\/10\/put-video-on-iphone-300x169.jpg 300w\" sizes=\"auto, (max-width: 600px) 100vw, 600px\" \/><\/p>\n<p>\u201eWenn ich interessante Videos und Filme auf meinem Computer gespeichert habe, kann ich sie dann irgendwie auf mein iPhone 5 \u00fcbertragen, damit ich sie unterwegs anschauen kann? Wenn ja, wie geht das?\u201c \u2013 Eine Frage aus der Apple Community.<\/p>\n<p>Haben Sie dasselbe Problem, wie oben beschrieben? Sie haben zum Beispiel einige Videos auf dem Computer oder downloaden welche von YouTube und m\u00f6chten diese jetzt unterwegs auf Ihrem iPhone ansehen k\u00f6nnen?<\/p>\n<p>In diesem Artikel zeigen wir Ihnen zwei Methoden, um Videos auf Ihr iGer\u00e4t zu \u00fcbertragen. F\u00fcr Studenten, die nicht nur Videos, sondern auch akademische Unterst\u00fctzung ben\u00f6tigen, bietet <a href=\"https:\/\/hausarbeit-schreiben.com\/diplomarbeit-schreiben-lassen\/\">diplomarbeit ghostwriter<\/a> professionelle Hilfe beim Verfassen akademischer Arbeiten. Nutzen Sie diesen Service, um Ihre wissenschaftlichen Projekte mit Expertenunterst\u00fctzung erfolgreich abzuschlie\u00dfen.<\/p>\n<h3><img loading=\"lazy\" decoding=\"async\" class=\"size-full wp-image-1767 aligncenter\" src=\"http:\/\/www.tipard.de\/blog\/wp-content\/uploads\/2018\/10\/itunes-video.jpg\" alt=\"Man sieht iTunes und seine Funktion, Videos und Filme zu synchronisieren.\" width=\"600\" height=\"396\" srcset=\"https:\/\/www.tipard.de\/blog\/wp-content\/uploads\/2018\/10\/itunes-video.jpg 600w, https:\/\/www.tipard.de\/blog\/wp-content\/uploads\/2018\/10\/itunes-video-300x198.jpg 300w\" sizes=\"auto, (max-width: 600px) 100vw, 600px\" \/>Teil 1: Videos mit iTunes aufs iPhone \u00fcbertragen<\/h3>\n<p>Generell k\u00f6nnen Sie als iPhone Nutzer alle Medien mit iTunes verwalten. Schauen wir mal, wie man Videos mit iTunes aufs iPhone \u00fcbertr\u00e4gt.<\/p>\n<p>1.) \u00dcbertragen Sie das Video in iTunes<\/p>\n<p>\u00d6ffnen Sie iTunes, klicken \u201eDatei\u201c \u2013 F\u00fcgen Sie eine Datei zu der Bibliothek hinzu, also das ausgew\u00e4hle Video.<\/p>\n<p>2.) Verbinden Sie das iPhone mit dem Computer<\/p>\n<p>Verbinden Sie Ihr iPhone via USB Kabel mit dem Computer. Klicken Sie das iPhone Icon in iTunes, Links sehen Sie \u201eFilmebibliothek\u201c. Klicken Sie \u201eFilme synchronisieren\u201c. Anschlie\u00dfend werden Filme und Videos in einigen Minuten aufs iPhone \u00fcbertragen.<\/p>\n<p>Mit iTunes ben\u00f6tigen Sie m\u00f6glicherweise mehrere Schritte, um Daten zu \u00fcbertragen. Warum probieren Sie nicht eine andere Methode aus, mit der Sie nur einen Klick zum \u00dcbertragen ben\u00f6tigen? Hier zeigen wir Ihnen wie es geht.<\/p>\n<p>Wenn Sie Videos direkt \u00fcbertragen m\u00f6chten sollten Sie<a href=\"http:\/\/www.tipard.de\/iphone-transfer\/\"> iPhone Transfer<\/a> verwenden. In nur einem Schritt k\u00f6nnen Sie jegliche Dateien auf Ihr iPhone SE, iPhone 6s\/6s plus\/6\/6 plus\/5s\/5\/5c\/4s\/4 \u00fcbertragen.<\/p>\n<h3>Teil 2: Videos mit einem Klick aufs iPhone \u00fcbertragen<\/h3>\n<div class=\"article-steps\"><br \/>\n<div class=\"article-step\"><div class=\"context\"><h3><span class=\"stepShield\">Schritt 1<\/span>Installieren und \u00f6ffnen Sie iPhone Transfer<\/h3> \u00d6ffnen Sie <a href=\"http:\/\/www.tipard.de\/iphone-transfer\/\">iPhone Transfer<\/a> auf dem Computer und verbinden Ihr iPhone. Ihr Ger\u00e4t wird automatisch erkannt und die L\u00f6sung zeigt eine Liste der Dateien auf der linken Seite an. <\/div><img loading=\"lazy\" decoding=\"async\" width=\"400\" height=\"269\" src=\"https:\/\/www.tipard.de\/blog\/wp-content\/uploads\/2018\/10\/schritt1.jpg\" class=\"preview\" alt=\"Installieren und \u00f6ffnen Sie iPhone Transfer\" srcset=\"https:\/\/www.tipard.de\/blog\/wp-content\/uploads\/2018\/10\/schritt1.jpg 400w, https:\/\/www.tipard.de\/blog\/wp-content\/uploads\/2018\/10\/schritt1-300x202.jpg 300w\" sizes=\"auto, (max-width: 400px) 100vw, 400px\" \/><\/div><br \/>\n<div class=\"article-step reverse\"><div class=\"context\"><h3><span class=\"stepShield\">Schritt 2<\/span>Videos aufs iPhone \u00fcbertragen<\/h3> Klicken Sie auf \u201eMedien\u201c, sodass alle Videos, die sich auf Ihrem iPhone befinden angezeigt werden. Klicken Sie \u201eHinzuf\u00fcgen\u201c und w\u00e4hlen eine oder mehrere Videodateien von Ihrem PC aus. Die Dateien werden direkt auf Ihr iPhone \u00fcbertragen. <\/div><img loading=\"lazy\" decoding=\"async\" width=\"400\" height=\"269\" src=\"https:\/\/www.tipard.de\/blog\/wp-content\/uploads\/2018\/10\/schritt2.jpg\" class=\"preview\" alt=\"Videos aufs iPhone \u00fcbertragen\" srcset=\"https:\/\/www.tipard.de\/blog\/wp-content\/uploads\/2018\/10\/schritt2.jpg 400w, https:\/\/www.tipard.de\/blog\/wp-content\/uploads\/2018\/10\/schritt2-300x202.jpg 300w\" sizes=\"auto, (max-width: 400px) 100vw, 400px\" \/><\/div><br \/>\n<\/div>\n<p>&nbsp;<\/p>\n<p>Achtung: Sie k\u00f6nnen auch \u201eOrdner hinzuf\u00fcgen\u201c dr\u00fccken, um einen Ordner mit Videos oder sonstigem hinzuzuf\u00fcgen. Au\u00dferdem k\u00f6nnen Sie auch Dateien von einem Ger\u00e4t auf ein anderes \u00fcbertragen, indem Sie beide Ger\u00e4te mit der L\u00f6sung verbinden.<\/p>\n<p>Das ist alles. Mit <a href=\"http:\/\/www.tipard.de\/iphone-transfer\/\">iPhone Transfer<\/a> ist nur ein Klick n\u00f6tig, um Ihre Dateien zu \u00fcbertragen.<\/p>\n<p>Erinnerung: Wenn Sie Videos auf Ihr iPhone \u00fcbertragen m\u00f6chten sollten Sie sicherstellen, dass die Dateien in einem iPhone kompatiblen Format sind. Wenn dies nicht der Fall ist kann <a href=\"http:\/\/www.tipard.de\/video-converter-ultimate\/\">Video Converter Ultimate<\/a> Ihnen helfen.<\/p>\n<p>&nbsp;<\/p>\n","protected":false},"excerpt":{"rendered":"<p>Teil 1: Videos mit iTunes aufs iPhone \u00fcbertragen Teil 2: Videos mit einem Klick aufs iPhone \u00fcbertragen \u201eWenn ich interessante Videos und Filme auf meinem Computer gespeichert habe, kann ich sie dann irgendwie auf mein iPhone 5 \u00fcbertragen, damit ich sie unterwegs anschauen kann? Wenn ja, wie geht das?\u201c \u2013 Eine Frage aus der Apple [&hellip;]<\/p>\n","protected":false},"author":1,"featured_media":0,"parent":0,"menu_order":0,"comment_status":"closed","ping_status":"closed","template":"","meta":{"footnotes":""},"class_list":["post-1766","page","type-page","status-publish","hentry"],"_links":{"self":[{"href":"https:\/\/www.tipard.de\/blog\/wp-json\/wp\/v2\/pages\/1766","targetHints":{"allow":["GET"]}}],"collection":[{"href":"https:\/\/www.tipard.de\/blog\/wp-json\/wp\/v2\/pages"}],"about":[{"href":"https:\/\/www.tipard.de\/blog\/wp-json\/wp\/v2\/types\/page"}],"author":[{"embeddable":true,"href":"https:\/\/www.tipard.de\/blog\/wp-json\/wp\/v2\/users\/1"}],"replies":[{"embeddable":true,"href":"https:\/\/www.tipard.de\/blog\/wp-json\/wp\/v2\/comments?post=1766"}],"version-history":[{"count":4,"href":"https:\/\/www.tipard.de\/blog\/wp-json\/wp\/v2\/pages\/1766\/revisions"}],"predecessor-version":[{"id":9293,"href":"https:\/\/www.tipard.de\/blog\/wp-json\/wp\/v2\/pages\/1766\/revisions\/9293"}],"wp:attachment":[{"href":"https:\/\/www.tipard.de\/blog\/wp-json\/wp\/v2\/media?parent=1766"}],"curies":[{"name":"wp","href":"https:\/\/api.w.org\/{rel}","templated":true}]}}