{"id":1759,"date":"2018-10-11T15:00:01","date_gmt":"2018-10-11T15:00:01","guid":{"rendered":"http:\/\/www.tipard.de\/blog\/?page_id=1759"},"modified":"2018-10-11T15:00:01","modified_gmt":"2018-10-11T15:00:01","slug":"wie-sie-kontakte-mit-leichtigkeit-bearbeiten","status":"publish","type":"page","link":"https:\/\/www.tipard.de\/blog\/wie-sie-kontakte-mit-leichtigkeit-bearbeiten\/","title":{"rendered":"Wie Sie Kontakte mit Leichtigkeit bearbeiten"},"content":{"rendered":"<p>Es ist nicht gerade einfach Kontakte an Ihrem kleinen Smartphone Display zu bearbeiten. Um Kontakte hinzuzuf\u00fcgen und zu bearbeiten sollten Sie sie zuerst auf den Computer \u00fcbertragen. Der beste Weg daf\u00fcr ist <a href=\"http:\/\/www.tipard.de\/iphone-transfer\/\">Tipard iPhone Transfer Ultimate<\/a>.<\/p>\n<h2>Wie Sie Kontakte auf dem iPhone verwalten<\/h2>\n<p>Es ist schwierig Kontakte mit all den Daten wie Email Adresse, Handynummer, Adresse und weiteren Informationen zu bearbeiten. Einige Kontakte kommen von Ihrer Mailbox, Notebook oder altem iPhone.<\/p>\n<p>Wenn Sie iPhone Kontakte schnell und einfach bearbeiten wollen k\u00f6nnen Sie entweder Gmail Kontakte mit dem iPhone synchronisieren oder zuerst ein Backup der Kontakte auf dem Computer anlegen. Anschlie\u00dfend k\u00f6nnen Sie alle Kontakte in Gmail oder auf dem Computer verwalten.<\/p>\n<h3>Effektiv iPhone Kontakte bearbeiten<\/h3>\n<p>Wenn Sie Kontakte hinzuf\u00fcgen, bearbeiten oder l\u00f6schen m\u00f6chten k\u00f6nnen Sie Ihr iPhone via USB Kabel mit dem Computer verbinden. Anschlie\u00dfend k\u00f6nnen Sie <a href=\"http:\/\/www.tipard.de\/iphone-transfer\/\">Tipard iPhone Transfer Ultimate<\/a> verwenden, um oPhone Kontakte zu verwalten.<\/p>\n<p>1.) Unterst\u00fctzt verschiedene Kontakt Formate, darunter vCard Dateien und CSV dateien.<br \/>\n2.) Starten Sie eine Vorschau der Kontakte und synchronisieren und bearbeiten Sie zur selben Zeit.<\/p>\n<h3>Wie Sie Kontakte des iPhones bearbeiten<\/h3>\n<div class=\"article-steps\"><br \/>\n<div class=\"article-step\"><div class=\"context\"><h3><span class=\"stepShield\">Schritt 1<\/span>iPhone mit dem Computer verbinden<\/h3> Wenn Sie Kontakte bearbeiten m\u00f6chten m\u00fcssen Sie Ihr iPhone mit dem ge\u00f6ffneten <a href=\"http:\/\/www.tipard.de\/iphone-transfer\/\">iPhone Transfer Ultimate<\/a> verbinden. W\u00e4hlen Sie anschlie\u00dfend Kontakte aus, um diese zu bearbeiten. <\/div><img loading=\"lazy\" decoding=\"async\" width=\"400\" height=\"268\" src=\"https:\/\/www.tipard.de\/blog\/wp-content\/uploads\/2018\/10\/step1-2.jpg\" class=\"preview\" alt=\"iPhone mit dem Computer verbinden\" srcset=\"https:\/\/www.tipard.de\/blog\/wp-content\/uploads\/2018\/10\/step1-2.jpg 400w, https:\/\/www.tipard.de\/blog\/wp-content\/uploads\/2018\/10\/step1-2-300x201.jpg 300w\" sizes=\"auto, (max-width: 400px) 100vw, 400px\" \/><\/div><br \/>\n<div class=\"article-step reverse\"><div class=\"context\"><h3><span class=\"stepShield\">Schritt 2<\/span>Kontakte hinzuf\u00fcgen<\/h3> 1.) Klicken Sie \u201cNeu\u201d, um neue Kontakte zu erstellen. Sie k\u00f6nnen alle Informationen einfach eingeben, sogar mit Sonderzeichen.<br \/>\n2.) Klicken Sie \u201eImportieren\/Exportieren\u201c, um Kontakte von Google Mail oder einer anderen Quelle in CSV oder vCard Datei hinzuzuf\u00fcgen. <\/div><img loading=\"lazy\" decoding=\"async\" width=\"400\" height=\"268\" src=\"https:\/\/www.tipard.de\/blog\/wp-content\/uploads\/2018\/10\/step2-2.jpg\" class=\"preview\" alt=\"Kontakte hinzuf\u00fcgen\" srcset=\"https:\/\/www.tipard.de\/blog\/wp-content\/uploads\/2018\/10\/step2-2.jpg 400w, https:\/\/www.tipard.de\/blog\/wp-content\/uploads\/2018\/10\/step2-2-300x201.jpg 300w\" sizes=\"auto, (max-width: 400px) 100vw, 400px\" \/><\/div><br \/>\n<div class=\"article-step\"><div class=\"context\"><h3><span class=\"stepShield\">Schritt 3<\/span>Kontakte bearbeiten<\/h3> 1.) Klicken Sie den \u201eBearbeiten\u201c Button, um Kontakt Informationen anzuzeigen oder weitere Informationen einzugeben.<br \/>\n2.) Klicken Sie den \u201eBackup\/Wiederherstellen\u201c Button, um iPhone Kontakte f\u00fcr einen sp\u00e4teren Gebrauch zu speichern.<br \/>\n3.) Klicken Sie \u201eDe-duplizieren\u201c, um duplizierte Kontakte zu entfernen, um dies nicht manuell machen zu m\u00fcssen. <\/div><img loading=\"lazy\" decoding=\"async\" width=\"400\" height=\"268\" src=\"https:\/\/www.tipard.de\/blog\/wp-content\/uploads\/2018\/10\/step3-1.jpg\" class=\"preview\" alt=\"Kontakte bearbeiten\" srcset=\"https:\/\/www.tipard.de\/blog\/wp-content\/uploads\/2018\/10\/step3-1.jpg 400w, https:\/\/www.tipard.de\/blog\/wp-content\/uploads\/2018\/10\/step3-1-300x201.jpg 300w\" sizes=\"auto, (max-width: 400px) 100vw, 400px\" \/><\/div><br \/>\n<div class=\"article-step reverse\"><div class=\"context\"><h3><span class=\"stepShield\">Schritt 4<\/span>Kontakte l\u00f6schen<\/h3> Klicken Sie den \u201eL\u00f6schen\u201c Button, um Kontakte, die Sie nicht mehr ben\u00f6tigen, zu entfernen. So k\u00f6nnen Sie ganz einfach Kontake aufr\u00e4umen. <\/div><img loading=\"lazy\" decoding=\"async\" width=\"400\" height=\"268\" src=\"https:\/\/www.tipard.de\/blog\/wp-content\/uploads\/2018\/10\/step4.jpg\" class=\"preview\" alt=\"Kontakte l\u00f6schen\" srcset=\"https:\/\/www.tipard.de\/blog\/wp-content\/uploads\/2018\/10\/step4.jpg 400w, https:\/\/www.tipard.de\/blog\/wp-content\/uploads\/2018\/10\/step4-300x201.jpg 300w\" sizes=\"auto, (max-width: 400px) 100vw, 400px\" \/><\/div><br \/>\n<\/div>\n<p>&nbsp;<\/p>\n<p>&nbsp;<\/p>\n","protected":false},"excerpt":{"rendered":"<p>Es ist nicht gerade einfach Kontakte an Ihrem kleinen Smartphone Display zu bearbeiten. Um Kontakte hinzuzuf\u00fcgen und zu bearbeiten sollten Sie sie zuerst auf den Computer \u00fcbertragen. Der beste Weg daf\u00fcr ist Tipard iPhone Transfer Ultimate. Wie Sie Kontakte auf dem iPhone verwalten Es ist schwierig Kontakte mit all den Daten wie Email Adresse, Handynummer, [&hellip;]<\/p>\n","protected":false},"author":1,"featured_media":0,"parent":0,"menu_order":0,"comment_status":"closed","ping_status":"closed","template":"","meta":{"footnotes":""},"class_list":["post-1759","page","type-page","status-publish","hentry"],"_links":{"self":[{"href":"https:\/\/www.tipard.de\/blog\/wp-json\/wp\/v2\/pages\/1759","targetHints":{"allow":["GET"]}}],"collection":[{"href":"https:\/\/www.tipard.de\/blog\/wp-json\/wp\/v2\/pages"}],"about":[{"href":"https:\/\/www.tipard.de\/blog\/wp-json\/wp\/v2\/types\/page"}],"author":[{"embeddable":true,"href":"https:\/\/www.tipard.de\/blog\/wp-json\/wp\/v2\/users\/1"}],"replies":[{"embeddable":true,"href":"https:\/\/www.tipard.de\/blog\/wp-json\/wp\/v2\/comments?post=1759"}],"version-history":[{"count":2,"href":"https:\/\/www.tipard.de\/blog\/wp-json\/wp\/v2\/pages\/1759\/revisions"}],"predecessor-version":[{"id":1765,"href":"https:\/\/www.tipard.de\/blog\/wp-json\/wp\/v2\/pages\/1759\/revisions\/1765"}],"wp:attachment":[{"href":"https:\/\/www.tipard.de\/blog\/wp-json\/wp\/v2\/media?parent=1759"}],"curies":[{"name":"wp","href":"https:\/\/api.w.org\/{rel}","templated":true}]}}