{"id":1754,"date":"2018-10-11T14:40:46","date_gmt":"2018-10-11T14:40:46","guid":{"rendered":"http:\/\/www.tipard.de\/blog\/?page_id=1754"},"modified":"2018-10-11T14:40:46","modified_gmt":"2018-10-11T14:40:46","slug":"wie-sie-google-kontakte-aufs-iphone-uebertragen","status":"publish","type":"page","link":"https:\/\/www.tipard.de\/blog\/wie-sie-google-kontakte-aufs-iphone-uebertragen\/","title":{"rendered":"Wie Sie Google Kontakte aufs iPhone \u00fcbertragen"},"content":{"rendered":"<p>Wenn Sie ein neues iPhone haben k\u00f6nnen Sie Google Kontakte zu Ihren iPhone Kontakten hinzuf\u00fcgen. Google Kontakte auf Ihr iPhone zu \u00fcbertragen erweist sich jedoch als ziemlich schwierig. Mit Tipard iPhone ransfer Ultimate ist diese Aufgabe jedoch wesentlich erleichtert.<\/p>\n<p>Wenn Sie Google Kontakte auf dem iPhone brauchen m\u00fcssen Sie die Kontakte mit Google Drive, Google Kalender oder sogar Google+ \u00fcbertragen.<\/p>\n<p>1.) Um Kontakte von Gmail, Google Kontakte oder Google Kalender zu \u00fcbertragen k\u00f6nnen Sie CardDAV verwenden, um Gmail Kontakte aufs iPhone zu synchronisieren.<br \/>\n2.) F\u00fcr Kontakte von Google+ oder Kontakte von anderen Google Apps m\u00fcssen Sie die Kontakte in CSV oder vCard \u00fcbertragen.<\/p>\n<h2>Google Kontakte in CSV\/vCard\u00a0 aufs iPhone exportieren<\/h2>\n<p>F\u00fcr gew\u00f6hnlich warden Kontakte in CSV, vCard, HTML oder einem anderen Format gespeichert. Wenn Sie Kontakte aufs iPhone \u00fcbertragen m\u00f6chten, m\u00fcssen Sie die Dateien als CSV oder vCard Datei speichern. Anschlie\u00dfend k\u00f6nnen Sie <a href=\"http:\/\/www.tipard.de\/iphone-transfer\/\">Tipard iPhone Transfer Ultimate<\/a> verwenden, um die Kontakte mit Leichtigkeit zu \u00fcbertragen.<\/p>\n<h3><img loading=\"lazy\" decoding=\"async\" class=\"size-full wp-image-1755 aligncenter\" src=\"http:\/\/www.tipard.de\/blog\/wp-content\/uploads\/2018\/10\/Google1.jpg\" alt=\"\" width=\"600\" height=\"322\" srcset=\"https:\/\/www.tipard.de\/blog\/wp-content\/uploads\/2018\/10\/Google1.jpg 600w, https:\/\/www.tipard.de\/blog\/wp-content\/uploads\/2018\/10\/Google1-300x161.jpg 300w\" sizes=\"auto, (max-width: 600px) 100vw, 600px\" \/>Wie Sie Google Kontakte mit <a href=\"http:\/\/www.tipard.de\/iphone-transfer\/\">Tipard iPhone Transfer Ultimate<\/a> aufs iPhone importieren<\/h3>\n<h5>Exportieren Sie Gmail, Kontakte, Kalender Kontakte<\/h5>\n<p>1.) Loggen Sie sich in Ihrem Gmail Account ein und w\u00e4hlen Kontakte.<br \/>\n2.) Navigieren Sie zum folgenden Schritt: Mehr &gt; Kontakte exportieren.<\/p>\n<h5>Exportieren Sie Google+ Kontakte<\/h5>\n<p>1.) Gehen Sie zu Google+ und w\u00e4hlen Einstellungen.<br \/>\n2.) W\u00e4hlen Sie Daten Freiheit des Accounts aus.<br \/>\n3.) Klicken Sie Kreise und Kontakte herunterladen.<br \/>\n4.) Klicken Sie konfigurieren und downloaden die Google Kontakte.<\/p>\n<div class=\"article-steps\"><br \/>\n<div class=\"article-step\"><div class=\"context\"><h3><span class=\"stepShield\">Schritt 1<\/span>Verbinden Sie Ihr iPhone mit der ge\u00f6ffneten L\u00f6sung<\/h3> Downloaden und installieren Sie die neueste Version von Tipard iPhone Transfer Ultimate. Verbinden Sie anschlie\u00dfend Ihr Ger\u00e4t mit der L\u00f6sung. <\/div><img loading=\"lazy\" decoding=\"async\" width=\"400\" height=\"268\" src=\"https:\/\/www.tipard.de\/blog\/wp-content\/uploads\/2018\/10\/step1-1.jpg\" class=\"preview\" alt=\"Verbinden Sie Ihr iPhone mit der ge\u00f6ffneten L\u00f6sung\" srcset=\"https:\/\/www.tipard.de\/blog\/wp-content\/uploads\/2018\/10\/step1-1.jpg 400w, https:\/\/www.tipard.de\/blog\/wp-content\/uploads\/2018\/10\/step1-1-300x201.jpg 300w\" sizes=\"auto, (max-width: 400px) 100vw, 400px\" \/><\/div><br \/>\n<div class=\"article-step reverse\"><div class=\"context\"><h3><span class=\"stepShield\">Schritt 2<\/span>Importieren Sie Google Kontakte aufs iPhone<\/h3> W\u00e4hlen Sie die Kontakte Option aus und klicken \u201eImportieren\/Exportieren\u201c und anschlie\u00dfend \u201eKontakte importieren\u201c. Sie k\u00f6nnen die Google Kontakte entweder als CSV oder vCard Dateien importieren. <\/div><img loading=\"lazy\" decoding=\"async\" width=\"400\" height=\"268\" src=\"https:\/\/www.tipard.de\/blog\/wp-content\/uploads\/2018\/10\/step2-1.jpg\" class=\"preview\" alt=\"Importieren Sie Google Kontakte aufs iPhone\" srcset=\"https:\/\/www.tipard.de\/blog\/wp-content\/uploads\/2018\/10\/step2-1.jpg 400w, https:\/\/www.tipard.de\/blog\/wp-content\/uploads\/2018\/10\/step2-1-300x201.jpg 300w\" sizes=\"auto, (max-width: 400px) 100vw, 400px\" \/><\/div><br \/>\n<\/div>\n<h5>Importieren Sie Mail, Kontakte, Kalender Kontakte von Google zum iPhone<\/h5>\n<p>1.) Dr\u00fccken Sie Einstellungen auf Ihrem Ger\u00e4t.<br \/>\n2.) Lokalisieren Sie \u201eMail, Kontakte, Kalender\u201c.<br \/>\n3.) Dr\u00fccken Sie Account hinzuf\u00fcgen.<br \/>\n4.) F\u00fcgen Sie einen CardDAV Account wie folgt hinzu:<\/p>\n<p>Name: Ihr Name<\/p>\n<p>User Name: Google Account oder Google Email Adresse<\/p>\n<p>Passwort: Google Passwort<\/p>\n<p>Beschreibung: Eine Beschreibung des Accounts<\/p>\n<p>5.) Google Kontakte werden jetzt automatisch mit dem iPhone synchronisiert.<\/p>\n<p>&nbsp;<\/p>\n<p>&nbsp;<\/p>\n<p>&nbsp;<\/p>\n","protected":false},"excerpt":{"rendered":"<p>Wenn Sie ein neues iPhone haben k\u00f6nnen Sie Google Kontakte zu Ihren iPhone Kontakten hinzuf\u00fcgen. Google Kontakte auf Ihr iPhone zu \u00fcbertragen erweist sich jedoch als ziemlich schwierig. Mit Tipard iPhone ransfer Ultimate ist diese Aufgabe jedoch wesentlich erleichtert. Wenn Sie Google Kontakte auf dem iPhone brauchen m\u00fcssen Sie die Kontakte mit Google Drive, Google [&hellip;]<\/p>\n","protected":false},"author":1,"featured_media":0,"parent":0,"menu_order":0,"comment_status":"closed","ping_status":"closed","template":"","meta":{"footnotes":""},"class_list":["post-1754","page","type-page","status-publish","hentry"],"_links":{"self":[{"href":"https:\/\/www.tipard.de\/blog\/wp-json\/wp\/v2\/pages\/1754","targetHints":{"allow":["GET"]}}],"collection":[{"href":"https:\/\/www.tipard.de\/blog\/wp-json\/wp\/v2\/pages"}],"about":[{"href":"https:\/\/www.tipard.de\/blog\/wp-json\/wp\/v2\/types\/page"}],"author":[{"embeddable":true,"href":"https:\/\/www.tipard.de\/blog\/wp-json\/wp\/v2\/users\/1"}],"replies":[{"embeddable":true,"href":"https:\/\/www.tipard.de\/blog\/wp-json\/wp\/v2\/comments?post=1754"}],"version-history":[{"count":1,"href":"https:\/\/www.tipard.de\/blog\/wp-json\/wp\/v2\/pages\/1754\/revisions"}],"predecessor-version":[{"id":1758,"href":"https:\/\/www.tipard.de\/blog\/wp-json\/wp\/v2\/pages\/1754\/revisions\/1758"}],"wp:attachment":[{"href":"https:\/\/www.tipard.de\/blog\/wp-json\/wp\/v2\/media?parent=1754"}],"curies":[{"name":"wp","href":"https:\/\/api.w.org\/{rel}","templated":true}]}}