{"id":1744,"date":"2018-10-11T14:14:00","date_gmt":"2018-10-11T14:14:00","guid":{"rendered":"http:\/\/www.tipard.de\/blog\/?page_id=1744"},"modified":"2018-10-11T14:14:00","modified_gmt":"2018-10-11T14:14:00","slug":"wie-sie-ihre-itunes-bibliothek-auf-einen-anderen-computer-uebertragen","status":"publish","type":"page","link":"https:\/\/www.tipard.de\/blog\/wie-sie-ihre-itunes-bibliothek-auf-einen-anderen-computer-uebertragen\/","title":{"rendered":"Wie Sie Ihre iTunes Bibliothek auf einen anderen Computer \u00fcbertragen"},"content":{"rendered":"<h2>iTunes Bibliothek auf einen anderen Computer \u00fcbertragen<\/h2>\n<p>Wenn Ihre iTunes Bibliothek zu gro\u00df f\u00fcr Ihren Mac wird wird es Zeit, Ihre Bibliothek auf einen neuen PC oder externe Festplatte zu \u00fcbertragen. Es erweist sich als schwierig eine solch riesige Datenmenge auf ein anderes Ger\u00e4t zu \u00fcbertragen. Tipard iPhone Data Recovery ist das Tool, was Ihnen den Vorgang vereinfacht und Ihre iTunes Biliothek mit einem anderen Computer synchronisiert.<\/p>\n<h3>Wie Sie die iTunes Bibliothek auf einen neuen Computer kopieren<\/h3>\n<p>1.) iTunes Bibliothek Dateien zusammenf\u00fchren<\/p>\n<p>Wenn Sie Ihre Bibliothek \u00fcbertragen m\u00f6chten sollten Sie sicherstellen, dass alle iTunes Dateien verf\u00fcgbar sind. W\u00e4hlen Sie iTunes Pr\u00e4ferenzen &gt; Erweitert &gt; Dateien in den Medien Ordner kopieren, wenn sie der Bibliothek hinzugef\u00fcgt werden.<\/p>\n<p>2.) Kopieren Sie iTunes auf einen externen Treiber<\/p>\n<p>Schlie\u00dfen Sie iTunes und verbinden Sie einen externen Treiber, um die iTunes Bibliothek zu synchronisieren. Lokalisieren Sie den iTunes Ordner und suchen nach dem Musikordner.<\/p>\n<p>3.) Stellen Sie iTunes Bibliothek Backup Dateien wieder her<\/p>\n<p>Es wird empfohlen iTunes zu beenden und den iTunes Ordner an gew\u00fcnschter Stelle zu speichern. \u00d6ffnen Sie iTunes und klicken Bibliothek ausw\u00e4hlen, um Ihre iTunes Dateien zu erhalten.<\/p>\n<p>Wenn Sie Ihre iTunes Bibliothek auf verschiedene Ger\u00e4te \u00fcbertragen m\u00fcssen k\u00f6nnen Sie einfach den obigen Schritten folgen. Doch was ist, wenn iTunes nicht will, wie Sie wollen? Was, wenn Sie eine gro\u00dfe Menge an Daten \u00fcbertragen m\u00f6chten, aber es nicht funktioniert?<\/p>\n<h2>Wie Sie Ihre iTunes Bibliothek mit <a href=\"http:\/\/www.tipard.de\/iphone-data-recovery\/\">Tipard iPhone Data Recovery<\/a> \u00fcbertragen<\/h2>\n<p>Wenn Sie nach einem einfachen Weg suchen, mit dem Sie keine besonderen technischen Vorkenntnisse ben\u00f6tigen, um Ihre Daten zu \u00fcbertragen, sollten Sie sich die Probeversion von <a href=\"http:\/\/www.tipard.de\/iphone-data-recovery\/\">Tipard iPhone Data Recovery<\/a> herunterladen. Sie k\u00f6nnen Ihre gesamte iTunes Bibliothek oder einzelne Dateien zum Verschieben ausw\u00e4hlen.<\/p>\n<h3>Wie Sie iTunes Bibliothek Dateien mit Tipard iPhone Data Recovery \u00fcbertragen<\/h3>\n<div class=\"article-steps\"><br \/>\n<div class=\"article-step\"><div class=\"context\"><h3><span class=\"stepShield\">Schritt 1<\/span>Verbinden Sie das Ger\u00e4t mit der L\u00f6sung<\/h3> Nachdem Sie die neueste Version von Tipard iPhone Data Recovery heruntergeladen haben, k\u00f6nnen Sie die L\u00f6sung \u00f6ffnen, um Ihre iTunes Dateien zu \u00fcbertragen. <\/div><img loading=\"lazy\" decoding=\"async\" width=\"400\" height=\"258\" src=\"https:\/\/www.tipard.de\/blog\/wp-content\/uploads\/2018\/10\/tipard1.jpg\" class=\"preview\" alt=\"Verbinden Sie das Ger\u00e4t mit der L\u00f6sung\" srcset=\"https:\/\/www.tipard.de\/blog\/wp-content\/uploads\/2018\/10\/tipard1.jpg 400w, https:\/\/www.tipard.de\/blog\/wp-content\/uploads\/2018\/10\/tipard1-300x194.jpg 300w\" sizes=\"auto, (max-width: 400px) 100vw, 400px\" \/><\/div><br \/>\n<div class=\"article-step reverse\"><div class=\"context\"><h3><span class=\"stepShield\">Schritt 2<\/span>W\u00e4hlen Sie iTunes Backup Dateien aus<\/h3> Wenn Sie die iTunes Backup Dateien scannen erhalten Sie schnell die gew\u00fcnschten Dateien. Anschlie\u00dfend k\u00f6nnen Sie ausw\u00e4hlen, welche Daten Sie brauchen. <\/div><img loading=\"lazy\" decoding=\"async\" width=\"400\" height=\"258\" src=\"https:\/\/www.tipard.de\/blog\/wp-content\/uploads\/2018\/10\/tipard2.jpg\" class=\"preview\" alt=\"W\u00e4hlen Sie iTunes Backup Dateien aus\" srcset=\"https:\/\/www.tipard.de\/blog\/wp-content\/uploads\/2018\/10\/tipard2.jpg 400w, https:\/\/www.tipard.de\/blog\/wp-content\/uploads\/2018\/10\/tipard2-300x194.jpg 300w\" sizes=\"auto, (max-width: 400px) 100vw, 400px\" \/><\/div><br \/>\n<div class=\"article-step\"><div class=\"context\"><h3><span class=\"stepShield\">Schritt 3<\/span>\u00dcbertragen Sie die iTunes Biblothek auf den Computer<\/h3> Sie k\u00f6nnen eine Vorschau der iTunes Dateien starten und anschlie\u00dfend die ausw\u00e4hlen, die Sie ben\u00f6tigen. <\/div><img loading=\"lazy\" decoding=\"async\" width=\"400\" height=\"258\" src=\"https:\/\/www.tipard.de\/blog\/wp-content\/uploads\/2018\/10\/tipard3.jpg\" class=\"preview\" alt=\"\u00dcbertragen Sie die iTunes Biblothek auf den Computer\" srcset=\"https:\/\/www.tipard.de\/blog\/wp-content\/uploads\/2018\/10\/tipard3.jpg 400w, https:\/\/www.tipard.de\/blog\/wp-content\/uploads\/2018\/10\/tipard3-300x194.jpg 300w\" sizes=\"auto, (max-width: 400px) 100vw, 400px\" \/><\/div><br \/>\n<\/div>\n<p>&nbsp;<\/p>\n","protected":false},"excerpt":{"rendered":"<p>iTunes Bibliothek auf einen anderen Computer \u00fcbertragen Wenn Ihre iTunes Bibliothek zu gro\u00df f\u00fcr Ihren Mac wird wird es Zeit, Ihre Bibliothek auf einen neuen PC oder externe Festplatte zu \u00fcbertragen. Es erweist sich als schwierig eine solch riesige Datenmenge auf ein anderes Ger\u00e4t zu \u00fcbertragen. Tipard iPhone Data Recovery ist das Tool, was Ihnen [&hellip;]<\/p>\n","protected":false},"author":1,"featured_media":0,"parent":0,"menu_order":0,"comment_status":"closed","ping_status":"closed","template":"","meta":{"footnotes":""},"class_list":["post-1744","page","type-page","status-publish","hentry"],"_links":{"self":[{"href":"https:\/\/www.tipard.de\/blog\/wp-json\/wp\/v2\/pages\/1744","targetHints":{"allow":["GET"]}}],"collection":[{"href":"https:\/\/www.tipard.de\/blog\/wp-json\/wp\/v2\/pages"}],"about":[{"href":"https:\/\/www.tipard.de\/blog\/wp-json\/wp\/v2\/types\/page"}],"author":[{"embeddable":true,"href":"https:\/\/www.tipard.de\/blog\/wp-json\/wp\/v2\/users\/1"}],"replies":[{"embeddable":true,"href":"https:\/\/www.tipard.de\/blog\/wp-json\/wp\/v2\/comments?post=1744"}],"version-history":[{"count":1,"href":"https:\/\/www.tipard.de\/blog\/wp-json\/wp\/v2\/pages\/1744\/revisions"}],"predecessor-version":[{"id":1748,"href":"https:\/\/www.tipard.de\/blog\/wp-json\/wp\/v2\/pages\/1744\/revisions\/1748"}],"wp:attachment":[{"href":"https:\/\/www.tipard.de\/blog\/wp-json\/wp\/v2\/media?parent=1744"}],"curies":[{"name":"wp","href":"https:\/\/api.w.org\/{rel}","templated":true}]}}