{"id":1714,"date":"2018-09-23T08:45:02","date_gmt":"2018-09-23T08:45:02","guid":{"rendered":"http:\/\/www.tipard.de\/blog\/?page_id=1714"},"modified":"2018-09-23T08:45:02","modified_gmt":"2018-09-23T08:45:02","slug":"screencast-o-matic-review-und-die-besten-alternativen","status":"publish","type":"page","link":"https:\/\/www.tipard.de\/blog\/screencast-o-matic-review-und-die-besten-alternativen\/","title":{"rendered":"Screencast-O-Matic Review und die besten Alternativen"},"content":{"rendered":"<p>Screencast-O-Matic ist ein bekanntes Bildschirmaufnahme-Programm, welches von vielen Bloggern f\u00fcr eLearning verwendet wird. Da es als Erweiterung des Browsers verwendet wird spielt es keine Rolle, welches Betriebssystem Sie benutzen, das Programm l\u00e4uft auf Windows und Mac OS. Die Aufnahmen k\u00f6nnen direkt von der Screen-O-Matic Website online mit Freunden geteilt werden, weshalb es praktischer ist als \u00fcbliche Desktop Programme. Es k\u00f6nnen auch durch ein paar Klicks auf der Website Screenshots erstellt werden. F\u00fcr den Fall einer schlechten Verbindung kommt es auch mit einer Desktop-Anwendung daher, mit dieser k\u00f6nnen Sie auch ohne Internet Screenshots erstellen. Dieser Artikel pr\u00e4sentiert und beurteilt die besten Alternativen.<\/p>\n<p><strong><img loading=\"lazy\" decoding=\"async\" class=\"size-full wp-image-1718 aligncenter\" src=\"http:\/\/www.tipard.de\/blog\/wp-content\/uploads\/2018\/09\/screencast-o-matic.jpg\" alt=\"\" width=\"600\" height=\"338\" srcset=\"https:\/\/www.tipard.de\/blog\/wp-content\/uploads\/2018\/09\/screencast-o-matic.jpg 600w, https:\/\/www.tipard.de\/blog\/wp-content\/uploads\/2018\/09\/screencast-o-matic-300x169.jpg 300w\" sizes=\"auto, (max-width: 600px) 100vw, 600px\" \/>\u00a0<\/strong><\/p>\n<h2>Screencast-O-Matic Review<\/h2>\n<p>Im Folgenden stellen wir die Pros und Cons des Programmes vor.<\/p>\n<h3>Vorteile<\/h3>\n<p><strong>1.) <\/strong>Es bietet einen Onlinedienst und eine Desktop-Anwendung mit denen Sie f\u00fcr jede Situation gewappnet sind.<br \/>\n<strong>2.)<\/strong> Der Screenshot-Prozess ist schnell und einfach.<br \/>\n<strong>3.)\u00a0<\/strong>Tastenkombinationen werden unterst\u00fctzt, um die Bedienung schneller zu gestalten.<br \/>\n<strong>4.)\u00a0<\/strong>Die Dateien k\u00f6nnen direkt online geteilt werden.<br \/>\n<strong>5.)<\/strong> Die Aufnahmen k\u00f6nnen in diversen Formaten wie MP4, AVI, FLV und selbst als GIF gespeichert werden.<br \/>\n<strong>6.)<\/strong> Jedem Nutzer wird ein Cloudservice zur Verf\u00fcgung gestellt, auf dem die Aufnahmen gespeichert werden k\u00f6nnen.<\/p>\n<p><strong>\u00a0<\/strong><\/p>\n<h3>Nachteile<\/h3>\n<p><strong>1.)\u00a0<\/strong>F\u00fcr Nutzer mit schlechter Internetverbindung ist es sehr unangenehm die Website f\u00fcr Bildschirmaufnahmen zu benutzen.<br \/>\n<strong>2.)\u00a0<\/strong>Bei Aufnahme eines Screenshots wird ein gelber Kreis um den Mauszeiger gezogen. Der Kreis kann n\u00fctzlich sein, um den Mauszeiger ausfindig zu machen aber die Option ihn auszuschalten gibt es nicht.<br \/>\n<strong>3.)\u00a0<\/strong>Anders als Andere Screenshot Programme gibt es nicht die Option der vollst\u00e4ndigen Bildschirmaufnahme.<br \/>\n<strong>4.)\u00a0<\/strong>Es gibt zwar eine kostenlose Version mit ein paar Einschr\u00e4nkungen, aber um alle Funktionen nutzen zu k\u00f6nnen m\u00fcssen Sie die Pro-Version kaufen.<\/p>\n<h2><strong>Die besten Alternativen<\/strong><\/h2>\n<p><img loading=\"lazy\" decoding=\"async\" class=\"size-full wp-image-1720 aligncenter\" src=\"http:\/\/www.tipard.de\/blog\/wp-content\/uploads\/2018\/09\/tp-screen-capture-6.jpg\" alt=\"\" width=\"600\" height=\"319\" srcset=\"https:\/\/www.tipard.de\/blog\/wp-content\/uploads\/2018\/09\/tp-screen-capture-6.jpg 600w, https:\/\/www.tipard.de\/blog\/wp-content\/uploads\/2018\/09\/tp-screen-capture-6-300x160.jpg 300w\" sizes=\"auto, (max-width: 600px) 100vw, 600px\" \/><\/p>\n<h3><a href=\"http:\/\/www.tipard.de\/screen-capture\/\"> Tipard Screen Capture<\/a><\/h3>\n<p><a href=\"http:\/\/www.tipard.de\/screen-capture\/\">Tipard Screen Capture<\/a> ist die beste Desktop Alternative f\u00fcr Screencast-O-Matic. Das Beste daran ist die hohe Aufnahmequalit\u00e4t. Aufgrund des integrieren Algorithmus, m\u00fcssen Sie sich keine Sorge \u00fcber verschwommene Bilder oder Aussetzer der Aufnahme wie bei anderen Programmen machen. <a href=\"http:\/\/www.tipard.de\/screen-capture\/\">Screen Capture<\/a> beinhaltet weitere n\u00fctzliche Funktionen:<\/p>\n<p><strong>1.)\u00a0<\/strong>Es besteht die M\u00f6glichkeit der kompletten Bildschirmaufnahme aber auch individuell festgelegten Gr\u00f6\u00dfen.<br \/>\n<strong>2.)\u00a0<\/strong>Nutzer k\u00f6nne Audio und Video gleichzeitig aufnehmen und das mit 100% original Qualit\u00e4t .<br \/>\n<strong>3.)\u00a0<\/strong>Die Option der Aufnahmel\u00e4nge ist sehr n\u00fctzlich um Screen Capture alleine arbeiten zu lassen. Die Aufnahme wird nach der von Ihnen eingegebene L\u00e4nge angehalten.<br \/>\n<strong>4.)\u00a0<\/strong>Mit diesem Programm k\u00f6nnen Sie die Aufnahme vor dem Speichern, in der Preview ansehen.<br \/>\n<strong>5.)\u00a0<\/strong>Die meisten Windows-Versionen werden unterst\u00fctzt, Windows 10 eingeschlossen.<br \/>\n<strong>6.)\u00a0<\/strong>Diese Alternative zu Screencast-O-Matic erlaubt es au\u00dferdem die Aufnahmen in 4K und HD zu speichern.<\/p>\n<p><strong>\u00a0<img loading=\"lazy\" decoding=\"async\" class=\"size-full wp-image-1717 aligncenter\" src=\"http:\/\/www.tipard.de\/blog\/wp-content\/uploads\/2018\/09\/flash-media-live-encoder.jpg\" alt=\"\" width=\"600\" height=\"450\" srcset=\"https:\/\/www.tipard.de\/blog\/wp-content\/uploads\/2018\/09\/flash-media-live-encoder.jpg 600w, https:\/\/www.tipard.de\/blog\/wp-content\/uploads\/2018\/09\/flash-media-live-encoder-300x225.jpg 300w\" sizes=\"auto, (max-width: 600px) 100vw, 600px\" \/><\/strong><\/p>\n<h3>Flash Media Live Encoder<\/h3>\n<p>Flash Media Live Encoder ist ein Programm aus dem Hause Adobe aber anders als Photoshop und FLME ist es kostenlos. Mit dem Programm k\u00f6nnen die Aufnahmen live an Flash Video Streaming Services gestreamt werden. Diese Screencast-O-Matic Alternative eignet sich daher hervorragend um jedes live Event wie Konzerte, Sportveranstaltungen, Spiele und vieles mehr zu streamen und aufzunehmen.<\/p>\n<p>Die Grundfunktionen des Flash Media Live Encoder beinhalten:<\/p>\n<p>&nbsp;<\/p>\n<p><strong>1.)\u00a0<\/strong>Es ist ein plattform\u00fcbergreifendes Programm und somit erh\u00e4ltlich f\u00fcr Windows und Mac OS.<br \/>\n<strong>2.)\u00a0<\/strong>FMLE unterst\u00fctzt eine gro\u00dfe Anzahl an Input Ger\u00e4ten, wie zum Beispiel Webcams, FireWire, Bildschirm und USB Ger\u00e4te.<br \/>\n<strong>3.)\u00a0<\/strong>Das Interface ist pr\u00e4zise, was das navigieren innerhalb des Programmes f\u00fcr jeden zug\u00e4nglich macht.<br \/>\n<strong>4.)\u00a0<\/strong>Im Vergleich zu anderen Programmen dieser Art, bietet FMLE mehr Einstellungen bez\u00fcglich Video und Audio, so auch Format, Kanal, Sample Rate und andere Parameter.<br \/>\n<strong>5.)\u00a0<\/strong>Nach der Aufnahme erlaubt es diese Screencast-O-Matic Anwendung die Dateien zu verschl\u00fcsseln und direkt im Programm hochladen.<\/p>\n<h3><img loading=\"lazy\" decoding=\"async\" class=\"size-full wp-image-1715 aligncenter\" src=\"http:\/\/www.tipard.de\/blog\/wp-content\/uploads\/2018\/09\/camtasia-studio.jpg\" alt=\"\" width=\"600\" height=\"339\" srcset=\"https:\/\/www.tipard.de\/blog\/wp-content\/uploads\/2018\/09\/camtasia-studio.jpg 600w, https:\/\/www.tipard.de\/blog\/wp-content\/uploads\/2018\/09\/camtasia-studio-300x170.jpg 300w\" sizes=\"auto, (max-width: 600px) 100vw, 600px\" \/><\/h3>\n<h3>Camtasia Studio<\/h3>\n<p>Camtasia Studio ist eine Zusammenstellung von Bildschirmaufnahme-Programmen, einschlie\u00dflich Camtasia Recorder, Camtasia Editor, Camtasia Theater, Camtasia MenuMaker und Camtasia Player. Im Vergleich zu simpleren Screenshot Programmen, bietet diese Screencast-O-Matic Alternative dem Nutzer mehr Kontrolle beim Aufnehmen und bearbeiten von Videos. Der gr\u00f6\u00dfte Vorteil von Camtasia Studio, ist der integrierte Video Editor, welcher es erlaubt die Aufnahmen im Nachhinein aufzuwerten.<\/p>\n<p>Weitere Grundfunktionen sind:<\/p>\n<p>&nbsp;<\/p>\n<p><strong>1.)\u00a0<\/strong>Die Dateien werden, laut Herstellerangabe, in bester Qualit\u00e4t gespeichert.<br \/>\n<strong>2.)\u00a0<\/strong>Die Benutzeroberfl\u00e4che ist sehr Anf\u00e4ngerfreundlich.<br \/>\n<strong>3.)<\/strong> Tastenkombinationen zur Steuerung der Aufnahmen sind integriert.<br \/>\n<strong>4.)<\/strong> Es ist kompatibel mit Windows und Mac OS.<br \/>\n<strong>5.)<\/strong> Nach der Aufnahme l\u00e4sst sich die Datei mit Camtasia Studio in Google Drive hochladen oder direkt auf YouTube teilen.<\/p>\n<h3><img loading=\"lazy\" decoding=\"async\" class=\"size-full wp-image-1716 aligncenter\" src=\"http:\/\/www.tipard.de\/blog\/wp-content\/uploads\/2018\/09\/capture-fox.jpg\" alt=\"\" width=\"600\" height=\"339\" srcset=\"https:\/\/www.tipard.de\/blog\/wp-content\/uploads\/2018\/09\/capture-fox.jpg 600w, https:\/\/www.tipard.de\/blog\/wp-content\/uploads\/2018\/09\/capture-fox-300x170.jpg 300w\" sizes=\"auto, (max-width: 600px) 100vw, 600px\" \/><\/h3>\n<h3>Capture Fox<\/h3>\n<p>Capture Fox ist zwar ein FireFox Add-on aber dennoch eine der besten Alternativen f\u00fcr Screencast-O-Matic. Firefox Nutzer k\u00f6nnen es ganz einfach und kostenlos von der Mozilla Add-on Seite herunterladen und sind damit im Besitz aller n\u00f6tigen Funktionen, die ein Bildschirmaufnahme-Programm haben sollte.<\/p>\n<p>Die Grundfunktionen von Capture Fox bieten:<\/p>\n<p>&nbsp;<\/p>\n<p><strong>1.)\u00a0<\/strong>Da es sich um eine Firefox Erweiterung handelt, m\u00fcssen Nutzer keine Drittanbieter Software installieren.<br \/>\n<strong>2.)\u00a0<\/strong>Es ist ein plattform\u00fcbergreifendes Programm und verf\u00fcgbar auf allen Systemen die Firefox unterst\u00fctzen.<br \/>\n<strong>3.)\u00a0<\/strong>Capture Fox kommt mit mehreren Aufnahme\u00a0Modi daher, darunter Fulllscreen, Firefox Fenster und Browser Region.<br \/>\n<strong>4.)\u00a0<\/strong>Bei der Aufnahmequalit\u00e4t kann zwischen niedrig, mittel und hoch ausgew\u00e4hlt werden.<br \/>\n<strong>5.)\u00a0<\/strong>Die Aufnahmen werden als AVI Dateien gespeichert.<br \/>\n<strong>6.) <\/strong>Capture Fox hat auch die F\u00e4higkeit Audio aufzunehmen und als WAV oder MP3 zu speichern.<\/p>\n<p><strong>\u00a0<img loading=\"lazy\" decoding=\"async\" class=\"size-full wp-image-1719 aligncenter\" src=\"http:\/\/www.tipard.de\/blog\/wp-content\/uploads\/2018\/09\/taksi.jpg\" alt=\"\" width=\"600\" height=\"368\" srcset=\"https:\/\/www.tipard.de\/blog\/wp-content\/uploads\/2018\/09\/taksi.jpg 600w, https:\/\/www.tipard.de\/blog\/wp-content\/uploads\/2018\/09\/taksi-300x184.jpg 300w\" sizes=\"auto, (max-width: 600px) 100vw, 600px\" \/><\/strong><\/p>\n<h3>Taksi<\/h3>\n<p><strong>\u00a0<\/strong>Taksi ist eine der einfachsten Programme dieser Art, was einer der Gr\u00fcnde ist, aus denen in dieser Liste Erw\u00e4hnung findet. Die Oberfl\u00e4che ist zwar nicht besonders sch\u00f6n, aber nichtsdestotrotz ist es ein eine gute Screencast-O-Matic Alternative.<\/p>\n<p>Die eindrucksvollen Funktionen sind:<\/p>\n<p>&nbsp;<\/p>\n<p><strong>1.)\u00a0<\/strong>Es handelt sich um eine Open Source Anwendung und steht somit jedem kostenlos zum download zur verf\u00fcgung.<br \/>\n<strong>2.)\u00a0<\/strong>Um die Aufnahme mit Taksi zu starten Bedarf es nur weniger Klicks.<br \/>\n<strong>3.)<\/strong> Die wichtigste der Funktionen ist es animierte 3D Spiele und Anwendungen aufzunehmen.<br \/>\n<strong>4.)\u00a0<\/strong>Diese Alternative kann Videos als AVI und Standbilder als PNG sichern.<br \/>\n<strong>5.)\u00a0<\/strong>W\u00e4hrend der Aufnahme kann diese durch Tastenk\u00fcrzel kontrolliert werden.<br \/>\n<strong>6.)<\/strong> Es gibt eine zugeh\u00f6rige Entwickler-Gemeinschaft, welche Tutorials erstellt und zur Beantwortung von Fragen zur Verf\u00fcgung steht.<\/p>\n<p>&nbsp;<\/p>\n<h2>Fazit<\/h2>\n<p>Aufgrund der Einleitung mag der Eindruck entstehen, dass Screencast-O-Matic kein perfektes Programm zur Aufnahme von Bildschirminhalten f\u00fcr Sie ist, daher k\u00f6nnen Sie gerne eine der in diesem Artikel aufgelisteten Alternativen w\u00e4hlen. Flash Media Encoder ist das beste Programm um Screenshots anzufertigen und zu streamen w\u00e4hrend Camtasia Studio eine vielseitigere Screenshot Anwendung ist. Capture Fox ist eine der besten Erweiterungen f\u00fcr Firefox, um Aufnahmen des Bildschirms zu machen und Taksi ist die beste Wahl, wenn es darum geht 3D Animationen und Spiele aufzunehmen. Tipard Screen Capture ist die L\u00f6sung wenn Sie hochqualitative Bildschirmaufnahmen anfertigen m\u00f6chten.<\/p>\n","protected":false},"excerpt":{"rendered":"<p>Screencast-O-Matic ist ein bekanntes Bildschirmaufnahme-Programm, welches von vielen Bloggern f\u00fcr eLearning verwendet wird. Da es als Erweiterung des Browsers verwendet wird spielt es keine Rolle, welches Betriebssystem Sie benutzen, das Programm l\u00e4uft auf Windows und Mac OS. Die Aufnahmen k\u00f6nnen direkt von der Screen-O-Matic Website online mit Freunden geteilt werden, weshalb es praktischer ist als [&hellip;]<\/p>\n","protected":false},"author":1,"featured_media":0,"parent":0,"menu_order":0,"comment_status":"closed","ping_status":"closed","template":"","meta":{"footnotes":""},"class_list":["post-1714","page","type-page","status-publish","hentry"],"_links":{"self":[{"href":"https:\/\/www.tipard.de\/blog\/wp-json\/wp\/v2\/pages\/1714","targetHints":{"allow":["GET"]}}],"collection":[{"href":"https:\/\/www.tipard.de\/blog\/wp-json\/wp\/v2\/pages"}],"about":[{"href":"https:\/\/www.tipard.de\/blog\/wp-json\/wp\/v2\/types\/page"}],"author":[{"embeddable":true,"href":"https:\/\/www.tipard.de\/blog\/wp-json\/wp\/v2\/users\/1"}],"replies":[{"embeddable":true,"href":"https:\/\/www.tipard.de\/blog\/wp-json\/wp\/v2\/comments?post=1714"}],"version-history":[{"count":1,"href":"https:\/\/www.tipard.de\/blog\/wp-json\/wp\/v2\/pages\/1714\/revisions"}],"predecessor-version":[{"id":1721,"href":"https:\/\/www.tipard.de\/blog\/wp-json\/wp\/v2\/pages\/1714\/revisions\/1721"}],"wp:attachment":[{"href":"https:\/\/www.tipard.de\/blog\/wp-json\/wp\/v2\/media?parent=1714"}],"curies":[{"name":"wp","href":"https:\/\/api.w.org\/{rel}","templated":true}]}}