{"id":1707,"date":"2018-09-23T08:29:16","date_gmt":"2018-09-23T08:29:16","guid":{"rendered":"http:\/\/www.tipard.de\/blog\/?page_id=1707"},"modified":"2025-03-02T03:55:45","modified_gmt":"2025-03-02T03:55:45","slug":"die-besten-bildschirm-aufnahmeprogramme-fuer-windows-7-8-und-10","status":"publish","type":"page","link":"https:\/\/www.tipard.de\/blog\/die-besten-bildschirm-aufnahmeprogramme-fuer-windows-7-8-und-10\/","title":{"rendered":"Tipard Screen Capture (1 Jahres Lizenz)"},"content":{"rendered":"<div style=\"display: flex;\">\n<p>    <img loading=\"lazy\" decoding=\"async\" class=\"alignnone size-full wp-image-1585\" style=\"width: 193px!important; min-width: 193px; height: 300px; margin-right: 15px; border: 1px solid #0080C0;\" src=\"http:\/\/www.tipard.de\/blog\/wp-content\/uploads\/2018\/10\/BRS000142-PMTPSC18_Boxshot_2D.jpg\" alt=\"\" width=\"639\" height=\"1000\" \/><\/p>\n<div style=\"width: 100%;\">\n<h2 style=\"text-align: left;\">Tipard Screen Capture (1 Jahres Lizenz)<\/h2>\n<p style=\"text-align: left;\">Das einfachste Programm f\u00fcr Bildschirmaufnahmen und Video\/Audio<\/p>\n<ul style=\"padding: 0 0 0 35px!important;\">\n<li style=\"list-style: disc!important;\">Online Videos und Bildschirmfenster in h\u00f6chster Qualit\u00e4t aufnehmen<\/li>\n<li style=\"list-style: disc!important;\">Bildschirmgr\u00f6\u00dfe einfach anpassen<\/li>\n<li style=\"list-style: disc!important;\">Audiodateien aufnehmen und in 100% Originalqualit\u00e4t speichern<\/li>\n<li style=\"list-style: disc!important;\">Vorschau der aufgenommenen Bilder und Videos anzeigen<\/li>\n<li style=\"list-style: disc!important;\">Das aufgenommene Videos auf dem Computer speichern<\/li>\n<\/ul><\/div>\n<\/div>\n<p style=\"text-align: center; font-weight: bold;\">F\u00fcllen Sie das untenstehende Formular aus um Ihren kostenlosen 1-Jahres Lizenzschl\u00fcssel zu erhalten!<\/p>\n<div style=\"display: flex;\">\n<div style=\"background-color: rgba(252, 248, 227, 1);color: rgba(138, 109, 59, 1);padding: 5px;margin-bottom: 18px;border: 1px solid rgba(250, 242, 204, 1);\">Diese Aktion ist bereits vorbei.<br \/>Wir danken f\u00fcr das zahlreiche Interesse an unserer Software!<\/span><\/div>\n<div style=\"margin-left: 25px;\">\n<div style=\"display: flex; border: 1px solid #306eff; background-color: rgba(45,110,255,0.6); color: #fff; min-height: 200px; padding: 5px; border-right: 1px solid #306eff; margin: 0 auto;\">\n<p>            <img loading=\"lazy\" decoding=\"async\" class=\"alignnone size-full wp-image-1552\" style=\"width: 193px!important; min-width: 193px; height: 300px; border: 1px solid #0db1ee; margin-right: 15px;\" src=\"http:\/\/www.tipard.de\/blog\/wp-content\/uploads\/2018\/10\/BRS000142-PMTPSC18_Boxshot_2D.jpg\" alt=\"\" width=\"1000\" height=\"1000\"  \/><\/p>\n<div>\n<h2 style=\"text-align: left; color: #ff0000; padding-top: 0px;\">Sonderangebot Lifetime-Version -50% Rabatt<\/h2>\n<h2 style=\"text-align: left; color: #fff; padding-top: 0px;\">Tipard ScreenCpature LIFETIME<\/h2>\n<p style=\"text-align: left; color: #fff;\">Sichern Sie sich Tipard Screen Capture Lifetime zum halben Preis!. Vorteile der Lifetime-Version:<\/p>\n<ul>\n<li style=\"color: #fff;\">&bull; Lifetime Lizenz f\u00fcr lebenslange Nutzung<\/li>\n<li style=\"color: #fff;\">&bull; Lebenslange Upgrades auf die neuste Version<\/li>\n<li style=\"color: #fff;\">&bull; Lifetime Support<\/li>\n<\/ul>\n<p>                <span style=\"color: darkred;\">Nur 19,97 EUR <small>inkl. MwSt<\/small> statt <s>39,95 EUR<\/s><\/span><br \/>\n                <a class=\"button orange money-back\" href=\"https:\/\/secure.2checkout.com\/order\/checkout.php?PRODS=4684040&#038;OPTIONS4684040=LFT&#038;QTY=1&#038;CART=2&#038;SHORT_FORM=1&#038;COUPON=TIPADEGO\">Jetzt Kaufen<\/a><\/p><\/div>\n<\/p><\/div>\n<\/p><\/div>\n<\/p><\/div>\n<\/p><\/div>\n<p>                <!--noyarpp--><\/p>\n<p><\/br><\/p>\n<hr>\n<p class=\"TextA\">Die F\u00e4higkeit den Bildschirm aufnehmen zu k\u00f6nnen ist sehr n\u00fctzlich sein. Wenn Ihr PC nicht richtig funktioniert werden Aufnahmen der Benutzeroberfl\u00e4che sehr hilfreich f\u00fcr die Ferndiagnose von Techniksupports sein. Blogger und Lehrer nutzen diese Funktion oft, um eLearning zug\u00e4nglich zu machen. Es kann aber auch genutzt werden, um seinen Freunden die neuste F\u00e4higkeit in einem Videospiel zu zeigen und zuzuschicken. Das einzige Hindernis ist herauszufinden, welches das beste der Aufnahme-Programme ist, denn obwohl die meisten einfach zu benutzen sind, funktionieren nicht alle auf demselben Betriebssystem. Dieser Artikel wird in Folge dessen die besten Programme f\u00fcr Bildschirmaufnahmen auf Windows 7, 8 und 10 vorstellen.<\/p>\n<p class=\"TextA\">\n<h2 class=\"TextA\">Bildschirmaufnahmen bei Windows 10<\/h2>\n<p class=\"TextA\">Es gibt viele Programme, mit denen Sie Bildschirmaufnahmen anfertigen k\u00f6nnen aber nicht alle sind mit Windows 10 kompatibel. <a href=\"http:\/\/www.tipard.de\/screen-capture\/\">Tipard Screen Capture<\/a> ist daf\u00fcr am besten geeignet und die Aufnahme Qualit\u00e4t ist hervorragend. Dabei brauchen Sie sich keine Sorgen um stockende oder verschwommene Aufnahmen machen. Weiter Funktion des Programms im Folgenden:<\/p>\n<p class=\"TextA\">\n<p>                1.) <a href=\"http:\/\/www.tipard.de\/screen-capture\/\">Screen Capture<\/a> ist mit vielen Optionen bez\u00fcglich der Gr\u00f6\u00dfe der Aufnahme ausgestattet. Beispielsweise die Aufnahme des ganzen Bildschirms, die Aufnahme einer individuell bestimmten Gr\u00f6\u00dfe und Dimension Value.<br \/>\n                2.) Nutzer k\u00f6nnen Audio und Video gleichzeitig aufnehmen und dabei bleibt die Qualit\u00e4t 100% gleich.<br \/>\n                3.) Es besteht die M\u00f6glichkeit die L\u00e4nge der Aufnahme anzugeben, sodass Sie das Programm alleine arbeiten lassen k\u00f6nnen. Die Aufnahme wird automatisch beendet und gespeichert.<br \/>\n                4.) Das Video kann in der Preview angesehen werden bevor es gespeichert wird.<br \/>\n                5.) Das Speichern der Videos in hochqualitativen Formaten wie 4K und HD wird ebenfalls unterst\u00fctzt.<\/p>\n<h3 class=\"TextA\">So nehmen Sie den Bildschirm bei Windows 10 auf<\/h3>\n<p class=\"TextA\"><strong>Schritt 1<\/strong>: <a href=\"http:\/\/www.tipard.de\/screen-capture\/\">Installieren und \u00f6ffnen Sie das Programm<\/a> auf Ihrem Windows 10 PC. Klicken Sie auf Benutzerdefiniert im Aufnahme-Auswahl-Bereich. Es erscheinen Kontrollpaneels von denen das blaue der Bestimmung der Aufnahmegr\u00f6\u00dfe dient. Alternativ k\u00f6nnen sie Full Screen ausw\u00e4hlen, um den gesamten Bildschirm aufzunehmen.<\/p>\n<p>                &nbsp;<\/p>\n<p>                <img loading=\"lazy\" decoding=\"async\" class=\"size-full wp-image-1711 aligncenter\" src=\"http:\/\/www.tipard.de\/blog\/wp-content\/uploads\/2018\/09\/tp-screen-capture-5.jpg\" alt=\"\" width=\"600\" height=\"158\" srcset=\"https:\/\/www.tipard.de\/blog\/wp-content\/uploads\/2018\/09\/tp-screen-capture-5.jpg 600w, https:\/\/www.tipard.de\/blog\/wp-content\/uploads\/2018\/09\/tp-screen-capture-5-300x79.jpg 300w\" sizes=\"auto, (max-width: 600px) 100vw, 600px\" \/><\/br><\/p>\n<p class=\"TextA\"><strong>Schritt 2: <\/strong> Zur Aufnahme Ihrer Stimme, zum Beispiel f\u00fcr Tutorials, k\u00f6nnen Sie die Mikrofon-Audio in den Einstellungen w\u00e4hle. Die \u00fcbrige Option \u201eSystem-Audio\u201c nimmt den Sound Ihres Computers auf.<\/p>\n<p class=\"TextA\"><strong>Schritt 3:<\/strong> Nach dem Klick auf den roten Aufnahme-Knopf, wird die Aufnahme gestartet und die Laufzeit Optionen erlauben es die L\u00e4nge der Aufnahme zu bestimmen.<\/p>\n<p>                <img loading=\"lazy\" decoding=\"async\" class=\"size-full wp-image-1710 aligncenter\" src=\"http:\/\/www.tipard.de\/blog\/wp-content\/uploads\/2018\/09\/tp-record-video.jpg\" alt=\"\" width=\"600\" height=\"474\" srcset=\"https:\/\/www.tipard.de\/blog\/wp-content\/uploads\/2018\/09\/tp-record-video.jpg 600w, https:\/\/www.tipard.de\/blog\/wp-content\/uploads\/2018\/09\/tp-record-video-300x237.jpg 300w\" sizes=\"auto, (max-width: 600px) 100vw, 600px\" \/><\/p>\n<p class=\"TextA\"><strong>Schritt 4:<\/strong> Um die Aufnahme zu beenden, dr\u00fccken Sie erneut auf den roten Knopf.<\/p>\n<p class=\"TextA\"><strong>Schritt 5:<\/strong> Zum Schluss klicken Sie auf sichern um die Aufnahme auf Ihrem Windows 10 PC zu speichern.<\/p>\n<p class=\"TextA\"><a href=\"http:\/\/www.tipard.de\/screen-capture\/\"><img loading=\"lazy\" decoding=\"async\" class=\"size-full wp-image-1709 aligncenter\" src=\"http:\/\/www.tipard.de\/blog\/wp-content\/uploads\/2018\/09\/tp-complete-record.jpg\" alt=\"\" width=\"600\" height=\"158\" srcset=\"https:\/\/www.tipard.de\/blog\/wp-content\/uploads\/2018\/09\/tp-complete-record.jpg 600w, https:\/\/www.tipard.de\/blog\/wp-content\/uploads\/2018\/09\/tp-complete-record-300x79.jpg 300w\" sizes=\"auto, (max-width: 600px) 100vw, 600px\" \/>Screen Capture<\/a> wird zus\u00e4tzlich von Windows 7, 8 und 10 unterst\u00fctzt, weshalb alle Windows Nutzer sich an der Nutzung dieses exzellenten Programmes erfreuen k\u00f6nnen.<\/p>\n<h2 class=\"TextA\">Bildschirmaufnahmen bei Windows 8<\/h2>\n<p class=\"TextA\">Windows 8 mag nicht das beste Betriebssystem sein aber wir k\u00f6nnen nicht behaupten, dass es nicht viel bietet. Microsoft hat viele n\u00fctzliche Dienstprogramme, wie Step Recorder, f\u00fcr Windows 8 entwickelt und wenn Sie tief genug im Betriebssystem suchen finden Sie eine Vielzahl an Software Tools.<\/p>\n<h3 class=\"TextA\">Die Hauptfunktionen des Windows 8 Step Recorders<\/h3>\n<p>                <img loading=\"lazy\" decoding=\"async\" class=\"size-full wp-image-1708 aligncenter\" src=\"http:\/\/www.tipard.de\/blog\/wp-content\/uploads\/2018\/09\/steps-recorder.jpg\" alt=\"\" width=\"600\" height=\"542\" srcset=\"https:\/\/www.tipard.de\/blog\/wp-content\/uploads\/2018\/09\/steps-recorder.jpg 600w, https:\/\/www.tipard.de\/blog\/wp-content\/uploads\/2018\/09\/steps-recorder-300x271.jpg 300w\" sizes=\"auto, (max-width: 600px) 100vw, 600px\" \/>1.) Auch wenn es ein Standardprogramm von Windows 8 ist, kann Step Recorder weder im Startmen\u00fc noch auf dem Desktop gefunden werden. Die einzige M\u00f6glichkeit das Programm aufzurufen ist die Dialog Box zu nutzen.<br \/>\n                2.) Dieses Programm fertigt bei jeder Aktion, inklusive Mausklicks, Tastendr\u00fccke und mehr, Screenshots an.<br \/>\n                3.) Dieses Windows 8 Programm unterst\u00fctzt die Aufnahme der Microsoft Office Anwendungen.<br \/>\n                4.) Sie k\u00f6nnen Anmerkungen w\u00e4hrend der Aufnahme hinzuf\u00fcgen.<br \/>\n                5.) Nach der Aufnahme wird die Datei als MHTML gespeichert. Dieses Format beinhaltet alle Screenshots und Anmerkungen.<br \/>\n                6.) Die Preview wird Ihnen automatisch vorgef\u00fchrt.<\/p>\n<h3 class=\"TextA\">So starten Sie das Programm auf Windows 8 Rechnern<\/h3>\n<p><\/br><\/p>\n<p class=\"TextA\">1.) W\u00e4hlen Sie \u201eAusf\u00fchren\u201c im Windows Startmen\u00fc oder dr\u00fccken Sie die Tastenkombination Win+R um die Dialog Box zu starten.<br \/>\n                    2.) Tippen Sie \u201epsr\u201c in das Fenster und klicken Sie dann auf OK um Steps Recorder zu starten.<br \/>\n                    3.) Die Benutzeroberfl\u00e4che des Programmes ist sehr einfach gehalten. Es gibt nur 3 Optionen: Aufnahme starten, Aufnahme stoppen und Kommentar hinzuf\u00fcge<br \/>\n                    4.) Sobald Sie der Inhalt den Sie aufnehmen m\u00f6chten, bereit ist, klicken Sie auf \u201eAufnahme starten\u201c und das Programm nimmt jede Ihrer Handlungen ab diesem Zeitpunkt auf.<br \/>\n                    5.) Sie k\u00f6nnen danach eine Bemerkung hinzuf\u00fcgen, indem Sie auf \u201eKommentar hinzuf\u00fcgen\u201c klicken. W\u00e4hlen Sie die Stelle an die Sie die Aufmerksamkeit der Zuschauer lenken m\u00f6chten und geben Sie Ihre Anmerkung in das Textfeld ein. Um den Kommentar fertig zu stellen, klicken Sie auf \u201eOK\u201c und der Kommentar wird im Video erscheinen.<br \/>\n                    6.) Die L\u00e4ngenangabe zeigt die Aufnahmel\u00e4nge in Echtzeit.<br \/>\n                7.) Nach Fertigstellung der Aufnahme, klicken Sie auf \u201eAufnahme Stoppen\u201c um das Material vor dem Speichern zu sichten. Wenn die Aufnahme Ihrer Zufriedenheit entspricht, w\u00e4hlen Sie einen Speicherort auf Ihrem Windows 8 Computer.<\/p>\n<h2 class=\"TextA\">So nehmen Sie Ihren Bildschirm bei Windows 7 auf<\/h2>\n<p class=\"TextA\">Auch wenn immer mehr Nutzer auf Windows 8 oder 10 upgraden, gibt es Moche viele Nutzer die Windows 7 weiterhin verwenden. Microsoft selbst hat einen kostenlosen Screen Recorder namens \u201eWindows Media Encoder\u201c f\u00fcr Windows 7 ver\u00f6ffentlicht. Dieser ist ein einfach zu nutzendes Aufnahme-Programm.<\/p>\n<h3 class=\"TextA\">Die Grundfunktionen des Windows Media Encoder<\/h3>\n<p><\/br><\/p>\n<p class=\"TextA\">1.) Er ist verf\u00fcgbar f\u00fcr Windows XP, Windows Vista und Windows 7 und es kann gratis auf der Microsoft Seite heruntergeladen werden.<br \/>\n                    2.) Mit Media Encoder k\u00f6nnen Sie alle Inhalte auf Ihrem Bildschirm aufnehmen, inklusive online Videos, online Chats und vieles mehr.<br \/>\n                    3.) Es bietet au\u00dferdem die M\u00f6glichkeit auf Windows 7 Screenshots aufzunehmen.<br \/>\n                    4.) Video und Audio k\u00f6nnen gleichzeitig aufgenommen werden.<br \/>\n                    5.) Die Benutzeroberfl\u00e4che ist sehr einfach zu benutzen und schlicht.<br \/>\n                6.) Die Dateien k\u00f6nnen in Formaten mit hoher Qualit\u00e4t exportiert werden.<\/p>\n<p class=\"TextA\">\n<h3 class=\"TextA\"><img loading=\"lazy\" decoding=\"async\" class=\"size-full wp-image-1712 aligncenter\" src=\"http:\/\/www.tipard.de\/blog\/wp-content\/uploads\/2018\/09\/windows-media-encoder.jpg\" alt=\"\" width=\"600\" height=\"598\" srcset=\"https:\/\/www.tipard.de\/blog\/wp-content\/uploads\/2018\/09\/windows-media-encoder.jpg 600w, https:\/\/www.tipard.de\/blog\/wp-content\/uploads\/2018\/09\/windows-media-encoder-150x150.jpg 150w, https:\/\/www.tipard.de\/blog\/wp-content\/uploads\/2018\/09\/windows-media-encoder-300x300.jpg 300w\" sizes=\"auto, (max-width: 600px) 100vw, 600px\" \/><\/br>So nehmen Sie den Bildschirm in Windows 7 auf<\/h3>\n<p class=\"TextA\">1.) Nach der Installation \u00f6ffnen Sie das Programm mit einem Rechtsklick auf Ihrem Windows 7 Computer.<br \/>\n                    2.) Erstellen Sie eine neue Sitzung und w\u00e4hlen Sie die Input-Quelle aus, die aufgenommen werden soll. Media Encoder bringt die Option \u201eFull Screen\u201c und \u201eFenster Modus\u201c mit sich, welche Sie nach Bedarf w\u00e4hlen k\u00f6nnen.<br \/>\n                    3.) Wenn Sie Audio und Video gleichzeitig Aufnehmen wollen, vergessen Sie nicht den Haken bei \u201eAudio\u201c zusetzen.<br \/>\n                    4.) Entscheiden Sie, dann ob Sie m\u00f6chten, dass der Rand der Aufnahme blickt, sodass Sie immer wissen, wann Sie aufnehmen und wann nicht.<br \/>\n                    5.) W\u00e4hlen Sie einen Speicherort f\u00fcr die Dateien aus.<br \/>\n                    6.) Nachdem Sie die Einstellungen get\u00e4tigt haben, dr\u00fccken Sie den Startknopf um die Aufnahme zu beginnen.<br \/>\n                7.) Sobald die Aufnahme vollst\u00e4ndig ist, k\u00f6nnen Sie diese durch das Dr\u00fccken des Stopknopfes beenden.<\/p>\n<p class=\"TextA\">\n<h2 class=\"TextA\">Fazit<\/h2>\n<p class=\"TextA\">Dieser Artikel hat sich mit ein paar Programmen zur Bildschirmaufnahme auf WINdows 10, 8 und 7 auseinandergesetzt. Steps Recorder ist kein professioneller Screen Recorder aber daf\u00fcr bedarf es keiner Installation eines Programmes auf Ihrem PC. Media Encoder ist einen kostenloses und benutzerfreundliches Programm aber leider nur mit Windows 7 kompatibel. F\u00fcr Bildschirmaufnahmen mit Windows 10 scheint <a href=\"http:\/\/www.tipard.de\/screen-capture\/\">Tipard Screen Capture<\/a> die beste Wahl zu sein und kompatibel mit Windows 7 und 8 ist es auch.<\/p>\n<style>\n    a.button.orange {\n        color: #fff;\n        font-family: 'TitilliumText22LRegular', sans-serif;\n        font-size:18px;\n        -webkit-border-radius: 5px;\n        -moz-border-radius: 5px;\n        border-radius: 5px; \n        display: inline-block;\n        padding: 5px 20px;\n        line-height:1.0;\n        margin-bottom: 5px;\n        background-image: -webkit-linear-gradient(#f89902, #e99002 6%, #da8702);\n        background-image: -o-linear-gradient(#f89902, #e99002 6%, #da8702);\n        background-image: -webkit-gradient(linear, left top, left bottom, from(#f89902), color-stop(6%, #e99002), to(#da8702));\n        background-image: linear-gradient(#f89902, #e99002 6%, #da8702);\n        background-repeat: no-repeat;\n        filter: progid:DXImageTransform.Microsoft.gradient(startColorstr='#fff89902', endColorstr='#ffda8702', GradientType=0);\n        -webkit-filter: none;\n        filter: none;\n        border: 1px solid #b67102;\n    }\n    a.button:hover {\n        text-decoration: none;\n        color: #ddd;\n    }\n    .button.money-back {\n        position: relative;\n        margin: 25px!important;\n    }\n    .button.money-back:after {\n        position: absolute;\n        top: -18px;\n        right: -55px;\n        content: \"\";\n        background-image: url(https:\/\/www.tipard.de\/blog\/wp-content\/uploads\/2018\/07\/money-back.png);\n        background-repeat: no-repeat;\n        height: 72px;\n        width: 72px;\n        display: block;\n    }<\/style>\n<p><script>\/\/ <![CDATA[\n(function ($) {\n    $(function () {\n        var date = new Date(Date.now());\n        var number_of_hours = 12;\n        var timeAsInteger = date.getTime();\n        var endTime = ((3600 * 1000) * number_of_hours) + timeAsInteger;\n        var int = setInterval(clock, 1000);\n        function clock()\n        {\n            var hours, minutes, seconds;\n            var timeNow = new Date(Date.now());\n            var oferta_ms = endTime - timeNow;\n            if (oferta_ms < 0) { hours = \"00\"; minutes = \"00\"; seconds = \"00\"; $(\"#timp\").html(hours + \":\" + minutes + \":\" + seconds); $(\"#timp\").css('display', 'block'); window.clearInterval(int); } else { var d = new Date(oferta_ms); hours = d.getUTCHours().toString(); minutes = d.getUTCMinutes().toString(); seconds = d.getUTCSeconds().toString(); if (hours.length == 1) { hours = \"0\" + hours; } if (minutes.length == 1) { minutes = \"0\" + minutes; } if (seconds.length == 1) { seconds = \"0\" + seconds; } $(\"#timp\").html(hours + \":\" + minutes + \":\" + seconds); } } }); })(jQuery);\n            \/\/ ]]><\/script><\/p>\n","protected":false},"excerpt":{"rendered":"<p>Tipard Screen Capture (1 Jahres Lizenz) Das einfachste Programm f\u00fcr Bildschirmaufnahmen und Video\/Audio Online Videos und Bildschirmfenster in h\u00f6chster Qualit\u00e4t aufnehmen Bildschirmgr\u00f6\u00dfe einfach anpassen Audiodateien aufnehmen und in 100% Originalqualit\u00e4t speichern Vorschau der aufgenommenen Bilder und Videos anzeigen Das aufgenommene Videos auf dem Computer speichern F\u00fcllen Sie das untenstehende Formular aus um Ihren kostenlosen 1-Jahres [&hellip;]<\/p>\n","protected":false},"author":1,"featured_media":0,"parent":0,"menu_order":0,"comment_status":"closed","ping_status":"closed","template":"","meta":{"footnotes":""},"class_list":["post-1707","page","type-page","status-publish","hentry"],"_links":{"self":[{"href":"https:\/\/www.tipard.de\/blog\/wp-json\/wp\/v2\/pages\/1707","targetHints":{"allow":["GET"]}}],"collection":[{"href":"https:\/\/www.tipard.de\/blog\/wp-json\/wp\/v2\/pages"}],"about":[{"href":"https:\/\/www.tipard.de\/blog\/wp-json\/wp\/v2\/types\/page"}],"author":[{"embeddable":true,"href":"https:\/\/www.tipard.de\/blog\/wp-json\/wp\/v2\/users\/1"}],"replies":[{"embeddable":true,"href":"https:\/\/www.tipard.de\/blog\/wp-json\/wp\/v2\/comments?post=1707"}],"version-history":[{"count":22,"href":"https:\/\/www.tipard.de\/blog\/wp-json\/wp\/v2\/pages\/1707\/revisions"}],"predecessor-version":[{"id":10383,"href":"https:\/\/www.tipard.de\/blog\/wp-json\/wp\/v2\/pages\/1707\/revisions\/10383"}],"wp:attachment":[{"href":"https:\/\/www.tipard.de\/blog\/wp-json\/wp\/v2\/media?parent=1707"}],"curies":[{"name":"wp","href":"https:\/\/api.w.org\/{rel}","templated":true}]}}