{"id":1684,"date":"2018-09-22T16:17:38","date_gmt":"2018-09-22T16:17:38","guid":{"rendered":"http:\/\/www.tipard.de\/blog\/?page_id=1684"},"modified":"2018-10-03T10:14:21","modified_gmt":"2018-10-03T10:14:21","slug":"die-besten-5-alternativen-von-camstudio-zur-professionellen-bildschirmaufnahme","status":"publish","type":"page","link":"https:\/\/www.tipard.de\/blog\/die-besten-5-alternativen-von-camstudio-zur-professionellen-bildschirmaufnahme\/","title":{"rendered":"Die besten 5 Alternativen von Camstudio f\u00fcr Bildschirmaufnahmen"},"content":{"rendered":"<p>Manchmal ist eine Videoaufnahme wertvoller als das Bild eines Bildschirms. Gamer Strategie ben\u00f6tigt zum Beispiel mehrere Videos, um eine richtige Abfolge von Aktionen anzuzeigen. Mit hilfe von kosteng\u00fcnstigen, aber trotzdem effizienten Bildschirmrekordern, wie CamStudio\u00a0 k\u00f6nnen solche Funktionen genutzt werden. Au\u00dferdem handelt es sich hierbei um ein Open-Source-Bildschirmrecorder, so dass jeder die M\u00f6glichkeit hat es kostenlos zu nutzen.<br \/>\nDirekt nach der Aufnahme wird das Video zu erst als AVI-Datei gespeichert, dabei besteht der gr\u00f6\u00dfte Vorteil dieser Software darin, die urspr\u00fcnglichen Videos in Flash-Dateien zu konvertieren. Mit CamStudio k\u00f6nnen Sie die Parameter, wie auch Bildfrequenz einstellen.<br \/>\nJedoch gibt es auch einige negative Bewertungen zu diesem Programm, aus diesem Grund wird dieser Artikel es testen und Ihnen weitere Alternativen zu diesem Programm vorstellen, die sie zufrieden stellen.<\/p>\n<p><strong>\u00a0<\/strong><\/p>\n<h2><strong>Teil 1: CamStudio Review: Vor- und Nachteile<\/strong><strong>\u00a0<\/strong><\/h2>\n<h3><strong><img loading=\"lazy\" decoding=\"async\" class=\"size-full wp-image-1685 aligncenter\" src=\"http:\/\/www.tipard.de\/blog\/wp-content\/uploads\/2018\/09\/camstudio-alternative.jpg\" alt=\"\" width=\"600\" height=\"380\" srcset=\"https:\/\/www.tipard.de\/blog\/wp-content\/uploads\/2018\/09\/camstudio-alternative.jpg 600w, https:\/\/www.tipard.de\/blog\/wp-content\/uploads\/2018\/09\/camstudio-alternative-300x190.jpg 300w\" sizes=\"auto, (max-width: 600px) 100vw, 600px\" \/>Vorteile:<\/strong><\/h3>\n<p>1.) Es ist v\u00f6llig kostenlos zu laden und einfach zu bedienen.<br \/>\n2.) Mit Camstudio k\u00f6nnen Sie Funktionen, wie Codec, Qualit\u00e4t Zeitraffer und andere Parameter kontrollieren.<br \/>\n3.) Camstudio unterst\u00fctzt die Aufnahme von Ton, System und Mikrofon.<br \/>\n4.) Benutzer k\u00f6nnen den aufgezeichneten Videos qualitativ hochwertige Untertitel hinzuf\u00fcgen.<br \/>\n5.) Die Aufnahmezeit wird nicht begrenzt.<br \/>\n6.) Verf\u00fcgt \u00fcber eine Hilfedatei f\u00fcr Anf\u00e4nger, die hier nach einer Anleitung suchen k\u00f6nnen.<br \/>\n7.) Camstudio kann fast alle Aktionen auf Ihrem Bildschirm qualitativ erfassen, dabei ist es egal ob sie statisch oder dynamisch sind.<\/p>\n<h3><strong>Nachteile<\/strong>:<\/h3>\n<p>1.) Einige Benutzer haben sich dar\u00fcber beschwert, dass dieses Programm sch\u00e4dliche Viren verbreitet hat. Dies ist leider ein unvermeidliches Problem, das es sich hierbei um ein Open-Source-Programm handelt.<br \/>\n2.) Es ist auschlie\u00dflich mit Windows kompatibel.<br \/>\n3.) Es hat keine integrierte Bearbeitungsfunktion.<br \/>\n4.) Es kann nicht zeitgleich Ton von Mikro und System aufnehmen.<br \/>\n5.) Die Aufnahmefunktion ist nicht sehr zuverl\u00e4ssig.<\/p>\n<h2><strong>Teil 2: Die besten Alternativen von Camstudio<\/strong><\/h2>\n<p>Wie Sie bereits gesehen haben, hat Camstudio auch seine Nachteile, deshalb m\u00f6chten wir Ihnen hier einige Alternativen vorstellen.<\/p>\n<h3><a href=\"http:\/\/www.tipard.de\/screen-capture\/\"><img loading=\"lazy\" decoding=\"async\" class=\"size-full wp-image-1690 aligncenter\" src=\"http:\/\/www.tipard.de\/blog\/wp-content\/uploads\/2018\/09\/tp-screen-capture-3.jpg\" alt=\"\" width=\"600\" height=\"399\" srcset=\"https:\/\/www.tipard.de\/blog\/wp-content\/uploads\/2018\/09\/tp-screen-capture-3.jpg 600w, https:\/\/www.tipard.de\/blog\/wp-content\/uploads\/2018\/09\/tp-screen-capture-3-300x200.jpg 300w\" sizes=\"auto, (max-width: 600px) 100vw, 600px\" \/>Tipard Screen Capture<\/a><\/h3>\n<p><a href=\"http:\/\/www.tipard.de\/screen-capture\/\">Tipard Screen Capture<\/a> ist eine der besten Deskop-Alternativen von Camstudio. Die Benutzer des Programms m\u00fcssen sich keinerlei Sorgen um Sicherheitsprobleme machen, denn Sie k\u00f6nnen dieses Programm von der offizielen Website runterladen.<br \/>\nEin weiterer Vorteil ist die hochwertige Qualit\u00e4t der Screenshots. Die Nutzer von Screen Capture haben keine Probleme, wie fehlende Frames oder unscharfe\u00a0\u00a0 Bilder, da Screen Capture einen exzellenten Alorithmuss integriert hat.<\/p>\n<p>Hier sind weitere beeindruckende Funktionen von Screen Capture:<\/p>\n<p>1.) Es unterst\u00fctzt die meisten Windows-Systeme, einschlie\u00dflich Windows 10.<br \/>\n2.) Benutzer k\u00f6nnen gleichzeitig die Audiodateien zusammen mit den Videos aufnehmen, ohne dabei an Qualit\u00e4t zu verlieren.<br \/>\n3.) Sie k\u00f6nnen den Ton von System und Mikrofon gleichzeitig aufnehmen.<br \/>\n4.) Wenn Sie die Bildschirmaufnahme f\u00fcr die alleinige Verwendung ben\u00f6tigen, ist die Option Dauer sehr n\u00fctzlich. Nach der Einstellung wird die Aufnahme n\u00e4mlich automatisch beendet.<br \/>\n5.) Sie k\u00f6nnen die aufgezeichneten Videos vor dem Speichern der Screenshots durch Screen Capture anzeigen.<br \/>\n6.) Diese Camstudio-Alternative erm\u00f6glicht es Benutzern, die aufgezeichneten Videos in qualitativ hochwertigen Formaten, wie 4K-Videos und HD-Videos zu speichern.<\/p>\n<p>&nbsp;<\/p>\n<h3><img loading=\"lazy\" decoding=\"async\" class=\"size-full wp-image-1689 aligncenter\" src=\"http:\/\/www.tipard.de\/blog\/wp-content\/uploads\/2018\/09\/screenvirtuoso-pro.jpg\" alt=\"\" width=\"600\" height=\"397\" srcset=\"https:\/\/www.tipard.de\/blog\/wp-content\/uploads\/2018\/09\/screenvirtuoso-pro.jpg 600w, https:\/\/www.tipard.de\/blog\/wp-content\/uploads\/2018\/09\/screenvirtuoso-pro-300x199.jpg 300w\" sizes=\"auto, (max-width: 600px) 100vw, 600px\" \/>BildschirmVirtuose Pro<\/h3>\n<p>Auch wenn die Oberfl\u00e4che von ScreenVirtuose etwas einfacher zu sein scheint, ist es immer noch eine der besten Alternativen von Camstudio. ScreenVirtuose PRO verf\u00fcgt neben den grundlegenden Funktionen f\u00fcr Screencast \u00fcber eine Funktion die sich Scheduler nennt. Dort k\u00f6nnen Sie Timer einstellen, um die Bildschirmaufnahme automatisch zu aktivieren. Diese Funktion ist besonders bei vielen Gamern beliebt.<\/p>\n<p>Weitere n\u00fctzliche Funktionen von ScreenVirtuose PRO:<\/p>\n<p>1.) Sie k\u00f6nnen w\u00e4hrend der Bildschirmaufnahme Schnappsch\u00fcsse machen, so dass Sie die wichtigen Teile des Videos speichern k\u00f6nnen.<br \/>\n2.) Sie k\u00f6nnen w\u00e4hrend der Aufnahme Anmerkungen in das Screenshot\/Video hinzuf\u00fcgen.<br \/>\n3.) Benutzer k\u00f6nnen Hot-Keys verwenden, um ScreenVirtuose PRO zu steuern.<br \/>\n4.) Mit ScreenVirtuose PRO k\u00f6nnen Sie die Qualit\u00e4t steuern, indem Sie mehrere Parameter, zum Beispiel: Bildfrequenz, Samples und mehr anpassen.<br \/>\n5.) Sie k\u00f6nnen das aufgezeichnete Video im integrierten Player zu Vorschau anzeigen.<br \/>\n6.) Es ist kostenlos.<\/p>\n<h3><img loading=\"lazy\" decoding=\"async\" class=\"size-full wp-image-1688 aligncenter\" src=\"http:\/\/www.tipard.de\/blog\/wp-content\/uploads\/2018\/09\/ocam.jpg\" alt=\"\" width=\"600\" height=\"497\" srcset=\"https:\/\/www.tipard.de\/blog\/wp-content\/uploads\/2018\/09\/ocam.jpg 600w, https:\/\/www.tipard.de\/blog\/wp-content\/uploads\/2018\/09\/ocam-300x249.jpg 300w\" sizes=\"auto, (max-width: 600px) 100vw, 600px\" \/>oCam<\/h3>\n<p>oCam ist eine weitere Alternative von Camstudio. Als eines der besten und trotzdem kostenlosen Programmen zur Bildschirmaufnahme verf\u00fcgt oCam zwar nicht \u00fcber umfangreiche Funktionen, aber ist daf\u00fcr der handlichste und einfachste Bildschirm-Rekorder und vor allem bei Gamern beliebt. Sobald Sie mit der Aufzeichnung beginnen, l\u00e4uft oCam ohne St\u00f6rungen im Hintergrund.<\/p>\n<p>Zu den Grundfunktionen von oCam geh\u00f6ren:<\/p>\n<p>1.) Es verf\u00fcgt \u00fcber eine einfache Schnitstelle und ist generell einfach zu navigieren.<br \/>\n2.) Benutzer k\u00f6nnen selbst\u00e4ndig die Zeitdauer festlegen. Ocam beendet die Aufnahme und speichert den Screencast automatisch.<br \/>\n3.) Dieses Programm kann Bilder als Wasserzeichen auf Ihren Screencasts hinzuf\u00fcgen.<br \/>\n4.) Sie k\u00f6nnen den Aufnahmeberreich Anpassen.<br \/>\n5.) Durch eingebaute Codecs k\u00f6nnen Screencasts in verschiedenen Formaten, wie MOV, MP4, AVI und mehr gespeichert werden.<br \/>\n6.) Ton kann zusammen mit den Bildern aufgenommen werden, oder auch separat.<br \/>\n7.) Sie k\u00f6nnen die Tonfunktion so voreinstellen, wenn sie den Ton von System und Mikrofon gleichzeitig aufnehmen m\u00f6chten.<\/p>\n<h3><strong><img loading=\"lazy\" decoding=\"async\" class=\"size-full wp-image-1687 aligncenter\" src=\"http:\/\/www.tipard.de\/blog\/wp-content\/uploads\/2018\/09\/jscreenrecorder.jpg\" alt=\"\" width=\"600\" height=\"492\" srcset=\"https:\/\/www.tipard.de\/blog\/wp-content\/uploads\/2018\/09\/jscreenrecorder.jpg 600w, https:\/\/www.tipard.de\/blog\/wp-content\/uploads\/2018\/09\/jscreenrecorder-300x246.jpg 300w\" sizes=\"auto, (max-width: 600px) 100vw, 600px\" \/>JScreenRecorder<\/strong><\/h3>\n<p>Ein wichtiger Grund daf\u00fcr, wieso dieses Programm hier vorgestellt wird, ist das Benutzer den Cursor beim Aufnehmen von Bildschirmen einfach ausblenden k\u00f6nnen, da es sehr \u00e4rgerlich ist, wenn der Cursor w\u00e4hrend der Aufnahme immer wieder st\u00f6rt und eventuell sogar einen gro\u00dfen Teil des Screenshots abdeckt.<\/p>\n<p>Wichtige Funktionen von JScreenRecorder:<\/p>\n<p>1.) Es ist kostenlos.<br \/>\n2.) Mit JScreenrecorder kann der Nutzer den gesamten Bildschirm oder einen ausgew\u00e4hlten Bildschirmbereich erfassen.<br \/>\n3.) Sie k\u00f6nnen den Cursor w\u00e4hrend der Ausnahme anpassen.<br \/>\n4.) Es erm\u00f6glicht ein benutzerdefiniertes Textwasserzeichen zu erstellen und es anschlie\u00dfend in das aufgenommene Video einzuf\u00fcgen.<br \/>\n5.) Sie k\u00f6nnen vor der Aufnahme Parameter einstellen.<br \/>\n6.) Es speichert die ausgenommen Videos als MP4-Dateien ab.<\/p>\n<h3><img loading=\"lazy\" decoding=\"async\" class=\"size-full wp-image-1686 aligncenter\" src=\"http:\/\/www.tipard.de\/blog\/wp-content\/uploads\/2018\/09\/icecream-screen-recorder.jpg\" alt=\"\" width=\"600\" height=\"430\" srcset=\"https:\/\/www.tipard.de\/blog\/wp-content\/uploads\/2018\/09\/icecream-screen-recorder.jpg 600w, https:\/\/www.tipard.de\/blog\/wp-content\/uploads\/2018\/09\/icecream-screen-recorder-300x215.jpg 300w\" sizes=\"auto, (max-width: 600px) 100vw, 600px\" \/>Icecream Screen Recorder<\/h3>\n<p>Dieser Screenrecorder geh\u00f6rt auch zu den beliebtesten. Mit dieser Camstudio Alternative k\u00f6nnen Sie Videos auffnehmen oder einen Screenshot erstellen. Es verf\u00fcgt \u00fcber eine Bearbeitungsfunktion und \u00fcber eine Funktion, die sich \u201eProjektverlauf\u201c nennt. Diese ist besonders hilfreich, wenn Sie den Bildschirm sehr h\u00e4ufig aufnehmen m\u00fcssen. Denn so k\u00f6nnen Sie die Bildschirmaufnahme immer schnell wiederfinden.<\/p>\n<p>Hauptmerkmale von Icecream Screen Recorder:<\/p>\n<p>1.) Sobald Sie das Programm \u00f6ffnen, werden die beiden Optionen (Videoaufnahme und Screenshot) angezeigt. Sie k\u00f6nnen eines davon ausw\u00e4hlen, um fortzufahren.<br \/>\n2.) Es verf\u00fcgt \u00fcber umfangreiche Tools, wie Text, Grafiken und freies Handzeichnen.<\/p>\n<p>3.) Icecream Screen Recorder geh\u00f6rt zu einer Reihe von Software-Programmen. Nach dem Sie das Video als MKV-Datei gespeichert haben, k\u00f6nnen Sie es auch mit weiteren Icecream-Programmen bearbeiten.<\/p>\n<h2>Fazit<\/h2>\n<p>In diesem Artikel ging es um das Testen von Camstudio und die Ver\u00f6ffentlichung der Bewertungen. Obwohl es auch einige Nachteile bei diesem Programm gibt, ist es jedoch immer noch ein gutes Bildschirmaufnahme-Programm. Wenn Sie trotzdem nach einer Alternative suchen, liefert Ihnen dieser Artikel weitere Vorschl\u00e4ge.<\/p>\n<p>ScreenVirtuose PRO ist in der Lage dazu, Ihren Bilschirm automatisch aufzunehmen, w\u00e4hrend oCam die einfachste Alternative mit allen notwenidgens Funktionen ist. Mit JScreenRecorder k\u00f6nnen die Benutzer Ihren Cursor inidviduell anpassen und sogar ausblenden. Die letzte Alternative w\u00e4re der Icecream Screen Recorder. Dieses Programm ist eine gro\u00dfartige Alternative zu Camstudio. Suchen Sie jedoch eine Sicherere Alternative, mit allen leistungstarken Funktionen, dann sollten Sie Tipard Screen Capture ausprobieren.<\/p>\n<p>&nbsp;<\/p>\n<p>&nbsp;<\/p>\n","protected":false},"excerpt":{"rendered":"<p>Manchmal ist eine Videoaufnahme wertvoller als das Bild eines Bildschirms. Gamer Strategie ben\u00f6tigt zum Beispiel mehrere Videos, um eine richtige Abfolge von Aktionen anzuzeigen. Mit hilfe von kosteng\u00fcnstigen, aber trotzdem effizienten Bildschirmrekordern, wie CamStudio\u00a0 k\u00f6nnen solche Funktionen genutzt werden. Au\u00dferdem handelt es sich hierbei um ein Open-Source-Bildschirmrecorder, so dass jeder die M\u00f6glichkeit hat es kostenlos [&hellip;]<\/p>\n","protected":false},"author":1,"featured_media":0,"parent":0,"menu_order":0,"comment_status":"closed","ping_status":"closed","template":"","meta":{"footnotes":""},"class_list":["post-1684","page","type-page","status-publish","hentry"],"_links":{"self":[{"href":"https:\/\/www.tipard.de\/blog\/wp-json\/wp\/v2\/pages\/1684","targetHints":{"allow":["GET"]}}],"collection":[{"href":"https:\/\/www.tipard.de\/blog\/wp-json\/wp\/v2\/pages"}],"about":[{"href":"https:\/\/www.tipard.de\/blog\/wp-json\/wp\/v2\/types\/page"}],"author":[{"embeddable":true,"href":"https:\/\/www.tipard.de\/blog\/wp-json\/wp\/v2\/users\/1"}],"replies":[{"embeddable":true,"href":"https:\/\/www.tipard.de\/blog\/wp-json\/wp\/v2\/comments?post=1684"}],"version-history":[{"count":2,"href":"https:\/\/www.tipard.de\/blog\/wp-json\/wp\/v2\/pages\/1684\/revisions"}],"predecessor-version":[{"id":1736,"href":"https:\/\/www.tipard.de\/blog\/wp-json\/wp\/v2\/pages\/1684\/revisions\/1736"}],"wp:attachment":[{"href":"https:\/\/www.tipard.de\/blog\/wp-json\/wp\/v2\/media?parent=1684"}],"curies":[{"name":"wp","href":"https:\/\/api.w.org\/{rel}","templated":true}]}}