{"id":1660,"date":"2018-09-22T15:45:17","date_gmt":"2018-09-22T15:45:17","guid":{"rendered":"http:\/\/www.tipard.de\/blog\/?page_id=1660"},"modified":"2018-10-03T10:15:33","modified_gmt":"2018-10-03T10:15:33","slug":"die-top-5-audiorecorder-programme-aus-2017-fuer-einfaches-aufnehmen-von-gestreamten-audiodateien","status":"publish","type":"page","link":"https:\/\/www.tipard.de\/blog\/die-top-5-audiorecorder-programme-aus-2017-fuer-einfaches-aufnehmen-von-gestreamten-audiodateien\/","title":{"rendered":"Die Top 5 Programme f\u00fcr simples Aufnehmen von gestreamten Audiodateien"},"content":{"rendered":"<p>Streaming Audiorecorder sind n\u00fctzlich um Musik herunterzuladen und offline zu h\u00f6ren. Steamingdienste gewinnen an Bekanntheit und ziehen eine gro\u00dfe Zuh\u00f6rerschaft an. Ungl\u00fccklicherweise unterst\u00fctzen wenige Streamingdienste den download der Musik. Mit den folgenden Programmen sind Sie in der Lage genau das zu tun, ohne etwas daf\u00fcr zu bezahlen.<\/p>\n<p>Wenn Sie nach Audiorecordern oder Audio downloadern googeln werden Sie schnell feststellen wie gro\u00df und un\u00fcbersichtlich der Markt ist. Um Ihnen Zeit zu sparen haben wir eine Liste der besten 5 Programme laut Testergebnissen f\u00fcr Sie aufgelistet.<\/p>\n<p>&nbsp;<\/p>\n<h4><img loading=\"lazy\" decoding=\"async\" class=\"size-full wp-image-1641 aligncenter\" src=\"http:\/\/www.tipard.de\/blog\/wp-content\/uploads\/2018\/09\/tp-screen-capture.jpg\" alt=\"\" width=\"600\" height=\"160\" srcset=\"https:\/\/www.tipard.de\/blog\/wp-content\/uploads\/2018\/09\/tp-screen-capture.jpg 600w, https:\/\/www.tipard.de\/blog\/wp-content\/uploads\/2018\/09\/tp-screen-capture-300x80.jpg 300w\" sizes=\"auto, (max-width: 600px) 100vw, 600px\" \/><\/h4>\n<h3><a href=\"http:\/\/www.tipard.de\/screen-capture\/\">Tipard Screen Capture<\/a><\/h3>\n<p><a href=\"http:\/\/www.tipard.de\/screen-capture\/\">Tipard Screen Capture<\/a> ist der praktischste Streaming Audio Recorder. Das Interface ist f\u00fcr jeden Benutzer zug\u00e4nglich. Das bemerkenswerte Feature dieses Programmes ist es, die Dateien in h\u00f6chster Qualit\u00e4t aufzunehmen. Rauschen und dumper Sound geh\u00f6ren der Vergangenheit an. Im Folgenden sehen Sie weitere n\u00fctzliche Funktionen.<\/p>\n<p>1.) Die Qualit\u00e4t der Aufnahme entspricht zu 100% dem Original<\/p>\n<p>2.) Es unterst\u00fctzt die Aufnahme von System Sound und Mikrofns Sound gleichzeitig aber auch getrennt voneinander.<\/p>\n<p>3.) Es gibt kein Aufnahmelimit und Sie k\u00f6nnen die Laufzeit der Datei in Echtzeit verfolgen.<\/p>\n<p>4.) Das Programm ist f\u00fcr die meisten Windows Versionen, Windows 10 eingeschlossen, verf\u00fcgbar.<\/p>\n<p>5.) Der Export in hochqualitative Audioformate wie MP4, AAC, M4A und WMA wird unterst\u00fctzt.<\/p>\n<p>Zusammengefasst: <a href=\"http:\/\/www.tipard.de\/screen-capture\/\">Tipard Screen Capture<\/a> kann all Ihre Forderungen vereinen. Sobald Sie online Musik entdecken die Sie auch offline h\u00f6ren wollen, nutzen Sie Screen Capture um diese aufzunehmen und kurze Zeit sp\u00e4ter haben Sie alles was Sie wollen.<\/p>\n<p><img loading=\"lazy\" decoding=\"async\" class=\"size-full wp-image-1638 aligncenter\" src=\"http:\/\/www.tipard.de\/blog\/wp-content\/uploads\/2018\/09\/audio-hijack-for-mac.jpg\" alt=\"\" width=\"600\" height=\"434\" srcset=\"https:\/\/www.tipard.de\/blog\/wp-content\/uploads\/2018\/09\/audio-hijack-for-mac.jpg 600w, https:\/\/www.tipard.de\/blog\/wp-content\/uploads\/2018\/09\/audio-hijack-for-mac-300x217.jpg 300w\" sizes=\"auto, (max-width: 600px) 100vw, 600px\" \/><\/p>\n<h3>Audio Hijack for Mac<\/h3>\n<p>Audio Hijack for Mac ist f\u00fcr den Gebrauch auf Mac Computern gedacht. Mit diesem Programm kann jeglicher Sound aufgenommen werden. Von Mikrofonen bis zu Streamimgdiensten. Zus\u00e4tzlich hat es noch Funktionen integriert, die sich mit weiteren Funktionen von Mac OS kombinieren lassen. Wenn Sie Audiodateien in guter Qualit\u00e4t auf dem Mac aufnehmen wollen kommen Sie um dieses Programm nicht herum. Im Weiteren stellen wir Ihnen andere Grundfunktionen des Programmes vor.<\/p>\n<p>1.) Audio Hijack for Mac ist sehr einfach in der Handhabung. Es braucht nur einen Klick um die gw\u00fcschte Datei aufzunehmen.<\/p>\n<p>2.) Es unterst\u00fctzt verschiedene Input-Quellen wie Computer, Mikrofone, QuickTime Player, iTunes, Safari, DVD Player, iChat, Skype und vieles Mehr.<\/p>\n<p>3.) Der eingebaute Timer sorgt daf\u00fcr, dass die Aufnahme automatisch gestartet wird. Dies kann sehr n\u00fctzlich sein bei der Aufnahme von Streamingaudio.<\/p>\n<p>4.) Es bef\u00e4higt Nutzer die Aufnahme voll und ganz unter Kontrolle zu behalten. Sie k\u00f6nnen die L\u00e4nge jeder Aufnahme bestimmen und andere Dinge wie Effekte hinzuf\u00fcgen.<\/p>\n<p>5.) Das Programm unterst\u00fctzt nicht nur g\u00e4ngige Formate wie MP3 sondern auch AIFF Dateien. Mit diesem Format ist es m\u00f6glich CDS zu brennen.<\/p>\n<p><img loading=\"lazy\" decoding=\"async\" class=\"size-full wp-image-1637 aligncenter\" src=\"http:\/\/www.tipard.de\/blog\/wp-content\/uploads\/2018\/09\/aktiv-mp3-recorder.jpg\" alt=\"\" width=\"600\" height=\"404\" srcset=\"https:\/\/www.tipard.de\/blog\/wp-content\/uploads\/2018\/09\/aktiv-mp3-recorder.jpg 600w, https:\/\/www.tipard.de\/blog\/wp-content\/uploads\/2018\/09\/aktiv-mp3-recorder-300x202.jpg 300w\" sizes=\"auto, (max-width: 600px) 100vw, 600px\" \/><\/p>\n<h3>Aktiv MP3 Recorder<\/h3>\n<p>Aktive MP3 Recorder ist ein kostenloser Audiorecorder. Das Interface ist weniger pr\u00e4zise da alle Funktionen in einem Fenster untergebracht werden aber das Layout ist \u00fcbersichtlich. Es unterscheidet zwischen den unterschiedlichen Arten der Einstellungen mit klaren Grenzen. Die umfangreichen Funktionen k\u00f6nnen mit etwas Ruhe ausprobiert werden. Nun die Hauptfunktionen von Aktiv MP3 Recorder:<\/p>\n<p>&nbsp;<\/p>\n<h3>So nehmen Sie 8 Spuren mit Adobe Audition CC auf<\/h3>\n<p>1.) W\u00e4hrend Sie online Streamingdienste benutzen, nimmt Aktive MP3 Recorder diesen mit nur einem Klick auf.<\/p>\n<p>2.) Einmal installiert und ge\u00f6ffnet, wird es sich automatisch bei Bedarf zur Verf\u00fcgung stellen.<\/p>\n<p>3.) Es ist mit diversen Funktionen ausgestattet, um die Aufnahme zu steuern. Darunter die Lautst\u00e4rke des linken und rechten Kanals, Input, Output Format, Qualit\u00e4t und Vlieses mehr.<\/p>\n<p>4.) Das Alleinstellungsmerkmal ist die Silence Detection, dieses erlaubt Ihnen w\u00e4hrend der Aufnahme zu stoppen, Passagen zu \u00fcberspringen oder zu abzutrennen, sollte es zu ungewollter Stille in der Aufnahme kommen.<\/p>\n<p>5.) Man kann die L\u00e4nge der Aufnahme immer sehen und fr\u00fch genug die maximale Aufnahmel\u00e4nge bestimmen.<\/p>\n<p>Nach der Aufnahme kann man sie in das gew\u00fcnschte Format wie WAV, MP3, WMA, OGG, AU, VOX oder AIFF konvertieren und speichern.<\/p>\n<p><img loading=\"lazy\" decoding=\"async\" class=\"size-full wp-image-1639 aligncenter\" src=\"http:\/\/www.tipard.de\/blog\/wp-content\/uploads\/2018\/09\/screamer-radio.jpg\" alt=\"\" width=\"600\" height=\"355\" srcset=\"https:\/\/www.tipard.de\/blog\/wp-content\/uploads\/2018\/09\/screamer-radio.jpg 600w, https:\/\/www.tipard.de\/blog\/wp-content\/uploads\/2018\/09\/screamer-radio-300x178.jpg 300w\" sizes=\"auto, (max-width: 600px) 100vw, 600px\" \/><\/p>\n<h3>Screamer Radio<\/h3>\n<p>Screamer Radio ist ein spezieller Audiorecorder, da er simpler gehalten ist und die CPU des PCs weniger beansprucht als andere Programme. Es kann trotzdem jedes Streamingformat aufnehmen. Wenn das Programm arbeitet kann man es im Hintergrund laufen lassen fast ohne zu merken, dass es \u00fcberhaupt arbeitet. Auch wenn es nicht die sch\u00f6nste Oberfl\u00e4che hat, ist es einfach zu nutzen. Nachdem die Aufnahme gestartet ist, versieht es die Datei automatisch mit dem Namen des Interpreten und anderen Informationen zu dem Lied.<\/p>\n<p>&nbsp;<\/p>\n<p>Die einfachen Funktionen von Screamer Radio beinhalten:<\/p>\n<p>1.) Es ist nur f\u00fcr Windows verf\u00fcgbar.<\/p>\n<p>2.) Die Software nimmt nicht viel Leistung des Computers in Anspruch<\/p>\n<p>3.) Man kann die Musik vom integrierten Radio aufnehmen oder einfach eine URL eingeben.<\/p>\n<p>4.) Alle Dateien werden automatisch als MP3 gespeichert.<\/p>\n<p>5.) Zus\u00e4tzlich zur Musik werden auch Namen des Interpreten und andere Informationen \u00fcber das Lied gespeichert.<\/p>\n<p>6.) Sie haben die M\u00f6glichkeit, w\u00e4hrend einer Aufnahme mehrere Dateien aus dieser zu erstellen.<\/p>\n<p>Wenn Sie nach einem Programm suchen, das einfach in der Handhabung ist, k\u00f6nnen wir Screamer Radio empfehlen.<\/p>\n<p><img loading=\"lazy\" decoding=\"async\" class=\"size-full wp-image-1640 aligncenter\" src=\"http:\/\/www.tipard.de\/blog\/wp-content\/uploads\/2018\/09\/streamosaur.jpg\" alt=\"\" width=\"600\" height=\"426\" srcset=\"https:\/\/www.tipard.de\/blog\/wp-content\/uploads\/2018\/09\/streamosaur.jpg 600w, https:\/\/www.tipard.de\/blog\/wp-content\/uploads\/2018\/09\/streamosaur-300x213.jpg 300w\" sizes=\"auto, (max-width: 600px) 100vw, 600px\" \/><\/p>\n<h3>Streamosaur<\/h3>\n<p>Streamosaur ist ein portabel Audiorecorder. Es bedarf f\u00fcr die Nutzung keine Installation auf dem PC. Nachdem man die Datei in einen Ordner transferiert hat und die exe Datei \u00f6ffnet, steht der Nutzung nichts mehr im Weg. Erfahren Sie weitere tolle Eigenschaften von Streamosaur.<\/p>\n<p>1.) Es ist sehr einfach zu handhaben. Sie m\u00fcssen nur den Aufnahmeknopf dr\u00fccken.<\/p>\n<p>2.) Streamosaur unterst\u00fctz die Aufnahme jeglichen Audiooutputs Ihres PCs.<\/p>\n<p>3.) Sie k\u00f6nnen im Vorhinein festlegen an welchem Ort die Datei gespeichert werden soll.<\/p>\n<p>4.) Die beiden Format Optionen f\u00fcr die Dateien sind MP3 und WAV.<\/p>\n<p>5.) L\u00e4nge und Lautst\u00e4rke der Aufnahme werden direkt bei der Aufnahme angezeigt.<\/p>\n<p>6.) Streamosaur erlaubt es unbegrenzte L\u00e4ngen aufzunehmen.<\/p>\n<p>Nachdem die Aufnahme angehalten wird, speichert das Programm die Datei automatisch. Wenn Sie keine Software auf Ihrem Ger\u00e4t installieren m\u00f6chten und ein Freund von Cybersecurity sind, ist Streamosaur die richtige Entscheidung.<\/p>\n<p>&nbsp;<\/p>\n<h3>Fazit<\/h3>\n<p>Es wurden die top 5 Audiorecorder vorgestellt und jeder von Ihnen hat seien Alleinstellungsmerkmale. Audio Hijack for Mac bietet zum Beispiel die M\u00f6glichkeit viele Anwendungen des Macs zu kombinieren. Aktive MP3 Recorder bringt die Silence Detection mit sich. Screamer Radio beansprucht Ihren PC am geringsten und Streamosaur ben\u00f6tigt keine Installation auf dem Endger\u00e4t. Schlussendlich ist Tipard Screen Capture die beste Wahl, wenn es um das Aufnehmen von hochqualitativen Audiodateien geht.<\/p>\n","protected":false},"excerpt":{"rendered":"<p>Streaming Audiorecorder sind n\u00fctzlich um Musik herunterzuladen und offline zu h\u00f6ren. Steamingdienste gewinnen an Bekanntheit und ziehen eine gro\u00dfe Zuh\u00f6rerschaft an. Ungl\u00fccklicherweise unterst\u00fctzen wenige Streamingdienste den download der Musik. Mit den folgenden Programmen sind Sie in der Lage genau das zu tun, ohne etwas daf\u00fcr zu bezahlen. Wenn Sie nach Audiorecordern oder Audio downloadern googeln [&hellip;]<\/p>\n","protected":false},"author":1,"featured_media":0,"parent":0,"menu_order":0,"comment_status":"closed","ping_status":"closed","template":"","meta":{"footnotes":""},"class_list":["post-1660","page","type-page","status-publish","hentry"],"_links":{"self":[{"href":"https:\/\/www.tipard.de\/blog\/wp-json\/wp\/v2\/pages\/1660","targetHints":{"allow":["GET"]}}],"collection":[{"href":"https:\/\/www.tipard.de\/blog\/wp-json\/wp\/v2\/pages"}],"about":[{"href":"https:\/\/www.tipard.de\/blog\/wp-json\/wp\/v2\/types\/page"}],"author":[{"embeddable":true,"href":"https:\/\/www.tipard.de\/blog\/wp-json\/wp\/v2\/users\/1"}],"replies":[{"embeddable":true,"href":"https:\/\/www.tipard.de\/blog\/wp-json\/wp\/v2\/comments?post=1660"}],"version-history":[{"count":3,"href":"https:\/\/www.tipard.de\/blog\/wp-json\/wp\/v2\/pages\/1660\/revisions"}],"predecessor-version":[{"id":1738,"href":"https:\/\/www.tipard.de\/blog\/wp-json\/wp\/v2\/pages\/1660\/revisions\/1738"}],"wp:attachment":[{"href":"https:\/\/www.tipard.de\/blog\/wp-json\/wp\/v2\/media?parent=1660"}],"curies":[{"name":"wp","href":"https:\/\/api.w.org\/{rel}","templated":true}]}}