{"id":1656,"date":"2018-09-22T15:40:57","date_gmt":"2018-09-22T15:40:57","guid":{"rendered":"http:\/\/www.tipard.de\/blog\/?page_id=1656"},"modified":"2018-10-03T10:14:58","modified_gmt":"2018-10-03T10:14:58","slug":"die-top-5-audiograbber-programme-um-sounddateien-von-streaminganbietern-aufzunehmen","status":"publish","type":"page","link":"https:\/\/www.tipard.de\/blog\/die-top-5-audiograbber-programme-um-sounddateien-von-streaminganbietern-aufzunehmen\/","title":{"rendered":"Die Top 5 Programme um Sounddateien von Streaminganbietern aufzunehmen"},"content":{"rendered":"<p>Statt der herk\u00f6mmlichen Variante CDs und DVDs zu nutzen, um Inhalte abzuspielen gewinnen Streamingseiten immer mehr an Popularit\u00e4t. Diese erm\u00f6glichen schnell und einfach an alle Musik- und Audiodateien zu gelangen. Einen gro\u00dfen Nachteil bieten diese Seiten allerdings, denn die Inhalte k\u00f6nnen offline nicht wiedergegeben werden. Dieser Artikel stellt die 5 besten Audiograbber Programme vor, um diesem Problem mit Leichtigkeit entgegen zu wirken.<\/p>\n<h2><a href=\"http:\/\/www.tipard.de\/screen-capture\/\">Tipard Screen Capture<\/a><\/h2>\n<p><a href=\"http:\/\/www.tipard.de\/screen-capture\/\">Tipard Screen Capture<\/a> ist die All-in-one L\u00f6sung um Inhalte von Streamingplattformen herunterzuladen. Es handelt sich hierbei nicht nur um eine Audio- sondern auch Videoecorder, mit dem man die Dateien in bester Qualit\u00e4t aufnehmen kann. Neben diesen Eigenschaften kann man das Programm auch zur Aufnahme seiner eigenen Stimme verwenden. Im Folgenden finden Sie mehr Features, falls Ihnen das Programm zusagt.<\/p>\n<p>1.) Tipard Screen Capture ist in der Lage Audiodateien sowohl von Streaming Plattformen als auch von CDs und DVDs aufzunehmen.<\/p>\n<p>2.) Es funktioniert au\u00dferdem mit MTV, allen anderen Videodateien. Man kann auch eine benutzerdefinierte, einfach zu bedienenden Oberfl\u00e4che erstellen.<\/p>\n<p>3.) Es dient zus\u00e4tzlich auch als Aufnahmeger\u00e4t, um die eigenen Stimme mit einem Mikrofon in exzellenter Qualit\u00e4t aufzunehmen.<\/p>\n<p>4.) Das Setzen des Mauszeigers an einer beliebigen Stelle in der Aufnahmespur, erm\u00f6glicht das einfache Ausw\u00e4hlen bestimmter Abschnitte auch bei langen Audiospuren.<\/p>\n<p>5.) Eine benutzerfreundliche Oberfl\u00e4che und einfache Handhabung lassen den Nutzer mit nur ein paar Klicks seine gew\u00fcnschten Audio- und Videodateien aufzunehmen.<\/p>\n<h3>So nehmen Sie Audiodateien mit <a href=\"http:\/\/www.tipard.de\/screen-capture\/\">Tipard Screen Capture<\/a> auf<\/h3>\n<p class=\"Text\">Nachdem das Programm heruntergeladen und installiert wurde, kann man das Programm wie folgt starten um Audiodateien von online Streamingdiensten herunterzuladen:<\/p>\n<div class=\"article-steps\"><br \/>\n<div class=\"article-step\"><div class=\"context\"><h3><span class=\"stepShield\">Schritt 1<\/span>Rufen Sie eine online Streamingdienst auf<\/h3> Wenn Sie Audiodateien von Youtube herunterladen m\u00f6chten, \u00f6ffnen Sie einfach den Link mit der gew\u00fcnschten Datei und spielen diese ab. <\/div><img loading=\"lazy\" decoding=\"async\" width=\"400\" height=\"105\" src=\"https:\/\/www.tipard.de\/blog\/wp-content\/uploads\/2018\/09\/step-1.jpg\" class=\"preview\" alt=\"Rufen Sie eine online Streamingdienst auf\" srcset=\"https:\/\/www.tipard.de\/blog\/wp-content\/uploads\/2018\/09\/step-1.jpg 600w, https:\/\/www.tipard.de\/blog\/wp-content\/uploads\/2018\/09\/step-1-300x79.jpg 300w\" sizes=\"auto, (max-width: 400px) 100vw, 400px\" \/><\/div><br \/>\n<div class=\"article-step reverse\"><div class=\"context\"><h3><span class=\"stepShield\">Schritt 2<\/span>W\u00e4hlen Sie die Audioquelle aus, mit der die Software arbeiten soll<\/h3> Starten Sie Tipard Screen Recorder, w\u00e4hlen Sie die Audioquelle, die aufgenommen werden soll, indem System Audio oder Mikrofon Audio anklicken. Beide Optionen lassen sich auch f\u00fcr die Aufnahme der eignen Stimme nutzen. <\/div><img loading=\"lazy\" decoding=\"async\" width=\"400\" height=\"106\" src=\"https:\/\/www.tipard.de\/blog\/wp-content\/uploads\/2018\/09\/step2.jpg\" class=\"preview\" alt=\"W\u00e4hlen Sie die Audioquelle aus, mit der die Software arbeiten soll\" srcset=\"https:\/\/www.tipard.de\/blog\/wp-content\/uploads\/2018\/09\/step2.jpg 600w, https:\/\/www.tipard.de\/blog\/wp-content\/uploads\/2018\/09\/step2-300x80.jpg 300w\" sizes=\"auto, (max-width: 400px) 100vw, 400px\" \/><\/div><br \/>\n<div class=\"article-step\"><div class=\"context\"><h3><span class=\"stepShield\">Schritt 3<\/span>Beginn des Herunterladens von Audiodateien auf online Streamingplattformen<\/h3> Jetzt k\u00f6nnen Sie ganz einfach Audiodateien von Streamingplattormen herunterladen, indem Sie den Startknopf anklicken. Erneutes klicken des Knopfs beendet den Aufnahmeprozess und stellt die Datei zur Verf\u00fcgung. <\/div><img loading=\"lazy\" decoding=\"async\" width=\"400\" height=\"231\" src=\"https:\/\/www.tipard.de\/blog\/wp-content\/uploads\/2018\/09\/step-3.jpg\" class=\"preview\" alt=\"Beginn des Herunterladens von Audiodateien auf online Streamingplattformen\" srcset=\"https:\/\/www.tipard.de\/blog\/wp-content\/uploads\/2018\/09\/step-3.jpg 600w, https:\/\/www.tipard.de\/blog\/wp-content\/uploads\/2018\/09\/step-3-300x174.jpg 300w\" sizes=\"auto, (max-width: 400px) 100vw, 400px\" \/><\/div><br \/>\n<\/div>\n<p>Um Dateien von CDs und DVDs mit DRM protection aufnehmen zu k\u00f6nnen, m\u00fcssen diese nicht gerippt werden. Es bedarf nur ein paar simplen Schritten.<\/p>\n<p>&nbsp;<\/p>\n<h3>Songr<\/h3>\n<p>Songr ist ein weiterer Audiograbber um nach Musikdateien zu suchen und diese zu herunterzuladen. Sie k\u00f6nnen die Songtexte verschiedenster Websites mit Songr finden, indem Sie Schlagw\u00f6rter, Namen der Interpreten, des Albums oder anderes eingeben. Das pragmatische Interface funktioniert reibungslos um an die gew\u00fcnschten Dateien zu gelangen.<\/p>\n<h3>So nehmen Sie Musik mit 8 Spuren in Audacity auf<\/h3>\n<p>1.) Die umfangreiche Suchmaschine hilft Ihnen die Songtexte Ihrer Lieblingslieder auf verschiedene Websites ausfindig zu machen.<\/p>\n<p>2.) Es gibt vier Methoden um an den Songtext, den Titel, den Namen des Interpreten, das Album oder sogar nur Teile von Songtexten zu gelangen.<\/p>\n<p>3.) Das Programm bietet die Versionen des Suchergebnisses in einer Reihenfolge, abh\u00e4ngig von Spieldauer und Bitrate an.<\/p>\n<p>4.) Songr hat au\u00dferdem eine Rangliste integriert, welche die Suchergebnisse den Suchkriterien entprechend auflistet.<\/p>\n<h3>MP3JAM<\/h3>\n<p>MP3JAM ist ein weiteres Audiograbber Programm, welches Sie in Erw\u00e4hgung ziehen sollten, wenn Sie Musikdateien herunterladen m\u00f6chten. Das Programm ist in der Lage die legalen Quellen von BitTorrent Seiten oder built-in P2P Algorithmen zu finden. Wenn Sie Musikdateien ohne DRM protection herunterladen wollen, ist MP3JAM das Programm f\u00fcr Sie.<\/p>\n<h3>So nehmen Sie Musik mit 8 Spuren in Adobe Audition CC auf<\/h3>\n<p>1.) Es erm\u00f6glicht ihnen einfach sowohl ganze Alben, als auch einzelne Lieder aus dem Album zu downloaden.<\/p>\n<p>2.) Das Programm ist 100% Werbefrei und kostenlos.<\/p>\n<p>3.) Mit der multi-thread Unterst\u00fctzung der Software k\u00f6nnen Sie mehrere Dateien gleichzeitig downloaden.<\/p>\n<p>4.) Mit dem integrierte Player integrierten Player k\u00f6nnen Sie Musik direkt im Programm abspielen, ohne l\u00e4stige Zusatzprogramme zu installieren.<\/p>\n<h3>Freemake Youtube to MP3 Boom<\/h3>\n<p>Freemake Youtube to MP3 Boom ist ein einfaches Tool um Dateien von Youtube zu bekommen. Sie k\u00f6nnen sehr schnell Musik downloaden, ohne dabei die Leistung Ihres PCs einzuschr\u00e4nken. Es ist sehr leicht zu bedienen, aber daf\u00fcr sind weniger Extrafunktionen integriert.<\/p>\n<p>1.) Wie auch die anderen Aufnahmeprogramme hat Freemake Youtube to MP3 Boom eine weitl\u00e4ufige Suchmaschine.<\/p>\n<p>2.) Durch die Eingabe von Hashtags k\u00f6nnen Sie sogar an die Songtexte der Lieder gelangen ohen den Titel des Liedes zu kennen.<\/p>\n<p>3.) Die M\u00f6glichkeit den gew\u00fcnschten Song herunterzuladen geht ebenfalls mit dem Programm einher.<\/p>\n<p>4.) Ein weiteres lukratives Feature ist die Funktion des Teiles auf Social Media, mit der Sie Ihre Lieblingssongs auf Facebook und Twitter teilen k\u00f6nnen.<\/p>\n<h3>Forstwire<\/h3>\n<p>Forstwire ist ein Audiograbber der f\u00fcr Windows und Android daher kommt. Sie k\u00f6nnen Dateien suchen und direkt von BitTorrent oder von Cloud Sources herunterladen. Wenn Sie die Datei direkt auf Ihrem Android Ger\u00e4t downloaden und abspielen wollen, m\u00fcssen Sie diese an keinem bestimmten Ort speichern. Es folgen weitere interessante Eigenschaften des Programmes.<\/p>\n<p>1.) Das Programm bedient sich verschiedenster Torrent und Cloud Source Suchmaschinen und verbindet diese um ein bestm\u00f6gliches Suchergebnis zu liefern.<\/p>\n<p>2.) Sie k\u00f6nnen mit Forstwire au\u00dferdem eine Vorschau abspielen und es auch als Player verwenden.<\/p>\n<p>3.) Da es verschiedene Arten von Musikdateien gibt, k\u00f6nnen Sie zwischen dem Download einer einzelnen Datei oder des gesamten Torrent Paketes w\u00e4hlen.<\/p>\n<p>4.) Der Audiograbber bietet au\u00dferdem Playlists und eine Gestensteuerung f\u00fcr den Audioplayer um die Nutzung im Auto zu erleichtern.<\/p>\n<p>&nbsp;<\/p>\n<h2>Fazit<\/h2>\n<p>Wenn Sie ausschlie\u00dflich einen Audiograbber suchen mit dem Sie Dateien von einer URL downloaden und zu einer MP3 Datei umwandeln k\u00f6nnen, wird jedes der oben genannte Programme Ihren Bed\u00fcrfnissen gerecht werden. Der DRM und anderen Einschr\u00e4nkungen geschuldet, k\u00f6nnte es passieren, dass der Download von Songtexten nicht kostenfrei ist. Wenn Sie die gesuchten Songtexte. Alternativ k\u00f6nnen die gew\u00fcnschten Lyrics mit Songr oder anderer Software gefunden werden und dann durch ein paar Klicks mit Tipard Screen Capture aufgenommen werden. Das wichtigste ist, dass das Programm ebenfalls Audiodateien von DVDs und CDs aufnehmen kann, weshalb es das vielseitigste von allen genannten ist und es am besten funktioniert um an alle Arten von Musikdateien zu gelangen.<\/p>\n<p>&nbsp;<\/p>\n","protected":false},"excerpt":{"rendered":"<p>Statt der herk\u00f6mmlichen Variante CDs und DVDs zu nutzen, um Inhalte abzuspielen gewinnen Streamingseiten immer mehr an Popularit\u00e4t. Diese erm\u00f6glichen schnell und einfach an alle Musik- und Audiodateien zu gelangen. Einen gro\u00dfen Nachteil bieten diese Seiten allerdings, denn die Inhalte k\u00f6nnen offline nicht wiedergegeben werden. Dieser Artikel stellt die 5 besten Audiograbber Programme vor, um [&hellip;]<\/p>\n","protected":false},"author":1,"featured_media":0,"parent":0,"menu_order":0,"comment_status":"closed","ping_status":"closed","template":"","meta":{"footnotes":""},"class_list":["post-1656","page","type-page","status-publish","hentry"],"_links":{"self":[{"href":"https:\/\/www.tipard.de\/blog\/wp-json\/wp\/v2\/pages\/1656","targetHints":{"allow":["GET"]}}],"collection":[{"href":"https:\/\/www.tipard.de\/blog\/wp-json\/wp\/v2\/pages"}],"about":[{"href":"https:\/\/www.tipard.de\/blog\/wp-json\/wp\/v2\/types\/page"}],"author":[{"embeddable":true,"href":"https:\/\/www.tipard.de\/blog\/wp-json\/wp\/v2\/users\/1"}],"replies":[{"embeddable":true,"href":"https:\/\/www.tipard.de\/blog\/wp-json\/wp\/v2\/comments?post=1656"}],"version-history":[{"count":4,"href":"https:\/\/www.tipard.de\/blog\/wp-json\/wp\/v2\/pages\/1656\/revisions"}],"predecessor-version":[{"id":1737,"href":"https:\/\/www.tipard.de\/blog\/wp-json\/wp\/v2\/pages\/1656\/revisions\/1737"}],"wp:attachment":[{"href":"https:\/\/www.tipard.de\/blog\/wp-json\/wp\/v2\/media?parent=1656"}],"curies":[{"name":"wp","href":"https:\/\/api.w.org\/{rel}","templated":true}]}}