{"id":1626,"date":"2018-09-06T15:47:24","date_gmt":"2018-09-06T15:47:24","guid":{"rendered":"http:\/\/www.tipard.de\/blog\/?page_id=1626"},"modified":"2018-12-28T19:41:54","modified_gmt":"2018-12-28T19:41:54","slug":"zeitschrift-aktion-v8sdv","status":"publish","type":"page","link":"https:\/\/www.tipard.de\/blog\/zeitschrift-aktion-v8sdv\/","title":{"rendered":"Magazin Registration &#8211; iPhone Data Recovery"},"content":{"rendered":"<div style=\"display: flex;\">\n<img loading=\"lazy\" decoding=\"async\" src=\"http:\/\/www.tipard.de\/blog\/wp-content\/uploads\/2018\/09\/BRS000144-PMTDR18_Boxshot_2D.jpg\" alt=\"\" width=\"642\" height=\"1000\" class=\"alignnone size-full wp-image-1628\" style=\"width: 193px!important; min-width: 193px; height: 300px; margin-right: 15px; border: 1px solid #0080C0;\" srcset=\"https:\/\/www.tipard.de\/blog\/wp-content\/uploads\/2018\/09\/BRS000144-PMTDR18_Boxshot_2D.jpg 642w, https:\/\/www.tipard.de\/blog\/wp-content\/uploads\/2018\/09\/BRS000144-PMTDR18_Boxshot_2D-193x300.jpg 193w\" sizes=\"auto, (max-width: 642px) 100vw, 642px\" \/><\/p>\n<div>\n<h2 style=\"text-align: left;\">Tipard iPhone Data Recovery<\/h2>\n<p style=\"text-align: left;\">\nTipard iPhone Data Recovery ist eine tolle iOS Datenrettungssoftware f\u00fcr iPhone, iPad und iPod Nutzer. Sie hilft Ihnen dabei gel\u00f6schte iOS Fotos, Nachrichten, Kontakte, Notizen und andere Daten von Ihren iOS Ger\u00e4ten wiederherzustellen.<\/p>\n<ul style=\"padding: 0 0 0 35px!important;\">\n<li style=\"list-style: disc!important;\">Gel\u00f6schte SMS\/Kontakte\/Fotos etc. von iPhone\/iPad\/iPod retten<\/li>\n<li style=\"list-style: disc!important;\">Verlorene iPhone\/iPad\/iPod Daten aus iTunes Backups gewinnen<\/li>\n<li style=\"list-style: disc!important;\">Gel\u00f6schte Daten aus der iCloud wiederherstellen<\/li>\n<li style=\"list-style: disc!important;\">Unterst\u00fctzt alle iOS Ger\u00e4te, wie iPhone 6\/6 Plus\/5s, iPad Air\/mini 2, iPod Touch 5<\/li>\n<li style=\"list-style: disc!important;\">Kompatibel mit iOS 8\/7\/6<\/li>\n<\/ul>\n<\/div>\n<\/div>\n<p style=\"text-align: center; font-weight: bold;\">F\u00fcllen Sie das untenstehende Formular aus um Ihren kostenlosen Lizenzschl\u00fcssel zu erhalten!<\/p>\n<\/p>\n<div style=\"background-color: rgba(252, 248, 227, 1);color: rgba(138, 109, 59, 1);padding: 5px;margin-bottom: 18px;border: 1px solid rgba(250, 242, 204, 1);\">Diese Aktion ist bereits vorbei.<br \/>Wir danken f\u00fcr das zahlreiche Interesse an unserer Software!<\/span><\/div>\n<p>\n<div style=\"display: flex; border: 1px solid #306eff; background-color: rgba(45,110,255,0.6); color: #fff; min-height: 200px; padding: 5px; border-right: 1px solid #306eff; margin: 0 auto;\">\n<p><img loading=\"lazy\" decoding=\"async\" class=\"alignnone size-full wp-image-1552\" style=\"width: 193px!important; min-width: 193px; height: 300px; border: 1px solid #0db1ee; margin-right: 15px;\" src=\"http:\/\/www.tipard.de\/blog\/wp-content\/uploads\/2018\/07\/BRS000138-PMTPVCU18_Boxshot_2D.jpg\" alt=\"\" width=\"747\" height=\"1000\" srcset=\"https:\/\/www.tipard.de\/blog\/wp-content\/uploads\/2018\/07\/BRS000138-PMTPVCU18_Boxshot_2D.jpg 747w, https:\/\/www.tipard.de\/blog\/wp-content\/uploads\/2018\/07\/BRS000138-PMTPVCU18_Boxshot_2D-224x300.jpg 224w\" sizes=\"auto, (max-width: 747px) 100vw, 747px\" \/><\/p>\n<div>\n<h2 style=\"text-align: left; color: #ff0000; padding-top: 0px;\">Sonderangebot -50% Rabatt!<\/h2>\n<h2 style=\"text-align: left; color: #fff; padding-top: 0px;\">Tipard Video Converter Ultimate<\/h2>\n<p style=\"text-align: left; color: #fff;\">Tipard Video Converter Ultimate ist ein der modernsten und professionellsten Werkzeuge zur Videokonvertierung. Es wandelt Ihre Videos, Clips und DVDs in nahezu jedes Format um, l\u00e4dt Videos herunterladen, und konvertiert Video, DVD f\u00fcr iPhone, iPad und andere tragbaren Ger\u00e4te.<\/p>\n<p><span style=\"color: darkred;\">Nur 24,99 EUR <small>inkl. MwSt<\/small> statt <s>49,99 EUR<\/s><\/span><br \/>\n<a class=\"button orange money-back\" href=\"https:\/\/secure.avangate.com\/order\/checkout.php?PRODS=4656101&amp;OPTIONS4656101=LFT&amp;QTY=1&amp;CART=2&amp;COUPON=TIPADEGO\">Jetzt Kaufen<\/a><\/p>\n<\/div>\n<\/div>\n<style>\na.button.orange {<br \/>\n    color: #fff;<br \/>\n    font-family: 'TitilliumText22LRegular', sans-serif;<br \/>\n    font-size:18px;<br \/>\n    -webkit-border-radius: 5px;<br \/>\n    -moz-border-radius: 5px;<br \/>\n    border-radius: 5px;<br \/>\n    display: inline-block;<br \/>\n    padding: 5px 20px;<br \/>\n    line-height:1.0;<br \/>\n    margin-bottom: 5px;<br \/>\n    background-image: -webkit-linear-gradient(#f89902, #e99002 6%, #da8702);<br \/>\n    background-image: -o-linear-gradient(#f89902, #e99002 6%, #da8702);<br \/>\n    background-image: -webkit-gradient(linear, left top, left bottom, from(#f89902), color-stop(6%, #e99002), to(#da8702));<br \/>\n    background-image: linear-gradient(#f89902, #e99002 6%, #da8702);<br \/>\n    background-repeat: no-repeat;<br \/>\n    filter: progid:DXImageTransform.Microsoft.gradient(startColorstr='#fff89902', endColorstr='#ffda8702', GradientType=0);<br \/>\n    -webkit-filter: none;<br \/>\n    filter: none;<br \/>\n    border: 1px solid #b67102;<br \/>\n}<br \/>\na.button:hover {<br \/>\n    text-decoration: none;<br \/>\n    color: #ddd;<br \/>\n}<br \/>\n.button.money-back {<br \/>\n    position: relative;<br \/>\n    margin: 25px!important;<br \/>\n}<br \/>\n.button.money-back:after {<br \/>\n    position: absolute;<br \/>\n    top: -18px;<br \/>\n    right: -55px;<br \/>\n    content: \"\";<br \/>\n    background-image: url(http:\/\/www.tipard.de\/blog\/wp-content\/uploads\/2018\/07\/money-back.png);<br \/>\n    background-repeat: no-repeat;<br \/>\n    height: 72px;<br \/>\n    width: 72px;<br \/>\n    display: block;<br \/>\n}<\/style>\n<p><!--noyarpp--><\/p>\n","protected":false},"excerpt":{"rendered":"<p>Tipard iPhone Data Recovery Tipard iPhone Data Recovery ist eine tolle iOS Datenrettungssoftware f\u00fcr iPhone, iPad und iPod Nutzer. Sie hilft Ihnen dabei gel\u00f6schte iOS Fotos, Nachrichten, Kontakte, Notizen und andere Daten von Ihren iOS Ger\u00e4ten wiederherzustellen. Gel\u00f6schte SMS\/Kontakte\/Fotos etc. von iPhone\/iPad\/iPod retten Verlorene iPhone\/iPad\/iPod Daten aus iTunes Backups gewinnen Gel\u00f6schte Daten aus der iCloud [&hellip;]<\/p>\n","protected":false},"author":1,"featured_media":0,"parent":0,"menu_order":0,"comment_status":"closed","ping_status":"closed","template":"","meta":{"footnotes":""},"class_list":["post-1626","page","type-page","status-publish","hentry"],"_links":{"self":[{"href":"https:\/\/www.tipard.de\/blog\/wp-json\/wp\/v2\/pages\/1626","targetHints":{"allow":["GET"]}}],"collection":[{"href":"https:\/\/www.tipard.de\/blog\/wp-json\/wp\/v2\/pages"}],"about":[{"href":"https:\/\/www.tipard.de\/blog\/wp-json\/wp\/v2\/types\/page"}],"author":[{"embeddable":true,"href":"https:\/\/www.tipard.de\/blog\/wp-json\/wp\/v2\/users\/1"}],"replies":[{"embeddable":true,"href":"https:\/\/www.tipard.de\/blog\/wp-json\/wp\/v2\/comments?post=1626"}],"version-history":[{"count":5,"href":"https:\/\/www.tipard.de\/blog\/wp-json\/wp\/v2\/pages\/1626\/revisions"}],"predecessor-version":[{"id":1861,"href":"https:\/\/www.tipard.de\/blog\/wp-json\/wp\/v2\/pages\/1626\/revisions\/1861"}],"wp:attachment":[{"href":"https:\/\/www.tipard.de\/blog\/wp-json\/wp\/v2\/media?parent=1626"}],"curies":[{"name":"wp","href":"https:\/\/api.w.org\/{rel}","templated":true}]}}