{"id":1613,"date":"2018-09-03T16:43:33","date_gmt":"2018-09-03T16:43:33","guid":{"rendered":"http:\/\/www.tipard.de\/blog\/?page_id=1613"},"modified":"2018-09-03T16:43:33","modified_gmt":"2018-09-03T16:43:33","slug":"wie-sie-icloud-fotos-online-ansehen","status":"publish","type":"page","link":"https:\/\/www.tipard.de\/blog\/wie-sie-icloud-fotos-online-ansehen\/","title":{"rendered":"Wie Sie iCloud Fotos online ansehen"},"content":{"rendered":"<p>Sobald Sie iOS9 und h\u00f6her haben werden Ihre Fotos automatisch in die iCloud hochgeladen. Wenn Sie die iCloud Fotos online ansehen m\u00f6chten finden Sie in diesem Artikel verschiedene Methoden daf\u00fcr. Die beste Methode ist allerdings Tipard iPhone Transfer Ultimate, mit der Sie auch noch einige Anpassungen vornehmen k\u00f6nnen.<\/p>\n<p><strong>iCloud Fotos \u00fcber die offizielle iCloud Website ansehen <\/strong><\/p>\n<p>Die von Apple offizielle Methode um Fotos aus der iCloud anzusehen ist die iCloud Website. Loggen Sie sich auf der Website mit Ihrer Apple ID und Passwort ein. Hier sind jedoch einige Probleme , die auftauchen k\u00f6nnten:<\/p>\n<p>1.Wenn Sie sich Ihre iCloud Fotos ansehen finden Sie diese im PhotoStream Ordner. Allerdings nur innerhalb von 30 Tagen, sodass hunderte von \u00e4lteren Fotos nicht mehr auffindbar sind.<\/p>\n<p>2.Sie k\u00f6nnen keine Fotos aus dem PhotoStream der iCloud entfernen. Au\u00dferdem ist es sehr schwer ein iCloud Backup herunterzuladen.<\/p>\n<p><strong>Verwalten und vorschauen des iCloud PhotoStreams auf Mac oder PC <\/strong><\/p>\n<p>Um mehr iPhone Fotos zu speichern, m\u00fcssen Sie PhotoStreams in der iCloud l\u00f6schen. Anschlie\u00dfend k\u00f6nnen Sie mehr Fotos online anschauen. Wie Sie bereits merken ist das nicht gerade eine gute L\u00f6sung, sodass wir Ihnen mit Tipard iPhone Transfer Ultimate anbieten alle Fotos anzuschauen und dazu noch zu verwalten. Dies funktioniert auf dem Mac, sowie auf dem Windows Betriebssystem.<\/p>\n<p><strong>Wie Sie Fotos auf dem Mac und PC mit Tipard iPhone Transfer Ultimate ansehen<\/strong><\/p>\n<div class=\"article-steps\"><br \/>\n<div class=\"article-step\"><div class=\"context\"><h3><span class=\"stepShield\">Schritt 1<\/span>Verbinden Sie Ihr iGer\u00e4t mit der L\u00f6sung<\/h3> Downloaden und installieren Sie die neueste Version von Tipard iPhone Transfer Ultimate von der offiziellen Website. Verbinden Sie Ihr iPhone oder anderes i-Ger\u00e4t mit der L\u00f6sung. <\/div><img loading=\"lazy\" decoding=\"async\" width=\"400\" height=\"269\" src=\"https:\/\/www.tipard.de\/blog\/wp-content\/uploads\/2018\/09\/1-4.jpg\" class=\"preview\" alt=\"Verbinden Sie Ihr iGer\u00e4t mit der L\u00f6sung\" srcset=\"https:\/\/www.tipard.de\/blog\/wp-content\/uploads\/2018\/09\/1-4.jpg 400w, https:\/\/www.tipard.de\/blog\/wp-content\/uploads\/2018\/09\/1-4-300x202.jpg 300w\" sizes=\"auto, (max-width: 400px) 100vw, 400px\" \/><\/div><br \/>\n<div class=\"article-step reverse\"><div class=\"context\"><h3><span class=\"stepShield\">Schritt 2<\/span>Fotos vom iGer\u00e4t ansehen<\/h3> Sie k\u00f6nnen Fotos aus dem PhotoStream, sowie auch alle anderen Fotos aus Ihrer Fotogallerie ansehen. Alle Fotos sind in Ordner unterteilt, sodass Sie sie schnell finden k\u00f6nnen. <\/div><img loading=\"lazy\" decoding=\"async\" width=\"400\" height=\"268\" src=\"https:\/\/www.tipard.de\/blog\/wp-content\/uploads\/2018\/09\/2-4.jpg\" class=\"preview\" alt=\"Fotos vom iGer\u00e4t ansehen\" srcset=\"https:\/\/www.tipard.de\/blog\/wp-content\/uploads\/2018\/09\/2-4.jpg 400w, https:\/\/www.tipard.de\/blog\/wp-content\/uploads\/2018\/09\/2-4-300x201.jpg 300w\" sizes=\"auto, (max-width: 400px) 100vw, 400px\" \/><\/div><br \/>\n<div class=\"article-step\"><div class=\"context\"><h3><span class=\"stepShield\">Schritt 3<\/span>Fotos aus dem PhotoStream verwalten<\/h3> Wenn Sie die Fotos auf Ihren Mac oder Computer exportieren, k\u00f6nnen Sie sie von dem iPhone oder i-Ger\u00e4t l\u00f6schen, da Sie sie nun extern abgespeichert haben. <\/div><img loading=\"lazy\" decoding=\"async\" width=\"400\" height=\"113\" src=\"https:\/\/www.tipard.de\/blog\/wp-content\/uploads\/2018\/09\/3-4.jpg\" class=\"preview\" alt=\"Fotos aus dem PhotoStream verwalten\" srcset=\"https:\/\/www.tipard.de\/blog\/wp-content\/uploads\/2018\/09\/3-4.jpg 400w, https:\/\/www.tipard.de\/blog\/wp-content\/uploads\/2018\/09\/3-4-300x85.jpg 300w\" sizes=\"auto, (max-width: 400px) 100vw, 400px\" \/><\/div><br \/>\n<\/div>\n","protected":false},"excerpt":{"rendered":"<p>Sobald Sie iOS9 und h\u00f6her haben werden Ihre Fotos automatisch in die iCloud hochgeladen. Wenn Sie die iCloud Fotos online ansehen m\u00f6chten finden Sie in diesem Artikel verschiedene Methoden daf\u00fcr. Die beste Methode ist allerdings Tipard iPhone Transfer Ultimate, mit der Sie auch noch einige Anpassungen vornehmen k\u00f6nnen. iCloud Fotos \u00fcber die offizielle iCloud Website [&hellip;]<\/p>\n","protected":false},"author":1,"featured_media":0,"parent":0,"menu_order":0,"comment_status":"closed","ping_status":"closed","template":"","meta":{"footnotes":""},"class_list":["post-1613","page","type-page","status-publish","hentry"],"_links":{"self":[{"href":"https:\/\/www.tipard.de\/blog\/wp-json\/wp\/v2\/pages\/1613","targetHints":{"allow":["GET"]}}],"collection":[{"href":"https:\/\/www.tipard.de\/blog\/wp-json\/wp\/v2\/pages"}],"about":[{"href":"https:\/\/www.tipard.de\/blog\/wp-json\/wp\/v2\/types\/page"}],"author":[{"embeddable":true,"href":"https:\/\/www.tipard.de\/blog\/wp-json\/wp\/v2\/users\/1"}],"replies":[{"embeddable":true,"href":"https:\/\/www.tipard.de\/blog\/wp-json\/wp\/v2\/comments?post=1613"}],"version-history":[{"count":1,"href":"https:\/\/www.tipard.de\/blog\/wp-json\/wp\/v2\/pages\/1613\/revisions"}],"predecessor-version":[{"id":1617,"href":"https:\/\/www.tipard.de\/blog\/wp-json\/wp\/v2\/pages\/1613\/revisions\/1617"}],"wp:attachment":[{"href":"https:\/\/www.tipard.de\/blog\/wp-json\/wp\/v2\/media?parent=1613"}],"curies":[{"name":"wp","href":"https:\/\/api.w.org\/{rel}","templated":true}]}}