{"id":1602,"date":"2018-09-03T16:37:14","date_gmt":"2018-09-03T16:37:14","guid":{"rendered":"http:\/\/www.tipard.de\/blog\/?page_id=1602"},"modified":"2018-09-03T16:37:14","modified_gmt":"2018-09-03T16:37:14","slug":"wie-sie-dateien-in-itunes-zusammenfuegen","status":"publish","type":"page","link":"https:\/\/www.tipard.de\/blog\/wie-sie-dateien-in-itunes-zusammenfuegen\/","title":{"rendered":"Wie Sie Dateien in iTunes zusammenf\u00fcgen"},"content":{"rendered":"<p>Wenn Sie Dateien in iTunes zusammenf\u00fcgen m\u00f6chten, sollten Sie erst einmal wissen, was diese Dateien in iTunes machen. Um eine bessere Verwaltungsm\u00f6glichkeit Ihrer Dateien in iTunes zu haben k\u00f6nnen Sie auch Tipard iPhone Transfer Ultimate verwenden. Sie k\u00f6nnen Dateien kombinieren oder zusammenf\u00fchre, je nach Ihren Bed\u00fcrfnissen.<\/p>\n<p><strong>Was eine zusammengef\u00fcgte Bibliothek in iTunes bedeutet<\/strong><\/p>\n<p>Wenn Sie sich daf\u00fcr entscheiden eine zusammengef\u00fcgte Bibliothek in iTunes zu haben, wird eine Kopie von allen Mediendateien in Ihrer Bibliothek in einem einzigen Ordner auf der Festplatte erstellt. Die Methoden um eine iTunes Bibliothek zusammenzuf\u00fchren unterscheidet sich je nach Operation System nur gering.<\/p>\n<p>1-\u00d6ffnen Sie iTunes und klicken \u201eDatei\u201c um ein Pull-Down-Men\u00fc zu \u00f6ffnen. W\u00e4hlen Sie auf dem Mac \u201eZur Bibliothek hinzuf\u00fcgen\u201c und auf Windows \u201eOrdner zu Bibliothek hinzuf\u00fcgen\u201c aus.<\/p>\n<p>2-Klicken Sie \u201eOrdner ausw\u00e4hlen\u201c an. Dort k\u00f6nnen Sie den Ordner und die Mediendateien ausw\u00e4hlen, die in iTunes zusammengef\u00fcgt werden sollen.<\/p>\n<p>3-Wenn Sie Dateien zu iTunes hinzuf\u00fcgen k\u00f6nnen Sie die Mediendateien nur in einem Verzeichnis darstellen und nicht hineinkopieren.<\/p>\n<p>4-W\u00e4hlen Sie die Datei aus, w\u00e4hlen \u201eBibliothek\u201c und klicken \u201eBibliothek organisieren\u201c.<\/p>\n<p>5-Setzen Sie einen Haken neben \u201eDateien zusammenf\u00fcgen\u201c und klicken \u201eOK\u201c. iTunes f\u00fcgt anschlie\u00dfend alle Ihre Dateien zusammen.<\/p>\n<p><strong>Eine bessere L\u00f6sung um Dateien in der iTunes Bibliothek zusammenzuf\u00fcgen <\/strong><\/p>\n<p>Wenn Sie alle Dateien aus der iTunes Bibliothek entfernen m\u00fcssen Sie Ihre iTunes Bibliothek neu aufbauen. Alle Dateien werden in den iTunes Musikordner kopiert, was nicht m\u00f6glich ist.<\/p>\n<p>Um Dateien der iTunes Bibliothek zu kombinieren k\u00f6nnen Sie ganz einfach Tipard iPhone Transfer Ultimate verwenden, um eine eigene Playlist auf dem iPhone herzustellen und alle Dateien von iTunes zu verwalten.<\/p>\n<p><strong>Wie Sie Dateien in iTunes zusammenf\u00fcgen indem Sie Tipard iPhone Transfer Ultimate benutzen<\/strong><\/p>\n<div class=\"article-steps\"><br \/>\n<div class=\"article-step\"><div class=\"context\"><h3><span class=\"stepShield\">Schritt 1<\/span>Verbinden Sie das Ger\u00e4t mit der L\u00f6sung<\/h3> Installieren Sie die neueste Version von Tipard iPhone Transfer Ultimate und \u00f6ffnen Sie die L\u00f6sung. Verbinden Sie anschlie\u00dfend Ihr iPhone via USB Kabel. <\/div><img loading=\"lazy\" decoding=\"async\" width=\"400\" height=\"279\" src=\"https:\/\/www.tipard.de\/blog\/wp-content\/uploads\/2018\/09\/1-2.jpg\" class=\"preview\" alt=\"Verbinden Sie das Ger\u00e4t mit der L\u00f6sung\" srcset=\"https:\/\/www.tipard.de\/blog\/wp-content\/uploads\/2018\/09\/1-2.jpg 400w, https:\/\/www.tipard.de\/blog\/wp-content\/uploads\/2018\/09\/1-2-300x209.jpg 300w\" sizes=\"auto, (max-width: 400px) 100vw, 400px\" \/><\/div><br \/>\n<div class=\"article-step reverse\"><div class=\"context\"><h3><span class=\"stepShield\">Schritt 2<\/span>Kopieren Sie Ihr iGer\u00e4t in iTunes<\/h3> Wenn Sie den \u201eIn iTunes\u201c Button klicken k\u00f6nnen Sie direkt die neuen Dateien von iTunes \u00fcbertragen.<\/div><img loading=\"lazy\" decoding=\"async\" width=\"400\" height=\"437\" src=\"https:\/\/www.tipard.de\/blog\/wp-content\/uploads\/2018\/09\/2-1.jpg\" class=\"preview\" alt=\"Kopieren Sie Ihr iGer\u00e4t in iTunes\" srcset=\"https:\/\/www.tipard.de\/blog\/wp-content\/uploads\/2018\/09\/2-1.jpg 400w, https:\/\/www.tipard.de\/blog\/wp-content\/uploads\/2018\/09\/2-1-275x300.jpg 275w\" sizes=\"auto, (max-width: 400px) 100vw, 400px\" \/><\/div><br \/>\n<div class=\"article-step\"><div class=\"context\"><h3><span class=\"stepShield\">Schritt 3<\/span>\u00dcbertragen Sie die Dateien in einen Ordner<\/h3> Wenn Sie die iTunes Dateien auf ein externes Ger\u00e4t \u00fcbertragen m\u00f6chten, klicken Sie einfach auf den &#8222;In Ordner&#8220; Button, um die Dateien zu exportieren. <\/div><img loading=\"lazy\" decoding=\"async\" width=\"400\" height=\"449\" src=\"https:\/\/www.tipard.de\/blog\/wp-content\/uploads\/2018\/09\/3-1.jpg\" class=\"preview\" alt=\"\u00dcbertragen Sie die Dateien in einen Ordner\" srcset=\"https:\/\/www.tipard.de\/blog\/wp-content\/uploads\/2018\/09\/3-1.jpg 400w, https:\/\/www.tipard.de\/blog\/wp-content\/uploads\/2018\/09\/3-1-267x300.jpg 267w\" sizes=\"auto, (max-width: 400px) 100vw, 400px\" \/><\/div><br \/>\n<\/div>\n","protected":false},"excerpt":{"rendered":"<p>Wenn Sie Dateien in iTunes zusammenf\u00fcgen m\u00f6chten, sollten Sie erst einmal wissen, was diese Dateien in iTunes machen. Um eine bessere Verwaltungsm\u00f6glichkeit Ihrer Dateien in iTunes zu haben k\u00f6nnen Sie auch Tipard iPhone Transfer Ultimate verwenden. Sie k\u00f6nnen Dateien kombinieren oder zusammenf\u00fchre, je nach Ihren Bed\u00fcrfnissen. Was eine zusammengef\u00fcgte Bibliothek in iTunes bedeutet Wenn Sie [&hellip;]<\/p>\n","protected":false},"author":1,"featured_media":0,"parent":0,"menu_order":0,"comment_status":"closed","ping_status":"closed","template":"","meta":{"footnotes":""},"class_list":["post-1602","page","type-page","status-publish","hentry"],"_links":{"self":[{"href":"https:\/\/www.tipard.de\/blog\/wp-json\/wp\/v2\/pages\/1602","targetHints":{"allow":["GET"]}}],"collection":[{"href":"https:\/\/www.tipard.de\/blog\/wp-json\/wp\/v2\/pages"}],"about":[{"href":"https:\/\/www.tipard.de\/blog\/wp-json\/wp\/v2\/types\/page"}],"author":[{"embeddable":true,"href":"https:\/\/www.tipard.de\/blog\/wp-json\/wp\/v2\/users\/1"}],"replies":[{"embeddable":true,"href":"https:\/\/www.tipard.de\/blog\/wp-json\/wp\/v2\/comments?post=1602"}],"version-history":[{"count":1,"href":"https:\/\/www.tipard.de\/blog\/wp-json\/wp\/v2\/pages\/1602\/revisions"}],"predecessor-version":[{"id":1612,"href":"https:\/\/www.tipard.de\/blog\/wp-json\/wp\/v2\/pages\/1602\/revisions\/1612"}],"wp:attachment":[{"href":"https:\/\/www.tipard.de\/blog\/wp-json\/wp\/v2\/media?parent=1602"}],"curies":[{"name":"wp","href":"https:\/\/api.w.org\/{rel}","templated":true}]}}