{"id":160,"date":"2017-05-25T22:11:38","date_gmt":"2017-05-25T22:11:38","guid":{"rendered":"http:\/\/www.tipard.de\/blog\/?page_id=160"},"modified":"2017-08-17T11:18:56","modified_gmt":"2017-08-17T11:18:56","slug":"wie-ubertrage-ich-kostenlose-musik-vom-computer-auf-mein-ipad","status":"publish","type":"page","link":"https:\/\/www.tipard.de\/blog\/wie-ubertrage-ich-kostenlose-musik-vom-computer-auf-mein-ipad\/","title":{"rendered":"Wie \u00fcbertrage ich kostenlose Musik vom Computer auf mein iPad"},"content":{"rendered":"<p><img loading=\"lazy\" decoding=\"async\" class=\"alignnone size-full wp-image-163\" src=\"http:\/\/www.tipard.de\/blog\/wp-content\/uploads\/2017\/05\/get-free-music.jpg\" alt=\"\" width=\"600\" height=\"271\" srcset=\"https:\/\/www.tipard.de\/blog\/wp-content\/uploads\/2017\/05\/get-free-music.jpg 600w, https:\/\/www.tipard.de\/blog\/wp-content\/uploads\/2017\/05\/get-free-music-300x136.jpg 300w\" sizes=\"auto, (max-width: 600px) 100vw, 600px\" \/><br \/>\nWenn Sie gratis Musikdateien auf Ihr iPad laden m\u00f6chten ist die beste Wahl die direkte \u00dcbertragung vom Computer auf das iPad. Tipard iPhone Transfer Ultimate ist eine m\u00e4chtige Software, die Ihnen bei dem Transfer Ihrer Musik vom Computer aufs iPad behilflich ist.<\/p>\n<h2>Teil 1: Kostenlose Musik auf dem iPad mit iPad Musikprogrammen genie\u00dfen<\/h2>\n<p>Mit der Beats Musikanwendung k\u00f6nnen Sie leider nur Videos in sehr niedriger Qualit\u00e4t downloaden. Andere Anwendungen haben eine begrenzte Anzahl an Liedern, die Sie kostenlos auf das iPad \u00fcbertragen k\u00f6nnen. Selbst wenn Sie die Musik mit iPad Anwendungen gratis herunterladen k\u00f6nnen, besteht trotzdem noch das Problem eigene gew\u00fcnschte Musik, die Sie eventuell auch bearbeitet haben, zu importieren. Sie k\u00f6nnen folgende Musikanwendungen f\u00fcr das iPad benutzen:<br \/>\nFreelegal<br \/>\nBeats Music<br \/>\nSpotify Music<br \/>\niDownloader<\/p>\n<h2>Teil 2: Die Vorteile kostenfreie Musik vom Computer auf Ihr iPad zu synchronisieren<\/h2>\n<p>1. Normalerweise speichern Sie Ihre liebsten Musikdateien auf dem Computer und k\u00f6nnen diese einfach vom Computer direkt auf Ihr iPad kopieren.<br \/>\n2. Auch bearbeitete Musikdateien, die von Ihnen oder Ihren Freunden aufgenommen wurden k\u00f6nnen Sie auf Ihr iPad \u00fcbertragen.<br \/>\n3. Durch die h\u00f6here Speicherkapazit\u00e4t ist es besser die gesamte Musik auf dem Computer zu lagern und geb\u00fchrenfrei auf Ihr iPad zu importieren.<\/p>\n<p>Tipard iPhone Transfer Ultimate synchronisiert ohne gro\u00dfen Aufwand die Musik zwischen iPad, Computer und weiteren iGer\u00e4ten. Mit nur wenigen Klicks erhalten Sie die gratis Musik auf Ihrem iPad. Laden Sie sich kostenlos die Tipard Testversion herunter und genie\u00dfen Sie schon bald Ihre Musik auf dem iPad.<\/p>\n<h2>Teil 3: Wie erhalte ich kostenlose Musik auf dem iPad von meinem Computer mithilfe von <a href=\"http:\/\/www.tipard.de\/iphone-transfer\/\">Tipard<\/a><\/h2>\n<p><div class=\"article-steps\"><br \/>\n<div class=\"article-step\"><div class=\"context\"><br \/>\nDownloaden und installieren Sie die aktuellste Version von Tipard iPhone Transfer Ultimate und verbinden Sie Ihr iPad via USB. Ihr iPad wird automatisch erkannt<\/div><img loading=\"lazy\" decoding=\"async\" width=\"400\" height=\"284\" src=\"https:\/\/www.tipard.de\/blog\/wp-content\/uploads\/2017\/05\/connect-ipad-mac-1.jpg\" class=\"preview\" alt=\"\" srcset=\"https:\/\/www.tipard.de\/blog\/wp-content\/uploads\/2017\/05\/connect-ipad-mac-1.jpg 400w, https:\/\/www.tipard.de\/blog\/wp-content\/uploads\/2017\/05\/connect-ipad-mac-1-300x213.jpg 300w\" sizes=\"auto, (max-width: 400px) 100vw, 400px\" \/><\/div><\/p>\n<div class=\"article-step reverse\"><div class=\"context\"><h3><span class=\"stepShield\">Schritt 2<\/span>Verwalten Sie Ihre Mediendateien auf dem iPad<\/h3><br \/>\nW\u00e4hlen Sie die Mediaoption und das &#8222;Musik&#8220; Men\u00fc. Es gibt eine Menge Features, die es Ihnen erm\u00f6glichen Musik zu \u00fcbertragen, l\u00f6schen oder neue Dateien problemlos auf Ihrem iPad hinzuzuf\u00fcgen.<\/div><img loading=\"lazy\" decoding=\"async\" width=\"400\" height=\"284\" src=\"https:\/\/www.tipard.de\/blog\/wp-content\/uploads\/2017\/05\/manage-media.jpg\" class=\"preview\" alt=\"Verwalten Sie Ihre Mediendateien auf dem iPad\" srcset=\"https:\/\/www.tipard.de\/blog\/wp-content\/uploads\/2017\/05\/manage-media.jpg 400w, https:\/\/www.tipard.de\/blog\/wp-content\/uploads\/2017\/05\/manage-media-300x213.jpg 300w\" sizes=\"auto, (max-width: 400px) 100vw, 400px\" \/><\/div>\n<p><div class=\"article-step\"><div class=\"context\"><h3><span class=\"stepShield\">Schritt 3<\/span>F\u00fcgen Sie kostenlose Musik auf ihr iPad hinzu<\/h3><br \/>\nKlicken Sie das &#8222;Hinzuf\u00fcgen&#8220;-Icon und w\u00e4hlen Sie &#8222;Dateien hinzuf\u00fcgen&#8220; oder &#8222;Ordner hinzuf\u00fcgen&#8220; auf Ihr iPad, damit Ihre Musikdateien und der gesamte Musikordner kostenlos auf Ihr iPad \u00fcbertragen werden.<\/div><img loading=\"lazy\" decoding=\"async\" width=\"400\" height=\"112\" src=\"https:\/\/www.tipard.de\/blog\/wp-content\/uploads\/2017\/05\/add-files.jpg\" class=\"preview\" alt=\"F\u00fcgen Sie kostenlose Musik auf ihr iPad hinzu\" srcset=\"https:\/\/www.tipard.de\/blog\/wp-content\/uploads\/2017\/05\/add-files.jpg 400w, https:\/\/www.tipard.de\/blog\/wp-content\/uploads\/2017\/05\/add-files-300x84.jpg 300w\" sizes=\"auto, (max-width: 400px) 100vw, 400px\" \/><\/div><br \/>\n<\/div><br \/>\nDie \u00dcbertragung eines Liedes auf Ihr iPad nimmt nur wenige Sekunden in Anspruch. Sie k\u00f6nnen daraufhin die Musikdateien vom iPad\/iPod aufs iPhone oder andere Apple Ger\u00e4te \u00fcbertragen. Genie\u00dfen Sie Ihre neue kostenlose Musik auf Ihrem iPad!<\/p>\n","protected":false},"excerpt":{"rendered":"<p>Wenn Sie gratis Musikdateien auf Ihr iPad laden m\u00f6chten ist die beste Wahl die direkte \u00dcbertragung vom Computer auf das iPad. Tipard iPhone Transfer Ultimate ist eine m\u00e4chtige Software, die Ihnen bei dem Transfer Ihrer Musik vom Computer aufs iPad behilflich ist. Teil 1: Kostenlose Musik auf dem iPad mit iPad Musikprogrammen genie\u00dfen Mit der [&hellip;]<\/p>\n","protected":false},"author":1,"featured_media":0,"parent":0,"menu_order":0,"comment_status":"closed","ping_status":"closed","template":"","meta":{"footnotes":""},"class_list":["post-160","page","type-page","status-publish","hentry"],"_links":{"self":[{"href":"https:\/\/www.tipard.de\/blog\/wp-json\/wp\/v2\/pages\/160","targetHints":{"allow":["GET"]}}],"collection":[{"href":"https:\/\/www.tipard.de\/blog\/wp-json\/wp\/v2\/pages"}],"about":[{"href":"https:\/\/www.tipard.de\/blog\/wp-json\/wp\/v2\/types\/page"}],"author":[{"embeddable":true,"href":"https:\/\/www.tipard.de\/blog\/wp-json\/wp\/v2\/users\/1"}],"replies":[{"embeddable":true,"href":"https:\/\/www.tipard.de\/blog\/wp-json\/wp\/v2\/comments?post=160"}],"version-history":[{"count":2,"href":"https:\/\/www.tipard.de\/blog\/wp-json\/wp\/v2\/pages\/160\/revisions"}],"predecessor-version":[{"id":701,"href":"https:\/\/www.tipard.de\/blog\/wp-json\/wp\/v2\/pages\/160\/revisions\/701"}],"wp:attachment":[{"href":"https:\/\/www.tipard.de\/blog\/wp-json\/wp\/v2\/media?parent=160"}],"curies":[{"name":"wp","href":"https:\/\/api.w.org\/{rel}","templated":true}]}}