{"id":1498,"date":"2017-12-11T01:03:39","date_gmt":"2017-12-11T01:03:39","guid":{"rendered":"http:\/\/www.tipard.de\/blog\/?page_id=1498"},"modified":"2017-12-11T01:03:39","modified_gmt":"2017-12-11T01:03:39","slug":"die-top-5-video-stabilisator-programme-2017","status":"publish","type":"page","link":"https:\/\/www.tipard.de\/blog\/die-top-5-video-stabilisator-programme-2017\/","title":{"rendered":"Die Top 5 Video-Stabilisator-Programme 2017"},"content":{"rendered":"<p><img loading=\"lazy\" decoding=\"async\" src=\"http:\/\/www.tipard.de\/blog\/wp-content\/uploads\/2017\/12\/video-stabilizer.jpg\" alt=\"\" width=\"600\" height=\"338\" class=\"alignnone size-full wp-image-1497\" srcset=\"https:\/\/www.tipard.de\/blog\/wp-content\/uploads\/2017\/12\/video-stabilizer.jpg 600w, https:\/\/www.tipard.de\/blog\/wp-content\/uploads\/2017\/12\/video-stabilizer-300x169.jpg 300w\" sizes=\"auto, (max-width: 600px) 100vw, 600px\" \/><br \/>\nIm Vergleich zu Bildern und Texten ist das Aufnehmen von Videos der beste Weg, um die wunderbaren und wertvollen Momente festzuhalten. W\u00e4hrend sich die Technologie schnell weiterentwickelt, nutzen wir zunehmend unsere Smartphones, um Videos aufzunehmen und unser Leben mit anderen zu teilen. Verschiedene Kamerahersteller entwerfen zwar immer mehr Action-Kameras wie GoPro Hero 5, Casio EX-FR10, Garmin VIRB XE etc. Und auch wenn die fortschrittlichen Smartphones und Action-Kameras gut Stabilisiert sind, l\u00e4sst sich oft feststellen, das Video-Stabilisator-Programme denoch notwendig sind. Daher wird dieser Artikel Ihnen einige professionelle Videostabilisierende Anwendungen vorstellen, um die Stabilisierung von Videos mit hilfe von komplizierten Algorithmen zu verbessern.<\/p>\n<h2>1.Adobe Premiere Elements<\/h2>\n<p><a href=\"http:\/\/www.adobe.com\/products\/premiere-elements.html\">Adobe Premiere Elements<\/a> ist ein bekanntes Medien-Editor-Programm, welches den fortschrittlichen und komplizierten Algorithmus f\u00fcr die Video-Stabilisierung beinhaltet. Desweiteren ist es ein sehr benutzerfreundliches Programm, welches Ihnen dabei hilft die Bilder im Video zu stabilisieren. Leider ist Adobe Premiere Elements keine kostenlose Anwendung, Sie m\u00fcssen rund 100 Euro investieren, um seine professionellen Funktionen nutzen zu k\u00f6nnen. Mehr Details zum Programm finden Sie weiter unten.<br \/>\n<img loading=\"lazy\" decoding=\"async\" src=\"http:\/\/www.tipard.de\/blog\/wp-content\/uploads\/2017\/12\/adobe-premiere-elements.jpg\" alt=\"\" width=\"600\" height=\"418\" class=\"alignnone size-full wp-image-1494\" srcset=\"https:\/\/www.tipard.de\/blog\/wp-content\/uploads\/2017\/12\/adobe-premiere-elements.jpg 600w, https:\/\/www.tipard.de\/blog\/wp-content\/uploads\/2017\/12\/adobe-premiere-elements-300x209.jpg 300w\" sizes=\"auto, (max-width: 600px) 100vw, 600px\" \/><br \/>\n1.\tEs ist die stabilste Anwendung, die neuste Version unterst\u00fctzt fast alle Videoformate, darunter 4K Ultra HD.<br \/>\n2.\tAdobe Premiere unterst\u00fctzt sowohl Windows als auch Mac.<br \/>\n3.\tEs ist \u00fcbersichtlich und einfach zu bedienen.<br \/>\n4.\tDieser Video-Stabilisator bietet Ihnen mehrere einfache, aber auch sehr n\u00fctzliche Bearbeitungs-Tools, einschlie\u00dflich  Cut, Join, Trimmen, Titel, \u00dcberg\u00e4nge etc.<br \/>\n5.\tNach dem Stabilisieren des Videos, k\u00f6nnen Sie eine DVD mit dem richtigen Brenner direkt herstellen.<\/p>\n<h2>2. Deshaker <\/h2>\n<p>Anders als der Adobe Premiere Elements ist Deshaker ein professioneller Video-Stabilisator, um Kamera-Verwacklungen zu beseitigen und macht Panning, Rotationen und Zooming glatter.<br \/>\nWenn Sie diesen Video-Stabilisator nutzen wollen, m\u00fcssen Sie zuerst VirtualDub auf Ihren Computer herunterladen und installieren und danach diesen Video-Stabilisator in VirtualDub hinzuf\u00fcgen.<br \/>\n<img loading=\"lazy\" decoding=\"async\" src=\"http:\/\/www.tipard.de\/blog\/wp-content\/uploads\/2017\/12\/deshaker.jpg\" alt=\"\" width=\"600\" height=\"414\" class=\"alignnone size-full wp-image-1495\" srcset=\"https:\/\/www.tipard.de\/blog\/wp-content\/uploads\/2017\/12\/deshaker.jpg 600w, https:\/\/www.tipard.de\/blog\/wp-content\/uploads\/2017\/12\/deshaker-300x207.jpg 300w\" sizes=\"auto, (max-width: 600px) 100vw, 600px\" \/><br \/>\n1.\tEs ist eines der besten Video-Stabilisatoren f\u00fcr Windows-Nutzer.<br \/>\n2.\tDeshaker kann mit SDVs und HDV-Videos umgehen.<br \/>\n3.\tEs kann die Hochfrequenz-Shakes in Ihren Videos abbrechen.<br \/>\nDieses Problem tritt h\u00e4ufig auf, wenn Sie eine kleine Kamera oder ein Smartphones benutzen um Videos zu drehen.<br \/>\n4.\tDeshaker l\u00e4sst Sie alles kontrollieren, von jedem Aspekt des Tracking-Prozesses bis hin zur Kompensation von Rahmenkanten.<br \/>\n5.\tVirtualDub ist ein kostenloser Video-Editor, Deshaker ist ein kostenloses Videp-Stabilisator-Plugin.<\/p>\n<h2>3. Windows Movie Maker<\/h2>\n<p>Windows Movie Maker ist ein leistungsstarker Video-Editor von Microsoft. Viele Nutzer haben es auf ihren Computern installiert, ohne zu wissen, dass es auch ein ausgezeichneter Video-Stabilisator ist. Durch diese Software k\u00f6nne sie in einfachen Schritten Ihre Videos stabilisieren. Alles was Sie tun m\u00fcssen, ist die Einstellungen nach dem Grad der Verwacklungen anzuwenden. Erfahren Sie weiter unten mehr \u00fcber die Grundfunktionen des Programms.<br \/>\n<img loading=\"lazy\" decoding=\"async\" src=\"http:\/\/www.tipard.de\/blog\/wp-content\/uploads\/2017\/12\/windows-movie-maker.jpg\" alt=\"\" width=\"600\" height=\"328\" class=\"alignnone size-full wp-image-1499\" srcset=\"https:\/\/www.tipard.de\/blog\/wp-content\/uploads\/2017\/12\/windows-movie-maker.jpg 600w, https:\/\/www.tipard.de\/blog\/wp-content\/uploads\/2017\/12\/windows-movie-maker-300x164.jpg 300w\" sizes=\"auto, (max-width: 600px) 100vw, 600px\" \/><br \/>\n1.\tWindows Movie Maker ist eine kostenlose Software, die Sie von der offiziellen Website von Microsoft herunterladen k\u00f6nnen.<br \/>\n2.\tDieser Video-Editor wird nicht viel CPU ergreifen, wenn Sie mit Videos arbeiten.<br \/>\n3.\tEs bietet Ihnen mehrere Video-Stabilisierungs-Optionen einschlie\u00dflich Anti-Shake.<br \/>\n4.\tDie \u201eVorschau\u201c und  \u201eR\u00fcckg\u00e4ngig\u201c Funktion k\u00f6nnen Ihnen helfen, ein perfektes Ergebnis vor dem speichern zu erhalten<br \/>\n5.\tSie k\u00f6nnen das Video zuerst als Projekt speichern und dann weiter bearbeiten.<br \/>\n6.\tZus\u00e4tzlich bietet es auch andere grundlegende Werkzeuge, wie Hinzuf\u00fcgen von Audio und Text, Filter, Animation etc.<\/p>\n<h2>4.Video-Editor von YouTube<\/h2>\n<p>Viel Nutzer m\u00f6gen es nicht, eine andere Anwendung auf Ihre Computer zu installieren, um ihre Videos zu stabilisieren. Hier kann der YouTube-Video-Editor eine gute Alternative sein, um ein \u00e4hnlichen Effekt zu erzielen. Es ist ein Video-Stabilisierungs-Tool in YouTube mit eingebaut. Das wichtigste ist, es ist ein Online-Service, Sie k\u00f6nnen so auf Ihren Browser zugreifen, wenn sie Ihre Videos bearbeiten m\u00fcssen, daf\u00fcr brauchen Sie jedoch ein YouTube-Konto bevor Sie Videos stabilisieren k\u00f6nnen.<br \/>\n<img loading=\"lazy\" decoding=\"async\" src=\"http:\/\/www.tipard.de\/blog\/wp-content\/uploads\/2017\/12\/youtube-video-editor.jpg\" alt=\"\" width=\"600\" height=\"400\" class=\"alignnone size-full wp-image-1500\" srcset=\"https:\/\/www.tipard.de\/blog\/wp-content\/uploads\/2017\/12\/youtube-video-editor.jpg 600w, https:\/\/www.tipard.de\/blog\/wp-content\/uploads\/2017\/12\/youtube-video-editor-300x200.jpg 300w\" sizes=\"auto, (max-width: 600px) 100vw, 600px\" \/><br \/>\n1. Das Programm ist einfach zu bedienen. Ziehen Sie das hochgeladene Video einfach auf die Timeline, so k\u00f6nnen Sie das stabilisierte Video erhalten.<br \/>\n2. Der YouTube-Video-Editor ist ein kostenloser Online-Video-Editor, alles was Sie daf\u00fcr brauchen ist ein Google-Konto.<br \/>\n3. Das Programm erm\u00f6glicht Ihnen, Verwacklungen in Ihren Videos zu gl\u00e4tten.<br \/>\n4. Es ist nicht nur Stabilisierend, sondern auch zust\u00e4ndig f\u00fcr die Verbesserung der Audio-Swap-Funktion.<br \/>\n5. Sie k\u00f6nnen das Programm auf Windows, Mac, Android-Ger\u00e4ten sowie iPhone verwenden.<\/p>\n<h2>5. FFMPEG<\/h2>\n<p>FFMPEG ist ein kostenloser Video-Stabilisator, sind Sie jedoch kein Technologie Fan, raten wir Ihnen das Programm ab. Allerdings ist es der einfachste Weg, um Videos zu stabilisieren. Nach dem Download m\u00fcssen Sie FFMPEG zum Systempfad hinzuf\u00fcgen, danach k\u00f6nnen Sie es verwenden. Der Video-Stabilisator ist mit Linux, Mac OS X, Microsoft Windows, BSDs Solaris und anderen Betriebssystemen kompatibel.<br \/>\n<img loading=\"lazy\" decoding=\"async\" src=\"http:\/\/www.tipard.de\/blog\/wp-content\/uploads\/2017\/12\/ffmpeg.jpg\" alt=\"\" width=\"600\" height=\"347\" class=\"alignnone size-full wp-image-1496\" srcset=\"https:\/\/www.tipard.de\/blog\/wp-content\/uploads\/2017\/12\/ffmpeg.jpg 600w, https:\/\/www.tipard.de\/blog\/wp-content\/uploads\/2017\/12\/ffmpeg-300x174.jpg 300w\" sizes=\"auto, (max-width: 600px) 100vw, 600px\" \/><br \/>\n1. Dieser Video-Stabilisator hatte keine GUI, also m\u00fcssen Sie Kommandozeilen verwenden um Videos zu stabilisieren.<br \/>\n2. Sie k\u00f6nnen alle Video-Datein mit Leichtigkeit stabilisieren.<br \/>\n3. Der Code des Stabilisierungsfilters ist <strong>-VF_Deshake<\/strong>.<br \/>\n4. Stabilisieren Sie das Video ohne dabei Qualit\u00e4t zu verlieren. Das Programm bietet die beste m\u00f6gliche L\u00f6sung.<br \/>\n5. FFMPEG ist ein f\u00fchrendes Multimedia-Framework, das mehr als ein Video-Stabilisator ist, es ist in der Lage zu dekodierend, zu <strong>codieren und zu transkodieren, mux, demux und streamen<\/strong>. Es spielt so ziemlich alles ab was Menschen und Maschinen geschaffen haben.<\/p>\n<h3>Zusammenfassung<\/h3>\n<p>Wenn Sie ein professionelles Video-Stabilisierungs-Tool ben\u00f6tigen, k\u00f6nnen Sie Adobe Premiere Elements kaufen, suchen Sie jedoch nach einer kostenlosen Anwendung, dann empfehlen Wir VirtualDub und Deshaker. Wenn Sie Microsoft Toolkits m\u00f6gen, k\u00f6nnen Sie den Windows Movie Maker gut nutzen und f\u00fcr das Stabilisieren von Online-Videos, ist der  Video-Editor von YouTube ideal. F\u00fcr alle Technologie-Enthusiasten ist FFMPEG die perfekte Wahl. Tats\u00e4chlich gibt es auch andere Methoden Ihre Videos zu stabilisieren, wie zum Beispiel ein Stativ zu benutzen, die aufgez\u00e4hlten Video-Stabilisatoren sind aber zweifelslos eine gute Alternative. Sie k\u00f6nnen mehr Details \u00fcber Ihre eigene Meinung in den Kommentaren teilen.<\/p>\n","protected":false},"excerpt":{"rendered":"<p>Im Vergleich zu Bildern und Texten ist das Aufnehmen von Videos der beste Weg, um die wunderbaren und wertvollen Momente festzuhalten. W\u00e4hrend sich die Technologie schnell weiterentwickelt, nutzen wir zunehmend unsere Smartphones, um Videos aufzunehmen und unser Leben mit anderen zu teilen. Verschiedene Kamerahersteller entwerfen zwar immer mehr Action-Kameras wie GoPro Hero 5, Casio EX-FR10, [&hellip;]<\/p>\n","protected":false},"author":1,"featured_media":0,"parent":0,"menu_order":0,"comment_status":"closed","ping_status":"closed","template":"","meta":{"footnotes":""},"class_list":["post-1498","page","type-page","status-publish","hentry"],"_links":{"self":[{"href":"https:\/\/www.tipard.de\/blog\/wp-json\/wp\/v2\/pages\/1498","targetHints":{"allow":["GET"]}}],"collection":[{"href":"https:\/\/www.tipard.de\/blog\/wp-json\/wp\/v2\/pages"}],"about":[{"href":"https:\/\/www.tipard.de\/blog\/wp-json\/wp\/v2\/types\/page"}],"author":[{"embeddable":true,"href":"https:\/\/www.tipard.de\/blog\/wp-json\/wp\/v2\/users\/1"}],"replies":[{"embeddable":true,"href":"https:\/\/www.tipard.de\/blog\/wp-json\/wp\/v2\/comments?post=1498"}],"version-history":[{"count":1,"href":"https:\/\/www.tipard.de\/blog\/wp-json\/wp\/v2\/pages\/1498\/revisions"}],"predecessor-version":[{"id":1501,"href":"https:\/\/www.tipard.de\/blog\/wp-json\/wp\/v2\/pages\/1498\/revisions\/1501"}],"wp:attachment":[{"href":"https:\/\/www.tipard.de\/blog\/wp-json\/wp\/v2\/media?parent=1498"}],"curies":[{"name":"wp","href":"https:\/\/api.w.org\/{rel}","templated":true}]}}