{"id":1489,"date":"2017-12-11T00:58:42","date_gmt":"2017-12-11T00:58:42","guid":{"rendered":"http:\/\/www.tipard.de\/blog\/?page_id=1489"},"modified":"2017-12-11T00:58:42","modified_gmt":"2017-12-11T00:58:42","slug":"wie-man-mit-8tracks-music-professionell-aufnehmen-kann","status":"publish","type":"page","link":"https:\/\/www.tipard.de\/blog\/wie-man-mit-8tracks-music-professionell-aufnehmen-kann\/","title":{"rendered":"Wie man mit 8tracks Music professionell aufnehmen kann"},"content":{"rendered":"<p><img loading=\"lazy\" decoding=\"async\" src=\"http:\/\/www.tipard.de\/blog\/wp-content\/uploads\/2017\/12\/record-8-tracks.jpg\" alt=\"\" width=\"600\" height=\"338\" class=\"alignnone size-full wp-image-1485\" srcset=\"https:\/\/www.tipard.de\/blog\/wp-content\/uploads\/2017\/12\/record-8-tracks.jpg 600w, https:\/\/www.tipard.de\/blog\/wp-content\/uploads\/2017\/12\/record-8-tracks-300x169.jpg 300w\" sizes=\"auto, (max-width: 600px) 100vw, 600px\" \/><br \/>\nWenn Sie ein Musikliebhaber sind, m\u00fcssen Sie von der ber\u00fchmten Internetradio-Website 8tracks geh\u00f6rt haben. Laut offiziellen Angaben nutzen Millionen von Musikfans 8tracks Music, um Musik zu entdecken oder zu teilen. Es wird als eigenst\u00e4ndiges Online-Radio bezeichnet, da es den Usern erlaubt, gemischte Alben zu erstellen und zu ver\u00f6ffentlichen, die ihre Lieblingsmusik enthalten. Viele Musikfans laden die meisten gemischten Alben auf 8tracks hoch, damit Sie die beste Playlist und Musik darauf finden k\u00f6nnen. Aktuell glaubt man immer noch, dass die Kreativit\u00e4t von Musikfans st\u00e4rker ist als der Algorithmus.<\/p>\n<p>In diesem Beitrag werden einige Recorder und ihre M\u00f6glichkeiten vorgestellt.<\/p>\n<h2>1. Nehmen Sie 8tracks mit Tipard Screen Capture auf<\/h2>\n<p>Musikfans sind empfindlich bei der Audioqualit\u00e4t. Tipard Screen Capture ist die beste Wahl, um 8tracks aufzunehmen, denn es wird die Musik in der m\u00f6glichst h\u00f6chsten Qualit\u00e4t aufnehmen. Es verspricht au\u00dferdem die Audiodatei in 100% Originalqualit\u00e4t zu erfassen und unterst\u00fctzt dar\u00fcber hinaus Windows 10. Nach der Aufnahme speichert Screen Capture die Ausgabe als MP3. Dann  k\u00f6nnen Sie die Musik auf allen digitalen Ger\u00e4ten genie\u00dfen. Die Aufnahme von 8tracks ist mit dem Screen Capture sehr einfach zu bewerkstelligen.<\/p>\n<h3>Wie man 8tracks mit Tipard Screen Capture aufzeichnet<\/h3>\n<div class=\"article-steps\"><br \/>\n<div class=\"article-step\"><div class=\"context noPreview\"><h3><span class=\"stepShield\">Schritt 1<\/span>Navigieren Sie zu der Wiedergabeliste oder Musik, die Sie auf 8tracks in ihrem Browser aufnehmen m\u00f6chten.<\/h3><br \/>\n<\/div><\/div><br \/>\n<div class=\"article-step reverse\"><div class=\"context\"><h3><span class=\"stepShield\">Schritt 2<\/span>Starten Sie Screen Capture und w\u00e4hlen Sie die Registerkarte \u201eAudio Aufzeichen\u201c, um den Audiorecorder zu \u00f6ffnen.<\/h3><br \/>\nUm Videos von Dailymotion und anderen Videostreaming-Websites aufzunehmen, sollten Sie zun\u00e4chst die Aufnahmegr\u00f6\u00dfe der Videos bestimmen.<br \/>\n<\/div><img loading=\"lazy\" decoding=\"async\" width=\"400\" height=\"105\" src=\"https:\/\/www.tipard.de\/blog\/wp-content\/uploads\/2017\/12\/tp-screen-capture-1.jpg\" class=\"preview\" alt=\"Starten Sie Screen Capture und w\u00e4hlen Sie die Registerkarte \u201eAudio Aufzeichen\u201c, um den Audiorecorder zu \u00f6ffnen.\" srcset=\"https:\/\/www.tipard.de\/blog\/wp-content\/uploads\/2017\/12\/tp-screen-capture-1.jpg 600w, https:\/\/www.tipard.de\/blog\/wp-content\/uploads\/2017\/12\/tp-screen-capture-1-300x79.jpg 300w\" sizes=\"auto, (max-width: 400px) 100vw, 400px\" \/><\/div><br \/>\n<div class=\"article-step\"><div class=\"context\"><br \/>\n<\/div><img loading=\"lazy\" decoding=\"async\" width=\"400\" height=\"107\" src=\"https:\/\/www.tipard.de\/blog\/wp-content\/uploads\/2017\/12\/tp-record-audio-1.jpg\" class=\"preview\" alt=\"\" srcset=\"https:\/\/www.tipard.de\/blog\/wp-content\/uploads\/2017\/12\/tp-record-audio-1.jpg 600w, https:\/\/www.tipard.de\/blog\/wp-content\/uploads\/2017\/12\/tp-record-audio-1-300x80.jpg 300w\" sizes=\"auto, (max-width: 400px) 100vw, 400px\" \/><\/div><br \/>\n<div class=\"article-step\"><div class=\"context noPreview\"><h3><span class=\"stepShield\">Schritt 4<\/span>Klicken Sie nach den Einstellungen auf REC und spielen Sie die Musik ab. Dann startet der Screen Capture die Aufnahme.<\/h3><br \/>\n<\/div><\/div><br \/>\n<div class=\"article-step\"><div class=\"context noPreview\"><h3><span class=\"stepShield\">Schritt 5<\/span>Sie k\u00f6nnen die Aufnahmel\u00e4nge f\u00fcr den Schaltberreich in Echtzeit anzeigen lassen, Diese Software hat keine Begrenzung der Aufzeichnungsl\u00e4nge.<\/h3><br \/>\n<\/div><\/div><br \/>\n<div class=\"article-step\"><div class=\"context noPreview\"><h3><span class=\"stepShield\">Schritt 6<\/span>Wenn Sie fertig sind, klicken Sie erneut auf die rote Schaltfl\u00e4che, um die MP3-Datei auf ihrem Computer zu speichern.<\/h3><br \/>\n<\/div><\/div><br \/>\n<\/div>\n<h2>2. Musik von 8tracks von Audacity aufnehmen<\/h2>\n<p>Audacity ist ein Open Source Audio Recorder. So kann jeder seine umfangreichen Aufnahmefunktionen kostenlos genie\u00dfen, egal auf welchem Computer ob Mac OS oder Windows sie l\u00e4uft. Eigentlich ist Audacity auch ein Audio-Editor. Man kann Audacity verwenden, um Musik aufzunehmen und Sie anschlie\u00dfend auf der Timeline bearbeiten. Diese Funktion ist n\u00fctzlich beim Aufnehmen von 8tracks. Erstellen Sie eine einzige MP3 Datei aus einer Wiedergabeliste und splitten Sie die Songs in einzelne Dateien.<\/p>\n<p><img loading=\"lazy\" decoding=\"async\" src=\"http:\/\/www.tipard.de\/blog\/wp-content\/uploads\/2017\/12\/audacity.jpg\" alt=\"\" width=\"600\" height=\"402\" class=\"alignnone size-full wp-image-1484\" srcset=\"https:\/\/www.tipard.de\/blog\/wp-content\/uploads\/2017\/12\/audacity.jpg 600w, https:\/\/www.tipard.de\/blog\/wp-content\/uploads\/2017\/12\/audacity-300x201.jpg 300w\" sizes=\"auto, (max-width: 600px) 100vw, 600px\" \/><\/p>\n<h3>Wie man Musik von 8tracks von Audacity aufnimmt<\/h3>\n<p>1. Nachdem Sie Audacity auf Ihrem Computer installiert haben, \u00f6ffnen Sie es.<\/p>\n<p>2. Aktivieren Sie die Lautsprecheroption und deaktivieren Sie die Mikrofonoption, die sich in der letzten Reihe des oberen Men\u00fcbands befindet, um die Audioeingangsquelle einzustellen.<\/p>\n<p>3. Klicken Sie auf die Dropdown-Liste neben dem Lautsprechersymbol, um die Audioqualit\u00e4t einzustellen.<\/p>\n<p>4. Passen Sie dann die Lautst\u00e4rke an, indem Sie den Audio-Schieberegler bewegen.<\/p>\n<p>5. Nach der Vorbereitung \u00f6ffnen Sie Ihren Browser und greifen auf 8tracks zu.<\/p>\n<p>6. Suchen Sie nach Ihrer bevorzugten Playlist oder Musik.<\/p>\n<p>7. Klicken Sie auf die Aufnahme-Schaltfl\u00e4che von Audacity und spielen Sie die Musik ab.<\/p>\n<p>8. Dann startet Audacity die Aufnahme der Musik. Sie k\u00f6nnen die Schallwelle in Echtzeit anzeigen<br \/>\n.<br \/>\n9. Wenn die Musik endet, dr\u00fccken Sie die Stop-Taste. Sie k\u00f6nnen das Originalaudio in Audacity bearbeiten oder direkt auf Ihrem Computer speichern. <\/p>\n<h2>Teil 3: Musik aus 8tracks \u00fcber Adobe Audition CC<\/h2>\n<p>Adobe Audition CC ist ein professioneller Audiorecorder mit umfangreichen Funktionen. Viele User sind begeistert, denn er ist einer der stabilsten Audiorecorder mit einem Cloud-Service. Wenn Sie ein Adobe-Abonnent sind, k\u00f6nnen Sie diesen 8tracks &#8211; Recorder und den gesamten Creative Cloud-Speicher verwenden. Viele K\u00fcnstler verwenden es, um Musiknotiz zu erstellen und zu notieren, denn es kann hochwertige Audiodateien erstellen.<br \/>\n<img loading=\"lazy\" decoding=\"async\" src=\"http:\/\/www.tipard.de\/blog\/wp-content\/uploads\/2017\/12\/adobe-audition-cc.jpg\" alt=\"\" width=\"600\" height=\"343\" class=\"alignnone size-full wp-image-1483\" srcset=\"https:\/\/www.tipard.de\/blog\/wp-content\/uploads\/2017\/12\/adobe-audition-cc.jpg 600w, https:\/\/www.tipard.de\/blog\/wp-content\/uploads\/2017\/12\/adobe-audition-cc-300x172.jpg 300w\" sizes=\"auto, (max-width: 600px) 100vw, 600px\" \/><\/p>\n<h3>So erfassen Sie 8tracks mit Adobe Audition CC<\/h3>\n<p>1.\tAdobe Audition CC bietet zahlreiche Funktionen, aber der Aufnahmeprozess ist einfacher als gedacht. Das erste was Sie tun m\u00fcssen, ist es einfach auf Ihrem Computer zu installieren.<br \/>\n2.\t\u00d6ffnen Sie dann Adobe Audition CC und Sie finden eine Schaltfl\u00e4che mit einem roten Kreis auf der Unterseite.<br \/>\n3.\tKlicken Sie auf die Aufnahmetaste, so erstellt Adobe Audition CC eine neue Audiodatei.<br \/>\n4.\tDieser Audiorecorder erkennt Ihre Hardware und speichert den entsprechenden Wert. Sie k\u00f6nnen also einfach einen Namen eingeben und auf OK klicken, um fortzufahren.<br \/>\n5.\tSuchen Sie dann nach der Musik auf 8tracks, die Sie aufnehmen und abspielen m\u00f6chten.<br \/>\n6.\tSobald Sie in Adobe Audition CC auf die Aufnahme-Schaltfl\u00e4che klicken, beginnt die Aufnahme der Musik.<br \/>\n7.\tWenn Sie fertig sind, klicken Sie auf die Schaltfl\u00e4che \u201eStopp\u201c. Dann k\u00f6nnen Sie die Musik bearbeiten oder auf Ihrem Computer speichern.<\/p>\n<h2>4. Speichern Sie 8tracks Audio mit VLC Player<\/h2>\n<p>VLC Player ist ein Open-Source-Medienplayer. Es kann fast alle Mediendateien abspielen, einschlie\u00dflich Online-Mediendateien. Neben den Spielerfunktionen verf\u00fcgt VLC auch \u00fcber die F\u00e4higkeit, Onlinevideos und Musik aufzunehmen. Wenn es um seinen einzigartigen Aufzeichnungsprozess geht, k\u00f6nnen Sie die folgenden Schritte befolgen.<\/p>\n<p><img loading=\"lazy\" decoding=\"async\" src=\"http:\/\/www.tipard.de\/blog\/wp-content\/uploads\/2017\/12\/vlc-player.jpg\" alt=\"\" width=\"600\" height=\"259\" class=\"alignnone size-full wp-image-1488\" srcset=\"https:\/\/www.tipard.de\/blog\/wp-content\/uploads\/2017\/12\/vlc-player.jpg 600w, https:\/\/www.tipard.de\/blog\/wp-content\/uploads\/2017\/12\/vlc-player-300x130.jpg 300w\" sizes=\"auto, (max-width: 600px) 100vw, 600px\" \/><\/p>\n<h3>Wie man 8tracks Audio mit VLC Player speichert<\/h3>\n<p> 1. Kopieren Sie den Webseiten-Link des Songs auf 8tracks.<br \/>\n 2. \u00d6ffnen Sie den VLC Player im Medienmen\u00fc und w\u00e4hlt die Option Netzwerk-Stream \u00f6ffnen aus.<br \/>\n 3. F\u00fcgen Sie den Link in das Feld &#8222;URL&#8220; im Dialogfeld &#8222;Open Media&#8220; ein.<br \/>\n 4. Dr\u00fccken Sie die Dropdown-Liste neben der Schaltfl\u00e4che Wiedergabe und w\u00e4hlen Sie Stream.<br \/>\n 5. Klicken Sie dann im Stream-Ausgabefenster auf Weiter, um fortzufahren.<br \/>\n 6. Klicken Sie im Dialogfeld f\u00fcr die Zieleinrichtung auf die Schaltfl\u00e4che Hinzuf\u00fcgen und dann auf Durchsuchen, um einen Ordner auszuw\u00e4hlen.<br \/>\n 7. Nachdem Sie ein Ziel ausgew\u00e4hlt haben, erscheint das Fenster f\u00fcr die Transcodierungsoptionen. Vergewissern Sie sich, dass das Kontrollk\u00e4stchen &#8222;Transcodierung aktivieren&#8220; deaktiviert ist und klicken Sie auf &#8222;Weiter&#8220;.<br \/>\n 8. Dr\u00fccken Sie abschlie\u00dfend die Schaltfl\u00e4che &#8222;Stream&#8220; im Optionseinstellungsfeld, um die Aufzeichnung von 8 Spuren abzuschlie\u00dfen anschlie\u00dfend wird die Musik wird auf Ihrem Computer gespeichert. <\/p>\n<h3>Zusammenfassung:<\/h3>\n<p>Adobe Audition CC ist die professionellste, jedoch nicht g\u00fcnstigste Variante. Audacity ist eine weitere M\u00f6glichkeit Musik professionell aufzunehmen. Au\u00dferdem k\u00f6nnen Sie die urspr\u00fcngliche Audiodatei darin bearbeiten. Wenn Sie nur einen einfach zu bedienenden 8tracks Recorder ben\u00f6tigen, der qualitativ hochwertige Aufnahmen erzeugen kann, ist Tipard Screen Capture die beste Wahl. Jede Frage zum Herunterladen von Musik aus 8tracks, oder weitere Ideen k\u00f6nnen Sie gerne unter den Kommentaren mit uns teilen.<\/p>\n","protected":false},"excerpt":{"rendered":"<p>Wenn Sie ein Musikliebhaber sind, m\u00fcssen Sie von der ber\u00fchmten Internetradio-Website 8tracks geh\u00f6rt haben. Laut offiziellen Angaben nutzen Millionen von Musikfans 8tracks Music, um Musik zu entdecken oder zu teilen. Es wird als eigenst\u00e4ndiges Online-Radio bezeichnet, da es den Usern erlaubt, gemischte Alben zu erstellen und zu ver\u00f6ffentlichen, die ihre Lieblingsmusik enthalten. Viele Musikfans laden [&hellip;]<\/p>\n","protected":false},"author":1,"featured_media":0,"parent":0,"menu_order":0,"comment_status":"closed","ping_status":"closed","template":"","meta":{"footnotes":""},"class_list":["post-1489","page","type-page","status-publish","hentry"],"_links":{"self":[{"href":"https:\/\/www.tipard.de\/blog\/wp-json\/wp\/v2\/pages\/1489","targetHints":{"allow":["GET"]}}],"collection":[{"href":"https:\/\/www.tipard.de\/blog\/wp-json\/wp\/v2\/pages"}],"about":[{"href":"https:\/\/www.tipard.de\/blog\/wp-json\/wp\/v2\/types\/page"}],"author":[{"embeddable":true,"href":"https:\/\/www.tipard.de\/blog\/wp-json\/wp\/v2\/users\/1"}],"replies":[{"embeddable":true,"href":"https:\/\/www.tipard.de\/blog\/wp-json\/wp\/v2\/comments?post=1489"}],"version-history":[{"count":4,"href":"https:\/\/www.tipard.de\/blog\/wp-json\/wp\/v2\/pages\/1489\/revisions"}],"predecessor-version":[{"id":1493,"href":"https:\/\/www.tipard.de\/blog\/wp-json\/wp\/v2\/pages\/1489\/revisions\/1493"}],"wp:attachment":[{"href":"https:\/\/www.tipard.de\/blog\/wp-json\/wp\/v2\/media?parent=1489"}],"curies":[{"name":"wp","href":"https:\/\/api.w.org\/{rel}","templated":true}]}}