{"id":1471,"date":"2017-12-11T00:51:35","date_gmt":"2017-12-11T00:51:35","guid":{"rendered":"http:\/\/www.tipard.de\/blog\/?page_id=1471"},"modified":"2017-12-11T00:51:35","modified_gmt":"2017-12-11T00:51:35","slug":"tutorial-musik-im-internet-finden-downloaden-und-fuer-mobile-geraete-umwandeln","status":"publish","type":"page","link":"https:\/\/www.tipard.de\/blog\/tutorial-musik-im-internet-finden-downloaden-und-fuer-mobile-geraete-umwandeln\/","title":{"rendered":"Tutorial: Musik im Internet finden, downloaden und f\u00fcr mobile Ger\u00e4te umwandeln"},"content":{"rendered":"<p><img loading=\"lazy\" decoding=\"async\" src=\"http:\/\/www.tipard.de\/blog\/wp-content\/uploads\/2017\/12\/audio-downloader.jpg\" alt=\"\" width=\"600\" height=\"338\" class=\"alignnone size-full wp-image-1473\" srcset=\"https:\/\/www.tipard.de\/blog\/wp-content\/uploads\/2017\/12\/audio-downloader.jpg 600w, https:\/\/www.tipard.de\/blog\/wp-content\/uploads\/2017\/12\/audio-downloader-300x169.jpg 300w\" sizes=\"auto, (max-width: 600px) 100vw, 600px\" \/><br \/>\nMusik ist die \u00e4lteste Unterhaltungsform auf diesem Planeten. Seitdem sich die Technologie ver\u00e4ndert hat, gibt es neue Wege Musik zuh\u00f6ren z.B. \u00fcber digitale Musik und Musik Streamer. Aktuell gibt es sehr viele Musik Datenbanken, Webseiten und Apps, wie z.B. SoundCloud, YouTube und viele mehr.<\/p>\n<p>Jedoch bevorzugen es die meisten Menschen Musik unterwegs im Auto, im Zug oder im Flugzeug zu h\u00f6ren. Oftmals reicht jedoch die Internetverbindung nicht aus oder das Datenvolumen unterwegs ist begrenzt, so dass es sinnvoll sein kann Musik offline auf dem Ger\u00e4t selber zu h\u00f6ren.<\/p>\n<p>Hierbei hilft Tipard Screen Capture: Im Handumdrehen l\u00e4sst sich mit diesem n\u00fctzlichen Tool Musik ganz einfach herunterladen und umwandeln. In diesem Beitrag wird Ihnen der beste Weg gezeigt, damit Sie leicht Musik von verschiedenen Plattformen herunterladen k\u00f6nnen.<\/p>\n<p>Teil 1: Musik unter Windows herunterladen<br \/>\nTeil 2: Musik auf dem Mac aufnehmen<br \/>\nTeil 3: Musik online suchen und sammeln<br \/>\nTeil 4: Musik auf das Smartphone \u00fcbertragen<\/p>\n<h2>Teil 1: Musik unter Windows herunterladen<\/h2>\n<p>Wenn Sie nach einem guten Audio Downloader f\u00fcr Ihren PC suchen, ist Tipard Screen Capture die beste Wahl f\u00fcr Sie. Zun\u00e4chst garantiert das Programm dank hochqualitativer Algorithmen die optimale Musikqualit\u00e4t. Daher k\u00f6nnen Sie offline Musik in der urspr\u00fcnglichen Qualit\u00e4t ohne Verluste genie\u00dfen. Zudem ist es kompatibel mit den meisten Windows Versionen, auch Windows 10. Ein weiterer Vorteil ist, dass Screen Capture keine Begrenzung bei der Aufnahmedauer hat. Sie k\u00f6nnen Aufnahmedauer ganz eigenst\u00e4ndig festlegen und sich so die gew\u00fcnschte Audiodatei mit dieser exzellenten Software aus dem Video umwandeln.<\/p>\n<h3>Wie sie die Audiodatei mit Tipard Screen Capture aufnehmen<\/h3>\n<div class=\"article-steps\"><br \/>\n<div class=\"article-step\"><div class=\"context noPreview\"><h3><span class=\"stepShield\">Schritt 1<\/span>Navigieren Sie in Ihrem Browser auf die gew\u00fcnschte Audiodatei, die sie herunterladen m\u00f6chten oder \u00f6ffnen Sie diese mit dem Player online.<\/h3><br \/>\n<\/div><\/div><br \/>\n<div class=\"article-step reverse\"><div class=\"context\"><h3><span class=\"stepShield\">Schritt 2<\/span>\u00d6ffnen Sie den Audio Downloader auf Ihren Computer und \u00f6ffnen Sie zugleich das Record Audio Fenster, um die Input Quellen einzustellen.<\/h3><br \/>\n<\/div><img loading=\"lazy\" decoding=\"async\" width=\"400\" height=\"105\" src=\"https:\/\/www.tipard.de\/blog\/wp-content\/uploads\/2017\/12\/tp-screen-capture.jpg\" class=\"preview\" alt=\"\u00d6ffnen Sie den Audio Downloader auf Ihren Computer und \u00f6ffnen Sie zugleich das Record Audio Fenster, um die Input Quellen einzustellen.\" srcset=\"https:\/\/www.tipard.de\/blog\/wp-content\/uploads\/2017\/12\/tp-screen-capture.jpg 600w, https:\/\/www.tipard.de\/blog\/wp-content\/uploads\/2017\/12\/tp-screen-capture-300x79.jpg 300w\" sizes=\"auto, (max-width: 400px) 100vw, 400px\" \/><\/div><br \/>\n<div class=\"article-step\"><div class=\"context\"><br \/>\n<\/div><img loading=\"lazy\" decoding=\"async\" width=\"400\" height=\"107\" src=\"https:\/\/www.tipard.de\/blog\/wp-content\/uploads\/2017\/12\/tp-record-audio.jpg\" class=\"preview\" alt=\"\" srcset=\"https:\/\/www.tipard.de\/blog\/wp-content\/uploads\/2017\/12\/tp-record-audio.jpg 600w, https:\/\/www.tipard.de\/blog\/wp-content\/uploads\/2017\/12\/tp-record-audio-300x80.jpg 300w\" sizes=\"auto, (max-width: 400px) 100vw, 400px\" \/><\/div><br \/>\n<div class=\"article-step\"><div class=\"context noPreview\"><h3><span class=\"stepShield\">Schritt 4<\/span>Nachdem Sie die Einstellungen getroffen haben, spielen sie die Musik in dem Browser ab und klicken Sie auf die rote Taste, um den Download zu starten.<\/h3><br \/>\n<\/div><\/div><br \/>\n<div class=\"article-step\"><div class=\"context noPreview\"><h3><span class=\"stepShield\">Schritt 5<\/span>Bei der Aufnahme, k\u00f6nnen Sie pausieren und neu starten, indem Sie auf die blaue Taste klicken. Die Sonic Sektion wird Ihnen die L\u00e4nge von der Audiodatei in Echtzeit anzeigen.<\/h3><br \/>\n<\/div><\/div><br \/>\n<div class=\"article-step\"><div class=\"context noPreview\"><h3><span class=\"stepShield\">Schritt 6<\/span>Wenn Sie fertig sind, klicken Sie nochmal auf die rote Taste, um die Audiodatei auf Ihrem Computer zu speichern.<\/h3><br \/>\n<\/div><\/div><br \/>\n<\/div>\n<h2>Teil 2: Musik auf dem Mac aufnehmen<\/h2>\n<p>Obwohl es viele Audio Downloader gibt, existieren sehr wenige Programme f\u00fcr den Mac. Deshalb ist Audio Hijack f\u00fcr Mac sehr beliebt. Neben den grundlegenden Audio Download-Funktionen, verbindet es manche Mac Anwendungen wie Input Quellen z. B. einschlie\u00dflich Programme, Mikrophone, QuickTime Player, iTunes, Safari, DVD player, iChat, Skype und viele mehr. Eine weitere einzigartige Funktion ist die Unterst\u00fctzung der AIFF Datei, welche gebraucht wird um CDs zu brennen.<br \/>\n<img loading=\"lazy\" decoding=\"async\" src=\"http:\/\/www.tipard.de\/blog\/wp-content\/uploads\/2017\/12\/audio-hijack.jpg\" alt=\"\" width=\"600\" height=\"391\" class=\"alignnone size-full wp-image-1474\" srcset=\"https:\/\/www.tipard.de\/blog\/wp-content\/uploads\/2017\/12\/audio-hijack.jpg 600w, https:\/\/www.tipard.de\/blog\/wp-content\/uploads\/2017\/12\/audio-hijack-300x196.jpg 300w\" sizes=\"auto, (max-width: 600px) 100vw, 600px\" \/><\/p>\n<h3>Wie Sie Musik mit Audio Hijack herunterladen<\/h3>\n<p>1. Nachdem Sie Audio Hijack auf Ihren Mac Computer herunterladen haben, k\u00f6nnen Sie den Audio Downloader in dem Anwendungsordner \u00f6ffnen.<br \/>\n2. Navigieren Sie zu der Musik, die Sie herunterladen m\u00f6chten \u00fcber Safari oder einen anderen Browser.<br \/>\n3. Gehen Sie zur\u00fcck zu Audio Hijack und w\u00e4hlen Sie Safari oder einen anderen Browser aus.<br \/>\n4. Klicken Sie auf die Hijack Taste in der linken Ecke. Dann wird das Audio Fenster etwas anzeigen.<br \/>\n5. Spielen Sie die Musik in Ihrem Browser und das Audio Fenster wird die Aufnahme anzeigen.<br \/>\n6. Warten Sie bis die Musik beendet ist und klicken Sie auf die rote Taste oben, um den Download zu stoppen.<br \/>\n7. Klicken Sie auf Recording Bin auf der linken Seite des Men\u00fcs, damit Sie das Recording bin Fenster \u00f6ffnen k\u00f6nnen. Sie k\u00f6nnen die Audiodatei nach iTunes exportieren, im Editor \u00f6ffnen, eine CD brennen oder einfach auf Ihrem Rechner abspeichern.<\/p>\n<h2>Part 3: Musik online suchen und sammeln<\/h2>\n<p>Viele User bevorzugen Online-Dienste gegen\u00fcber Desktop-Programmen. Es gibt ein einige Audio Downloader, wie z. B. Anything2mp3. Wie der Name dieses Programms sagt, besitzt es die F\u00e4higkeit irgendeine Datei online in ein MP3 Format zu konvertieren und diese Datei auf Ihren Computer zu speichern.<br \/>\nAnything2mp3 unterst\u00fctzt sehr viele Musik Streaming Seiten wie z. B. SoundCloud, YouTube, Bandcamp, Vimeo, HotNewHipHop und viele mehr. Der Prozess mit Anything2mp3 einen Musikstream herunterzuladen ist sehr unkompliziert.<br \/>\n<img loading=\"lazy\" decoding=\"async\" src=\"http:\/\/www.tipard.de\/blog\/wp-content\/uploads\/2017\/12\/anything2mp3.jpg\" alt=\"\" width=\"600\" height=\"450\" class=\"alignnone size-full wp-image-1472\" srcset=\"https:\/\/www.tipard.de\/blog\/wp-content\/uploads\/2017\/12\/anything2mp3.jpg 600w, https:\/\/www.tipard.de\/blog\/wp-content\/uploads\/2017\/12\/anything2mp3-300x225.jpg 300w\" sizes=\"auto, (max-width: 600px) 100vw, 600px\" \/><\/p>\n<h3>Wie Sie Audiodateien mit Anythin2mp3 erhalten<\/h3>\n<p>1. Suchen Sie nach dem Musikvideo oder Audiodatei, die Sie in MP3 konvertieren m\u00f6chten und laden Sie diese auf Ihren Browser herunter.<br \/>\n2. Nachdem Sie Ihr Lieblingsst\u00fcck gefunden haben, spielen Sie es online ab und kopieren Sie den Link der Webseite. Sie k\u00f6nnen auch mit Rechts-Klick auf Ihrer Maus die Musik und die Adresse des Links kopieren.<br \/>\n3. \u00d6ffnen Sie Anything2mp3.com in einem neuen Fenster in Ihrem Browser.<br \/>\n4. Kopieren Sie den Link der Webseite in die URL Box.<br \/>\n5. Klicken Sie auf die Konvertieren-Taste und das Programm wird den URL in MP3 umwandeln.<br \/>\n6. Warten Sie ein paar Minuten auf die Umwandlung.<br \/>\n7. Dann k\u00f6nnen Sie auf Download Link klicken, um die Musik auf Ihren Computer zu speichern.<\/p>\n<h2>Part 4. Musik auf das Smartphone \u00fcbertragen<\/h2>\n<p>Ein Smartphone ist nicht nur ein Handy, es hat auch viele weitere Funktionen: In diese Falle k\u00f6nnen z. B. Musik damit h\u00f6ren. Wenn wir Musik direkt auf ein Smartphone herunterladen k\u00f6nnten, w\u00e4re es sehr praktisch. Dieser Abschnitt stellt Ihnen die wichtigsten Audio Downloader f\u00fcr iPhone und Android Ger\u00e4te vor. <\/p>\n<h3>Wie Sie Musik auf ein iPhone herunterladen<\/h3>\n<p>1. Laden Sie Total Downloader Free in dem App Store herunter und installieren Sie die App kostenlos es auf Ihrem iPhone<br \/>\n2. Sie k\u00f6nnen nach einem beliebigen Titel suchen mit dem vorhandenen Browser, welchen Sie gerne offline h\u00f6ren m\u00f6chten<br \/>\n3. Wenn Sie den Titel gefunden haben, klicken Sie auf die Download Taste. Dann wird die Musik auf Ihrem iPhone gespeichert.<br \/>\n4. Wenn Sie mehrere Lieder herunterladen m\u00f6chten, wiederholen Sie einfach Schritt 2 und 3. Total Downloader Free unterst\u00fctzt den Download von mehreren Audiodateien gleichzeitig.<br \/>\n<img loading=\"lazy\" decoding=\"async\" src=\"http:\/\/www.tipard.de\/blog\/wp-content\/uploads\/2017\/12\/total-downloader-free.jpg\" alt=\"\" width=\"600\" height=\"350\" class=\"alignnone size-full wp-image-1476\" srcset=\"https:\/\/www.tipard.de\/blog\/wp-content\/uploads\/2017\/12\/total-downloader-free.jpg 600w, https:\/\/www.tipard.de\/blog\/wp-content\/uploads\/2017\/12\/total-downloader-free-300x175.jpg 300w\" sizes=\"auto, (max-width: 600px) 100vw, 600px\" \/><\/p>\n<h3>Wie Sie Musik auf ein Android Ger\u00e4t herunterladen<\/h3>\n<p>1. Suchen sie nach MP3 Music Downloader in dem Google Play Store und installieren Sie die App auf Ihr Android Ger\u00e4t.<br \/>\n2. Geben sie den Musiktitel ein oder den K\u00fcnstler in der Audio Downloading Suchbox.<br \/>\n3. Dann werden Sie eine lange Liste an Ergebnissen erhalten. Sie k\u00f6nnen Die Ergebnisse zur in einer Vorschau anh\u00f6ren bevor Sie die Titel herunterladen.<br \/>\n4. Nachdem Sie das richtige Lied gefunden habe, k\u00f6nnen Sie das St\u00fcck offline genie\u00dfen, klicken Sie auf die Home-Taste und speichern Sie die Musik in der Musik Bibliothek.<br \/>\n5. Sie die Musik jederzeit und \u00fcberall h\u00f6ren.<br \/>\n<img loading=\"lazy\" decoding=\"async\" src=\"http:\/\/www.tipard.de\/blog\/wp-content\/uploads\/2017\/12\/mp3-music-downloader.jpg\" alt=\"\" width=\"600\" height=\"346\" class=\"alignnone size-full wp-image-1475\" srcset=\"https:\/\/www.tipard.de\/blog\/wp-content\/uploads\/2017\/12\/mp3-music-downloader.jpg 600w, https:\/\/www.tipard.de\/blog\/wp-content\/uploads\/2017\/12\/mp3-music-downloader-300x173.jpg 300w\" sizes=\"auto, (max-width: 600px) 100vw, 600px\" \/><\/p>\n<h3>Zusammenfassung<\/h3>\n<p>Es ist nicht besonders schwer Musik auf verschiedene digitale Ger\u00e4te herunterzuladen. Ein passender Audio Downloader hilft Ihnen dabei Musik oder Audio-Dateien von Streaming-Seiten schnell herunterzuladen. Tipard Screen Capture ist hierbei eines der besten Programm f\u00fcr Windows Nutzer. Neben dem einfachen Download Prozess hat es auch die beste Audio Qualit\u00e4t. Audio Hijack verbindet sich gut mit Mac Anwendungen. Sie k\u00f6nnen die Inputs und Outputs sehr gut bearbeiten. Anything2mp3 ist ein gro\u00dfartiger Online Audio Downloader. Wenn Sie Musik auf Ihr Smartphone herunterladen m\u00f6chten, k\u00f6nnen Sie Total Downloader Free und MP3 Music Downloader ausprobieren.<\/p>\n","protected":false},"excerpt":{"rendered":"<p>Musik ist die \u00e4lteste Unterhaltungsform auf diesem Planeten. Seitdem sich die Technologie ver\u00e4ndert hat, gibt es neue Wege Musik zuh\u00f6ren z.B. \u00fcber digitale Musik und Musik Streamer. Aktuell gibt es sehr viele Musik Datenbanken, Webseiten und Apps, wie z.B. SoundCloud, YouTube und viele mehr. Jedoch bevorzugen es die meisten Menschen Musik unterwegs im Auto, im [&hellip;]<\/p>\n","protected":false},"author":1,"featured_media":0,"parent":0,"menu_order":0,"comment_status":"closed","ping_status":"closed","template":"","meta":{"footnotes":""},"class_list":["post-1471","page","type-page","status-publish","hentry"],"_links":{"self":[{"href":"https:\/\/www.tipard.de\/blog\/wp-json\/wp\/v2\/pages\/1471","targetHints":{"allow":["GET"]}}],"collection":[{"href":"https:\/\/www.tipard.de\/blog\/wp-json\/wp\/v2\/pages"}],"about":[{"href":"https:\/\/www.tipard.de\/blog\/wp-json\/wp\/v2\/types\/page"}],"author":[{"embeddable":true,"href":"https:\/\/www.tipard.de\/blog\/wp-json\/wp\/v2\/users\/1"}],"replies":[{"embeddable":true,"href":"https:\/\/www.tipard.de\/blog\/wp-json\/wp\/v2\/comments?post=1471"}],"version-history":[{"count":3,"href":"https:\/\/www.tipard.de\/blog\/wp-json\/wp\/v2\/pages\/1471\/revisions"}],"predecessor-version":[{"id":1481,"href":"https:\/\/www.tipard.de\/blog\/wp-json\/wp\/v2\/pages\/1471\/revisions\/1481"}],"wp:attachment":[{"href":"https:\/\/www.tipard.de\/blog\/wp-json\/wp\/v2\/media?parent=1471"}],"curies":[{"name":"wp","href":"https:\/\/api.w.org\/{rel}","templated":true}]}}