{"id":1460,"date":"2017-11-27T16:36:06","date_gmt":"2017-11-27T16:36:06","guid":{"rendered":"http:\/\/www.tipard.de\/blog\/?page_id=1460"},"modified":"2017-11-27T16:36:06","modified_gmt":"2017-11-27T16:36:06","slug":"wie-sie-ein-backup-ihrer-iphone-kontakte-auf-dem-computer-erstellen","status":"publish","type":"page","link":"https:\/\/www.tipard.de\/blog\/wie-sie-ein-backup-ihrer-iphone-kontakte-auf-dem-computer-erstellen\/","title":{"rendered":"Wie Sie ein Backup Ihrer iPhone Kontakte auf dem Computer erstellen"},"content":{"rendered":"<p><img loading=\"lazy\" decoding=\"async\" src=\"http:\/\/www.tipard.de\/blog\/wp-content\/uploads\/2017\/11\/backup-iphone-contacts.jpg\" alt=\"\" width=\"696\" height=\"338\" class=\"alignnone size-full wp-image-1459\" srcset=\"https:\/\/www.tipard.de\/blog\/wp-content\/uploads\/2017\/11\/backup-iphone-contacts.jpg 696w, https:\/\/www.tipard.de\/blog\/wp-content\/uploads\/2017\/11\/backup-iphone-contacts-300x146.jpg 300w\" sizes=\"auto, (max-width: 696px) 100vw, 696px\" \/><br \/>\nWo sollten Sie Ihre iPhone Kontakte speichern? Immer mehr Nachrichten berichten dar\u00fcber, dass pers\u00f6nliche Informationen an die \u00d6ffentlichkeit gelangen. Um Ihre Kontakte zu sch\u00fctzen sollten Sie ein Backup auf Ihrem Computer anlegen. Tipard iPhone Transfer Ultimate ist daf\u00fcr das beste Tool.<br \/>\nF\u00fcr gew\u00f6hnlich werden iPhone Kontakte von Apple automatisch mit iTunes synchronisiert, aber vielleicht wird nicht immer genau das getan, was Sie sich gerade vorstellen. Sie k\u00f6nnen immer Vorteile daraus ziehen selber ein Backup auf Windows oder Mac zu erstellen. Erfahren Sie hier mehr dar\u00fcber.<br \/>\n1.\tEs ist viel einfacher die Kontakte in einem Backup zu bearbeiten.<br \/>\n2.\tWenn Sie iPhone Kontakte mit dem PC synchronisieren bleiben Ihre Dateien auf jeden Fall sicher.<br \/>\n3.\tF\u00fcr gew\u00f6hnlich k\u00f6nnen Sie jedes Ger\u00e4t mit dem Computer verbinden und somit Ihre Kontakte synchronisieren.<br \/>\nApple bietet jedoch keine direkte Methode an, um ein Backup Ihrer Kontakte auf dem Computer zu erstellen. Es ist nicht einfach Kontakte vom iPhone auf den Computer zu \u00fcbertragen. Doch dank Tipard iPhone Transfer Ultimate ist es jetzt ein Leichtes Ihre Kontakte auf dem Computer zu speichern.<\/p>\n<h2>Speichern Sie iPhone Kontakte auf dem Computer mit Tipard iPhone Transfer Ultimate<\/h2>\n<p>Tipard iPhone Transfer Ultimate erm\u00f6glicht es Ihnen mit nur einem Klick ein Backup Ihrer iPhone Kontakte zu erstellen. Sie k\u00f6nnen au\u00dferdem Textnachrichten oder Videos vom iPhone auf den Computer \u00fcbertragen. <\/p>\n<h2>Wie Sie iPhone Kontakte auf dem Computer speichern<\/h2>\n<p><div class=\"article-steps\"><br \/>\n<div class=\"article-step\"><div class=\"context\"><h3><span class=\"stepShield\">Schritt 1<\/span>Verbinden Sie das Ger\u00e4t mit der L\u00f6sung<\/h3><br \/>\nWenn Sie die neueste Version von Tipard iPhone Transfer Ultimate heruntergeladen und installiert haben k\u00f6nnen Sie die L\u00f6sung \u00f6ffnen und Ihr Ger\u00e4t via USB Kabel verbinden.<br \/>\n<\/div><img loading=\"lazy\" decoding=\"async\" width=\"400\" height=\"279\" src=\"https:\/\/www.tipard.de\/blog\/wp-content\/uploads\/2017\/11\/connect-iphone5s.jpg\" class=\"preview\" alt=\"Verbinden Sie das Ger\u00e4t mit der L\u00f6sung\" srcset=\"https:\/\/www.tipard.de\/blog\/wp-content\/uploads\/2017\/11\/connect-iphone5s.jpg 400w, https:\/\/www.tipard.de\/blog\/wp-content\/uploads\/2017\/11\/connect-iphone5s-300x209.jpg 300w\" sizes=\"auto, (max-width: 400px) 100vw, 400px\" \/><\/div><br \/>\n<div class=\"article-step reverse\"><div class=\"context\"><h3><span class=\"stepShield\">Schritt 2<\/span>Speichern Sie iPhone Kontakte auf Ihrem Computer<\/h3><br \/>\nKlicken Sie \u201eBackup der Kontakte\u201c, um Ihre iPhone Kontakte auf dem Computer zu speichern. Es werden nur wenige Sekunden ben\u00f6tigt, um die Kontakte zu \u00fcbertragen.<br \/>\n1. <strong>\u00dcbertragen Sie die iPhone Kontakte nach iTunes.<\/strong> Dort k\u00f6nnen Sie sie dann mit allen weiteren iGer\u00e4ten teilen.<br \/>\n2. <strong>Speichern Sie die Kontakte in einem Ordner auf Ihrem Computer.<\/strong><br \/>\n3. <strong>Synchronisieren Sie die Kontakte zwischen iPhones.<\/strong> Wenn Sie die Kontakte auf ein weiteres iGer\u00e4t \u00fcbertragen m\u00f6chten klicken Sie einfach den dazugeh\u00f6rigen Button.<br \/>\n<\/div><img loading=\"lazy\" decoding=\"async\" width=\"400\" height=\"279\" src=\"https:\/\/www.tipard.de\/blog\/wp-content\/uploads\/2017\/11\/edit-contacts.jpg\" class=\"preview\" alt=\"Speichern Sie iPhone Kontakte auf Ihrem Computer\" srcset=\"https:\/\/www.tipard.de\/blog\/wp-content\/uploads\/2017\/11\/edit-contacts.jpg 400w, https:\/\/www.tipard.de\/blog\/wp-content\/uploads\/2017\/11\/edit-contacts-300x209.jpg 300w\" sizes=\"auto, (max-width: 400px) 100vw, 400px\" \/><\/div><br \/>\n<\/div><br \/>\n<div class=\"product-box\">\r\n<div class=\"pImg\" style=\"height: 320px!important;\"><img decoding=\"async\" src=\"http:\/\/tipard.de\/blog\/wp-content\/plugins\/tipard\/imgs\/iPhoneTransfer.png\" alt=\"iPhone Transfer\"><\/div>\r\n<div class=\"context\"><a href=\"http:\/\/www.tipard.de\/iphone-transfer\/\" class=\"title\">iPhone Transfer<\/a><br \/><p>Tipard iPhone Transfer ist das beste Programm zum Datentransfer f\u00fcr iPhone\/iPad\/iPod-Nutzer. Es erf\u00fcllt all Ihre Anforderungen an den Transfer, das Verwalten und Backups der Dateien auf Ihrem iPhone\/iPad\/iPod.<\/p><br \/><a href=\"http:\/\/www.tipard.de\/iphone-transfer\/\" class=\"more\">Mehr Erfahren<\/a><\/div>\r\n<\/div><\/p>\n","protected":false},"excerpt":{"rendered":"<p>Wo sollten Sie Ihre iPhone Kontakte speichern? Immer mehr Nachrichten berichten dar\u00fcber, dass pers\u00f6nliche Informationen an die \u00d6ffentlichkeit gelangen. Um Ihre Kontakte zu sch\u00fctzen sollten Sie ein Backup auf Ihrem Computer anlegen. Tipard iPhone Transfer Ultimate ist daf\u00fcr das beste Tool. F\u00fcr gew\u00f6hnlich werden iPhone Kontakte von Apple automatisch mit iTunes synchronisiert, aber vielleicht wird [&hellip;]<\/p>\n","protected":false},"author":1,"featured_media":0,"parent":0,"menu_order":0,"comment_status":"closed","ping_status":"closed","template":"","meta":{"footnotes":""},"class_list":["post-1460","page","type-page","status-publish","hentry"],"_links":{"self":[{"href":"https:\/\/www.tipard.de\/blog\/wp-json\/wp\/v2\/pages\/1460","targetHints":{"allow":["GET"]}}],"collection":[{"href":"https:\/\/www.tipard.de\/blog\/wp-json\/wp\/v2\/pages"}],"about":[{"href":"https:\/\/www.tipard.de\/blog\/wp-json\/wp\/v2\/types\/page"}],"author":[{"embeddable":true,"href":"https:\/\/www.tipard.de\/blog\/wp-json\/wp\/v2\/users\/1"}],"replies":[{"embeddable":true,"href":"https:\/\/www.tipard.de\/blog\/wp-json\/wp\/v2\/comments?post=1460"}],"version-history":[{"count":1,"href":"https:\/\/www.tipard.de\/blog\/wp-json\/wp\/v2\/pages\/1460\/revisions"}],"predecessor-version":[{"id":1463,"href":"https:\/\/www.tipard.de\/blog\/wp-json\/wp\/v2\/pages\/1460\/revisions\/1463"}],"wp:attachment":[{"href":"https:\/\/www.tipard.de\/blog\/wp-json\/wp\/v2\/media?parent=1460"}],"curies":[{"name":"wp","href":"https:\/\/api.w.org\/{rel}","templated":true}]}}