{"id":1444,"date":"2017-11-27T16:29:25","date_gmt":"2017-11-27T16:29:25","guid":{"rendered":"http:\/\/www.tipard.de\/blog\/?page_id=1444"},"modified":"2017-11-27T16:29:25","modified_gmt":"2017-11-27T16:29:25","slug":"wie-sie-icloud-text-nachrichten-ansehen-und-wiederherstellen","status":"publish","type":"page","link":"https:\/\/www.tipard.de\/blog\/wie-sie-icloud-text-nachrichten-ansehen-und-wiederherstellen\/","title":{"rendered":"Wie Sie iCloud Text Nachrichten ansehen und wiederherstellen"},"content":{"rendered":"<p><img loading=\"lazy\" decoding=\"async\" src=\"http:\/\/www.tipard.de\/blog\/wp-content\/uploads\/2017\/11\/retrieve-icloud-message.jpg\" alt=\"\" width=\"600\" height=\"338\" class=\"alignnone size-full wp-image-1449\" srcset=\"https:\/\/www.tipard.de\/blog\/wp-content\/uploads\/2017\/11\/retrieve-icloud-message.jpg 600w, https:\/\/www.tipard.de\/blog\/wp-content\/uploads\/2017\/11\/retrieve-icloud-message-300x169.jpg 300w\" sizes=\"auto, (max-width: 600px) 100vw, 600px\" \/><br \/>\nEs ist eine ungem\u00fctliche Sache iCloud Textnachrichten von einem Backup wiederherzustellen. Um bestimmte Nachrichten anzusehen muss das ganze iPhone wiederhergestellt werden und zuerst ein Backup auf einem anderen iGer\u00e4t erstellt werden. In diesem Artikel zeigen wir Ihnen den einfachsten Weg, um Nachrichten von iCloud wiederherzustellen.<\/p>\n<h2>Warum Sie Nachrichten von iCloud ansehen oder wiederherstellen m\u00fcssen<\/h2>\n<p>Wenn Textnachrichten wichtig f\u00fcr Sie sind erstellen Sie wahrscheinlich Backups von ihnen in der iCloud. Aber Sie k\u00f6nnen nicht die Textnachrichten alleine speichern, nein, Sie m\u00fcssen ein Backup Ihres ganzen iPhones erstellen. Wenn Sie Text Nachrichten in der iCloud ansehen ist es aber auch keine L\u00f6sung andere wichtige iPhone Daten zu l\u00f6schen, um nur die Nachrichten zu behalten.<br \/>\nApple bietet Ihnen nur begrenzten Speicherplatz in der iCloud. Wenn Sie Backups von mehreren iGer\u00e4ten machen m\u00fcssen sollten Sie pr\u00fcfen, was wirklich wichtig ist und zum Beispiel wichtige SMS wiederherstellen, um Speicherplatz freizugeben. <\/p>\n<h2>Vorschau und Wiederherstellen von iMessages der iCloud<\/h2>\n<p>Tipard iOS Data Recovery ist die beste L\u00f6sung, um Ihren Anforderungen gerecht zu werden. Egal ob Sie iCloud Nachrichten vorschauen, sie direkt wiederherstellen wollen oder auf Fotos und andere Dateien zugreifen wollen \u2013 laden Sie sich einfach die Probeversion von Tipard iOS Data Recovery herunter und probieren es selbst aus.<\/p>\n<h2>Wie Sie eine Vorschau starten und iCloud Nachrichten wiederherstellen<\/h2>\n<p><div class=\"article-steps\"><br \/>\n<div class=\"article-step\"><div class=\"context\"><h3><span class=\"stepShield\">Schritt 1<\/span>Verbinden Sie Ihr iPhone mit Data Recovery<\/h3><br \/>\nSobald Sie Tipard iOs Data Recovery heruntergeladen und installiert haben k\u00f6nnen Sie die L\u00f6sung mit dem iPhone oder anderen iGer\u00e4t \u00f6ffnen, wie es auf dem Screenshot gezeigt wird.<br \/>\n<\/div><img loading=\"lazy\" decoding=\"async\" width=\"400\" height=\"258\" src=\"https:\/\/www.tipard.de\/blog\/wp-content\/uploads\/2017\/11\/connect-ipad.jpg\" class=\"preview\" alt=\"Verbinden Sie Ihr iPhone mit Data Recovery\" srcset=\"https:\/\/www.tipard.de\/blog\/wp-content\/uploads\/2017\/11\/connect-ipad.jpg 400w, https:\/\/www.tipard.de\/blog\/wp-content\/uploads\/2017\/11\/connect-ipad-300x194.jpg 300w\" sizes=\"auto, (max-width: 400px) 100vw, 400px\" \/><\/div><br \/>\n<div class=\"article-step reverse\"><div class=\"context\"><h3><span class=\"stepShield\">Schritt 2<\/span>Loggen Sie sich ein, um iCloud Nachrichten wiederherzustellen<\/h3><br \/>\nLoggen Sie sich in Ihren Account mit Ihrer ID und Passwort ein. Anschlie\u00dfend k\u00f6nnen Sie Backup Dateien ausw\u00e4hlen, aus denen Sie Nachrichten wiederherstellen m\u00f6chten.<br \/>\n<\/div><img loading=\"lazy\" decoding=\"async\" width=\"400\" height=\"258\" src=\"https:\/\/www.tipard.de\/blog\/wp-content\/uploads\/2017\/11\/icloud.jpg\" class=\"preview\" alt=\"Loggen Sie sich ein, um iCloud Nachrichten wiederherzustellen\" srcset=\"https:\/\/www.tipard.de\/blog\/wp-content\/uploads\/2017\/11\/icloud.jpg 400w, https:\/\/www.tipard.de\/blog\/wp-content\/uploads\/2017\/11\/icloud-300x194.jpg 300w\" sizes=\"auto, (max-width: 400px) 100vw, 400px\" \/><\/div><br \/>\n<div class=\"article-step\"><div class=\"context\"><h3><span class=\"stepShield\">Schritt 3<\/span>Schauen Sie sich die wiederhergestellten iCloud Nachrichten an<\/h3><br \/>\nWenn Sie den \u201eDownload\u201c Button klicken k\u00f6nnen Sie sich die iCloud Nachrichten ansehen, die wiederhergestellt wurden. Stellen Sie sicher, dass es die richtigen sind.<br \/>\n<\/div><img loading=\"lazy\" decoding=\"async\" width=\"400\" height=\"258\" src=\"https:\/\/www.tipard.de\/blog\/wp-content\/uploads\/2017\/11\/icloud-sms-1.jpg\" class=\"preview\" alt=\"Schauen Sie sich die wiederhergestellten iCloud Nachrichten an\" srcset=\"https:\/\/www.tipard.de\/blog\/wp-content\/uploads\/2017\/11\/icloud-sms-1.jpg 400w, https:\/\/www.tipard.de\/blog\/wp-content\/uploads\/2017\/11\/icloud-sms-1-300x194.jpg 300w\" sizes=\"auto, (max-width: 400px) 100vw, 400px\" \/><\/div><br \/>\n<div class=\"article-step reverse\"><div class=\"context\"><h3><span class=\"stepShield\">Schritt 4<\/span>Laden Sie die iCloud Nachrichten mit Tipard iOS Data Recovery herunter<\/h3><br \/>\nWenn Sie zufrieden mit den angezeigten Nachrichten sind dr\u00fccken Sie einfach \u201eWiederherstellen\u201c, um SMS aus dem iCloud Backup herunterzuladen.<br \/>\n<\/div><img loading=\"lazy\" decoding=\"async\" width=\"400\" height=\"147\" src=\"https:\/\/www.tipard.de\/blog\/wp-content\/uploads\/2017\/11\/lacation.jpg\" class=\"preview\" alt=\"Laden Sie die iCloud Nachrichten mit Tipard iOS Data Recovery herunter\" srcset=\"https:\/\/www.tipard.de\/blog\/wp-content\/uploads\/2017\/11\/lacation.jpg 400w, https:\/\/www.tipard.de\/blog\/wp-content\/uploads\/2017\/11\/lacation-300x110.jpg 300w\" sizes=\"auto, (max-width: 400px) 100vw, 400px\" \/><\/div><br \/>\n<\/div><br \/>\n<div class=\"product-box\">\r\n<div class=\"pImg\" style=\"height: 320px!important;\"><img decoding=\"async\" src=\"http:\/\/tipard.de\/blog\/wp-content\/plugins\/tipard\/imgs\/iPhoneDataRecovery.png\" alt=\"iPhone Data Recovery\"><\/div>\r\n<div class=\"context\"><a href=\"http:\/\/www.tipard.de\/iphone-data-recovery\/\" class=\"title\">iPhone Data Recovery<\/a><br \/><p>Tipard iPhone Data Recovery ist eine tolle iOS Datenrettungssoftware f\u00fcr iPhone, iPad und iPod Nutzer. Sie hilft Ihnen dabei gel\u00f6schte iOS Fotos, Nachrichten, Kontakte, Notizen und andere Daten von Ihren iOS Ger\u00e4ten wiederherzustellen.<\/p><br \/><a href=\"http:\/\/www.tipard.de\/iphone-data-recovery\/\" class=\"more\">Mehr Erfahren<\/a><\/div>\r\n<\/div><\/p>\n","protected":false},"excerpt":{"rendered":"<p>Es ist eine ungem\u00fctliche Sache iCloud Textnachrichten von einem Backup wiederherzustellen. Um bestimmte Nachrichten anzusehen muss das ganze iPhone wiederhergestellt werden und zuerst ein Backup auf einem anderen iGer\u00e4t erstellt werden. In diesem Artikel zeigen wir Ihnen den einfachsten Weg, um Nachrichten von iCloud wiederherzustellen. Warum Sie Nachrichten von iCloud ansehen oder wiederherstellen m\u00fcssen Wenn [&hellip;]<\/p>\n","protected":false},"author":1,"featured_media":0,"parent":0,"menu_order":0,"comment_status":"closed","ping_status":"closed","template":"","meta":{"footnotes":""},"class_list":["post-1444","page","type-page","status-publish","hentry"],"_links":{"self":[{"href":"https:\/\/www.tipard.de\/blog\/wp-json\/wp\/v2\/pages\/1444","targetHints":{"allow":["GET"]}}],"collection":[{"href":"https:\/\/www.tipard.de\/blog\/wp-json\/wp\/v2\/pages"}],"about":[{"href":"https:\/\/www.tipard.de\/blog\/wp-json\/wp\/v2\/types\/page"}],"author":[{"embeddable":true,"href":"https:\/\/www.tipard.de\/blog\/wp-json\/wp\/v2\/users\/1"}],"replies":[{"embeddable":true,"href":"https:\/\/www.tipard.de\/blog\/wp-json\/wp\/v2\/comments?post=1444"}],"version-history":[{"count":1,"href":"https:\/\/www.tipard.de\/blog\/wp-json\/wp\/v2\/pages\/1444\/revisions"}],"predecessor-version":[{"id":1450,"href":"https:\/\/www.tipard.de\/blog\/wp-json\/wp\/v2\/pages\/1444\/revisions\/1450"}],"wp:attachment":[{"href":"https:\/\/www.tipard.de\/blog\/wp-json\/wp\/v2\/media?parent=1444"}],"curies":[{"name":"wp","href":"https:\/\/api.w.org\/{rel}","templated":true}]}}