{"id":1436,"date":"2017-11-27T16:25:30","date_gmt":"2017-11-27T16:25:30","guid":{"rendered":"http:\/\/www.tipard.de\/blog\/?page_id=1436"},"modified":"2024-08-27T08:10:27","modified_gmt":"2024-08-27T08:10:27","slug":"wie-sie-iphone-daten-von-ihrem-icloud-backup-wiederherstellen","status":"publish","type":"page","link":"https:\/\/www.tipard.de\/blog\/wie-sie-iphone-daten-von-ihrem-icloud-backup-wiederherstellen\/","title":{"rendered":"Wie Sie iPhone Daten von Ihrem iCloud Backup wiederherstellen"},"content":{"rendered":"<p><img loading=\"lazy\" decoding=\"async\" class=\"alignnone size-full wp-image-1439\" src=\"http:\/\/www.tipard.de\/blog\/wp-content\/uploads\/2017\/11\/restore-icloud.jpg\" alt=\"\" width=\"600\" height=\"338\" srcset=\"https:\/\/www.tipard.de\/blog\/wp-content\/uploads\/2017\/11\/restore-icloud.jpg 600w, https:\/\/www.tipard.de\/blog\/wp-content\/uploads\/2017\/11\/restore-icloud-300x169.jpg 300w\" sizes=\"auto, (max-width: 600px) 100vw, 600px\" \/><\/p>\n<p>If you are looking to restore iPhone data from an iCloud backup, this article is certainly for you. Not only can you retrieve data saved in a backup, but you can also recover items that were accidentally deleted and not synced with iCloud. Tipard iOS Data Recovery stands out as the best solution for reclaiming data from an iCloud backup.<\/p>\n<p>In the academic world, the demands of writing comprehensive papers can be quite overwhelming. Whether you&#8217;re crafting a research paper, dissertation, or preparing your bachelor&#8217;s thesis, having the right support can make a significant difference. If you&#8217;re contemplating assistance with your academic endeavors, consider utilizing a service like <a style=\"text-decoration: none; color: inherit; text-transform: lowercase; box-shadow: none; font-weight: inherit; border: none;\" href=\"http:\/\/bachelorarbeit-schreiben.com\">bachelorarbeit schreiben lassen<\/a>. This service can be a valuable resource, helping you navigate the complex process of academic writing effectively. With professional guidance, you can ensure your work is not only well-written but also adheres to all academic standards, potentially saving time and enhancing the quality of your final submission.<\/p>\n<h2>Wie Sie Daten aus dem iCloud Backup wiederherstellen<\/h2>\n<p>Als bereits festgelegte Methode des iPhone k\u00f6nnen Sie iCloud Backups vom iPhone mit den folgenden Schritten zur\u00fcckerhalten. Es ist frustrierend, wenn das ganze iPhone zur\u00fcckgesetzt werden muss, um ein Backup wiederherzustellen.<br \/>\n1. <strong>Einstellungen &gt; Allgemein &gt; Reset &gt; Alle Inhalte und Einstellungen l\u00f6schen<\/strong><br \/>\n2. Verbinden Sie das Ger\u00e4t mit WLAN und schlie\u00dfen es an den Strom an.<br \/>\n3. W\u00e4hlen Sie die Option <strong>\u201eAus iCloud Backup wiederherstellen\u201c<\/strong>.<br \/>\n4. Loggen Sie sich in Ihren iCloud Account ein (mit ID und Passwort).<br \/>\n5. W\u00e4hlen Sie eine Backup Datei aus, die Sie auf Ihrem iPhone wiederherstellen m\u00f6chten.<br \/>\n6. Geben Sie die Passw\u00f6rter ein, die ben\u00f6tigt werden, um den Vorgang zu beenden.<\/p>\n<h2>Wie Sie ohne zur\u00fccksetzen aus dem iCloud Backup wiederherstellen<\/h2>\n<p>1. Manchmal ben\u00f6tigen Sie vielleicht nur einige Bilder oder Whatsapp Nachrichten zur\u00fcck. Diese k\u00f6nnen Sie ohne Probleme aus dem iCloud Backup wiederherstellen, ohne Ihr Ger\u00e4t zur\u00fcckzusetzen.<br \/>\n2. Wenn Sie nach einem versehentlichen L\u00f6schen Dateien verloren haben k\u00f6nnen Sie diese nur aus einem iCloud Backup wiederherstellen. Auch dies funktioniert ohne zur\u00fccksetzen des Ger\u00e4ts.<br \/>\nTipard Data Recovery erlaubt es Ihnen Backups von iPhone Fotos mit nur wenigen Klicks zu erstellen. Anschlie\u00dfend k\u00f6nnen Sie iPhone Fotos auf dem Mac oder Windows ohne Probleme verwalten.<br \/>\nWie Sie ohne zur\u00fccksetzen aus dem iCloud Backup wiederherstellen mit Tipard iOS Data Recovery<br \/>\n<div class=\"article-steps\"><br \/>\n<div class=\"article-step\"><div class=\"context\"><h3><span class=\"stepShield\">Schritt 1<\/span>Verbinden Sie Ihr iPhone via USB Kabel<\/h3><br \/>\nWenn Sie Tipard iPhone Data Recovery bereits heruntergeladen und installiert haben k\u00f6nnen Sie Ihr iPhone via USB Kabel mit der L\u00f6sung verbinden. Die L\u00f6sung erkennt Ihr Ger\u00e4t automatisch.<br \/>\n<\/div><img loading=\"lazy\" decoding=\"async\" width=\"400\" height=\"258\" src=\"https:\/\/www.tipard.de\/blog\/wp-content\/uploads\/2017\/11\/connect-iphone-2.jpg\" class=\"preview\" alt=\"Verbinden Sie Ihr iPhone via USB Kabel\" srcset=\"https:\/\/www.tipard.de\/blog\/wp-content\/uploads\/2017\/11\/connect-iphone-2.jpg 400w, https:\/\/www.tipard.de\/blog\/wp-content\/uploads\/2017\/11\/connect-iphone-2-300x194.jpg 300w\" sizes=\"auto, (max-width: 400px) 100vw, 400px\" \/><\/div><br \/>\n<div class=\"article-step reverse\"><div class=\"context\"><h3><span class=\"stepShield\">Schritt 2<\/span>W\u00e4hlen Sie Wiederherstellungsmodi der L\u00f6sung aus<\/h3><br \/>\n1. Wiederherstellen aus iCloud Backup Datei<br \/>\nMit diesem Modus k\u00f6nnen Sie ohne zur\u00fccksetzen Ihres Ger\u00e4ts Daten aus einem iCloud Backup wiederherstellen. Sie m\u00fcssen sich daf\u00fcr in Ihren iCloud Account einloggen.<br \/>\n<\/div><img loading=\"lazy\" decoding=\"async\" width=\"400\" height=\"258\" src=\"https:\/\/www.tipard.de\/blog\/wp-content\/uploads\/2017\/11\/download-device.jpg\" class=\"preview\" alt=\"W\u00e4hlen Sie Wiederherstellungsmodi der L\u00f6sung aus\" srcset=\"https:\/\/www.tipard.de\/blog\/wp-content\/uploads\/2017\/11\/download-device.jpg 400w, https:\/\/www.tipard.de\/blog\/wp-content\/uploads\/2017\/11\/download-device-300x194.jpg 300w\" sizes=\"auto, (max-width: 400px) 100vw, 400px\" \/><\/div><br \/>\n<div class=\"article-step reverse\"><div class=\"context\"><br \/>\n2. Vom iOS Ger\u00e4t wiederherstellen<br \/>\nMit diesem Modus k\u00f6nnen Sie Dateien wiederherstellen, die sich in keinem iCloud Backup befinden.<br \/>\n<\/div><img loading=\"lazy\" decoding=\"async\" width=\"400\" height=\"258\" src=\"https:\/\/www.tipard.de\/blog\/wp-content\/uploads\/2017\/11\/preview.jpg\" class=\"preview\" alt=\"\" srcset=\"https:\/\/www.tipard.de\/blog\/wp-content\/uploads\/2017\/11\/preview.jpg 400w, https:\/\/www.tipard.de\/blog\/wp-content\/uploads\/2017\/11\/preview-300x194.jpg 300w\" sizes=\"auto, (max-width: 400px) 100vw, 400px\" \/><\/div><br \/>\n<div class=\"article-step\"><div class=\"context\"><h3><span class=\"stepShield\">Schritt 3<\/span>iPhone aus dem iCloud Backup herunterladen<\/h3><br \/>\nKlicken Sie dne Download Button, um alle Daten aus der iCloud wiederherzustellen. Sie k\u00f6nnen anschlie\u00dfend die Formate ausw\u00e4hlen, die Sie brauchen oder alle Dateien wiederherstellen.<br \/>\n<\/div><img loading=\"lazy\" decoding=\"async\" width=\"400\" height=\"258\" src=\"https:\/\/www.tipard.de\/blog\/wp-content\/uploads\/2017\/11\/icloud-sms.jpg\" class=\"preview\" alt=\"iPhone aus dem iCloud Backup herunterladen\" srcset=\"https:\/\/www.tipard.de\/blog\/wp-content\/uploads\/2017\/11\/icloud-sms.jpg 400w, https:\/\/www.tipard.de\/blog\/wp-content\/uploads\/2017\/11\/icloud-sms-300x194.jpg 300w\" sizes=\"auto, (max-width: 400px) 100vw, 400px\" \/><\/div><br \/>\n<\/div><br \/>\n<\/p>\n","protected":false},"excerpt":{"rendered":"<p>If you are looking to restore iPhone data from an iCloud backup, this article is certainly for you. Not only can you retrieve data saved in a backup, but you can also recover items that were accidentally deleted and not synced with iCloud. Tipard iOS Data Recovery stands out as the best solution for reclaiming [&hellip;]<\/p>\n","protected":false},"author":1,"featured_media":0,"parent":0,"menu_order":0,"comment_status":"closed","ping_status":"closed","template":"","meta":{"footnotes":""},"class_list":["post-1436","page","type-page","status-publish","hentry"],"_links":{"self":[{"href":"https:\/\/www.tipard.de\/blog\/wp-json\/wp\/v2\/pages\/1436","targetHints":{"allow":["GET"]}}],"collection":[{"href":"https:\/\/www.tipard.de\/blog\/wp-json\/wp\/v2\/pages"}],"about":[{"href":"https:\/\/www.tipard.de\/blog\/wp-json\/wp\/v2\/types\/page"}],"author":[{"embeddable":true,"href":"https:\/\/www.tipard.de\/blog\/wp-json\/wp\/v2\/users\/1"}],"replies":[{"embeddable":true,"href":"https:\/\/www.tipard.de\/blog\/wp-json\/wp\/v2\/comments?post=1436"}],"version-history":[{"count":4,"href":"https:\/\/www.tipard.de\/blog\/wp-json\/wp\/v2\/pages\/1436\/revisions"}],"predecessor-version":[{"id":4993,"href":"https:\/\/www.tipard.de\/blog\/wp-json\/wp\/v2\/pages\/1436\/revisions\/4993"}],"wp:attachment":[{"href":"https:\/\/www.tipard.de\/blog\/wp-json\/wp\/v2\/media?parent=1436"}],"curies":[{"name":"wp","href":"https:\/\/api.w.org\/{rel}","templated":true}]}}