{"id":1399,"date":"2017-11-27T15:52:09","date_gmt":"2017-11-27T15:52:09","guid":{"rendered":"http:\/\/www.tipard.de\/blog\/?page_id=1399"},"modified":"2017-11-27T15:52:09","modified_gmt":"2017-11-27T15:52:09","slug":"geloeschte-android-textnachrichten-wiederherstellen-tipard-android-message-recovery-macht-es-moeglich","status":"publish","type":"page","link":"https:\/\/www.tipard.de\/blog\/geloeschte-android-textnachrichten-wiederherstellen-tipard-android-message-recovery-macht-es-moeglich\/","title":{"rendered":"Gel\u00f6schte Android-Textnachrichten wiederherstellen? Tipard Android Message Recovery macht es m\u00f6glich!"},"content":{"rendered":"<p>Ein kleiner Fehler, eine kleine Unaufmerksamkeit und schon sind wichtige Nachrichten gel\u00f6scht, jedoch nicht verloren. Tipard Android Message Recovery erm\u00f6glicht Ihnen das Wiederherstellen von Textnachrichten auf einem ganz einfachen Wege.<\/p>\n<p>1. Wenn Sie versehentlich Nachrichten von Ihrem Android gel\u00f6scht haben, befinden Sie sich vor\u00fcbergehend  noch im virtuellen Raum, dass hei\u00dft mit Tipard Android Message Recovery k\u00f6nnen Sie wichtige Nachrichten noch retten.<br \/>\n2. Sie k\u00f6nnen gel\u00f6schte Nachrichten von Ihrem Android, sowie von allen anderen Dateien Ihres iPhones wiederherstellen<\/p>\n<h2>Gel\u00f6schte Nachrichten vom Android wiederherstellen<\/h2>\n<p>Mit Tipard Android Message Recovery k\u00f6nnen Sie gel\u00f6schte Textnachrichten, aber auch Fotos wiederherstellen. Wir empfehlen Ihnen gel\u00f6schte Nachrichten nicht mit Android-Apps wiederherzustellen, da diese Dateien dann \u00fcberschrieben werde und somit verloren gehen.<\/p>\n<h2>Wiederherstellen gel\u00f6schter SMS von Android mit Tipard Android Data Recovery<\/h2>\n<div class=\"article-steps\"><br \/>\n<div class=\"article-step\"><div class=\"context\"><h3><span class=\"stepShield\">Schritt 1<\/span>Verbinden Sie das Android-Telefon mit dem Programm<\/h3><br \/>\nNachdem Sie die neueste Version von Tipard Android Data Recovery heruntergeladen und installiert haben, k\u00f6nnen Sie das Android-Telefon mit dem Programm \u00fcber den USB-Anschluss verbinden.<br \/>\n<\/div><img loading=\"lazy\" decoding=\"async\" width=\"400\" height=\"253\" src=\"https:\/\/www.tipard.de\/blog\/wp-content\/uploads\/2017\/11\/connect-1.jpg\" class=\"preview\" alt=\"Verbinden Sie das Android-Telefon mit dem Programm\" srcset=\"https:\/\/www.tipard.de\/blog\/wp-content\/uploads\/2017\/11\/connect-1.jpg 400w, https:\/\/www.tipard.de\/blog\/wp-content\/uploads\/2017\/11\/connect-1-300x190.jpg 300w\" sizes=\"auto, (max-width: 400px) 100vw, 400px\" \/><\/div><br \/>\n<div class=\"article-step reverse\"><div class=\"context\"><h3><span class=\"stepShield\">Schritt 2<\/span>Gel\u00f6schte Nachrichten wiederherstelen<\/h3><br \/>\nDas Programm kann alle gel\u00f6schten Dateien abrufen. Wenn Sie also nur die Textnachrichten wiederherstellen wollen, m\u00fcssen Sie nur den Formattyp als Nachrichten ausw\u00e4hlen.<br \/>\n<\/div><img loading=\"lazy\" decoding=\"async\" width=\"400\" height=\"253\" src=\"https:\/\/www.tipard.de\/blog\/wp-content\/uploads\/2017\/11\/select-sms.jpg\" class=\"preview\" alt=\"Gel\u00f6schte Nachrichten wiederherstelen\" srcset=\"https:\/\/www.tipard.de\/blog\/wp-content\/uploads\/2017\/11\/select-sms.jpg 400w, https:\/\/www.tipard.de\/blog\/wp-content\/uploads\/2017\/11\/select-sms-300x190.jpg 300w\" sizes=\"auto, (max-width: 400px) 100vw, 400px\" \/><\/div><br \/>\n<div class=\"article-step\"><div class=\"context\"><h3><span class=\"stepShield\">Schritt 3<\/span>Ansehen aller gel\u00f6schten Nachrichten<\/h3><br \/>\nDas Programm zeigt nach dem Scannen Ihres Androids Screenshots von Ihren Nachrichten an. Sie k\u00f6nnen dann Ausw\u00e4hlen.<br \/>\nWenn Sie nun die gel\u00f6schten Nachrichten ausgew\u00e4hlt haben, k\u00f6nnen Sie einfach auf &#8222;Wiederherstellen&#8220; klicken.<br \/>\n<\/div><img loading=\"lazy\" decoding=\"async\" width=\"400\" height=\"253\" src=\"https:\/\/www.tipard.de\/blog\/wp-content\/uploads\/2017\/11\/preview-sms.jpg\" class=\"preview\" alt=\"Ansehen aller gel\u00f6schten Nachrichten\" srcset=\"https:\/\/www.tipard.de\/blog\/wp-content\/uploads\/2017\/11\/preview-sms.jpg 400w, https:\/\/www.tipard.de\/blog\/wp-content\/uploads\/2017\/11\/preview-sms-300x190.jpg 300w\" sizes=\"auto, (max-width: 400px) 100vw, 400px\" \/><\/div><br \/>\n<\/div>\n","protected":false},"excerpt":{"rendered":"<p>Ein kleiner Fehler, eine kleine Unaufmerksamkeit und schon sind wichtige Nachrichten gel\u00f6scht, jedoch nicht verloren. Tipard Android Message Recovery erm\u00f6glicht Ihnen das Wiederherstellen von Textnachrichten auf einem ganz einfachen Wege. 1. Wenn Sie versehentlich Nachrichten von Ihrem Android gel\u00f6scht haben, befinden Sie sich vor\u00fcbergehend noch im virtuellen Raum, dass hei\u00dft mit Tipard Android Message Recovery [&hellip;]<\/p>\n","protected":false},"author":1,"featured_media":0,"parent":0,"menu_order":0,"comment_status":"closed","ping_status":"closed","template":"","meta":{"footnotes":""},"class_list":["post-1399","page","type-page","status-publish","hentry"],"_links":{"self":[{"href":"https:\/\/www.tipard.de\/blog\/wp-json\/wp\/v2\/pages\/1399","targetHints":{"allow":["GET"]}}],"collection":[{"href":"https:\/\/www.tipard.de\/blog\/wp-json\/wp\/v2\/pages"}],"about":[{"href":"https:\/\/www.tipard.de\/blog\/wp-json\/wp\/v2\/types\/page"}],"author":[{"embeddable":true,"href":"https:\/\/www.tipard.de\/blog\/wp-json\/wp\/v2\/users\/1"}],"replies":[{"embeddable":true,"href":"https:\/\/www.tipard.de\/blog\/wp-json\/wp\/v2\/comments?post=1399"}],"version-history":[{"count":2,"href":"https:\/\/www.tipard.de\/blog\/wp-json\/wp\/v2\/pages\/1399\/revisions"}],"predecessor-version":[{"id":1405,"href":"https:\/\/www.tipard.de\/blog\/wp-json\/wp\/v2\/pages\/1399\/revisions\/1405"}],"wp:attachment":[{"href":"https:\/\/www.tipard.de\/blog\/wp-json\/wp\/v2\/media?parent=1399"}],"curies":[{"name":"wp","href":"https:\/\/api.w.org\/{rel}","templated":true}]}}