{"id":1396,"date":"2017-11-27T15:45:10","date_gmt":"2017-11-27T15:45:10","guid":{"rendered":"http:\/\/www.tipard.de\/blog\/?page_id=1396"},"modified":"2017-11-27T15:45:10","modified_gmt":"2017-11-27T15:45:10","slug":"wie-sie-gmail-kontakte-mit-einem-iphone-synchronisieren","status":"publish","type":"page","link":"https:\/\/www.tipard.de\/blog\/wie-sie-gmail-kontakte-mit-einem-iphone-synchronisieren\/","title":{"rendered":"Wie Sie Gmail Kontakte mit einem iPhone synchronisieren"},"content":{"rendered":"<p><img loading=\"lazy\" decoding=\"async\" src=\"http:\/\/www.tipard.de\/blog\/wp-content\/uploads\/2017\/11\/sync-gmail-contacts.jpg\" alt=\"\" width=\"600\" height=\"338\" class=\"alignnone size-full wp-image-1397\" srcset=\"https:\/\/www.tipard.de\/blog\/wp-content\/uploads\/2017\/11\/sync-gmail-contacts.jpg 600w, https:\/\/www.tipard.de\/blog\/wp-content\/uploads\/2017\/11\/sync-gmail-contacts-300x169.jpg 300w\" sizes=\"auto, (max-width: 600px) 100vw, 600px\" \/><br \/>\nWenn Sie k\u00fcrzlich erst von einem Anroid Handy zu einem iPhone gewechselt haben, k\u00f6nnen Sie Google Kontakte bei Apple nicht mehr so einfach hinzuf\u00fcgen wie bei einem Android Handy. Um Ihre Gmail Kontakte mit einem iPhone zu synchronisieren, m\u00fcssen Sie CardDAV benutzen, das von Google eingef\u00fchrt wurde. Wenn Sie einen einfachen Weg brauchen, um Kontakte zwischen Gmail und iPhone zu \u00fcbertragen, sollte Tipard iPhone Transfer Ultimate benutzen, in diesem Fall vermutlich die einfachste und schnellste L\u00f6sung.<\/p>\n<h2>Wie sie Gmail Kontakte mit einem iPhone synchronisieren<\/h2>\n<p>Normalerweise \u00fcbertragen Sie Kontakte von einem iPhone zu Gmail, um zu verhindern, dass irgendein Kontakt versehentlich gel\u00f6scht wird. Aber Gmail uf Kontakte zu einem iPhone zuzugreifen ist eine andere Sache. Wenn Sie Ihre iPhone Kontakte gesichert haben, sollte Tipard iPhone der beste und einfachste Weg sein, um Ihre Kontakte von Google auf Ihr iPhone zu \u00fcbertragen.<\/p>\n<h2>Wie Sie Kontakte von Google auf ein iPhone \u00fcbertragen mit Tipard iPhone Transfer Ultimate<\/h2>\n<div class=\"article-steps\"><br \/>\n<div class=\"article-step\"><div class=\"context\"><h3><span class=\"stepShield\">Schritt 1<\/span>Melden Sie sich in Gmail ein und finden Sie die Kontakte Option<\/h3><br \/>\n<\/div><img loading=\"lazy\" decoding=\"async\" width=\"400\" height=\"385\" src=\"https:\/\/www.tipard.de\/blog\/wp-content\/uploads\/2017\/11\/gmail-contacts-transfer.jpg\" class=\"preview\" alt=\"Melden Sie sich in Gmail ein und finden Sie die Kontakte Option\" srcset=\"https:\/\/www.tipard.de\/blog\/wp-content\/uploads\/2017\/11\/gmail-contacts-transfer.jpg 400w, https:\/\/www.tipard.de\/blog\/wp-content\/uploads\/2017\/11\/gmail-contacts-transfer-300x289.jpg 300w\" sizes=\"auto, (max-width: 400px) 100vw, 400px\" \/><\/div><br \/>\n<div class=\"article-step reverse\"><div class=\"context\"><h3><span class=\"stepShield\">Schritt 2<\/span>&#8220;Folgen<\/h3><br \/>\nSie k\u00f6nnen alle Kontakte exportieren oder ausgew\u00e4hlte Kontakte, welche alle mit Tipard iPhone Trasfer unterst\u00fctzt werden.<br \/>\n<\/div><img loading=\"lazy\" decoding=\"async\" width=\"400\" height=\"240\" src=\"https:\/\/www.tipard.de\/blog\/wp-content\/uploads\/2017\/11\/export-contact.jpg\" class=\"preview\" alt=\"&#8220;Folgen\" srcset=\"https:\/\/www.tipard.de\/blog\/wp-content\/uploads\/2017\/11\/export-contact.jpg 400w, https:\/\/www.tipard.de\/blog\/wp-content\/uploads\/2017\/11\/export-contact-300x180.jpg 300w\" sizes=\"auto, (max-width: 400px) 100vw, 400px\" \/><\/div><br \/>\n<div class=\"article-step\"><div class=\"context\"><h3><span class=\"stepShield\">Schritt 3<\/span>Verbinden Sie Ihr iPhone mit dem abgeschlossenen Programm<\/h3><br \/>\nWenn Sie die aktuellste Version von Tipard iPhone Transfer herunterladen und installieren, k\u00f6nnen Sie dann das iPhone wie in dem Screenshot angezeigt mit Tipard iPhone Transfer verbinden.<br \/>\n<\/div><img loading=\"lazy\" decoding=\"async\" width=\"400\" height=\"268\" src=\"https:\/\/www.tipard.de\/blog\/wp-content\/uploads\/2017\/11\/iphone-connect-3.jpg\" class=\"preview\" alt=\"Verbinden Sie Ihr iPhone mit dem abgeschlossenen Programm\" srcset=\"https:\/\/www.tipard.de\/blog\/wp-content\/uploads\/2017\/11\/iphone-connect-3.jpg 400w, https:\/\/www.tipard.de\/blog\/wp-content\/uploads\/2017\/11\/iphone-connect-3-300x201.jpg 300w\" sizes=\"auto, (max-width: 400px) 100vw, 400px\" \/><\/div><br \/>\n<div class=\"article-step reverse\"><div class=\"context\"><h3><span class=\"stepShield\">Schritt 4<\/span>Synchronisieren Sie Kontakte mit einem iPhone<\/h3><br \/>\nSie k\u00f6nnen die Kontakte Option ausw\u00e4hlen  und dann auf die \u201eImportieren\/Exportieren\u201c Option klicken, um \u201eKontakte importieren\u201c auszuw\u00e4hlen. Sie k\u00f6nnen Google Mail Kontakte f\u00fcr ein iPhone entweder \u00fcber CSV oder \u00fcber vCard importieren.<br \/>\n<\/div><img loading=\"lazy\" decoding=\"async\" width=\"400\" height=\"268\" src=\"https:\/\/www.tipard.de\/blog\/wp-content\/uploads\/2017\/11\/import-contacts-1.jpg\" class=\"preview\" alt=\"Synchronisieren Sie Kontakte mit einem iPhone\" srcset=\"https:\/\/www.tipard.de\/blog\/wp-content\/uploads\/2017\/11\/import-contacts-1.jpg 400w, https:\/\/www.tipard.de\/blog\/wp-content\/uploads\/2017\/11\/import-contacts-1-300x201.jpg 300w\" sizes=\"auto, (max-width: 400px) 100vw, 400px\" \/><\/div><br \/>\n<\/div>\n<h2>Kontakte zwischen Gmail und dem iPhone synchronisieren<\/h2>\n<p>Wenn Sie iOS 7 oder eine h\u00f6here Versionen benutzen, k\u00f6nnen Sie Ihr CardDAV Account \u00f6ffnen und Kontakte festlegen mit Gmail und iCloud mit dem folgenden Prozedere.<br \/>\n1. Suchen Sie die \u201eEinstellungen\u201c App auf der Home Seite auf dem iPhone.<br \/>\n2. W\u00e4hlen Sie die \u201eE-Mail, Kontakte, Kalender\u201c Option.<br \/>\n3. W\u00e4hlen Sie \u201eAccount Hinzuf\u00fcgen\u201c, um Gmail zu iCloud zu \u00fcbertragen.<br \/>\n4. W\u00e4hlen Sie Google aus.<br \/>\n5. F\u00fcllen Sie die ben\u00f6tigten Informationen aus wie unten gelistet:<br \/>\nName: Geben Sie Ihren Namen an<br \/>\nBenutzername: Geben Sie Ihren Google Account oder Google Apps E-Mail an<br \/>\nPasswort: Geben Sie Ihr Google Account oder Google Apps Passwort an<br \/>\nBeschreibung: Geben Sie eine Beschreibung von dem Account an<br \/>\n6. Tippen Sie \u201edas N\u00e4chste\u201c an dem obersten iPhone Bildschirm.<br \/>\n7. Gehen Sie sicher, dass die \u201eKontakte\u201c Option AN ist.<br \/>\n8. W\u00e4hlen Sie die Speichern Option, um die Gmail Kontakte auf das iPhone zu synchronisieren. <\/p>\n<div class=\"product-box\">\r\n<div class=\"pImg\" style=\"height: 320px!important;\"><img decoding=\"async\" src=\"http:\/\/tipard.de\/blog\/wp-content\/plugins\/tipard\/imgs\/iPhoneTransfer.png\" alt=\"iPhone Transfer\"><\/div>\r\n<div class=\"context\"><a href=\"http:\/\/www.tipard.de\/iphone-transfer\/\" class=\"title\">iPhone Transfer<\/a><br \/><p>Tipard iPhone Transfer ist das beste Programm zum Datentransfer f\u00fcr iPhone\/iPad\/iPod-Nutzer. Es erf\u00fcllt all Ihre Anforderungen an den Transfer, das Verwalten und Backups der Dateien auf Ihrem iPhone\/iPad\/iPod.<\/p><br \/><a href=\"http:\/\/www.tipard.de\/iphone-transfer\/\" class=\"more\">Mehr Erfahren<\/a><\/div>\r\n<\/div>\n","protected":false},"excerpt":{"rendered":"<p>Wenn Sie k\u00fcrzlich erst von einem Anroid Handy zu einem iPhone gewechselt haben, k\u00f6nnen Sie Google Kontakte bei Apple nicht mehr so einfach hinzuf\u00fcgen wie bei einem Android Handy. Um Ihre Gmail Kontakte mit einem iPhone zu synchronisieren, m\u00fcssen Sie CardDAV benutzen, das von Google eingef\u00fchrt wurde. Wenn Sie einen einfachen Weg brauchen, um Kontakte [&hellip;]<\/p>\n","protected":false},"author":1,"featured_media":0,"parent":0,"menu_order":0,"comment_status":"closed","ping_status":"closed","template":"","meta":{"footnotes":""},"class_list":["post-1396","page","type-page","status-publish","hentry"],"_links":{"self":[{"href":"https:\/\/www.tipard.de\/blog\/wp-json\/wp\/v2\/pages\/1396","targetHints":{"allow":["GET"]}}],"collection":[{"href":"https:\/\/www.tipard.de\/blog\/wp-json\/wp\/v2\/pages"}],"about":[{"href":"https:\/\/www.tipard.de\/blog\/wp-json\/wp\/v2\/types\/page"}],"author":[{"embeddable":true,"href":"https:\/\/www.tipard.de\/blog\/wp-json\/wp\/v2\/users\/1"}],"replies":[{"embeddable":true,"href":"https:\/\/www.tipard.de\/blog\/wp-json\/wp\/v2\/comments?post=1396"}],"version-history":[{"count":1,"href":"https:\/\/www.tipard.de\/blog\/wp-json\/wp\/v2\/pages\/1396\/revisions"}],"predecessor-version":[{"id":1398,"href":"https:\/\/www.tipard.de\/blog\/wp-json\/wp\/v2\/pages\/1396\/revisions\/1398"}],"wp:attachment":[{"href":"https:\/\/www.tipard.de\/blog\/wp-json\/wp\/v2\/media?parent=1396"}],"curies":[{"name":"wp","href":"https:\/\/api.w.org\/{rel}","templated":true}]}}