{"id":1389,"date":"2017-11-27T15:41:16","date_gmt":"2017-11-27T15:41:16","guid":{"rendered":"http:\/\/www.tipard.de\/blog\/?page_id=1389"},"modified":"2017-11-27T15:41:16","modified_gmt":"2017-11-27T15:41:16","slug":"was-ist-ein-vcard-format","status":"publish","type":"page","link":"https:\/\/www.tipard.de\/blog\/was-ist-ein-vcard-format\/","title":{"rendered":"Was ist ein vCard Format?"},"content":{"rendered":"<p><img loading=\"lazy\" decoding=\"async\" src=\"http:\/\/www.tipard.de\/blog\/wp-content\/uploads\/2017\/11\/what-is-a-vcard.jpg\" alt=\"\" width=\"600\" height=\"338\" class=\"alignnone size-full wp-image-1388\" srcset=\"https:\/\/www.tipard.de\/blog\/wp-content\/uploads\/2017\/11\/what-is-a-vcard.jpg 600w, https:\/\/www.tipard.de\/blog\/wp-content\/uploads\/2017\/11\/what-is-a-vcard-300x169.jpg 300w\" sizes=\"auto, (max-width: 600px) 100vw, 600px\" \/><br \/>\nWenn Sie eine vCard anh\u00e4ngend an einer E-Mail erhalten von Ihren Freunden in Outlook, haben Sie bestimmt keine Idee wie sie das vCard Format benutzen. Tipard iPhone Transfer Ultimate ist in der Lage VCard Ordner f\u00fcr ein Postfach zu erstellen und iPhone Kontakte mit vCard zu synchronisieren.<\/p>\n<h2>Was bedeutet vCard genau?<\/h2>\n<p>Wenn Sie einen vCard Ordner finden, sollten Sie wissen was vCard bedeutet. vCard ist ein Standartformat f\u00fcr Visitenkarten, welches eine VCF Erweiterung hat. Das vCard Format ist ein Industrie Standard. <\/p>\n<p>Eine vCard erm\u00f6glicht Ihnen Kontakte zu versenden, welche dann einfach in einem E-Mail Programm gelesen und angesehen werden k\u00f6nnen.  vCard ist eine einfache Anwendung und beinhaltet die folgenden Informationen:<\/p>\n<p>Name<br \/>\nAdresse<br \/>\nTelefonnummer<br \/>\nE-Mail Adresse<br \/>\nURLs<br \/>\nBilder<br \/>\nAudio Clips<\/p>\n<h2>Wie Sie vCard in Microsoft Outlook importieren<\/h2>\n<p>vCard ist ein Format, dass von den meisten E-Mail Programmen erkannt wird. Finden Sie einfach den Weg vCard auf Outlook Kontakte zu importieren.<br \/>\n1. Suchen Sie die vCard Datei, klicken Sie den Ordner an mit der rechten Maustaste an.<br \/>\n2. Klicken Sie die \u201eHinzuf\u00fcgen zu Outlook Kontakte\u201c Schaltfl\u00e4che<br \/>\n3. Klicken Sie \u201eSpeichern und Schlie\u00dfen\u201c in dem Kontakte-Fenster<br \/>\nSie k\u00f6nnen den Ablauf wiederholen f\u00fcr jede weitere vCard Nachricht. So importieren oder exportieren Sie vCard Kontakte auf Ihrem iPhone, k\u00f6nnen Kontakte hinzuf\u00fcgen oder bearbeiten. <\/p>\n<h2>Wie \u00fcbernehmen Sie iPhone Kontakte in den vCard?<\/h2>\n<p>Tipard iPhone Transfer Ultimate ist eine einfache L\u00f6sung zur Synchonisation von vCard Kontakten.  Die Versionen f\u00fcr Windows und Mac sind hierbei sehr \u00e4hnlich. Diese Software erm\u00f6glicht es Ihnen auf die Kontakte von Ihrem iPhone aus auf vCard\/VCF Ordnern zuzugreifen.<\/p>\n<h2>Wie Sie iPhone Kontakte mit Tipard iPhone Transfer Ultimate in vCard exportieren<\/h2>\n<div class=\"article-steps\"><br \/>\n<div class=\"article-step\"><div class=\"context\"><h3><span class=\"stepShield\">Schritt 1<\/span>Verbinden Sie Ihr iPhone mit Tipard iPhone Transfer Ultimate<\/h3><br \/>\nWenn sie Tipard iPhone Tranfer Ultimate herunterladen und installieren, k\u00f6nnen Sie das Programm unmittelbar starten. Dann verbinden Sie Ihr iPhone mit Tipard iPhone Transfer Ultimate \u00fcber eine USB Verbindung.<br \/>\n<\/div><img loading=\"lazy\" decoding=\"async\" width=\"400\" height=\"268\" src=\"https:\/\/www.tipard.de\/blog\/wp-content\/uploads\/2017\/11\/iphone-connect-2.jpg\" class=\"preview\" alt=\"Verbinden Sie Ihr iPhone mit Tipard iPhone Transfer Ultimate\" srcset=\"https:\/\/www.tipard.de\/blog\/wp-content\/uploads\/2017\/11\/iphone-connect-2.jpg 400w, https:\/\/www.tipard.de\/blog\/wp-content\/uploads\/2017\/11\/iphone-connect-2-300x201.jpg 300w\" sizes=\"auto, (max-width: 400px) 100vw, 400px\" \/><\/div><br \/>\n<div class=\"article-step reverse\"><div class=\"context\"><h3><span class=\"stepShield\">Schritt 2<\/span>Bearbeiten Sie Kontakte mit vCard<\/h3><br \/>\nIm Auswahlmen\u00fc k\u00f6nnen Sie die Namen der Kontakte finden. Klicken Sie die \u201eBearbeiten\u201c Schaltfl\u00e4che, um vCard Kontakte auf dem PC oder Mac zu bearbeiten.<br \/>\n<\/div><img loading=\"lazy\" decoding=\"async\" width=\"400\" height=\"268\" src=\"https:\/\/www.tipard.de\/blog\/wp-content\/uploads\/2017\/11\/contacts-edit.jpg\" class=\"preview\" alt=\"Bearbeiten Sie Kontakte mit vCard\" srcset=\"https:\/\/www.tipard.de\/blog\/wp-content\/uploads\/2017\/11\/contacts-edit.jpg 400w, https:\/\/www.tipard.de\/blog\/wp-content\/uploads\/2017\/11\/contacts-edit-300x201.jpg 300w\" sizes=\"auto, (max-width: 400px) 100vw, 400px\" \/><\/div><br \/>\n<div class=\"article-step\"><div class=\"context\"><h3><span class=\"stepShield\">Schritt 3<\/span>Exportieren Sie Ihre iPhone Kontakte f\u00fcr vCard<\/h3><br \/>\n\u00dcber die Option Importieren\/Exportieren k\u00f6nnen Sie ausgew\u00e4hlte oder alle Kontakte in einem Arbeitsgang exportieren. Dieser Arbeitsgang kann auch als Stapelverarbeitung erfolgen.<br \/>\n<\/div><img loading=\"lazy\" decoding=\"async\" width=\"400\" height=\"268\" src=\"https:\/\/www.tipard.de\/blog\/wp-content\/uploads\/2017\/11\/import-contacts.jpg\" class=\"preview\" alt=\"Exportieren Sie Ihre iPhone Kontakte f\u00fcr vCard\" srcset=\"https:\/\/www.tipard.de\/blog\/wp-content\/uploads\/2017\/11\/import-contacts.jpg 400w, https:\/\/www.tipard.de\/blog\/wp-content\/uploads\/2017\/11\/import-contacts-300x201.jpg 300w\" sizes=\"auto, (max-width: 400px) 100vw, 400px\" \/><\/div><br \/>\n<\/div>\n<div class=\"product-box\">\r\n<div class=\"pImg\" style=\"height: 320px!important;\"><img decoding=\"async\" src=\"http:\/\/tipard.de\/blog\/wp-content\/plugins\/tipard\/imgs\/iPhoneTransfer.png\" alt=\"iPhone Transfer\"><\/div>\r\n<div class=\"context\"><a href=\"http:\/\/www.tipard.de\/iphone-transfer\/\" class=\"title\">iPhone Transfer<\/a><br \/><p>Tipard iPhone Transfer ist das beste Programm zum Datentransfer f\u00fcr iPhone\/iPad\/iPod-Nutzer. Es erf\u00fcllt all Ihre Anforderungen an den Transfer, das Verwalten und Backups der Dateien auf Ihrem iPhone\/iPad\/iPod.<\/p><br \/><a href=\"http:\/\/www.tipard.de\/iphone-transfer\/\" class=\"more\">Mehr Erfahren<\/a><\/div>\r\n<\/div>\n","protected":false},"excerpt":{"rendered":"<p>Wenn Sie eine vCard anh\u00e4ngend an einer E-Mail erhalten von Ihren Freunden in Outlook, haben Sie bestimmt keine Idee wie sie das vCard Format benutzen. Tipard iPhone Transfer Ultimate ist in der Lage VCard Ordner f\u00fcr ein Postfach zu erstellen und iPhone Kontakte mit vCard zu synchronisieren. Was bedeutet vCard genau? Wenn Sie einen vCard [&hellip;]<\/p>\n","protected":false},"author":1,"featured_media":0,"parent":0,"menu_order":0,"comment_status":"closed","ping_status":"closed","template":"","meta":{"footnotes":""},"class_list":["post-1389","page","type-page","status-publish","hentry"],"_links":{"self":[{"href":"https:\/\/www.tipard.de\/blog\/wp-json\/wp\/v2\/pages\/1389","targetHints":{"allow":["GET"]}}],"collection":[{"href":"https:\/\/www.tipard.de\/blog\/wp-json\/wp\/v2\/pages"}],"about":[{"href":"https:\/\/www.tipard.de\/blog\/wp-json\/wp\/v2\/types\/page"}],"author":[{"embeddable":true,"href":"https:\/\/www.tipard.de\/blog\/wp-json\/wp\/v2\/users\/1"}],"replies":[{"embeddable":true,"href":"https:\/\/www.tipard.de\/blog\/wp-json\/wp\/v2\/comments?post=1389"}],"version-history":[{"count":2,"href":"https:\/\/www.tipard.de\/blog\/wp-json\/wp\/v2\/pages\/1389\/revisions"}],"predecessor-version":[{"id":1391,"href":"https:\/\/www.tipard.de\/blog\/wp-json\/wp\/v2\/pages\/1389\/revisions\/1391"}],"wp:attachment":[{"href":"https:\/\/www.tipard.de\/blog\/wp-json\/wp\/v2\/media?parent=1389"}],"curies":[{"name":"wp","href":"https:\/\/api.w.org\/{rel}","templated":true}]}}