{"id":1376,"date":"2017-11-27T15:30:53","date_gmt":"2017-11-27T15:30:53","guid":{"rendered":"http:\/\/www.tipard.de\/blog\/?page_id=1376"},"modified":"2017-11-27T15:30:53","modified_gmt":"2017-11-27T15:30:53","slug":"wie-man-video-dateien-von-einem-iphone-auf-einen-computer-uebertraegt","status":"publish","type":"page","link":"https:\/\/www.tipard.de\/blog\/wie-man-video-dateien-von-einem-iphone-auf-einen-computer-uebertraegt\/","title":{"rendered":"Wie man Video Dateien von einem iPhone auf einen Computer \u00fcbertr\u00e4gt"},"content":{"rendered":"<p><img loading=\"lazy\" decoding=\"async\" src=\"http:\/\/www.tipard.de\/blog\/wp-content\/uploads\/2017\/11\/transfer-videos-from-iphone-to-computer.jpg\" alt=\"\" width=\"600\" height=\"338\" class=\"alignnone size-full wp-image-1375\" srcset=\"https:\/\/www.tipard.de\/blog\/wp-content\/uploads\/2017\/11\/transfer-videos-from-iphone-to-computer.jpg 600w, https:\/\/www.tipard.de\/blog\/wp-content\/uploads\/2017\/11\/transfer-videos-from-iphone-to-computer-300x169.jpg 300w\" sizes=\"auto, (max-width: 600px) 100vw, 600px\" \/><br \/>\nWenn Sie Ihr iPhone regelm\u00e4\u00dfig benutzen, um Videos zu machen oder um Filme aufzunehmen, wird sehr viel Speicher von Ihrem iPhone verbraucht. Wie Sie Videos von Ihrem iPhone auf Ihrem Computer \u00fcbertragen, kann ein gro\u00dfes Problem darstellen. Sie finden hier verschiedene Methoden, um Ihre Aufnahmen von Ihrem iPhone auf Ihren Mac zu synchronisieren. Tipard iPhone Transfer kann dabei die richtige Wahl sein, um iPhone Video Dateien auf Ihren Computer zu kopieren. <\/p>\n<h2>5 Methoden um Videos von Ihrem iPhone auf Ihren Computer zu exportieren<\/h2>\n<p>Sie k\u00f6nnen Filme oder Video Dateien von Ihrem iPhone auf Ihren Computer\/Mac auf verschiedene Wegen \u00fcbertragen. Sie k\u00f6nnen im vollen Umfang Ihre iPhone Videos nutzen, wenn Sie die Videos auf Ihren Computer synchronisieren. Auf dem Rechner haben dann die M\u00f6glichkeit Ihre Videos einfacher weiter zu bearbeiten.<\/p>\n<h2>1. Methode: Synchronisieren Sie Ihre iPhone Videos mit der iCloud<\/h2>\n<p>Aktivieren Sie einfach die iCloud in Ihren Einstellungen und schalten Sie PhotoStream ein. Dann laden Sie die iCloud Systemsteuerung auf Ihren Computer runter. Danach k\u00f6nnen die iPhone Vidoes automatisch auf Ihrem Computer exportiert werden. Es ist die gleiche Methode wie bei anderen Anwendungen mit der iCloud.<br \/>\nDie \u00fcblich benutze Methode, um iPhone Videos auf einen Computer zu exportieren ist mit der iCloud. Die iCloud bietet 5GB kostenlosen Speicher, das ist genug Speicher, um iPhone Kontakte in einem Backup zu speichern und um Nachrichten von einem iPhone auf einen Computer zu exportieren.<\/p>\n<h2>2. Methode: Video Dateien exportieren von einem iPhone auf einen Computer per E-Mail<\/h2>\n<p>Es ist etwas komplizierter Video Dateien von einem iPhone auf einen Computer per E-Mail zu exportieren. Sie m\u00fcssen Ihre Videos die E-Mail hochladen und dann von Ihrem Computer herunterladen. Die Videos k\u00f6nnten in dem Prozess komprimiert werden.<\/p>\n<h2>3. Methode: Kopieren Sie Videos von Ihrem iPhone auf Ihren Computer mit Tipard iPhone Transfer<\/h2>\n<p>Wenn Sie Videos mit Tipard iPhone Transfer von Ihrem iPhone direkt \u00fcber das USB Kabel auf Ihren Computer kopieren, bleiben die Videos in der urspr\u00fcnglichen Qualit\u00e4t erhalten und sind in wenigen Sekunden ohne Wi-Fi auf Ihrem Rechner. <\/p>\n<p>Laden sie sich einfach die Testversion herunter, um mehr \u00fcber das Programm zu erfahren.<\/p>\n<h2>Wie Sie Videos von Ihrem iPhone auf Ihren Computer \u00fcbertragen<\/h2>\n<p><div class=\"article-steps\"><br \/>\n<div class=\"article-step\"><div class=\"context\"><h3><span class=\"stepShield\">Schritt 1<\/span>Verbinden Sie Ihr Ger\u00e4t an iPhone Transfer<\/h3><br \/>\nWenn Sie bereits das Programm heruntergeladen und installiert haben, k\u00f6nnen Sie Ihr iPhone mit Ihrem Computer verbinden w\u00e4hrend Tipard iPhone Transfer gestartet ist. Das Programm wird automatisch erkannt.<br \/>\n<\/div><img loading=\"lazy\" decoding=\"async\" width=\"400\" height=\"268\" src=\"https:\/\/www.tipard.de\/blog\/wp-content\/uploads\/2017\/11\/iphone-connect-1.jpg\" class=\"preview\" alt=\"Verbinden Sie Ihr Ger\u00e4t an iPhone Transfer\" srcset=\"https:\/\/www.tipard.de\/blog\/wp-content\/uploads\/2017\/11\/iphone-connect-1.jpg 400w, https:\/\/www.tipard.de\/blog\/wp-content\/uploads\/2017\/11\/iphone-connect-1-300x201.jpg 300w\" sizes=\"auto, (max-width: 400px) 100vw, 400px\" \/><\/div><br \/>\n<div class=\"article-step reverse\"><div class=\"context\"><h3><span class=\"stepShield\">Schritt 2<\/span>Vorschau der Videos von Ihrem iPhone auf Ihrem Computer<\/h3><br \/>\nWenn Sie das ausgew\u00e4hlte Video von Ihrem iPhone aufgenommen haben, klicken Sie Fotos > Videos  um die Video Datei auszuw\u00e4hlen. Das Programm erm\u00f6glicht eine Vorschau  des Videos.<br \/>\n<\/div><img loading=\"lazy\" decoding=\"async\" width=\"400\" height=\"268\" src=\"https:\/\/www.tipard.de\/blog\/wp-content\/uploads\/2017\/11\/preview-video.jpg\" class=\"preview\" alt=\"Vorschau der Videos von Ihrem iPhone auf Ihrem Computer\" srcset=\"https:\/\/www.tipard.de\/blog\/wp-content\/uploads\/2017\/11\/preview-video.jpg 400w, https:\/\/www.tipard.de\/blog\/wp-content\/uploads\/2017\/11\/preview-video-300x201.jpg 300w\" sizes=\"auto, (max-width: 400px) 100vw, 400px\" \/><\/div><br \/>\n<div class=\"article-step\"><div class=\"context\"><h3><span class=\"stepShield\">Schritt 3<\/span>\u00dcbertragen Sie Videos von Ihrem iPhone auf Ihren Computer<\/h3><br \/>\nSie k\u00f6nnen ein Video ausw\u00e4hlen, welches Sie in einem bestimmten Zeitabschnitt aufgenommen haben oder irgendeine andere Datei, welche Sie von Ihrem iPhone auf Ihren Computer \u00fcbertragen m\u00f6chten<br \/>\n<\/div><img loading=\"lazy\" decoding=\"async\" width=\"400\" height=\"268\" src=\"https:\/\/www.tipard.de\/blog\/wp-content\/uploads\/2017\/11\/to-pc.jpg\" class=\"preview\" alt=\"\u00dcbertragen Sie Videos von Ihrem iPhone auf Ihren Computer\" srcset=\"https:\/\/www.tipard.de\/blog\/wp-content\/uploads\/2017\/11\/to-pc.jpg 400w, https:\/\/www.tipard.de\/blog\/wp-content\/uploads\/2017\/11\/to-pc-300x201.jpg 300w\" sizes=\"auto, (max-width: 400px) 100vw, 400px\" \/><\/div><br \/>\n<\/div><br \/>\n<div class=\"product-box\">\r\n<div class=\"pImg\" style=\"height: 320px!important;\"><img decoding=\"async\" src=\"http:\/\/tipard.de\/blog\/wp-content\/plugins\/tipard\/imgs\/iPhoneTransfer.png\" alt=\"iPhone Transfer\"><\/div>\r\n<div class=\"context\"><a href=\"http:\/\/www.tipard.de\/iphone-transfer\/\" class=\"title\">iPhone Transfer<\/a><br \/><p>Tipard iPhone Transfer ist das beste Programm zum Datentransfer f\u00fcr iPhone\/iPad\/iPod-Nutzer. Es erf\u00fcllt all Ihre Anforderungen an den Transfer, das Verwalten und Backups der Dateien auf Ihrem iPhone\/iPad\/iPod.<\/p><br \/><a href=\"http:\/\/www.tipard.de\/iphone-transfer\/\" class=\"more\">Mehr Erfahren<\/a><\/div>\r\n<\/div><\/p>\n","protected":false},"excerpt":{"rendered":"<p>Wenn Sie Ihr iPhone regelm\u00e4\u00dfig benutzen, um Videos zu machen oder um Filme aufzunehmen, wird sehr viel Speicher von Ihrem iPhone verbraucht. Wie Sie Videos von Ihrem iPhone auf Ihrem Computer \u00fcbertragen, kann ein gro\u00dfes Problem darstellen. Sie finden hier verschiedene Methoden, um Ihre Aufnahmen von Ihrem iPhone auf Ihren Mac zu synchronisieren. Tipard iPhone [&hellip;]<\/p>\n","protected":false},"author":1,"featured_media":0,"parent":0,"menu_order":0,"comment_status":"closed","ping_status":"closed","template":"","meta":{"footnotes":""},"class_list":["post-1376","page","type-page","status-publish","hentry"],"_links":{"self":[{"href":"https:\/\/www.tipard.de\/blog\/wp-json\/wp\/v2\/pages\/1376","targetHints":{"allow":["GET"]}}],"collection":[{"href":"https:\/\/www.tipard.de\/blog\/wp-json\/wp\/v2\/pages"}],"about":[{"href":"https:\/\/www.tipard.de\/blog\/wp-json\/wp\/v2\/types\/page"}],"author":[{"embeddable":true,"href":"https:\/\/www.tipard.de\/blog\/wp-json\/wp\/v2\/users\/1"}],"replies":[{"embeddable":true,"href":"https:\/\/www.tipard.de\/blog\/wp-json\/wp\/v2\/comments?post=1376"}],"version-history":[{"count":1,"href":"https:\/\/www.tipard.de\/blog\/wp-json\/wp\/v2\/pages\/1376\/revisions"}],"predecessor-version":[{"id":1377,"href":"https:\/\/www.tipard.de\/blog\/wp-json\/wp\/v2\/pages\/1376\/revisions\/1377"}],"wp:attachment":[{"href":"https:\/\/www.tipard.de\/blog\/wp-json\/wp\/v2\/media?parent=1376"}],"curies":[{"name":"wp","href":"https:\/\/api.w.org\/{rel}","templated":true}]}}