{"id":1369,"date":"2017-11-27T15:26:29","date_gmt":"2017-11-27T15:26:29","guid":{"rendered":"http:\/\/www.tipard.de\/blog\/?page_id=1369"},"modified":"2017-11-27T15:26:29","modified_gmt":"2017-11-27T15:26:29","slug":"was-sie-tun-koennen-wenn-itunes-home-sharing-nicht-mehr-funktioniert-problem-geloest","status":"publish","type":"page","link":"https:\/\/www.tipard.de\/blog\/was-sie-tun-koennen-wenn-itunes-home-sharing-nicht-mehr-funktioniert-problem-geloest\/","title":{"rendered":"Was sie tun k\u00f6nnen, wenn iTunes Home Sharing nicht mehr funktioniert (Problem gel\u00f6st)"},"content":{"rendered":"<p><img loading=\"lazy\" decoding=\"async\" src=\"http:\/\/www.tipard.de\/blog\/wp-content\/uploads\/2017\/11\/itunes-not-working.jpg\" alt=\"\" width=\"600\" height=\"338\" class=\"alignnone size-full wp-image-1370\" srcset=\"https:\/\/www.tipard.de\/blog\/wp-content\/uploads\/2017\/11\/itunes-not-working.jpg 600w, https:\/\/www.tipard.de\/blog\/wp-content\/uploads\/2017\/11\/itunes-not-working-300x169.jpg 300w\" sizes=\"auto, (max-width: 600px) 100vw, 600px\" \/><br \/>\nWaren Sie jemals frustriert, wenn iTunes Home Sharing nicht mehr funktioniert hat? Finden Sie ganz einfach die L\u00f6sung, wenn iTunes Probleme macht oder sich nicht mehr \u00f6ffnen l\u00e4sst. Wenn iTunes immer noch nicht gut arbeitet, k\u00f6nnen Sie Tipard iPhone Transfer verwenden, um die Dateien von Ihrem Handy zu \u00fcbertragen. <\/p>\n<h2>L\u00f6sungen f\u00fcr Probleme, wenn iTunes nicht mehr funktioniert<\/h2>\n<p>Wenn sie iTunes oder das Game Center \u00f6ffnen, k\u00f6nnten Sie die Nachricht \u201cKann nicht mit dem iTunes Store verbunden werden \u201cerhalten. Finden Sie einfach das detaillierte Verfahren, um das Problem zu l\u00f6sen, wenn iTunes Home Sharing nicht mehr funktioniert.<br \/>\n1. Deaktivieren oder Aktivieren Sie die Kindersicherung, um den Zugang zu iTunes zu erlauben und dann k\u00f6nnte es sein, dass Sie das Programm wieder aktivieren m\u00fcssen, wenn iTunes nicht funktioniert.<br \/>\n2. Ein weiterer Grund daf\u00fcr, dass iTunes nicht funktioniert, k\u00f6nnte die Internetverbindung sein. Setzen Sie ihren WLAN Router nochmal zur\u00fcck, um sicherzugehen, dass die Internetverbindung nicht das Problem ist.<br \/>\n3. Das \u00c4nderungsdatum k\u00f6nnte auch ein Problem sein, welches Sie vergessen haben k\u00f6nnten. Gehen Sie auf Einstellungen > Allgemein > Datum &#038; Zeit, um die automatischen Einstellungen wieder einzustellen.<br \/>\n4. Wenn die oben angegeben L\u00f6sungen immer noch nicht dazu f\u00fchren, dass iTunes wieder funktioniert, k\u00f6nnen Sie das iTunes Programm neuinstallieren oder die Firewall abschalten, um zu schauen ob iTunes wieder funktioniert.<br \/>\n<img loading=\"lazy\" decoding=\"async\" src=\"http:\/\/www.tipard.de\/blog\/wp-content\/uploads\/2017\/11\/itunes-not-connect.jpg\" alt=\"\" width=\"600\" height=\"272\" class=\"alignnone size-full wp-image-1368\" srcset=\"https:\/\/www.tipard.de\/blog\/wp-content\/uploads\/2017\/11\/itunes-not-connect.jpg 600w, https:\/\/www.tipard.de\/blog\/wp-content\/uploads\/2017\/11\/itunes-not-connect-300x136.jpg 300w\" sizes=\"auto, (max-width: 600px) 100vw, 600px\" \/><\/p>\n<h2>Wie man das Problem l\u00f6st, wenn iTunes nicht mehr funktioniert<\/h2>\n<p>Es wird viel komplizierter, wenn iTunes auf einem Windows System nicht funktioniert. Wie finden Sie eine Alles-In-Einem L\u00f6sung, um die Daten Ihres iPhone zu \u00fcbertragen, wenn iTunes nicht mehr funktioniert oder sich nicht mehr mit iTunes Store verbindet?  <\/p>\n<p>Tipard iPhone Transfer sollte das beste Hilfsmittel, um iPhone Daten zu anderen Ger\u00e4te zu synchronisieren ohne iTunes. Sie k\u00f6nnen ganz einfach mit diesem Programm Kontakte von Ihrem iPhone sichern und Nachrichten von Ihrem iPhone auf Ihren Computer \u00fcbertragen.<\/p>\n<h2>Wie Sie das Problem l\u00f6sen wenn iTunes nicht mit Tipard iPhone Transfer funktioniert.<\/h2>\n<p><div class=\"article-steps\"><br \/>\n<div class=\"article-step\"><div class=\"context\"><h3><span class=\"stepShield\">Schritt 1<\/span>Verbinden Sie ihr iPhone mit Tipard iPhone Transfer<\/h3><br \/>\nSie k\u00f6nnen die neueste Version von iPhone Transfer herunterladen und installieren und mit Ihrem iPhone oder anderen Ger\u00e4ten mit dem Computer verbinden.<br \/>\n<\/div><img loading=\"lazy\" decoding=\"async\" width=\"400\" height=\"268\" src=\"https:\/\/www.tipard.de\/blog\/wp-content\/uploads\/2017\/11\/iphone-connect.jpg\" class=\"preview\" alt=\"Verbinden Sie ihr iPhone mit Tipard iPhone Transfer\" srcset=\"https:\/\/www.tipard.de\/blog\/wp-content\/uploads\/2017\/11\/iphone-connect.jpg 400w, https:\/\/www.tipard.de\/blog\/wp-content\/uploads\/2017\/11\/iphone-connect-300x201.jpg 300w\" sizes=\"auto, (max-width: 400px) 100vw, 400px\" \/><\/div><br \/>\n<div class=\"article-step reverse\"><div class=\"context\"><h3><span class=\"stepShield\">Schritt 2<\/span>\u00dcbertragen Sie Dateien, wenn iTunes nicht funktioniert<\/h3><br \/>\nSie k\u00f6nnen die untere Taste klicken, um Ihre iPhone Daten zu \u00fcbertragen, wenn iTunes nicht funktioniert. Sie k\u00f6nnen entscheiden, welche Dateien Sie \u00fcbertragen wollen und welche nicht.<br \/>\n<\/div><img loading=\"lazy\" decoding=\"async\" width=\"400\" height=\"268\" src=\"https:\/\/www.tipard.de\/blog\/wp-content\/uploads\/2017\/11\/choose-files-to-transfer.jpg\" class=\"preview\" alt=\"\u00dcbertragen Sie Dateien, wenn iTunes nicht funktioniert\" srcset=\"https:\/\/www.tipard.de\/blog\/wp-content\/uploads\/2017\/11\/choose-files-to-transfer.jpg 400w, https:\/\/www.tipard.de\/blog\/wp-content\/uploads\/2017\/11\/choose-files-to-transfer-300x201.jpg 300w\" sizes=\"auto, (max-width: 400px) 100vw, 400px\" \/><\/div><br \/>\n<\/div><br \/>\nWenn Sie die Details best\u00e4tigen, m\u00fcssen Sie auf  die \u201cWiederherstellen\u201c Taste klicken, um die Dateien zu exportieren, wenn iTunes nicht verf\u00fcgbar ist. Das sollte die beste und einfachste Methode sein, um das Problem zu l\u00f6sen, wenn iTunes nicht mehr funktioniert.<br \/>\n<div class=\"product-box\">\r\n<div class=\"pImg\" style=\"height: 320px!important;\"><img decoding=\"async\" src=\"http:\/\/tipard.de\/blog\/wp-content\/plugins\/tipard\/imgs\/iPhoneTransfer.png\" alt=\"iPhone Transfer\"><\/div>\r\n<div class=\"context\"><a href=\"http:\/\/www.tipard.de\/iphone-transfer\/\" class=\"title\">iPhone Transfer<\/a><br \/><p>Tipard iPhone Transfer ist das beste Programm zum Datentransfer f\u00fcr iPhone\/iPad\/iPod-Nutzer. Es erf\u00fcllt all Ihre Anforderungen an den Transfer, das Verwalten und Backups der Dateien auf Ihrem iPhone\/iPad\/iPod.<\/p><br \/><a href=\"http:\/\/www.tipard.de\/iphone-transfer\/\" class=\"more\">Mehr Erfahren<\/a><\/div>\r\n<\/div><\/p>\n","protected":false},"excerpt":{"rendered":"<p>Waren Sie jemals frustriert, wenn iTunes Home Sharing nicht mehr funktioniert hat? Finden Sie ganz einfach die L\u00f6sung, wenn iTunes Probleme macht oder sich nicht mehr \u00f6ffnen l\u00e4sst. Wenn iTunes immer noch nicht gut arbeitet, k\u00f6nnen Sie Tipard iPhone Transfer verwenden, um die Dateien von Ihrem Handy zu \u00fcbertragen. L\u00f6sungen f\u00fcr Probleme, wenn iTunes nicht [&hellip;]<\/p>\n","protected":false},"author":1,"featured_media":0,"parent":0,"menu_order":0,"comment_status":"closed","ping_status":"closed","template":"","meta":{"footnotes":""},"class_list":["post-1369","page","type-page","status-publish","hentry"],"_links":{"self":[{"href":"https:\/\/www.tipard.de\/blog\/wp-json\/wp\/v2\/pages\/1369","targetHints":{"allow":["GET"]}}],"collection":[{"href":"https:\/\/www.tipard.de\/blog\/wp-json\/wp\/v2\/pages"}],"about":[{"href":"https:\/\/www.tipard.de\/blog\/wp-json\/wp\/v2\/types\/page"}],"author":[{"embeddable":true,"href":"https:\/\/www.tipard.de\/blog\/wp-json\/wp\/v2\/users\/1"}],"replies":[{"embeddable":true,"href":"https:\/\/www.tipard.de\/blog\/wp-json\/wp\/v2\/comments?post=1369"}],"version-history":[{"count":1,"href":"https:\/\/www.tipard.de\/blog\/wp-json\/wp\/v2\/pages\/1369\/revisions"}],"predecessor-version":[{"id":1371,"href":"https:\/\/www.tipard.de\/blog\/wp-json\/wp\/v2\/pages\/1369\/revisions\/1371"}],"wp:attachment":[{"href":"https:\/\/www.tipard.de\/blog\/wp-json\/wp\/v2\/media?parent=1369"}],"curies":[{"name":"wp","href":"https:\/\/api.w.org\/{rel}","templated":true}]}}