{"id":133,"date":"2017-05-25T21:44:44","date_gmt":"2017-05-25T21:44:44","guid":{"rendered":"http:\/\/www.tipard.de\/blog\/?page_id=133"},"modified":"2017-08-15T15:12:19","modified_gmt":"2017-08-15T15:12:19","slug":"wie-downloade-ich-textnachrichten-vom-iphone-im-csv-format","status":"publish","type":"page","link":"https:\/\/www.tipard.de\/blog\/wie-downloade-ich-textnachrichten-vom-iphone-im-csv-format\/","title":{"rendered":"Wie downloade ich Textnachrichten vom iPhone im CSV Format"},"content":{"rendered":"<p><img loading=\"lazy\" decoding=\"async\" class=\"alignnone size-full wp-image-136\" src=\"http:\/\/www.tipard.de\/blog\/wp-content\/uploads\/2017\/05\/iphone-sms.jpg\" alt=\"\" width=\"600\" height=\"344\" srcset=\"https:\/\/www.tipard.de\/blog\/wp-content\/uploads\/2017\/05\/iphone-sms.jpg 600w, https:\/\/www.tipard.de\/blog\/wp-content\/uploads\/2017\/05\/iphone-sms-300x172.jpg 300w\" sizes=\"auto, (max-width: 600px) 100vw, 600px\" \/><br \/>\nWenn Sie bestimmte Informationen aus Textnachrichten suchen, kennen Sie wahrscheinlich die Schwierigkeit die Informationen auf dem iPhone zu erhalten. Es ist empfehlenswert die iPhone SMS Inhalte zuerst im CSV Format herunterzuladen. Tipard iPhone Transfer Ultimate exportiert die iPhone Nachrichten einfach, sodass Sie die Informationen, die Sie ben\u00f6tigen, problemlos erhalten k\u00f6nnen.<\/p>\n<h2>Teil 1: Warum es wichtig ist die iPhone Inhalte in CSV zu \u00fcbertragen<\/h2>\n<p>1. Wenn Sie eine digitale Zahl wollen, wird es vermutlich schwierig diese von Ihrem iPhone vorher anzuschauen. Kopieren Sie die Textnachricht vom iPhone einfach in CSV, wodurch es m\u00f6glicht wird, nach dem Format zu suchen und die iPhone Nachricht einfach in CSV zu verwalten.<\/p>\n<p>2. Wenn Ihnen Finanzinformationen als SMS auf Ihr iPhone gesendet werden, k\u00f6nnen Sie die Textnachricht auf dem iPhone als CSV-Datei speichern. Sie erhalten einen monatlichen Finanzbericht, indem Sie die SMS Inhalte Ihres iPhone herunterladen und ganz einfach dem Bericht folgend hinzuf\u00fcgen.<\/p>\n<p>Tipard iPhone Transfer Ultimate erm\u00f6glicht es Textnachrichten vom iPhone mit nur wenigen Klicks in CSV zu wandeln. Sie k\u00f6nnen die iPhone SMS auch als Text oder HTML f\u00fcr verschiedene Zwecke speichern. Laden Sie einfach die Testversion von Tipard iPhone Transfer Ultimate herunter und machen Sie sich mit dem Programm vertraut.<\/p>\n<h2>Teil 2: Wie lade ich iPhone SMS Inhalte im CSV Format runter<\/h2>\n<div class=\"article-steps\"><br \/>\n<div class=\"article-step\"><div class=\"context\"><h3><span class=\"stepShield\">Schritt 1<\/span>Verbinden Sie Ihr iPhone mit iPhone Tranfer Ultimate<\/h3>Downloaden und installieren sie <a href=\"http:\/\/www.tipard.de\/iphone-transfer\/\">Tipard iPhone TransferUltimate<\/a>, starten sie das Programm und verbinden Sie Ihr iPhone wie auf folgendem Screenshot.<\/div><img loading=\"lazy\" decoding=\"async\" width=\"400\" height=\"279\" src=\"https:\/\/www.tipard.de\/blog\/wp-content\/uploads\/2017\/05\/connect-for-csv.jpg\" class=\"preview\" alt=\"Verbinden Sie Ihr iPhone mit iPhone Tranfer Ultimate\" srcset=\"https:\/\/www.tipard.de\/blog\/wp-content\/uploads\/2017\/05\/connect-for-csv.jpg 400w, https:\/\/www.tipard.de\/blog\/wp-content\/uploads\/2017\/05\/connect-for-csv-300x209.jpg 300w\" sizes=\"auto, (max-width: 400px) 100vw, 400px\" \/><\/div><\/p>\n<p><div class=\"article-step reverse\"><div class=\"context\"><h3><span class=\"stepShield\">Schritt 2<\/span>Vorschau der iPhone SMS Inhalte<\/h3><br \/>\nSobald Sie Ihr iPhone mit Tipard iPhone Transfer Ultimate verbunden haben, haben Sie eine Vorschau auf die SMS Inhalte Ihres iPhone. F\u00fcgen Sie diese hinzu, l\u00f6schen oder speichern Sie die Textnachrichten ganz einfach.<\/div><img loading=\"lazy\" decoding=\"async\" width=\"400\" height=\"268\" src=\"https:\/\/www.tipard.de\/blog\/wp-content\/uploads\/2017\/05\/preview-sms.jpg\" class=\"preview\" alt=\"Vorschau der iPhone SMS Inhalte\" srcset=\"https:\/\/www.tipard.de\/blog\/wp-content\/uploads\/2017\/05\/preview-sms.jpg 400w, https:\/\/www.tipard.de\/blog\/wp-content\/uploads\/2017\/05\/preview-sms-300x201.jpg 300w\" sizes=\"auto, (max-width: 400px) 100vw, 400px\" \/><\/div><\/p>\n<p><div class=\"article-step\"><div class=\"context\"><h3><span class=\"stepShield\">Schritt 3<\/span>Laden sie die Textnachrichten vom iPhone als CSV<\/h3><br \/>\nW\u00e4hlen Sie die Inhalte, die Sie runterladen m\u00f6chten als CSV oder andere Formate. <\/div><img loading=\"lazy\" decoding=\"async\" width=\"381\" height=\"134\" src=\"https:\/\/www.tipard.de\/blog\/wp-content\/uploads\/2017\/05\/export-sms.jpg\" class=\"preview\" alt=\"Laden sie die Textnachrichten vom iPhone als CSV\" srcset=\"https:\/\/www.tipard.de\/blog\/wp-content\/uploads\/2017\/05\/export-sms.jpg 381w, https:\/\/www.tipard.de\/blog\/wp-content\/uploads\/2017\/05\/export-sms-300x106.jpg 300w\" sizes=\"auto, (max-width: 381px) 100vw, 381px\" \/><\/div><\/p>\n<p>Sie k\u00f6nnen nicht nur die Texte als HTML f\u00fcr Ihre Webseite runterladen, sondern auch die Fotos f\u00fcr die Seite sichern. Sie haben m\u00fchelos die Bausteine f\u00fcr Ihre Internetseite zusammen.<br \/>\n<\/div>\n","protected":false},"excerpt":{"rendered":"<p>Wenn Sie bestimmte Informationen aus Textnachrichten suchen, kennen Sie wahrscheinlich die Schwierigkeit die Informationen auf dem iPhone zu erhalten. Es ist empfehlenswert die iPhone SMS Inhalte zuerst im CSV Format herunterzuladen. Tipard iPhone Transfer Ultimate exportiert die iPhone Nachrichten einfach, sodass Sie die Informationen, die Sie ben\u00f6tigen, problemlos erhalten k\u00f6nnen. Teil 1: Warum es wichtig [&hellip;]<\/p>\n","protected":false},"author":1,"featured_media":0,"parent":0,"menu_order":0,"comment_status":"closed","ping_status":"closed","template":"","meta":{"footnotes":""},"class_list":["post-133","page","type-page","status-publish","hentry"],"_links":{"self":[{"href":"https:\/\/www.tipard.de\/blog\/wp-json\/wp\/v2\/pages\/133","targetHints":{"allow":["GET"]}}],"collection":[{"href":"https:\/\/www.tipard.de\/blog\/wp-json\/wp\/v2\/pages"}],"about":[{"href":"https:\/\/www.tipard.de\/blog\/wp-json\/wp\/v2\/types\/page"}],"author":[{"embeddable":true,"href":"https:\/\/www.tipard.de\/blog\/wp-json\/wp\/v2\/users\/1"}],"replies":[{"embeddable":true,"href":"https:\/\/www.tipard.de\/blog\/wp-json\/wp\/v2\/comments?post=133"}],"version-history":[{"count":7,"href":"https:\/\/www.tipard.de\/blog\/wp-json\/wp\/v2\/pages\/133\/revisions"}],"predecessor-version":[{"id":665,"href":"https:\/\/www.tipard.de\/blog\/wp-json\/wp\/v2\/pages\/133\/revisions\/665"}],"wp:attachment":[{"href":"https:\/\/www.tipard.de\/blog\/wp-json\/wp\/v2\/media?parent=133"}],"curies":[{"name":"wp","href":"https:\/\/api.w.org\/{rel}","templated":true}]}}