{"id":1319,"date":"2017-10-06T20:44:21","date_gmt":"2017-10-06T20:44:21","guid":{"rendered":"http:\/\/www.tipard.de\/blog\/?page_id=1319"},"modified":"2017-10-06T20:44:21","modified_gmt":"2017-10-06T20:44:21","slug":"youtube-videos-spielen-nicht-ab-wie-sie-es-schaffen-nicht-ladende-videos-auf-pcmacandroidiphone-abzuspielen","status":"publish","type":"page","link":"https:\/\/www.tipard.de\/blog\/youtube-videos-spielen-nicht-ab-wie-sie-es-schaffen-nicht-ladende-videos-auf-pcmacandroidiphone-abzuspielen\/","title":{"rendered":"YouTube Videos spielen nicht ab \u2013 Wie Sie es schaffen nicht ladende Videos auf PC\/Mac\/Android\/iPhone abzuspielen"},"content":{"rendered":"<p><img loading=\"lazy\" decoding=\"async\" src=\"http:\/\/www.tipard.de\/blog\/wp-content\/uploads\/2017\/10\/youtube-not-playing.jpg\" alt=\"\" width=\"600\" height=\"338\" class=\"alignnone size-full wp-image-1325\" srcset=\"https:\/\/www.tipard.de\/blog\/wp-content\/uploads\/2017\/10\/youtube-not-playing.jpg 600w, https:\/\/www.tipard.de\/blog\/wp-content\/uploads\/2017\/10\/youtube-not-playing-300x169.jpg 300w\" sizes=\"auto, (max-width: 600px) 100vw, 600px\" \/><br \/>\nSie haben sicherlich schonmal damit Probleme gehabt, dass YouTube Videos nicht abspielen. Es ist nicht selten, dass YouTube ohne ersichtlichen Grund aufh\u00f6rt zu funktionieren. Mitteilungen wie \u201eVideo kann nicht geladen werden\u201c oder \u201eVideo l\u00e4dt langsam\u201c, werden Ihnen im Alltag schon oft bei der Benutzung von YouTube auf Safari, Chrome oder auch mobilen Ger\u00e4ten wie iPhone, iPad, Android, etc. begegnet sein. Um das Problem zu l\u00f6sen, dass Videos nicht abspielen zeigen wir Ihnen hier eine Liste mit Ursachen sowie L\u00f6sungen, damit Sie endlich Ihre YouTube Videos wieder genie\u00dfen k\u00f6nnen. <\/p>\n<h2>Die Probleme und L\u00f6sungen zu nicht abspielenden YouTube Videos <\/h2>\n<h2>1. Zu viel Browser Cache und Cookies<\/h2>\n<p>Cache ist ein versteckter Speicher, welcher Daten enth\u00e4lt, die es Ihrem Web Browser erlaubt schneller zu arbeiten. Cookies sind kleine Dateien, die auf Ihrem Ger\u00e4t gespeichert werden. Zu viele Cookies, sowie zu viel Cache, k\u00f6nnen jedoch dazu f\u00fchren, dass Ihre Videos auf YouTube nicht abgespielt werden. Benutzer sollten deshalb besonders auf diese Dinge achten und ihren Browser (Chrome, Safari, Firefox etc.) von Zeit zu Zeit von Cookies und dem Cache entleeren. Wir zeigen Ihnen hier wie dies funktioniert.<br \/>\n<img loading=\"lazy\" decoding=\"async\" src=\"http:\/\/www.tipard.de\/blog\/wp-content\/uploads\/2017\/10\/clear-cache-cookies.jpg\" alt=\"\" width=\"600\" height=\"498\" class=\"alignnone size-full wp-image-1318\" srcset=\"https:\/\/www.tipard.de\/blog\/wp-content\/uploads\/2017\/10\/clear-cache-cookies.jpg 600w, https:\/\/www.tipard.de\/blog\/wp-content\/uploads\/2017\/10\/clear-cache-cookies-300x249.jpg 300w\" sizes=\"auto, (max-width: 600px) 100vw, 600px\" \/><br \/>\n<strong>L\u00f6sung<\/strong>: Cache und Cookies entleeren und anschlie\u00dfend den Browser neu starten, um YouTube Videos wieder abspielen zu k\u00f6nnen. Unten finden Sie eine detaillierte Auflistung der verschiedenen Browser.<br \/>\n<strong>Firefox<\/strong>: Klicken Sie <strong>Firefox<\/strong> Men\u00fc > <strong>Chronik<\/strong> > <strong>Chronik leeren<\/strong> > <strong>Details<\/strong> > <strong>Cache<\/strong> > <strong>Jetzt leeren<\/strong>;<br \/>\n<strong>Chrome<\/strong>: Klicken Sie <strong>Chrome<\/strong> Men\u00fc > <strong>Einstellungen<\/strong> > <strong>Erweiterte Einstellungen anzeigen<\/strong> > <strong>Browsing Daten leeren<\/strong> > <strong>Leeren des Cache\/ Cookies l\u00f6schen<\/strong>;<br \/>\nIE: Klicken Sie das <strong>Zahnrad<\/strong> Icon > <strong>Sicherheit<\/strong> > <strong>Browsing Verlauf l\u00f6schen<\/strong> > <strong>Tempr\u00e4re Internet Dateien<\/strong> > <strong>L\u00f6schen<\/strong>;<br \/>\n<strong>Safari<\/strong> (f\u00fcr Mac OS X): Klicken Sie <strong>Safari<\/strong> Men\u00fc > <strong>Cache leeren<\/strong> > <strong>Leeren<\/strong>.<\/p>\n<h2>2. Browser ist veraltet <\/h2>\n<p>Wenn Ihr Browser veraltet ist spielen Ihre YouTube Videos nicht ab. Egal welchen Browser Sie installiert haben, pr\u00fcfen Sie ob er veraltet ist. Der Grund daf\u00fcr, dass die Videos nicht abspielen ist, dass ein alter Browser nicht die M\u00f6glichkeiten der Schnelligkeit und Sicherheit wie ein neuer Browser hat.<br \/>\n<img loading=\"lazy\" decoding=\"async\" src=\"http:\/\/www.tipard.de\/blog\/wp-content\/uploads\/2017\/10\/browser-outdated.jpg\" alt=\"\" width=\"600\" height=\"277\" class=\"alignnone size-full wp-image-1317\" srcset=\"https:\/\/www.tipard.de\/blog\/wp-content\/uploads\/2017\/10\/browser-outdated.jpg 600w, https:\/\/www.tipard.de\/blog\/wp-content\/uploads\/2017\/10\/browser-outdated-300x139.jpg 300w\" sizes=\"auto, (max-width: 600px) 100vw, 600px\" \/><br \/>\n<strong>L\u00f6sung<\/strong>: Pr\u00fcfen Sie die Version Ihres Browsers und vergleichen Sie sie mit der neuesten. Wenn Sie nicht den neuesten Browser haben, sollten Sie ihn sofort upgraden, indem Sie den Anweisungen des browsers folgen. <\/p>\n<h2>3. Langsame Internetverbindung<\/h2>\n<p>Wenn Sie Stunden warten m\u00fcssen, bis ein Video geladen hat, hei\u00dft das wahrscheinlich, dass Sie eine schlechte Internetverbindung haben. Mit anderen Worten haben Sie mit einer schlechten Internetverbindung eine h\u00f6here Wahrscheinlichkeit f\u00fcr das YouTube Buffering Problem. Selbst ein schlecht qualitatives Video kann so Stunden brauchen, bis es geladen hat.<br \/>\n<img loading=\"lazy\" decoding=\"async\" src=\"http:\/\/www.tipard.de\/blog\/wp-content\/uploads\/2017\/10\/slow-internet-connection.jpg\" alt=\"\" width=\"600\" height=\"379\" class=\"alignnone size-full wp-image-1322\" srcset=\"https:\/\/www.tipard.de\/blog\/wp-content\/uploads\/2017\/10\/slow-internet-connection.jpg 600w, https:\/\/www.tipard.de\/blog\/wp-content\/uploads\/2017\/10\/slow-internet-connection-300x190.jpg 300w\" sizes=\"auto, (max-width: 600px) 100vw, 600px\" \/><br \/>\n<strong>L\u00f6sung<\/strong>: Wenn Sie eine schlechte Internetverbindung haben sollten Sie den Tipard Video Converter Ultimate verwenden, um YouTube Videos einfach auf Ihrem PC zu speichern, statt sie online anzusehen. Aufgrund der Multistream Technologie laden YouTube Videos viel schneller herunter, als wie sie im Browser brauchen w\u00fcrden um zu laden. Das Tool ist f\u00fcr jeden kostenlos mit keinerlei Limitationen. <\/p>\n<h2>4. Firewall Blockade<\/h2>\n<p>Manchmal kann ein YouTube Video durch ein Firewall System auf Ihrem PC geblockt werden. Durch eine Firewall werden Netzwekre sicher gehalten und der Verkehr zwischen Netzwerken wird kontrolliert. Es ist sehr unwahrscheinlich, dass die Windows Firewall Ihre YouTube Videos blockt, besonders, wenn vorher alles normal abgespielt hat. Das Problem k\u00f6nnte jedoch durch Drittanbieter-Firewalls auftreten, wie zum Beispiel Comodo oder McAfee.<br \/>\n<img loading=\"lazy\" decoding=\"async\" src=\"http:\/\/www.tipard.de\/blog\/wp-content\/uploads\/2017\/10\/firewall-blockage.jpg\" alt=\"\" width=\"600\" height=\"210\" class=\"alignnone size-full wp-image-1321\" srcset=\"https:\/\/www.tipard.de\/blog\/wp-content\/uploads\/2017\/10\/firewall-blockage.jpg 600w, https:\/\/www.tipard.de\/blog\/wp-content\/uploads\/2017\/10\/firewall-blockage-300x105.jpg 300w\" sizes=\"auto, (max-width: 600px) 100vw, 600px\" \/><br \/>\n<strong>L\u00f6sung<\/strong>: Wenn Sie eine Firewall installiert haben, sollten Sie diese ausschalten und schauen, ob die YouTube Videos jetzt abspielen. Wenn es jetzt funktioniert sollten Sie entweder die Firewall deinstallieren oder YouTube zu den authorisierten Webseiten hinzuf\u00fcgen.<br \/>\nNat\u00fcrlich ist ein sch\u00fctzendes Antivirus Programm essentiell f\u00fcr Ihren PC.<br \/>\nMalware kann auch ein Grund f\u00fcr Probleme auf Ihrem PC sein. Dabei sind nicht abspielende YouTube Videos keine Ausnahme. Stellen Sie sicher, dass Sie Ihren PC regelm\u00e4\u00dfig auf Malware scannen. <\/p>\n<h2>5. JavaScript ist ausgeschaltet <\/h2>\n<p>JavaScript ist ausschlaggebend f\u00fcr die Funktion vieler wichtiger Features. Wenn Ihnen auf vielen Webseiten auff\u00e4llt, dass Bilder nicht richtig angezeigt werden ist es m\u00f6glich, dass JavaScript deaktiviert ist. Selbst die Oberfl\u00e4che der YouTube Seite wird sehr schlecht angezeigt, wenn JavaScript deaktiviert ist, weswegen es Ihnen im Normalfall sofort auffallen d\u00fcrfte.<br \/>\n <img loading=\"lazy\" decoding=\"async\" src=\"http:\/\/www.tipard.de\/blog\/wp-content\/uploads\/2017\/10\/enable-javascript.jpg\" alt=\"\" width=\"600\" height=\"434\" class=\"alignnone size-full wp-image-1320\" srcset=\"https:\/\/www.tipard.de\/blog\/wp-content\/uploads\/2017\/10\/enable-javascript.jpg 600w, https:\/\/www.tipard.de\/blog\/wp-content\/uploads\/2017\/10\/enable-javascript-300x217.jpg 300w\" sizes=\"auto, (max-width: 600px) 100vw, 600px\" \/><br \/>\n<strong>L\u00f6sung<\/strong>: Sie sollten <strong>JavaScript aktivieren<\/strong>, um YouTube Videos abzuspielen. <\/p>\n<h2>6. Problem emit dem Adobe Flash Player<\/h2>\n<p>Als erfahrene YouTube Nutzer wissen wir alle, dass fast alle YouTube Videos den HTML5-Player zum Abspielen ben\u00f6tigen, doch manche Videos brauchen immer noch ein Adobe Flash Plugin, um angesehen zu werden. Vielleicht haben Sie den Download des Adobe Players ignoriert, weil Sie ihn als unn\u00f6tig empfunden haben.<br \/>\n<img loading=\"lazy\" decoding=\"async\" src=\"http:\/\/www.tipard.de\/blog\/wp-content\/uploads\/2017\/10\/adobe-flash-player.jpg\" alt=\"\" width=\"600\" height=\"406\" class=\"alignnone size-full wp-image-1316\" srcset=\"https:\/\/www.tipard.de\/blog\/wp-content\/uploads\/2017\/10\/adobe-flash-player.jpg 600w, https:\/\/www.tipard.de\/blog\/wp-content\/uploads\/2017\/10\/adobe-flash-player-300x203.jpg 300w\" sizes=\"auto, (max-width: 600px) 100vw, 600px\" \/><br \/>\n<strong>L\u00f6sung<\/strong>: Um YouTube Errors zu vermeiden sollten Sie das <strong>Adobe Flash Player Plugin<\/strong> installieren, wenn Sie dazu aufgefordert werden.<\/p>\n<h2>7. Video Quality passt nicht zum YouTube Video<\/h2>\n<p>Um Usern das beste Erlebnis auf YouTube zu bieten, k\u00f6nnen Sie die Videoqualit\u00e4t frei ausw\u00e4hlen, je nach Bedarf. Es kann jedoch sein, dass genau diese Funktion die Ursache f\u00fcr das nicht-Abspielen Ihrer YouTube Videos ist. Die Videoqualit\u00e4t muss an das Video angepasst sein, da Sie kein Video, welches in SD gefilmt wurde mit HD abspielen k\u00f6nnen.<br \/>\n<img loading=\"lazy\" decoding=\"async\" src=\"http:\/\/www.tipard.de\/blog\/wp-content\/uploads\/2017\/10\/video-quality.jpg\" alt=\"\" width=\"600\" height=\"335\" class=\"alignnone size-full wp-image-1324\" srcset=\"https:\/\/www.tipard.de\/blog\/wp-content\/uploads\/2017\/10\/video-quality.jpg 600w, https:\/\/www.tipard.de\/blog\/wp-content\/uploads\/2017\/10\/video-quality-300x168.jpg 300w\" sizes=\"auto, (max-width: 600px) 100vw, 600px\" \/><br \/>\n<strong>L\u00f6sung<\/strong>: In diesem Fall empfehlen wir Ihnen die Qualit\u00e4t des Videos zu ver\u00e4ndern. Sie k\u00f6nnen auf das Zahnrad-Icon klicken und die Qualit\u00e4t ausw\u00e4hlen, die zum Video passt. Am besten schauen Sie Videos in der automatischen Qualit\u00e4t, um Abspiel-Fehler von Anfang an zu vermeiden.  <\/p>\n<h2>8. Drittanbieter Addons<\/h2>\n<p>Folgende Addons und Plugins st\u00f6ren vielleicht Ihre YouTube Videos.<br \/>\n1) Jeglicher Typ von Web Beschleunigern \u2013 sollten Sie einen installiert haben, k\u00fcmmern Sie sich darum, dass Sie Ihn deaktivieren oder die Option ausw\u00e4hlen, dass YouTube nicht beschleunigt wird.<br \/>\n2) Jeglicher Typ von AD Blockern \u2013 YouTube hat ein kompliziertes System von Video Monetisierung, weshalb manche Ad Blocker das Video daran hinder abgespielt zu werden.<br \/>\n3) Download Plugins \u2013 egal wie gut und praktisch sie erscheinen haben verschiedene YouTube Plugins die Gabe YouTube zu verlangsamen, bis zu dem Punkt, dass Videos gar nicht mehr abspielen.<br \/>\n<img loading=\"lazy\" decoding=\"async\" src=\"http:\/\/www.tipard.de\/blog\/wp-content\/uploads\/2017\/10\/addons.jpg\" alt=\"\" width=\"600\" height=\"418\" class=\"alignnone size-full wp-image-1315\" srcset=\"https:\/\/www.tipard.de\/blog\/wp-content\/uploads\/2017\/10\/addons.jpg 600w, https:\/\/www.tipard.de\/blog\/wp-content\/uploads\/2017\/10\/addons-300x209.jpg 300w\" sizes=\"auto, (max-width: 600px) 100vw, 600px\" \/><br \/>\n<strong>L\u00f6sung<\/strong>: Schalten Sie sie aus! Wenn Sie YouTube Videos herunterladen wollen, sollten Sie besser den Video Downloader verwenden, da der Download eines Plugins hier nicht ben\u00f6tigt wird. <\/p>\n<h2>9. Veraltetes System auf dem Handy<\/h2>\n<p>Nicht alle Android Ger\u00e4te kriegen immer rechtzeitig das neueste Update. Ein veraltetes System kann dazu f\u00fchren, dass manche Applications nicht wie gewollt funktionieren, darunter z\u00e4hlt besonders YouTube.<br \/>\n<img loading=\"lazy\" decoding=\"async\" src=\"http:\/\/www.tipard.de\/blog\/wp-content\/uploads\/2017\/10\/system-updates.jpg\" alt=\"\" width=\"600\" height=\"398\" class=\"alignnone size-full wp-image-1323\" srcset=\"https:\/\/www.tipard.de\/blog\/wp-content\/uploads\/2017\/10\/system-updates.jpg 600w, https:\/\/www.tipard.de\/blog\/wp-content\/uploads\/2017\/10\/system-updates-300x199.jpg 300w\" sizes=\"auto, (max-width: 600px) 100vw, 600px\" \/><br \/>\n<strong>L\u00f6sung<\/strong>: Sie sollten ein Systemupdate durchf\u00fchren, falls Ihr Ger\u00e4t dies zul\u00e4sst. Ansonsten haben Sie die M\u00f6glichkeit Videos herunterzuladen, um diese anzusehen. <\/p>\n<h2>10. Wenig Speicher<\/h2>\n<p>Wenn Ihr Ger\u00e4t wenig Speicher hat ist es langsame, was bedeutet, dass m\u00e4chtige Anwendung wie YouTube nicht funktionieren. Es ist wichtig, dass Sie den Speicher Ihres Handys \u00fcberpr\u00fcfen und gegebenenfalls leeren.<br \/>\nL\u00f6sung: Es gibt mehrere Wege Ihren Speicher zu verwalten. Sie k\u00f6nnen unter anderem Speicher Verwaltungs Apps herunterladen, die Ihnen dabei helfen die Performanz Ihres Ger\u00e4ts zu verbessern. <\/p>\n","protected":false},"excerpt":{"rendered":"<p>Sie haben sicherlich schonmal damit Probleme gehabt, dass YouTube Videos nicht abspielen. Es ist nicht selten, dass YouTube ohne ersichtlichen Grund aufh\u00f6rt zu funktionieren. Mitteilungen wie \u201eVideo kann nicht geladen werden\u201c oder \u201eVideo l\u00e4dt langsam\u201c, werden Ihnen im Alltag schon oft bei der Benutzung von YouTube auf Safari, Chrome oder auch mobilen Ger\u00e4ten wie iPhone, [&hellip;]<\/p>\n","protected":false},"author":1,"featured_media":0,"parent":0,"menu_order":0,"comment_status":"closed","ping_status":"closed","template":"","meta":{"footnotes":""},"class_list":["post-1319","page","type-page","status-publish","hentry"],"_links":{"self":[{"href":"https:\/\/www.tipard.de\/blog\/wp-json\/wp\/v2\/pages\/1319","targetHints":{"allow":["GET"]}}],"collection":[{"href":"https:\/\/www.tipard.de\/blog\/wp-json\/wp\/v2\/pages"}],"about":[{"href":"https:\/\/www.tipard.de\/blog\/wp-json\/wp\/v2\/types\/page"}],"author":[{"embeddable":true,"href":"https:\/\/www.tipard.de\/blog\/wp-json\/wp\/v2\/users\/1"}],"replies":[{"embeddable":true,"href":"https:\/\/www.tipard.de\/blog\/wp-json\/wp\/v2\/comments?post=1319"}],"version-history":[{"count":1,"href":"https:\/\/www.tipard.de\/blog\/wp-json\/wp\/v2\/pages\/1319\/revisions"}],"predecessor-version":[{"id":1326,"href":"https:\/\/www.tipard.de\/blog\/wp-json\/wp\/v2\/pages\/1319\/revisions\/1326"}],"wp:attachment":[{"href":"https:\/\/www.tipard.de\/blog\/wp-json\/wp\/v2\/media?parent=1319"}],"curies":[{"name":"wp","href":"https:\/\/api.w.org\/{rel}","templated":true}]}}