{"id":1278,"date":"2017-10-01T19:15:28","date_gmt":"2017-10-01T19:15:28","guid":{"rendered":"http:\/\/www.tipard.de\/blog\/?page_id=1278"},"modified":"2017-10-01T19:15:28","modified_gmt":"2017-10-01T19:15:28","slug":"wie-man-das-passwort-eines-gesperrten-itunes-accounts-wiederherstellt","status":"publish","type":"page","link":"https:\/\/www.tipard.de\/blog\/wie-man-das-passwort-eines-gesperrten-itunes-accounts-wiederherstellt\/","title":{"rendered":"Wie man das Passwort eines gesperrten iTunes Accounts wiederherstellt"},"content":{"rendered":"<p><img loading=\"lazy\" decoding=\"async\" src=\"http:\/\/www.tipard.de\/blog\/wp-content\/uploads\/2017\/10\/itunes-password-recovery.jpg\" alt=\"\" width=\"696\" height=\"338\" class=\"alignnone size-full wp-image-1273\" srcset=\"https:\/\/www.tipard.de\/blog\/wp-content\/uploads\/2017\/10\/itunes-password-recovery.jpg 696w, https:\/\/www.tipard.de\/blog\/wp-content\/uploads\/2017\/10\/itunes-password-recovery-300x146.jpg 300w\" sizes=\"auto, (max-width: 696px) 100vw, 696px\" \/><br \/>\nWenn Sie das Passwort Ihres Apple Accounts vergessen, dann k\u00f6nnen Sie nicht auf Ihre Dateien zugreifen. Als erstes sollten Sie das Passwort wiederherstellen. Das kann sehr lange dauern. Mit der Tipard iOS Data Recovery ist die Wiederherstellung des iTunes Passwort sehr einfach und Sie haben schnell wieder Zugang zu iTunes. <\/p>\n<h2>Wie Sie Ihr Apple Passwort erhalten<\/h2>\n<p>Wenn Sie Ihr Apple Store Passwort vergessen, dann k\u00f6nnen Sie Anweisungen zur Wiederherstellung von Apple erhalten. Wenn Sie eine Email f\u00fcr iTunes haben, dann k\u00f6nnen Sie damit den Account und die Wiederherstellung des Passworts best\u00e4tigen. Wenn Sie Sicherheitsfragen eingegeben haben, dann m\u00fcssen Sie diese beantworten.<br \/>\n1. Starten Sie den Browser und gehen Sie auf &#8222;http:\/\/iforgot.apple.com&#8220;.<br \/>\n2. Klicken Sie auf &#8222;Apple ID eingeben&#8220;, um das iTunes Passwort wiederherzustellen.<br \/>\n3. Klicken Sie auf den &#8222;weiter&#8220; Knopf.<br \/>\n4. W\u00e4hlen Sie das &#8222;Zur\u00fccksetzen per Email&#8220; oder &#8222;Sicherheitsfragen beantworten&#8220;, um das iTunes Passwort zur\u00fcckzusetzen.<\/p>\n<h2>Wie Sie einfach Ihr iTunes Passwort zur\u00fccksetzen k\u00f6nnen<\/h2>\n<p>Wenn Sie die Sicherheitsfragen vor vielen Jahren eingegeben haben, dann f\u00e4llt es Ihnen vielleicht schwer dar\u00fcber Ihr Apple Passwort zur\u00fcckzusetzen. Au\u00dferdem dauert es eine gewisse Zeit. <\/p>\n<h2>A. Nutzen Sie eine Drittanbietersoftware, um Ihr iTunes Passwort wiederherzustellen<\/h2>\n<p>Einige Apps bieten verschiedene Verschl\u00fcsselungsmethoden, um Ihr iTunes Passwort wiederherzustellen. Sie k\u00f6nnen ein Drittanbieter Programm herunterladen, wie Jihosoft iTunes, um Ihr iPad mit iTunes zu synchronisieren.<\/p>\n<h2>B. iTunes Dateien ohne Passwort \u00fcbertragen<\/h2>\n<p>Tats\u00e4chlich gibt es einen Weg Ihre Dateien ohne das iTunes Passwort zu \u00fcbertragen. Selbst wenn iTunes nicht funktioniert, k\u00f6nnen Sie mit Tipard iOS Data Recovery auch gel\u00f6schte Dateien ohne Passwort wiederherstellen. <\/p>\n<h2>Wie Sie ohne das iTunes Passwort auf die iTunes Dateien zugreifen k\u00f6nnen<\/h2>\n<p><div class=\"article-steps\"><br \/>\n<div class=\"article-step\"><div class=\"context\"><h3><span class=\"stepShield\">Schritt 1<\/span>Verbinden Sie das Ger\u00e4t mit dem Programm<\/h3><br \/>\nInstallieren Sie die neuste Version der Tipard iPhone Data Recovery. Starten Sie das Programm und verbinden Sie Ihr iPhone durch ein USB Kabel mit dem PC. Das Programm wird das Ger\u00e4t erkennen, wie im Screenshot gezeigt wird.<br \/>\n<\/div><img loading=\"lazy\" decoding=\"async\" width=\"400\" height=\"258\" src=\"https:\/\/www.tipard.de\/blog\/wp-content\/uploads\/2017\/10\/interface.jpg\" class=\"preview\" alt=\"Verbinden Sie das Ger\u00e4t mit dem Programm\" srcset=\"https:\/\/www.tipard.de\/blog\/wp-content\/uploads\/2017\/10\/interface.jpg 400w, https:\/\/www.tipard.de\/blog\/wp-content\/uploads\/2017\/10\/interface-300x194.jpg 300w\" sizes=\"auto, (max-width: 400px) 100vw, 400px\" \/><\/div><br \/>\n<div class=\"article-step reverse\"><div class=\"context\"><h3><span class=\"stepShield\">Schritt 2<\/span>Scannen der iTunes Dateien ohne Passwort Wiederherstellung<\/h3><br \/>\nW\u00e4hlen Sie den &#8222;Wiederherstellung von iTunes Backup Datei&#8220; Modus, um die iTunes Dateien ohne eine Wiederherstellung des iTunes Passworts wiederherzustellen.<br \/>\n<\/div><img loading=\"lazy\" decoding=\"async\" width=\"400\" height=\"258\" src=\"https:\/\/www.tipard.de\/blog\/wp-content\/uploads\/2017\/10\/scan-1.jpg\" class=\"preview\" alt=\"Scannen der iTunes Dateien ohne Passwort Wiederherstellung\" srcset=\"https:\/\/www.tipard.de\/blog\/wp-content\/uploads\/2017\/10\/scan-1.jpg 400w, https:\/\/www.tipard.de\/blog\/wp-content\/uploads\/2017\/10\/scan-1-300x194.jpg 300w\" sizes=\"auto, (max-width: 400px) 100vw, 400px\" \/><\/div><br \/>\n<div class=\"article-step\"><div class=\"context\"><h3><span class=\"stepShield\">Schritt 3<\/span>Download der Dateien ohne iTunes Passwort Wiederherstellung<\/h3><br \/>\nSie k\u00f6nnen eine Vorschau auf die Dateien erhalten und nach bestimmten suchen. Sobald Sie die Dateien, die Sie wiederherstellen wollen, gefunden haben, k\u00f6nnen Sie diese ganz einfach herunterladen ohne vorher das Passwort zur\u00fcckzusetzen.<br \/>\n<\/div><img loading=\"lazy\" decoding=\"async\" width=\"400\" height=\"258\" src=\"https:\/\/www.tipard.de\/blog\/wp-content\/uploads\/2017\/10\/recover-itunes.jpg\" class=\"preview\" alt=\"Download der Dateien ohne iTunes Passwort Wiederherstellung\" srcset=\"https:\/\/www.tipard.de\/blog\/wp-content\/uploads\/2017\/10\/recover-itunes.jpg 400w, https:\/\/www.tipard.de\/blog\/wp-content\/uploads\/2017\/10\/recover-itunes-300x194.jpg 300w\" sizes=\"auto, (max-width: 400px) 100vw, 400px\" \/><\/div><br \/>\n<\/div><br \/>\n<div class=\"product-box\">\r\n<div class=\"pImg\" style=\"height: 320px!important;\"><img decoding=\"async\" src=\"http:\/\/tipard.de\/blog\/wp-content\/plugins\/tipard\/imgs\/MaciPhoneDataRecovery.png\" alt=\"Mac iPhone Data Recovery\"><\/div>\r\n<div class=\"context\"><a href=\"http:\/\/www.tipard.de\/mac-iphone-data-recovery\/\" class=\"title\">Mac iPhone Data Recovery<\/a><br \/><p>Tipard Mac iPhone Data Recovery bietet unvergleichliche Qualit\u00e4t beim Wiederherstellen von iPhone Fotos\/Whatsapp\/Nachrichten\/Apps\/Kontakte\/Notizen\/Safari Lesezeichen und anderen wichtigen Daten, egal ob diese versehentlich gel\u00f6scht wurden, oder einfach abhandengekommen sind. Dies ist mit oder ohne iTunes Backup m\u00f6glich.<\/p><br \/><a href=\"http:\/\/www.tipard.de\/mac-iphone-data-recovery\/\" class=\"more\">Mehr Erfahren<\/a><\/div>\r\n<\/div><\/p>\n","protected":false},"excerpt":{"rendered":"<p>Wenn Sie das Passwort Ihres Apple Accounts vergessen, dann k\u00f6nnen Sie nicht auf Ihre Dateien zugreifen. Als erstes sollten Sie das Passwort wiederherstellen. Das kann sehr lange dauern. Mit der Tipard iOS Data Recovery ist die Wiederherstellung des iTunes Passwort sehr einfach und Sie haben schnell wieder Zugang zu iTunes. Wie Sie Ihr Apple Passwort [&hellip;]<\/p>\n","protected":false},"author":1,"featured_media":0,"parent":0,"menu_order":0,"comment_status":"closed","ping_status":"closed","template":"","meta":{"footnotes":""},"class_list":["post-1278","page","type-page","status-publish","hentry"],"_links":{"self":[{"href":"https:\/\/www.tipard.de\/blog\/wp-json\/wp\/v2\/pages\/1278","targetHints":{"allow":["GET"]}}],"collection":[{"href":"https:\/\/www.tipard.de\/blog\/wp-json\/wp\/v2\/pages"}],"about":[{"href":"https:\/\/www.tipard.de\/blog\/wp-json\/wp\/v2\/types\/page"}],"author":[{"embeddable":true,"href":"https:\/\/www.tipard.de\/blog\/wp-json\/wp\/v2\/users\/1"}],"replies":[{"embeddable":true,"href":"https:\/\/www.tipard.de\/blog\/wp-json\/wp\/v2\/comments?post=1278"}],"version-history":[{"count":2,"href":"https:\/\/www.tipard.de\/blog\/wp-json\/wp\/v2\/pages\/1278\/revisions"}],"predecessor-version":[{"id":1280,"href":"https:\/\/www.tipard.de\/blog\/wp-json\/wp\/v2\/pages\/1278\/revisions\/1280"}],"wp:attachment":[{"href":"https:\/\/www.tipard.de\/blog\/wp-json\/wp\/v2\/media?parent=1278"}],"curies":[{"name":"wp","href":"https:\/\/api.w.org\/{rel}","templated":true}]}}