{"id":1241,"date":"2017-10-01T18:52:19","date_gmt":"2017-10-01T18:52:19","guid":{"rendered":"http:\/\/www.tipard.de\/blog\/?page_id=1241"},"modified":"2017-10-01T18:52:19","modified_gmt":"2017-10-01T18:52:19","slug":"wie-man-das-problem-des-downloads-des-apple-mobilgeraet-usb-treibers-loest","status":"publish","type":"page","link":"https:\/\/www.tipard.de\/blog\/wie-man-das-problem-des-downloads-des-apple-mobilgeraet-usb-treibers-loest\/","title":{"rendered":"Wie man das Problem des Downloads des Apple Mobilger\u00e4t USB Treibers l\u00f6st"},"content":{"rendered":"<p><img loading=\"lazy\" decoding=\"async\" src=\"http:\/\/www.tipard.de\/blog\/wp-content\/uploads\/2017\/10\/apple-usb-driver.jpg\" alt=\"\" width=\"600\" height=\"338\" class=\"alignnone size-full wp-image-1238\" srcset=\"https:\/\/www.tipard.de\/blog\/wp-content\/uploads\/2017\/10\/apple-usb-driver.jpg 600w, https:\/\/www.tipard.de\/blog\/wp-content\/uploads\/2017\/10\/apple-usb-driver-300x169.jpg 300w\" sizes=\"auto, (max-width: 600px) 100vw, 600px\" \/><br \/>\nWenn Sie Ihr iPhone mit dem Computer verbinden anstatt iTunes automatisch zu starten, dann kann es vorkommen, dass Sie eine Fehlermeldung erhalten: Apple Mobilger\u00e4t USB Treiber wurde nicht erfolgreich installiert. Wenn Sie dieses Problem erfahren, dann ist die Software Tipard iPhone Transfer Ultimate eine wunderbare L\u00f6sung f\u00fcr Sie. <\/p>\n<h2>Wie man das Apple Mobilger\u00e4t USB Treiber Problem l\u00f6st<\/h2>\n<p>Sie k\u00f6nnen die neuste Version des Apple Mobilger\u00e4t USB Treibers herunterladen. Und stellen Sie dann sicher, dass Sie den iTunes und Apple Mobilger\u00e4t Support wieder installiert haben.<br \/>\n1. Gehen Sie in den Ger\u00e4temanager und lokalisieren Sie Ihr Apple Ger\u00e4t.<br \/>\n2. Machen Sie einen Rechtsklick auf das Ger\u00e4t und w\u00e4hlen Sie die &#8222;Ger\u00e4tetreiber Update&#8220; Option.<br \/>\n3. Finden Sie den Ort des Treibers und w\u00e4hlen Sie die Datei.<br \/>\n4. Sobald Sie den Apple Mobilger\u00e4t USB Treiber installiert haben, k\u00f6nnen Sie den &#8222;Apple Mobilger\u00e4t USB Treiber&#8220; lokalisieren unter der &#8222;Universaler Fortsetzungs-Ger\u00e4te USB Treiber&#8220; Sektion im Ger\u00e4temanager.<\/p>\n<h2>Beste Methode, um das Problem des USB Treibers f\u00fcr Apple Ger\u00e4te zu l\u00f6sen<\/h2>\n<p>Wenn Sie nicht noch mehr Zeit verlieren wollen bei der Suche nach dem richtigen Apple Mobilger\u00e4te Treiber, dann k\u00f6nnen Sie Tipard iPhone Transfer Ultimate nutzen, um Dateien wiederherzustellen, die iTunes Bibliothek bewegen oder die Daten zwischen Ger\u00e4ten einfach synchronisieren. <\/p>\n<h2>Wie man das Problem des Apple Mobilger\u00e4te USB Treibers l\u00f6st<\/h2>\n<p><div class=\"article-steps\"><br \/>\n<div class=\"article-step\"><div class=\"context\"><h3><span class=\"stepShield\">Schritt 1<\/span>Verbinden Sie das Ger\u00e4t mit dem Programm<\/h3><br \/>\nSie m\u00fcssen sicherstellen, dass das iPhone oder andere Apple Mobilger\u00e4t von Ihrem Computer erkannt wird. Dann laden Sie das Programm herunter und installieren es. Verbinden Sie das Ger\u00e4t mit dem Programm.<br \/>\n<\/div><img loading=\"lazy\" decoding=\"async\" width=\"400\" height=\"268\" src=\"https:\/\/www.tipard.de\/blog\/wp-content\/uploads\/2017\/10\/connect-device.jpg\" class=\"preview\" alt=\"Verbinden Sie das Ger\u00e4t mit dem Programm\" srcset=\"https:\/\/www.tipard.de\/blog\/wp-content\/uploads\/2017\/10\/connect-device.jpg 400w, https:\/\/www.tipard.de\/blog\/wp-content\/uploads\/2017\/10\/connect-device-300x201.jpg 300w\" sizes=\"auto, (max-width: 400px) 100vw, 400px\" \/><\/div><br \/>\n<div class=\"article-step reverse\"><div class=\"context\"><h3><span class=\"stepShield\">Schritt 2<\/span>W\u00e4hlen Sie die Dateien aus, die \u00fcbertragen werden sollen<\/h3><br \/>\nSie k\u00f6nnen die Dateien, die Sie von Ihrem iPhone \u00fcbertragen wollen, ausw\u00e4hlen und ohne Download des Apple Mobilger\u00e4t USB Treibers \u00fcbertragen. Sie k\u00f6nnen im Programm eine Vorschau auf die Apple Dateien erhalten.<br \/>\n<\/div><img loading=\"lazy\" decoding=\"async\" width=\"400\" height=\"268\" src=\"https:\/\/www.tipard.de\/blog\/wp-content\/uploads\/2017\/10\/choose-photos.jpg\" class=\"preview\" alt=\"W\u00e4hlen Sie die Dateien aus, die \u00fcbertragen werden sollen\" srcset=\"https:\/\/www.tipard.de\/blog\/wp-content\/uploads\/2017\/10\/choose-photos.jpg 400w, https:\/\/www.tipard.de\/blog\/wp-content\/uploads\/2017\/10\/choose-photos-300x201.jpg 300w\" sizes=\"auto, (max-width: 400px) 100vw, 400px\" \/><\/div><br \/>\n<\/div><br \/>\nSie k\u00f6nnen Dateien von Ihrem iPhone auf den Computer \u00fcbertragen oder auch Dateien von Ihrem Computer auf Ihr iPhone hinzuf\u00fcgen. Und das ohne die Installation des Apple Mobilger\u00e4te USB Treibers. Sie k\u00f6nnen auch Dateien in iTunes hinzuf\u00fcgen und diese einfach synchronisieren. <\/p>\n","protected":false},"excerpt":{"rendered":"<p>Wenn Sie Ihr iPhone mit dem Computer verbinden anstatt iTunes automatisch zu starten, dann kann es vorkommen, dass Sie eine Fehlermeldung erhalten: Apple Mobilger\u00e4t USB Treiber wurde nicht erfolgreich installiert. Wenn Sie dieses Problem erfahren, dann ist die Software Tipard iPhone Transfer Ultimate eine wunderbare L\u00f6sung f\u00fcr Sie. Wie man das Apple Mobilger\u00e4t USB Treiber [&hellip;]<\/p>\n","protected":false},"author":1,"featured_media":0,"parent":0,"menu_order":0,"comment_status":"closed","ping_status":"closed","template":"","meta":{"footnotes":""},"class_list":["post-1241","page","type-page","status-publish","hentry"],"_links":{"self":[{"href":"https:\/\/www.tipard.de\/blog\/wp-json\/wp\/v2\/pages\/1241","targetHints":{"allow":["GET"]}}],"collection":[{"href":"https:\/\/www.tipard.de\/blog\/wp-json\/wp\/v2\/pages"}],"about":[{"href":"https:\/\/www.tipard.de\/blog\/wp-json\/wp\/v2\/types\/page"}],"author":[{"embeddable":true,"href":"https:\/\/www.tipard.de\/blog\/wp-json\/wp\/v2\/users\/1"}],"replies":[{"embeddable":true,"href":"https:\/\/www.tipard.de\/blog\/wp-json\/wp\/v2\/comments?post=1241"}],"version-history":[{"count":3,"href":"https:\/\/www.tipard.de\/blog\/wp-json\/wp\/v2\/pages\/1241\/revisions"}],"predecessor-version":[{"id":1244,"href":"https:\/\/www.tipard.de\/blog\/wp-json\/wp\/v2\/pages\/1241\/revisions\/1244"}],"wp:attachment":[{"href":"https:\/\/www.tipard.de\/blog\/wp-json\/wp\/v2\/media?parent=1241"}],"curies":[{"name":"wp","href":"https:\/\/api.w.org\/{rel}","templated":true}]}}