{"id":1235,"date":"2017-10-01T18:48:33","date_gmt":"2017-10-01T18:48:33","guid":{"rendered":"http:\/\/www.tipard.de\/blog\/?page_id=1235"},"modified":"2017-10-01T18:48:33","modified_gmt":"2017-10-01T18:48:33","slug":"sie-tun-koennen-wenn-es-nicht-geklappt-hat-das-android-desire-hd-zu-rooten","status":"publish","type":"page","link":"https:\/\/www.tipard.de\/blog\/sie-tun-koennen-wenn-es-nicht-geklappt-hat-das-android-desire-hd-zu-rooten\/","title":{"rendered":"Sie tun k\u00f6nnen, wenn es nicht geklappt hat das Android Desire HD zu rooten"},"content":{"rendered":"<p><img loading=\"lazy\" decoding=\"async\" src=\"http:\/\/www.tipard.de\/blog\/wp-content\/uploads\/2017\/10\/htc-desire.jpg\" alt=\"\" width=\"600\" height=\"374\" class=\"alignnone size-full wp-image-1232\" srcset=\"https:\/\/www.tipard.de\/blog\/wp-content\/uploads\/2017\/10\/htc-desire.jpg 600w, https:\/\/www.tipard.de\/blog\/wp-content\/uploads\/2017\/10\/htc-desire-300x187.jpg 300w\" sizes=\"auto, (max-width: 600px) 100vw, 600px\" \/><br \/>\nWenn Sie Ihr Android Desire HD Handy rooten wollen, dann kann es vorkommen, dass dies nicht funktioniert und Sie alle Ihre Daten auf dem Android handy verlieren, Tipard Android Data Recovery ist die beste Methode, das Rooten r\u00fcckg\u00e4ngig zu machen. <\/p>\n<h2>Warum es nicht klappt Android Desire HD zu rooten<\/h2>\n<p>Wenn Sie den Grund kennen warum das Rooten des Android Desire HD nicht funktioniert,  dann kann das helfen das Problem zu l\u00f6sen. Es wird Ihnen empfohlen ein Backup der Daten auf dem Android Handy zu machen bevor Sie versuchen das Handy zu rooten.<br \/>\n1. Stellen Sie sicher, dass der Akku Ihres Android Handys ausreichend geladen ist.<br \/>\n2. Aktivieen Sie \u201cUSB debugging\u201d des Android Handys, damit das Android Handy gescannt werden kann.<br \/>\n3. F\u00fcr die Prozedur des Rootings des Android Desire HD sollten Sie sicherstellen, dass Sie die richtigen Versionen installieren. <\/p>\n<h2>Wie Sie Daten wiederherstellen k\u00f6nnen, wenn das Rooting fehl schlug<\/h2>\n<p>Wenn die oben genannten L\u00f6sungen funktionieren, um die Android Daten zu sichern, kann es trotzdem vorkommen, dass Sie Dateien besch\u00e4digen oder verlieren. Sie k\u00f6nnen Android Dateien erst wiederherstellen ohne zu rooten. Aber wenn das Rooten des Desire HD nicht funktioniert, dann k\u00f6nnen Sie, wie auch dem zur\u00fccksetzen auf Werkseinstellungen, die Daten wiederherstellen.<br \/>\nTipard Android Data Recovery bietet Ihnen die perfekte L\u00f6sung, wenn Sie Ihr Android Handy nicht rooten konnten. Das Programm kann alle Daten vom Android einfach wiederherstellen. <\/p>\n<h2>Wie man Android Daten wiederherstellt<\/h2>\n<div class=\"article-steps\"><br \/>\n<div class=\"article-step\"><div class=\"context\"><h3><span class=\"stepShield\">Schritt 1<\/span>Verbinden Sie das Android Ger\u00e4t mit der Android Daten Wiederherstellung<\/h3><br \/>\nLaden Sie die neuste Version der Tipard Android Data Recovery herunter und installieren Sie diese auf Ihrem PC oder Mac. Dann verbinden Sie das Android Ger\u00e4t mit dem Programm.<br \/>\n<\/div><img loading=\"lazy\" decoding=\"async\" width=\"400\" height=\"253\" src=\"https:\/\/www.tipard.de\/blog\/wp-content\/uploads\/2017\/10\/connect-inter-1.jpg\" class=\"preview\" alt=\"Verbinden Sie das Android Ger\u00e4t mit der Android Daten Wiederherstellung\" srcset=\"https:\/\/www.tipard.de\/blog\/wp-content\/uploads\/2017\/10\/connect-inter-1.jpg 400w, https:\/\/www.tipard.de\/blog\/wp-content\/uploads\/2017\/10\/connect-inter-1-300x190.jpg 300w\" sizes=\"auto, (max-width: 400px) 100vw, 400px\" \/><\/div><br \/>\n<div class=\"article-step reverse\"><div class=\"context\"><h3><span class=\"stepShield\">Schritt 2<\/span>W\u00e4hlen Sie die Dateien<\/h3><br \/>\nDanach k\u00f6nnen Sie die Dateitypen von Ihrem Android Handy w\u00e4hlen, die Sie wiederherstellen m\u00f6chten. Sie k\u00f6nnen alle Dateien ausw\u00e4hlen oder nur die Dateien, die Sie vor dem Root-Versuch nicht gesichert haben.<br \/>\n<\/div><img loading=\"lazy\" decoding=\"async\" width=\"400\" height=\"253\" src=\"https:\/\/www.tipard.de\/blog\/wp-content\/uploads\/2017\/10\/scan.jpg\" class=\"preview\" alt=\"W\u00e4hlen Sie die Dateien\" srcset=\"https:\/\/www.tipard.de\/blog\/wp-content\/uploads\/2017\/10\/scan.jpg 400w, https:\/\/www.tipard.de\/blog\/wp-content\/uploads\/2017\/10\/scan-300x190.jpg 300w\" sizes=\"auto, (max-width: 400px) 100vw, 400px\" \/><\/div><br \/>\n<div class=\"article-step\"><div class=\"context\"><h3><span class=\"stepShield\">Schritt 3<\/span>Dateien wiederherstellen <\/h3><br \/>\nSie k\u00f6nnen eine Vorschau auf die wiederherzustellenden Dateien erhalten bevor Sie auf den \u201cWiederherstellung\u201d Knopf klicken.<br \/>\n<\/div><img loading=\"lazy\" decoding=\"async\" width=\"400\" height=\"253\" src=\"https:\/\/www.tipard.de\/blog\/wp-content\/uploads\/2017\/10\/recover-file.jpg\" class=\"preview\" alt=\"Dateien wiederherstellen \" srcset=\"https:\/\/www.tipard.de\/blog\/wp-content\/uploads\/2017\/10\/recover-file.jpg 400w, https:\/\/www.tipard.de\/blog\/wp-content\/uploads\/2017\/10\/recover-file-300x190.jpg 300w\" sizes=\"auto, (max-width: 400px) 100vw, 400px\" \/><\/div><br \/>\n<\/div>\n<p>Android Data Recovery<br \/>\nDas beste Programm, um alle Daten wiederherzustellen nach der Android System-Wiederherstellung.<br \/>\nW\u00e4hlen Sie die Dateien zur Wiederherstellung, die Sie w\u00e4hrend des Versuchs das Handy zu rooten verloren oder besch\u00e4digt haben.<br \/>\nUnterst\u00fctzt Samsung, HTC, LG, Sony, Motorola und viele andere Android Ger\u00e4te. Arbeitet mit Android OS 2.1 bis 5.1.<\/p>\n","protected":false},"excerpt":{"rendered":"<p>Wenn Sie Ihr Android Desire HD Handy rooten wollen, dann kann es vorkommen, dass dies nicht funktioniert und Sie alle Ihre Daten auf dem Android handy verlieren, Tipard Android Data Recovery ist die beste Methode, das Rooten r\u00fcckg\u00e4ngig zu machen. Warum es nicht klappt Android Desire HD zu rooten Wenn Sie den Grund kennen warum [&hellip;]<\/p>\n","protected":false},"author":1,"featured_media":0,"parent":0,"menu_order":0,"comment_status":"closed","ping_status":"closed","template":"","meta":{"footnotes":""},"class_list":["post-1235","page","type-page","status-publish","hentry"],"_links":{"self":[{"href":"https:\/\/www.tipard.de\/blog\/wp-json\/wp\/v2\/pages\/1235","targetHints":{"allow":["GET"]}}],"collection":[{"href":"https:\/\/www.tipard.de\/blog\/wp-json\/wp\/v2\/pages"}],"about":[{"href":"https:\/\/www.tipard.de\/blog\/wp-json\/wp\/v2\/types\/page"}],"author":[{"embeddable":true,"href":"https:\/\/www.tipard.de\/blog\/wp-json\/wp\/v2\/users\/1"}],"replies":[{"embeddable":true,"href":"https:\/\/www.tipard.de\/blog\/wp-json\/wp\/v2\/comments?post=1235"}],"version-history":[{"count":2,"href":"https:\/\/www.tipard.de\/blog\/wp-json\/wp\/v2\/pages\/1235\/revisions"}],"predecessor-version":[{"id":1237,"href":"https:\/\/www.tipard.de\/blog\/wp-json\/wp\/v2\/pages\/1235\/revisions\/1237"}],"wp:attachment":[{"href":"https:\/\/www.tipard.de\/blog\/wp-json\/wp\/v2\/media?parent=1235"}],"curies":[{"name":"wp","href":"https:\/\/api.w.org\/{rel}","templated":true}]}}