{"id":1228,"date":"2017-10-01T18:45:13","date_gmt":"2017-10-01T18:45:13","guid":{"rendered":"http:\/\/www.tipard.de\/blog\/?page_id=1228"},"modified":"2017-10-01T18:45:13","modified_gmt":"2017-10-01T18:45:13","slug":"wie-sie-den-android-system-wiederherstellungs-fehler-beheben-koennen","status":"publish","type":"page","link":"https:\/\/www.tipard.de\/blog\/wie-sie-den-android-system-wiederherstellungs-fehler-beheben-koennen\/","title":{"rendered":"Wie Sie den Android System-Wiederherstellungs-Fehler beheben k\u00f6nnen"},"content":{"rendered":"<p><img loading=\"lazy\" decoding=\"async\" src=\"http:\/\/www.tipard.de\/blog\/wp-content\/uploads\/2017\/10\/android-system-recovery.jpg\" alt=\"\" width=\"696\" height=\"338\" class=\"alignnone size-full wp-image-1224\" srcset=\"https:\/\/www.tipard.de\/blog\/wp-content\/uploads\/2017\/10\/android-system-recovery.jpg 696w, https:\/\/www.tipard.de\/blog\/wp-content\/uploads\/2017\/10\/android-system-recovery-300x146.jpg 300w\" sizes=\"auto, (max-width: 696px) 100vw, 696px\" \/><br \/>\nWenn Ihr Android Handy im System-Wiederherstellung-Bildschirm festh\u00e4ngt, dann erfahren Sie hier mehr \u00fcber die Android System-Wiederherstellung. Anschlie\u00dfend k\u00f6nnen Sie Android Daten nach der Fehlermeldung wiederherstellen. Tipard Android Data Recovery ist das perfekte Werkzeug, um Android System-Wiederherstellung zu reparieren. <\/p>\n<h2>Was ist die Android System- Wiederherstellung?<\/h2>\n<p>Wenn Sie den Power Knopf gedr\u00fcckt haben und dann zeitgleich den Lautst\u00e4rkeschalter nach oben, den Home Button und den Power Knopf dr\u00fccken, dann wird das Android Handy in den System-Wiederherstellungs-Modus gehen. Der Android System-Wiederherstellungs-Modus erlaubt es Ihnen das System neuzustarten, Updates auszuf\u00fchren, Daten mit dem Zur\u00fccksetzen auf Werkseinstellungen zu entfernen und Cache-Partitionen zu entfernen. <\/p>\n<h2>Wie man das Android System-Wiederherstellungs-Problem l\u00f6st<\/h2>\n<p>Selbst wenn Sie nicht die Tastenkombination dr\u00fccken, kann es vorkommen, dass Sie in den Android System-Wiederherstellungs-Modus gelangen. Wenn Sie in dem Modus sind, dann kann es sein, dass Sie Daten vom Android Handy nach dem Zur\u00fccksetzen auf Werkseinstellungen wiederherstellen m\u00fcssen. Sie k\u00f6nnen diesen Schritten folgen, um das Problem zu l\u00f6sen.<br \/>\n1. \u00dcberpr\u00fcfen Sie die Tasten, um sicherzustellen, dass das Problem mit der Android System-Wiederherstellung nicht daher kommt.<br \/>\n2. Starten Sie das Handy neu, um zu versuchen, das Problem mit der System-Wiederherstellung zu l\u00f6sen. Wenn m\u00f6glich k\u00f6nnen Sie auch versuchen die Batterie zu entfernen.<br \/>\nWas ist die perfekte L\u00f6sung f\u00fcr die Android System- Wiederherstellung<br \/>\nWenn die oben genannten L\u00f6sungen nicht funktionieren, dann m\u00fcssen Sie einen Weg finden, alle Daten nach der Android System-Wiederherstellung wiederzuholen. Sie k\u00f6nnen Textnachrichten und andere Daten vom Android Handy wiederherstellen. <\/p>\n<h2>Wie man Daten wiederherstellt<\/h2>\n<div class=\"article-steps\"><br \/>\n<div class=\"article-step\"><div class=\"context\"><h3><span class=\"stepShield\">Schritt 1<\/span>Verbinden Sie das Android Handy mit dem Programm<\/h3><br \/>\nLaden Sie die neuste Version des Tipard Android Data Recovery Programm herunter und installieren Sie es. Dann verbinden Sie das Android Handy mit dem gestarteten Programm, um die Daten aus dem Android System-Wiederherstellungs-Modus wiederherzustellen.<br \/>\n<\/div><img loading=\"lazy\" decoding=\"async\" width=\"400\" height=\"253\" src=\"https:\/\/www.tipard.de\/blog\/wp-content\/uploads\/2017\/10\/connect-inter.jpg\" class=\"preview\" alt=\"Verbinden Sie das Android Handy mit dem Programm\" srcset=\"https:\/\/www.tipard.de\/blog\/wp-content\/uploads\/2017\/10\/connect-inter.jpg 400w, https:\/\/www.tipard.de\/blog\/wp-content\/uploads\/2017\/10\/connect-inter-300x190.jpg 300w\" sizes=\"auto, (max-width: 400px) 100vw, 400px\" \/><\/div><br \/>\n<div class=\"article-step reverse\"><div class=\"context\"><h3><span class=\"stepShield\">Schritt 2<\/span>W\u00e4hlen Sie die Dateitypen <\/h3><br \/>\nSie k\u00f6nnen alle Daten vom Android Handy wiederherstellen oder Dateitypen selektiv ausw\u00e4hlen. Sie k\u00f6nnen  die Dateien zur\u00fcckholen, auch wenn diese durch die Android System-Wiederherstellung gel\u00f6scht wurden.<br \/>\n<\/div><img loading=\"lazy\" decoding=\"async\" width=\"400\" height=\"253\" src=\"https:\/\/www.tipard.de\/blog\/wp-content\/uploads\/2017\/10\/file.jpg\" class=\"preview\" alt=\"W\u00e4hlen Sie die Dateitypen \" srcset=\"https:\/\/www.tipard.de\/blog\/wp-content\/uploads\/2017\/10\/file.jpg 400w, https:\/\/www.tipard.de\/blog\/wp-content\/uploads\/2017\/10\/file-300x190.jpg 300w\" sizes=\"auto, (max-width: 400px) 100vw, 400px\" \/><\/div><br \/>\n<div class=\"article-step\"><div class=\"context\"><h3><span class=\"stepShield\">Schritt 3<\/span>Vorschau der wiederherzustellenden Daten<\/h3><br \/>\nSie k\u00f6nnen eine Vorschau erhalten auf alle Daten von Android, die Sie wiederherstellen k\u00f6nnen. Und dann k\u00f6nnen Sie einfach auf den \u201eWiederherstellung\u201c Knopf klicken, um die Daten wiederherzustellen.<br \/>\n<\/div><img loading=\"lazy\" decoding=\"async\" width=\"400\" height=\"253\" src=\"https:\/\/www.tipard.de\/blog\/wp-content\/uploads\/2017\/10\/preview-data.jpg\" class=\"preview\" alt=\"Vorschau der wiederherzustellenden Daten\" srcset=\"https:\/\/www.tipard.de\/blog\/wp-content\/uploads\/2017\/10\/preview-data.jpg 400w, https:\/\/www.tipard.de\/blog\/wp-content\/uploads\/2017\/10\/preview-data-300x190.jpg 300w\" sizes=\"auto, (max-width: 400px) 100vw, 400px\" \/><\/div><br \/>\n<\/div>\n<p>Android Data Recovery<br \/>\nDas beste Programm, um alle Daten wiederherzustellen nach der Android System-Wiederherstellung.<br \/>\nWenn Sie die Dateien wiederherstellen, dann haben Sie sowohl die gel\u00f6schten Dateien und die Daten nach dem Zur\u00fccksetzen auf Werkseinstellungen.<br \/>\nUnterst\u00fctzt Samsung, HTC, LG, Sony, Motorola und viele andere Android Ger\u00e4te. Arbeitet mit Android OS 2.1 bis 5.1.<\/p>\n","protected":false},"excerpt":{"rendered":"<p>Wenn Ihr Android Handy im System-Wiederherstellung-Bildschirm festh\u00e4ngt, dann erfahren Sie hier mehr \u00fcber die Android System-Wiederherstellung. Anschlie\u00dfend k\u00f6nnen Sie Android Daten nach der Fehlermeldung wiederherstellen. Tipard Android Data Recovery ist das perfekte Werkzeug, um Android System-Wiederherstellung zu reparieren. Was ist die Android System- Wiederherstellung? Wenn Sie den Power Knopf gedr\u00fcckt haben und dann zeitgleich den [&hellip;]<\/p>\n","protected":false},"author":1,"featured_media":0,"parent":0,"menu_order":0,"comment_status":"closed","ping_status":"closed","template":"","meta":{"footnotes":""},"class_list":["post-1228","page","type-page","status-publish","hentry"],"_links":{"self":[{"href":"https:\/\/www.tipard.de\/blog\/wp-json\/wp\/v2\/pages\/1228","targetHints":{"allow":["GET"]}}],"collection":[{"href":"https:\/\/www.tipard.de\/blog\/wp-json\/wp\/v2\/pages"}],"about":[{"href":"https:\/\/www.tipard.de\/blog\/wp-json\/wp\/v2\/types\/page"}],"author":[{"embeddable":true,"href":"https:\/\/www.tipard.de\/blog\/wp-json\/wp\/v2\/users\/1"}],"replies":[{"embeddable":true,"href":"https:\/\/www.tipard.de\/blog\/wp-json\/wp\/v2\/comments?post=1228"}],"version-history":[{"count":2,"href":"https:\/\/www.tipard.de\/blog\/wp-json\/wp\/v2\/pages\/1228\/revisions"}],"predecessor-version":[{"id":1230,"href":"https:\/\/www.tipard.de\/blog\/wp-json\/wp\/v2\/pages\/1228\/revisions\/1230"}],"wp:attachment":[{"href":"https:\/\/www.tipard.de\/blog\/wp-json\/wp\/v2\/media?parent=1228"}],"curies":[{"name":"wp","href":"https:\/\/api.w.org\/{rel}","templated":true}]}}