{"id":1212,"date":"2017-10-01T18:39:10","date_gmt":"2017-10-01T18:39:10","guid":{"rendered":"http:\/\/www.tipard.de\/blog\/?page_id=1212"},"modified":"2017-10-01T18:39:10","modified_gmt":"2017-10-01T18:39:10","slug":"wie-man-geloeschte-fotos-auf-einem-android-handy-wiederherstellt","status":"publish","type":"page","link":"https:\/\/www.tipard.de\/blog\/wie-man-geloeschte-fotos-auf-einem-android-handy-wiederherstellt\/","title":{"rendered":"Wie man gel\u00f6schte Fotos auf einem Android Handy wiederherstellt"},"content":{"rendered":"<p><img loading=\"lazy\" decoding=\"async\" src=\"http:\/\/www.tipard.de\/blog\/wp-content\/uploads\/2017\/10\/delete-photos-on-android.jpg\" alt=\"\" width=\"696\" height=\"338\" class=\"alignnone size-full wp-image-1213\" srcset=\"https:\/\/www.tipard.de\/blog\/wp-content\/uploads\/2017\/10\/delete-photos-on-android.jpg 696w, https:\/\/www.tipard.de\/blog\/wp-content\/uploads\/2017\/10\/delete-photos-on-android-300x146.jpg 300w\" sizes=\"auto, (max-width: 696px) 100vw, 696px\" \/><br \/>\nAndroid Handys sind sehr bekannte Smartphones. Wenn Sie einmal Fotos auf einem Android Handy ausversehen l\u00f6schen, dann sollten Sie wissen wie Sie diese effektiv und einfach wiederherstellen k\u00f6nnen. Tipard Android Data Recovery ist ein Programm, welches problemlos Ihre Android Fotos wiederherstellen kann. <\/p>\n<h2>Warum Sie gel\u00f6schte Android Fotos wiederbekommen m\u00fcssen<\/h2>\n<p>Wenn Sie Android Fotos l\u00f6schen, dann k\u00f6nnen Sie Daten an verschiedenen Orten speichern, wie dem internen Speicher, der SIM Karte oder SD Karte. Die All-in-one Android Photo Recovery ist notwendig, um die gel\u00f6schten Fotos zu erhalten.<br \/>\nAuch wenn Sie das Android Handy wiederherstellen m\u00fcssen, k\u00f6nnen Sie die verschwundenen Fotos von der ROM Flash wiederherstellen, Fotos von einem defekten Android zur\u00fcck holen oder von der SD Karte neu formatieren. <\/p>\n<h2>Wie man gel\u00f6schte Fotos vom Android wiederherstellt<\/h2>\n<p>Wenn Sie gel\u00f6schte Fotos wiederherstellen m\u00fcssen, dann sollten Sie wissen, wie das schnell funktioniert. Tats\u00e4chlich sind die gel\u00f6schten Fotos nicht wirklich gel\u00f6scht vom Android Handy. Nutzen Sie am besten das Android Handy nicht weiter, um ein Fehlschlagen der Wiederherstellung durch eine \u00dcberschreibung der Daten zu verhindern. Sie k\u00f6nnen die Testversion von Tipard Android Data Recovery kostenlos herunterladen und das Programm kennenlernen.<br \/>\nWie man gel\u00f6schte Fotos vom Android Handy mit der Tipard Android Data Recovery Software wiederherstellt<br \/>\nWenn Sie gel\u00f6schte Fotos wiederherstellen, k\u00f6nnen Sie auch andere Daten zur\u00fcck holen, wie Textnachrichten. Sie k\u00f6nnen auch Daten nach dem Zur\u00fccksetzen auf Werkseinstellungen wiederherstellen.<br \/>\n<div class=\"article-steps\"><br \/>\n<div class=\"article-step\"><div class=\"context\"><h3><span class=\"stepShield\">Schritt 1<\/span>Verbinden Sie Ihr Android Handy mit dem Programm<\/h3><br \/>\nNach dem Download und der Installation der neusten Version des Tipard Android Data Recovery Programms, verbinden Sie das Android Handy mit dem Programm.<br \/>\n<\/div><img loading=\"lazy\" decoding=\"async\" width=\"400\" height=\"253\" src=\"https:\/\/www.tipard.de\/blog\/wp-content\/uploads\/2017\/10\/connect.jpg\" class=\"preview\" alt=\"Verbinden Sie Ihr Android Handy mit dem Programm\" srcset=\"https:\/\/www.tipard.de\/blog\/wp-content\/uploads\/2017\/10\/connect.jpg 400w, https:\/\/www.tipard.de\/blog\/wp-content\/uploads\/2017\/10\/connect-300x190.jpg 300w\" sizes=\"auto, (max-width: 400px) 100vw, 400px\" \/><\/div><\/p>\n<p><div class=\"article-step reverse\"><div class=\"context\"><h3><span class=\"stepShield\">Schritt 2<\/span>Dateien zur Wiederherstellung ausw\u00e4hlen<\/h3><br \/>\nNachdem das Programm das Handy gescannt hat, k\u00f6nnen Sie die Android Fotos und auch andere Dateien zur Wiederherstellung ausw\u00e4hlen. W\u00e4hlen Sie dazu einfach die Dateitypen aus den aufgelisteten Dateitypen.<br \/>\n<\/div><img loading=\"lazy\" decoding=\"async\" width=\"400\" height=\"253\" src=\"https:\/\/www.tipard.de\/blog\/wp-content\/uploads\/2017\/10\/choose-file.jpg\" class=\"preview\" alt=\"Dateien zur Wiederherstellung ausw\u00e4hlen\" srcset=\"https:\/\/www.tipard.de\/blog\/wp-content\/uploads\/2017\/10\/choose-file.jpg 400w, https:\/\/www.tipard.de\/blog\/wp-content\/uploads\/2017\/10\/choose-file-300x190.jpg 300w\" sizes=\"auto, (max-width: 400px) 100vw, 400px\" \/><\/div><br \/>\n<div class=\"article-step\"><div class=\"context\"><h3><span class=\"stepShield\">Schritt 3<\/span>Die gel\u00f6schten Fotos wiederherstellen<\/h3><br \/>\nDas Programm erlaubt es Ihnen  eine Vorschau der wiederherzustellenden Fotos zu erhalten. ie k\u00f6nnen einige ausw\u00e4hlen oder alle wiederherstellen.<br \/>\n<\/div><img loading=\"lazy\" decoding=\"async\" width=\"400\" height=\"253\" src=\"https:\/\/www.tipard.de\/blog\/wp-content\/uploads\/2017\/10\/photos.jpg\" class=\"preview\" alt=\"Die gel\u00f6schten Fotos wiederherstellen\" srcset=\"https:\/\/www.tipard.de\/blog\/wp-content\/uploads\/2017\/10\/photos.jpg 400w, https:\/\/www.tipard.de\/blog\/wp-content\/uploads\/2017\/10\/photos-300x190.jpg 300w\" sizes=\"auto, (max-width: 400px) 100vw, 400px\" \/><\/div><br \/>\n<\/div> <\/p>\n<p>Android Data Recovery<br \/>\nTipard Android Data Recovery kann Fotos und andere Dateien von Android wiederherstellen.<br \/>\nDas Programm erlaubt es Ihnen eine Vorschau auf die gel\u00f6schten Fotos zu erhalten bevor Sie diese zur Wiederherstellung ausw\u00e4hlen. Aden Sie einfach die kostenlose Testversion herunter.<\/p>\n","protected":false},"excerpt":{"rendered":"<p>Android Handys sind sehr bekannte Smartphones. Wenn Sie einmal Fotos auf einem Android Handy ausversehen l\u00f6schen, dann sollten Sie wissen wie Sie diese effektiv und einfach wiederherstellen k\u00f6nnen. Tipard Android Data Recovery ist ein Programm, welches problemlos Ihre Android Fotos wiederherstellen kann. Warum Sie gel\u00f6schte Android Fotos wiederbekommen m\u00fcssen Wenn Sie Android Fotos l\u00f6schen, dann [&hellip;]<\/p>\n","protected":false},"author":1,"featured_media":0,"parent":0,"menu_order":0,"comment_status":"closed","ping_status":"closed","template":"","meta":{"footnotes":""},"class_list":["post-1212","page","type-page","status-publish","hentry"],"_links":{"self":[{"href":"https:\/\/www.tipard.de\/blog\/wp-json\/wp\/v2\/pages\/1212","targetHints":{"allow":["GET"]}}],"collection":[{"href":"https:\/\/www.tipard.de\/blog\/wp-json\/wp\/v2\/pages"}],"about":[{"href":"https:\/\/www.tipard.de\/blog\/wp-json\/wp\/v2\/types\/page"}],"author":[{"embeddable":true,"href":"https:\/\/www.tipard.de\/blog\/wp-json\/wp\/v2\/users\/1"}],"replies":[{"embeddable":true,"href":"https:\/\/www.tipard.de\/blog\/wp-json\/wp\/v2\/comments?post=1212"}],"version-history":[{"count":4,"href":"https:\/\/www.tipard.de\/blog\/wp-json\/wp\/v2\/pages\/1212\/revisions"}],"predecessor-version":[{"id":1218,"href":"https:\/\/www.tipard.de\/blog\/wp-json\/wp\/v2\/pages\/1212\/revisions\/1218"}],"wp:attachment":[{"href":"https:\/\/www.tipard.de\/blog\/wp-json\/wp\/v2\/media?parent=1212"}],"curies":[{"name":"wp","href":"https:\/\/api.w.org\/{rel}","templated":true}]}}