{"id":1173,"date":"2017-09-21T22:30:26","date_gmt":"2017-09-21T22:30:26","guid":{"rendered":"http:\/\/www.tipard.de\/blog\/?page_id=1173"},"modified":"2024-05-03T19:43:25","modified_gmt":"2024-05-03T19:43:25","slug":"die-besten-websites-um-kostenlos-youtube-videos-herunterzuladen","status":"publish","type":"page","link":"https:\/\/www.tipard.de\/blog\/die-besten-websites-um-kostenlos-youtube-videos-herunterzuladen\/","title":{"rendered":"Die besten Websites, um kostenlos YouTube Videos herunterzuladen"},"content":{"rendered":"<p>&nbsp;<\/p>\n<div class=\"flex flex-grow flex-col max-w-full\">\n<div class=\"min-h-[20px] text-message flex flex-col items-start whitespace-pre-wrap break-words [.text-message+&amp;]:mt-5 overflow-x-auto gap-3\" dir=\"auto\" data-message-author-role=\"assistant\" data-message-id=\"9c200f1b-4e25-483d-bd76-1a482b1912f8\">\n<div class=\"markdown prose w-full break-words dark:prose-invert light\">\n<p>Als die beliebteste Video-Sharing Website bieten Nutzer die M\u00f6glichkeit, Millionen von Videos, Filmen und TV-Serien anzusehen. Neben dem Hochladen und Teilen von Videos besteht oft das Problem, dass viele Inhalte nicht direkt heruntergeladen werden k\u00f6nnen. In dieser Situation k\u00f6nnen auch akademische Verpflichtungen wie das Schreiben von Hausarbeiten eine Herausforderung darstellen. Gl\u00fccklicherweise bietet unser Partner <span data-sheets-root=\"1\" data-sheets-value=\"{&quot;1&quot;:2,&quot;2&quot;:&quot;hausarbeiten schreiben lassen&quot;}\" data-sheets-userformat=\"{&quot;2&quot;:266626,&quot;4&quot;:{&quot;1&quot;:2,&quot;2&quot;:65280},&quot;10&quot;:2,&quot;11&quot;:0,&quot;15&quot;:&quot;Arial&quot;,&quot;21&quot;:1}\"><span style=\"color: inherit;\"><a style=\"color: inherit;\" href=\"https:\/\/hausarbeit-ghostwriter.com\/\">hausarbeiten schreiben lassen<\/a><\/span>\u00a0<\/span>professionelle Unterst\u00fctzung beim Verfassen akademischer Texte an. Dies erm\u00f6glicht es Ihnen, Ihre Hobbys und akademischen Pflichten effektiv zu kombinieren. Weiterhin bieten immer mehr Online-Seiten den kostenlosen Download von YouTube-Videos durch das Kopieren und Einf\u00fcgen der Video-URLs an. Aber welche Website ist die Beste? Hier zeigen wir Ihnen die 10 besten kostenlosen Seiten f\u00fcr den Download von YouTube-Videos.<\/p>\n<\/div>\n<\/div>\n<\/div>\n<h2>1. Clip Converter<\/h2>\n<p><img loading=\"lazy\" decoding=\"async\" class=\"alignnone size-full wp-image-1177\" src=\"http:\/\/www.tipard.de\/blog\/wp-content\/uploads\/2017\/09\/clip-converter-2.jpg\" alt=\"\" width=\"600\" height=\"359\" srcset=\"https:\/\/www.tipard.de\/blog\/wp-content\/uploads\/2017\/09\/clip-converter-2.jpg 600w, https:\/\/www.tipard.de\/blog\/wp-content\/uploads\/2017\/09\/clip-converter-2-300x180.jpg 300w\" sizes=\"auto, (max-width: 600px) 100vw, 600px\" \/><br \/>\n<a href=\"http:\/\/www.clipconverter.cc\/\">Clip Converter<\/a> ist ein einfach zu benutzendes Werkzeug f\u00fcr den kostenlosen Download von YouTube Videos. Sie k\u00f6nnen Videos in HD, MP4, 3GP und auch Audioformaten, wie MP3 und AAC, herunterladen. Das Interface ist einfach und verst\u00e4ndlich aufgebaut. Nachdem Sie die URL des Videos eingeben haben, w\u00e4hlen Sie die Download Qualit\u00e4t, geben der Datei einen Namen und w\u00e4hlen das Format aus.<\/p>\n<h2>2. KeepVid<\/h2>\n<p><img loading=\"lazy\" decoding=\"async\" class=\"alignnone size-full wp-image-1181\" src=\"http:\/\/www.tipard.de\/blog\/wp-content\/uploads\/2017\/09\/keepvid.jpg\" alt=\"\" width=\"600\" height=\"353\" srcset=\"https:\/\/www.tipard.de\/blog\/wp-content\/uploads\/2017\/09\/keepvid.jpg 600w, https:\/\/www.tipard.de\/blog\/wp-content\/uploads\/2017\/09\/keepvid-300x177.jpg 300w\" sizes=\"auto, (max-width: 600px) 100vw, 600px\" \/><br \/>\n<a href=\"http:\/\/keepvid.com\/\">KeepVid<\/a> ist ein Web-Service, de res Ihnen erlaubt kostenlos Videos von Websites wie YouTube, DailyMotion, Vimeo, Google Video, Facebook, Metacafe, Twitch.Tv und anderen herunterzuladen. Geben Sie die Video URL ein und klicken Sie auf den Download Knopf. KeepVid erkennt das Video undgibt Titel und L\u00e4nge an. Den Dateinamen und die Qualit\u00e4t k\u00f6nnen Sie nicht anpassen. Das Format k\u00f6nnen Sie ausw\u00e4hlen.<\/p>\n<h2>3. YouTubeMP3<\/h2>\n<p><img loading=\"lazy\" decoding=\"async\" class=\"alignnone size-full wp-image-1175\" src=\"http:\/\/www.tipard.de\/blog\/wp-content\/uploads\/2017\/09\/youtubemp3.jpg\" alt=\"\" width=\"600\" height=\"339\" srcset=\"https:\/\/www.tipard.de\/blog\/wp-content\/uploads\/2017\/09\/youtubemp3.jpg 600w, https:\/\/www.tipard.de\/blog\/wp-content\/uploads\/2017\/09\/youtubemp3-300x170.jpg 300w\" sizes=\"auto, (max-width: 600px) 100vw, 600px\" \/><br \/>\n<a href=\"http:\/\/www.youtube-mp3.org\/\">YouTubeMP3<\/a> ist eines der einfachsten online Seiten f\u00fcr die Umwandlung von Videos in das MP3 Format. Es erm\u00f6glicht den kostenlosen Download von YouTube Videos und wandelt diese in das MP3 Format um. Dazu ben\u00f6tigen Sie die Video URL. Geboten wird eine hohe Qualit\u00e4t mit einer Bitrate von mindestens 128 kBit\/s.<\/p>\n<h2>4. VidToMP3<\/h2>\n<p><img loading=\"lazy\" decoding=\"async\" class=\"alignnone size-full wp-image-1174\" src=\"http:\/\/www.tipard.de\/blog\/wp-content\/uploads\/2017\/09\/vidtomp3.jpg\" alt=\"\" width=\"600\" height=\"348\" srcset=\"https:\/\/www.tipard.de\/blog\/wp-content\/uploads\/2017\/09\/vidtomp3.jpg 600w, https:\/\/www.tipard.de\/blog\/wp-content\/uploads\/2017\/09\/vidtomp3-300x174.jpg 300w\" sizes=\"auto, (max-width: 600px) 100vw, 600px\" \/><br \/>\n<a href=\"http:\/\/www.vidtomp3.com\/\">VidToMP3<\/a> ist eine neue Seite f\u00fcr das Herunterladen von Video und Audio von Video Clips ohne Copyright auf Websites wie YouTube, Dailymotion, Metacafe, Vimeo, Google, Veoh, Myspace und anderen. Es bietet einen schnellen Download und wandelt Video und Musik um. Mit dem einfach zu nutzendem Interface wird der Download-Prozess einfach.<\/p>\n<h2>5. Zamzar<\/h2>\n<p><img loading=\"lazy\" decoding=\"async\" class=\"alignnone size-full wp-image-1176\" src=\"http:\/\/www.tipard.de\/blog\/wp-content\/uploads\/2017\/09\/zamzar.jpg\" alt=\"\" width=\"600\" height=\"420\" srcset=\"https:\/\/www.tipard.de\/blog\/wp-content\/uploads\/2017\/09\/zamzar.jpg 600w, https:\/\/www.tipard.de\/blog\/wp-content\/uploads\/2017\/09\/zamzar-300x210.jpg 300w\" sizes=\"auto, (max-width: 600px) 100vw, 600px\" \/><br \/>\n<a href=\"http:\/\/www.zamzar.com\/\">Zamzar<\/a> ist einfach zu benutzen und leistungsstark, um Videos von YouTube, Metacafe, Dailymotion und anderen herunterzuladen. Dieser professionelle Downloader Service unterst\u00fctzt verschiedene Dateiformate, wie WPD (Wordperfect Document), RA (RealMedia Streaming Media), FLV (Flash) und DOCX (Microsoft Office Word 2007). Zamzar macht die Arbeit mit diesen und anderen Formaten sehr einfach. Geben Sie einfach die URL ein oder nutzen Sie den Zamzar Web Browser.<\/p>\n<h2>6. SaveFrom.net<\/h2>\n<p><img loading=\"lazy\" decoding=\"async\" class=\"alignnone size-full wp-image-1182\" src=\"http:\/\/www.tipard.de\/blog\/wp-content\/uploads\/2017\/09\/savefromnet-1.jpg\" alt=\"\" width=\"600\" height=\"318\" srcset=\"https:\/\/www.tipard.de\/blog\/wp-content\/uploads\/2017\/09\/savefromnet-1.jpg 600w, https:\/\/www.tipard.de\/blog\/wp-content\/uploads\/2017\/09\/savefromnet-1-300x159.jpg 300w\" sizes=\"auto, (max-width: 600px) 100vw, 600px\" \/><br \/>\n<a href=\"http:\/\/en.savefrom.net\/1-how-to-download-youtube-video\/\">SaveFrom.net<\/a> ist ein kostenloser online YouTube Download Service Anbieter. SaveFrom.net hilft Ihnen Videos von \u00fcber 40 verschiedenen Websites herunterzuladen. Der Service kann Videos von YouTube in FLV, MP4, 3PG und anderen Formaten in verschiedenen Aufl\u00f6sungen, wie 4K, 1080p, 720p oder weniger, herunterladen. Jedoch kann SaveFrom.net nicht auf dem Google Chrome Browser installiert werden.<\/p>\n<h2>7. SaveVid<\/h2>\n<p><img loading=\"lazy\" decoding=\"async\" class=\"alignnone size-full wp-image-1184\" src=\"http:\/\/www.tipard.de\/blog\/wp-content\/uploads\/2017\/09\/savevid.jpg\" alt=\"\" width=\"600\" height=\"197\" srcset=\"https:\/\/www.tipard.de\/blog\/wp-content\/uploads\/2017\/09\/savevid.jpg 600w, https:\/\/www.tipard.de\/blog\/wp-content\/uploads\/2017\/09\/savevid-300x99.jpg 300w\" sizes=\"auto, (max-width: 600px) 100vw, 600px\" \/><br \/>\n<a href=\"http:\/\/save-vid.com\/\">SaveVid<\/a> ist ein kostenloser YouTube Video Downloader, der Videos von YouTube, Metacafe, Dailymotion, Vimeo, eHow und anderen herunterladen kann. Daf\u00fcr ben\u00f6tigen Sie die URL. Unterst\u00fctzt werden FLV, MOV, WMV, MPG und AVI als Ausgabeformate. Sie k\u00f6nnen die Qualit\u00e4t des Videos ausw\u00e4hlen.<\/p>\n<h2>8. DownVids<\/h2>\n<p><img loading=\"lazy\" decoding=\"async\" class=\"alignnone size-full wp-image-1179\" src=\"http:\/\/www.tipard.de\/blog\/wp-content\/uploads\/2017\/09\/downvids.jpg\" alt=\"\" width=\"600\" height=\"348\" srcset=\"https:\/\/www.tipard.de\/blog\/wp-content\/uploads\/2017\/09\/downvids.jpg 600w, https:\/\/www.tipard.de\/blog\/wp-content\/uploads\/2017\/09\/downvids-300x174.jpg 300w\" sizes=\"auto, (max-width: 600px) 100vw, 600px\" \/><br \/>\n<a href=\"http:\/\/www.downvids.net\/\">DownVids<\/a> ist eine beliebte Website f\u00fcr den kostenlosen Download von YouTube und Facebook Videos. Wie bei anderen Video Downloader Seiten k\u00f6nnen Sie die URL des YouTube Videos kopieren, um das Herunterladen zu starten. Die Videos k\u00f6nnen zus\u00e4tzlich unter anderen in die MP3 und MP4 Formate umgewandelt werden in verschiedenen Videoqualit\u00e4ten. Au\u00dferdem k\u00f6nnen Sie eine Playlist herunterladen.<\/p>\n<h2>9. Video Grabber<\/h2>\n<p><img loading=\"lazy\" decoding=\"async\" class=\"alignnone size-full wp-image-1172\" src=\"http:\/\/www.tipard.de\/blog\/wp-content\/uploads\/2017\/09\/video-grabber.jpg\" alt=\"\" width=\"600\" height=\"208\" srcset=\"https:\/\/www.tipard.de\/blog\/wp-content\/uploads\/2017\/09\/video-grabber.jpg 600w, https:\/\/www.tipard.de\/blog\/wp-content\/uploads\/2017\/09\/video-grabber-300x104.jpg 300w\" sizes=\"auto, (max-width: 600px) 100vw, 600px\" \/><br \/>\n<a href=\"http:\/\/www.videograbber.net\/\">Video Grabber<\/a> kann online Videos von Websites wie YouTube, Vimeo, Dailymotion, Tubechop herunterladen. Mit einem einzigen Klick kann das Video heruntergeladen werden und dann in Formate wie MP4, FLV, 3GP, WMV, WEBM, MP3, etc. konvertiert werden. Dabei gibt es keine Begrenzungenn und keinen Qualit\u00e4tsverlust.<\/p>\n<h2>10. SaveMedia<\/h2>\n<p><img loading=\"lazy\" decoding=\"async\" class=\"alignnone size-full wp-image-1183\" src=\"http:\/\/www.tipard.de\/blog\/wp-content\/uploads\/2017\/09\/savemedia.jpg\" alt=\"\" width=\"600\" height=\"183\" srcset=\"https:\/\/www.tipard.de\/blog\/wp-content\/uploads\/2017\/09\/savemedia.jpg 600w, https:\/\/www.tipard.de\/blog\/wp-content\/uploads\/2017\/09\/savemedia-300x92.jpg 300w\" sizes=\"auto, (max-width: 600px) 100vw, 600px\" \/><br \/>\n<a href=\"https:\/\/savemedia.com\/en\/\">SaveMedia<\/a> ist ein einfacher Weg, um online Videos herunterzuladen. Es unterst\u00fctzt HD Videos und wandelt YouTube Videos in MP3, WebM Audio- und Videodateiformate mit einem Klick um. Dazu m\u00fcssen Sie die URL kopieren und auf der Website einf\u00fcgen. Mit dem Search\/Download Knopf k\u00f6nnen Sie das Video auf Ihrem Computer speichern. Es ist kompatibel mit iOs und Android Ger\u00e4ten.<\/p>\n","protected":false},"excerpt":{"rendered":"<p>&nbsp; Als die beliebteste Video-Sharing Website bieten Nutzer die M\u00f6glichkeit, Millionen von Videos, Filmen und TV-Serien anzusehen. Neben dem Hochladen und Teilen von Videos besteht oft das Problem, dass viele Inhalte nicht direkt heruntergeladen werden k\u00f6nnen. In dieser Situation k\u00f6nnen auch akademische Verpflichtungen wie das Schreiben von Hausarbeiten eine Herausforderung darstellen. Gl\u00fccklicherweise bietet unser Partner [&hellip;]<\/p>\n","protected":false},"author":1,"featured_media":0,"parent":0,"menu_order":0,"comment_status":"closed","ping_status":"closed","template":"","meta":{"footnotes":""},"class_list":["post-1173","page","type-page","status-publish","hentry"],"_links":{"self":[{"href":"https:\/\/www.tipard.de\/blog\/wp-json\/wp\/v2\/pages\/1173","targetHints":{"allow":["GET"]}}],"collection":[{"href":"https:\/\/www.tipard.de\/blog\/wp-json\/wp\/v2\/pages"}],"about":[{"href":"https:\/\/www.tipard.de\/blog\/wp-json\/wp\/v2\/types\/page"}],"author":[{"embeddable":true,"href":"https:\/\/www.tipard.de\/blog\/wp-json\/wp\/v2\/users\/1"}],"replies":[{"embeddable":true,"href":"https:\/\/www.tipard.de\/blog\/wp-json\/wp\/v2\/comments?post=1173"}],"version-history":[{"count":5,"href":"https:\/\/www.tipard.de\/blog\/wp-json\/wp\/v2\/pages\/1173\/revisions"}],"predecessor-version":[{"id":2630,"href":"https:\/\/www.tipard.de\/blog\/wp-json\/wp\/v2\/pages\/1173\/revisions\/2630"}],"wp:attachment":[{"href":"https:\/\/www.tipard.de\/blog\/wp-json\/wp\/v2\/media?parent=1173"}],"curies":[{"name":"wp","href":"https:\/\/api.w.org\/{rel}","templated":true}]}}