{"id":1164,"date":"2017-09-21T22:22:06","date_gmt":"2017-09-21T22:22:06","guid":{"rendered":"http:\/\/www.tipard.de\/blog\/?page_id=1164"},"modified":"2017-09-21T22:22:06","modified_gmt":"2017-09-21T22:22:06","slug":"wie-kann-man-kostenlos-youtube-videos-im-mp4-format-herunterladen","status":"publish","type":"page","link":"https:\/\/www.tipard.de\/blog\/wie-kann-man-kostenlos-youtube-videos-im-mp4-format-herunterladen\/","title":{"rendered":"Wie kann man kostenlos YouTube Videos im MP4 Format herunterladen?"},"content":{"rendered":"<p><img loading=\"lazy\" decoding=\"async\" src=\"http:\/\/www.tipard.de\/blog\/wp-content\/uploads\/2017\/09\/youtube-mp4.jpg\" alt=\"\" width=\"600\" height=\"300\" class=\"alignnone size-full wp-image-1168\" srcset=\"https:\/\/www.tipard.de\/blog\/wp-content\/uploads\/2017\/09\/youtube-mp4.jpg 600w, https:\/\/www.tipard.de\/blog\/wp-content\/uploads\/2017\/09\/youtube-mp4-300x150.jpg 300w\" sizes=\"auto, (max-width: 600px) 100vw, 600px\" \/><br \/>\nMP4 ist ein weit genutztes Videofromat, dass kompatibel ist mit fast jedem tragbaren Ger\u00e4t. Das Format bietet Videos in hoher Qualit\u00e4t und einer kleinen Dateigr\u00f6\u00dfe. MP4 hat eine wichtige Rolle beim Herunterladen und Abspielen von Videos auf mobilen Ger\u00e4ten, wie iPhone\/iPad\/iPod und Android, eingenommen.<br \/>\nWie wir wissen sind nicht alle YouTube Videos direkt kompatibel mit den tragbaren Ger\u00e4ten, wie FLV. Videos im MP4 Format lassen sich auf jedem Player und mobilem Ger\u00e4t abspielen, auch ohne Verbindung zum Internet. Aber wie l\u00e4dt man YouTube Videos im MP4 Format herunter? Hier zeigen wir Ihnen die f\u00fcnf besten Wege um das zu tun. <\/p>\n<h2>1. YouTubeInMP4.com<\/h2>\n<p><img loading=\"lazy\" decoding=\"async\" src=\"http:\/\/www.tipard.de\/blog\/wp-content\/uploads\/2017\/09\/youtubeinmp4.jpg\" alt=\"\" width=\"600\" height=\"234\" class=\"alignnone size-full wp-image-1167\" srcset=\"https:\/\/www.tipard.de\/blog\/wp-content\/uploads\/2017\/09\/youtubeinmp4.jpg 600w, https:\/\/www.tipard.de\/blog\/wp-content\/uploads\/2017\/09\/youtubeinmp4-300x117.jpg 300w\" sizes=\"auto, (max-width: 600px) 100vw, 600px\" \/><br \/>\n<a href=\"http:\/\/youtubeinmp4.com\/\">YouTubeInMP4.com<\/a> hat sich darauf spezialisiert YouTube Videos im MP4 Format kostenlos herunterzuladen. Dieser Website Service hat keine Java Plugins und Schutz vor Malware. Es bietet den einfachsten Weg des Downloads von YouTube Videos im MP4\/HD MP4 Format.<br \/>\n1. Geben Sie die YouTube URL des Videos, welches Sie herunterladen wollen, ein.<br \/>\n2. Klicken Sie auf den Download MP4 Knopf und w\u00e4hlen Sie MP4 als Ausgabeformat.<br \/>\n3. Anschlie\u00dfend wird die Datei heruntergeladen.<\/p>\n<h2>2. OnlineVideoConverter<\/h2>\n<p><img loading=\"lazy\" decoding=\"async\" src=\"http:\/\/www.tipard.de\/blog\/wp-content\/uploads\/2017\/09\/onlinevideoconverter.jpg\" alt=\"\" width=\"600\" height=\"398\" class=\"alignnone size-full wp-image-1165\" srcset=\"https:\/\/www.tipard.de\/blog\/wp-content\/uploads\/2017\/09\/onlinevideoconverter.jpg 600w, https:\/\/www.tipard.de\/blog\/wp-content\/uploads\/2017\/09\/onlinevideoconverter-300x199.jpg 300w\" sizes=\"auto, (max-width: 600px) 100vw, 600px\" \/><br \/>\n<a href=\"https:\/\/www.onlinevideoconverter.com\/video-converter\">OnlineVideoConverter<\/a> ist nutzerfreundlich. YouTube Converter und Downloader l\u00e4sst Sie Videos herunterladen und konvertieren. M\u00f6gliche Videoformate sind MP4, M4V, MOV, AVI, MPG, WMV, 3GP und als Audioformate k\u00f6nnen Sie zum Beispiel MP3, AAC, OGG, M4A, WMA, FLAC, WAV w\u00e4hlen. Schnelle Downloads und hohe Umwandlungsqualit\u00e4t erhalten Sie mit diesem Converter. Hier ist eine Schritt-f\u00fcr-Schritt Anleitung:<br \/>\n1. Geben Sie die URL des Videos, welches Sie herunterladen wollen, in das daf\u00fcr vorgesehene Feld ein.<br \/>\n2. W\u00e4hlen Sie ein Format aus.<br \/>\n3. Klicken Sie auf den Start Knopf, um den Umwandlungsprozess zu beginnen.<br \/>\n4. Nach der Umwandlung klicken Sie auf den DOWMLOAD Knopf, um das Video herunterzuladen. <\/p>\n<h2>3. Clip Converter<\/h2>\n<p><img loading=\"lazy\" decoding=\"async\" src=\"http:\/\/www.tipard.de\/blog\/wp-content\/uploads\/2017\/09\/clip-converter.jpg\" alt=\"\" width=\"600\" height=\"359\" class=\"alignnone size-full wp-image-1162\" srcset=\"https:\/\/www.tipard.de\/blog\/wp-content\/uploads\/2017\/09\/clip-converter.jpg 600w, https:\/\/www.tipard.de\/blog\/wp-content\/uploads\/2017\/09\/clip-converter-300x180.jpg 300w\" sizes=\"auto, (max-width: 600px) 100vw, 600px\" \/><br \/>\n<a href=\"http:\/\/www.clipconverter.cc\/\">Clip Converter<\/a> ist ein kostenloses Programm zur Umwandlung von Medien. Sie k\u00f6nnen damit YouTube Videos aufnehmen, umwandeln und herunterladen. Die Video URL kann in ein Video im MP4\/3GP\/AVI\/MOV\/MP3\/M4A\/AAC Format umgewandelt werden. Die Aufl\u00f6sungen 480p, 720p und 1080p werden unterst\u00fctzt. Hier ist eine Anleitung:<br \/>\n1. Geben Sie die Video URL ein und klicken Sie auf weiter.<br \/>\n2. W\u00e4hlen Sie das MP4 Format f\u00fcr die Umwandlung.<br \/>\n3. Klicken Sie auf den Start! Knopf, um die Umwandlung zu beginnen.<br \/>\n4. Nach der Umwandlung k\u00f6nnen Sie das umgewandelte Video herunterladen indem Sie auf den Download Knopf klicken.<\/p>\n<h2>4. FLVTO<\/h2>\n<p><img loading=\"lazy\" decoding=\"async\" src=\"http:\/\/www.tipard.de\/blog\/wp-content\/uploads\/2017\/09\/flvto.jpg\" alt=\"\" width=\"600\" height=\"272\" class=\"alignnone size-full wp-image-1163\" srcset=\"https:\/\/www.tipard.de\/blog\/wp-content\/uploads\/2017\/09\/flvto.jpg 600w, https:\/\/www.tipard.de\/blog\/wp-content\/uploads\/2017\/09\/flvto-300x136.jpg 300w\" sizes=\"auto, (max-width: 600px) 100vw, 600px\" \/><br \/>\n<a href=\"http:\/\/www.flvto.biz\/youtube-to-mp4\/\">FLVTO<\/a> ist eine andere einfache und schnelle online Website zum Herunterladen von Videos. Zus\u00e4tzlich auch umwandeln in viele beliebte Formate, wie MP4, MP3, AVI und HD Video Format. Dazu m\u00fcssen Sie nur zwei Schritte befolgen.<br \/>\n1. Geben Sie den Link des YouTube Video in das daf\u00fcr vorgesehene Feld ein.<br \/>\n2. W\u00e4hlen Sie das MP4 Format aus und klicken Sie auf CONVERT TO, um den Umwandlungsprozess abzuschlie\u00dfen. <\/p>\n<h2>5. SaveFrom.net<\/h2>\n<p><img loading=\"lazy\" decoding=\"async\" src=\"http:\/\/www.tipard.de\/blog\/wp-content\/uploads\/2017\/09\/savefromnet.jpg\" alt=\"\" width=\"600\" height=\"318\" class=\"alignnone size-full wp-image-1166\" srcset=\"https:\/\/www.tipard.de\/blog\/wp-content\/uploads\/2017\/09\/savefromnet.jpg 600w, https:\/\/www.tipard.de\/blog\/wp-content\/uploads\/2017\/09\/savefromnet-300x159.jpg 300w\" sizes=\"auto, (max-width: 600px) 100vw, 600px\" \/><br \/>\n<a href=\"http:\/\/en.savefrom.net\/\">SaveFrom.net<\/a> bietet eine exzellente Qualit\u00e4t. Sie k\u00f6nnen damit problemlos YouTube Videos im MP4 Format herunterladen.<br \/>\n1. Geben Sie den YouTube Video Link in den Kasten.<br \/>\n2. Klicken Sie auf den Continue Knopf, um den Prozess fortzusetzen.<br \/>\n3. Klicken Sie auf den Download Knopf, um den Prozess zu beenden.<\/p>\n","protected":false},"excerpt":{"rendered":"<p>MP4 ist ein weit genutztes Videofromat, dass kompatibel ist mit fast jedem tragbaren Ger\u00e4t. Das Format bietet Videos in hoher Qualit\u00e4t und einer kleinen Dateigr\u00f6\u00dfe. MP4 hat eine wichtige Rolle beim Herunterladen und Abspielen von Videos auf mobilen Ger\u00e4ten, wie iPhone\/iPad\/iPod und Android, eingenommen. Wie wir wissen sind nicht alle YouTube Videos direkt kompatibel mit [&hellip;]<\/p>\n","protected":false},"author":1,"featured_media":0,"parent":0,"menu_order":0,"comment_status":"closed","ping_status":"closed","template":"","meta":{"footnotes":""},"class_list":["post-1164","page","type-page","status-publish","hentry"],"_links":{"self":[{"href":"https:\/\/www.tipard.de\/blog\/wp-json\/wp\/v2\/pages\/1164","targetHints":{"allow":["GET"]}}],"collection":[{"href":"https:\/\/www.tipard.de\/blog\/wp-json\/wp\/v2\/pages"}],"about":[{"href":"https:\/\/www.tipard.de\/blog\/wp-json\/wp\/v2\/types\/page"}],"author":[{"embeddable":true,"href":"https:\/\/www.tipard.de\/blog\/wp-json\/wp\/v2\/users\/1"}],"replies":[{"embeddable":true,"href":"https:\/\/www.tipard.de\/blog\/wp-json\/wp\/v2\/comments?post=1164"}],"version-history":[{"count":1,"href":"https:\/\/www.tipard.de\/blog\/wp-json\/wp\/v2\/pages\/1164\/revisions"}],"predecessor-version":[{"id":1169,"href":"https:\/\/www.tipard.de\/blog\/wp-json\/wp\/v2\/pages\/1164\/revisions\/1169"}],"wp:attachment":[{"href":"https:\/\/www.tipard.de\/blog\/wp-json\/wp\/v2\/media?parent=1164"}],"curies":[{"name":"wp","href":"https:\/\/api.w.org\/{rel}","templated":true}]}}