{"id":1146,"date":"2017-09-21T22:18:15","date_gmt":"2017-09-21T22:18:15","guid":{"rendered":"http:\/\/www.tipard.de\/blog\/?page_id=1146"},"modified":"2024-05-03T19:51:27","modified_gmt":"2024-05-03T19:51:27","slug":"die-top-10-youtube-downloader-apps","status":"publish","type":"page","link":"https:\/\/www.tipard.de\/blog\/die-top-10-youtube-downloader-apps\/","title":{"rendered":"Die Top 10 YouTube Downloader Apps"},"content":{"rendered":"<p><img loading=\"lazy\" decoding=\"async\" class=\"alignnone size-full wp-image-1160\" src=\"http:\/\/www.tipard.de\/blog\/wp-content\/uploads\/2017\/09\/youtube-iphone.jpg\" alt=\"\" width=\"600\" height=\"300\" srcset=\"https:\/\/www.tipard.de\/blog\/wp-content\/uploads\/2017\/09\/youtube-iphone.jpg 600w, https:\/\/www.tipard.de\/blog\/wp-content\/uploads\/2017\/09\/youtube-iphone-300x150.jpg 300w\" sizes=\"auto, (max-width: 600px) 100vw, 600px\" \/><br \/>\nWie l\u00e4dt man YouTube Videos auf dem iPhone herunter? Es gibt verschiedene Softwares und Website Services um auf dem PC oder Mac Videos herunterzuladen und zu speichern. Hier schauen wir uns die nutzerfreundlichen Apps f\u00fcr iPhone Nutzer an f\u00fcr den Download von YouTube Videos. Um die neusten und Ihre liebsten YouTube Videos auf Ihrem iPhone zu speichern, ist es einfach direkt eine App zu nutzen anstatt den Weg \u00fcber den Computer zu gehen. Hier zeigen wir Ihnen die 10 besten Apps f\u00fcr iPhone und iPad.<\/p>\n<h2>1. iDownloader<\/h2>\n<p><img loading=\"lazy\" decoding=\"async\" class=\"alignnone size-full wp-image-1152\" src=\"http:\/\/www.tipard.de\/blog\/wp-content\/uploads\/2017\/09\/idownloader.jpg\" alt=\"\" width=\"600\" height=\"351\" srcset=\"https:\/\/www.tipard.de\/blog\/wp-content\/uploads\/2017\/09\/idownloader.jpg 600w, https:\/\/www.tipard.de\/blog\/wp-content\/uploads\/2017\/09\/idownloader-300x176.jpg 300w\" sizes=\"auto, (max-width: 600px) 100vw, 600px\" \/><br \/>\n<a href=\"https:\/\/itunes.apple.com\/bm\/app\/idownloader-free-music-downloader\/id1099211455?mt=8\">iDownloader<\/a> ist eine kostenlose App, die Ihnen beim Download von YouTube Mudikvideos auf Ihr iPhone hilft. Es gibt einen integrierten Medienplayer, der Musik und Video Playlisten unterst\u00fctzt. Es ist ein Download Manager f\u00fcr iPhone, iPad und iPod Touch mit voll funktionsf\u00e4higem Musikplayer, Videoplayer, Photo Viewer, PDF Viewer und Web Browser. Zus\u00e4tzlich gibt es einen Document Viewer, der PDF, DOC, PPT, TXT und ander Dateien unterst\u00fctzt.<\/p>\n<h2>2. Video Downloader Pro +<\/h2>\n<p><img loading=\"lazy\" decoding=\"async\" class=\"alignnone size-full wp-image-1159\" src=\"http:\/\/www.tipard.de\/blog\/wp-content\/uploads\/2017\/09\/video-downloader-pro.jpg\" alt=\"\" width=\"600\" height=\"350\" srcset=\"https:\/\/www.tipard.de\/blog\/wp-content\/uploads\/2017\/09\/video-downloader-pro.jpg 600w, https:\/\/www.tipard.de\/blog\/wp-content\/uploads\/2017\/09\/video-downloader-pro-300x175.jpg 300w\" sizes=\"auto, (max-width: 600px) 100vw, 600px\" \/><br \/>\n<a href=\"https:\/\/itunes.apple.com\/us\/app\/video-downloader-pro-+\/id565946822?mt=8\">Video Downloader Pro +<\/a> ist eine sichere Video Downloader App f\u00fcr iPhone und iPad, der Ihnen volle Sicherheit durch ein Passwort bietet und dadurch ungehinderten Zugang verhindert. Die beliebteste Funktion ist das Herunterladen und Umwandeln von YouTube Videos. Es bietet Annehmlichkeiten und Konnektivit\u00e4t.<\/p>\n<h2>3. Better Tube<\/h2>\n<p><img loading=\"lazy\" decoding=\"async\" class=\"alignnone size-full wp-image-1150\" src=\"http:\/\/www.tipard.de\/blog\/wp-content\/uploads\/2017\/09\/better-tube.jpg\" alt=\"\" width=\"600\" height=\"351\" srcset=\"https:\/\/www.tipard.de\/blog\/wp-content\/uploads\/2017\/09\/better-tube.jpg 600w, https:\/\/www.tipard.de\/blog\/wp-content\/uploads\/2017\/09\/better-tube-300x176.jpg 300w\" sizes=\"auto, (max-width: 600px) 100vw, 600px\" \/><br \/>\n<a href=\"https:\/\/itunes.apple.com\/us\/app\/better-tube-streaming-music\/id411372503?mt=8\">Better Tube<\/a> ist eine alternative kostenlose YouTube App, erm\u00f6glicht nicht nur das Herunterladen von Videos auf Ihr iPhone\/iPad zum sp\u00e4teren Ansehen, sondern unterst\u00fctzt auch das Abspielen von Musik im Hintergrund. Sie k\u00f6nnen zahlreiche Videos in die Warteschlange stellen und neu anordnen, w\u00e4hrend sie abgespielt werden. Dank der Zusammenarbeit mit dem Partner\u00a0<span style=\"color: inherit;\"><a style=\"color: inherit;\" href=\"https:\/\/ghostwriter-wien.com\/\">ghostwriter \u00f6sterreich<\/a><\/span>, einem Helfer in der Erstellung akademischer Arbeiten, bietet die App nun die einmalige Chance, Ihre Hobbys mit Ihren akademischen Verpflichtungen zu verbinden. Nutzen Sie die Gelegenheit, effizient und ohne Stress zu studieren, w\u00e4hrend Sie Ihre Lieblingsinhalte genie\u00dfen.<\/p>\n<h2>4. Instatube<\/h2>\n<p><img loading=\"lazy\" decoding=\"async\" class=\"alignnone size-full wp-image-1153\" src=\"http:\/\/www.tipard.de\/blog\/wp-content\/uploads\/2017\/09\/instatube.jpg\" alt=\"\" width=\"600\" height=\"351\" srcset=\"https:\/\/www.tipard.de\/blog\/wp-content\/uploads\/2017\/09\/instatube.jpg 600w, https:\/\/www.tipard.de\/blog\/wp-content\/uploads\/2017\/09\/instatube-300x176.jpg 300w\" sizes=\"auto, (max-width: 600px) 100vw, 600px\" \/><br \/>\n<a href=\"https:\/\/itunes.apple.com\/us\/app\/instatube-video-player-for\/id601171302?mt=8\">Instatube<\/a> ist ein professioneller Video Player f\u00fcr YouTube, Vimeo und Dailymotion. Es ist nicht nur eine iPhone YouTube Video Player App, sondern auch eine iPhone YouTube Downloader App. Mit Instatube k\u00f6nnen Sie durch \u201ccaching\u201d YouTube Videos offline schauen und auch im Hintergrund abspielen. Au\u00dferdem werden 720p and 1080p HD Videos unterst\u00fctzt und Sie k\u00f6nnen Ihren YouTube Account synchronisieren und nach Videos suchen.<\/p>\n<h2>5. Ultra Downloader Plus<\/h2>\n<p><img loading=\"lazy\" decoding=\"async\" class=\"alignnone size-full wp-image-1157\" src=\"http:\/\/www.tipard.de\/blog\/wp-content\/uploads\/2017\/09\/ultra-downloader-plus.jpg\" alt=\"\" width=\"600\" height=\"262\" srcset=\"https:\/\/www.tipard.de\/blog\/wp-content\/uploads\/2017\/09\/ultra-downloader-plus.jpg 600w, https:\/\/www.tipard.de\/blog\/wp-content\/uploads\/2017\/09\/ultra-downloader-plus-300x131.jpg 300w\" sizes=\"auto, (max-width: 600px) 100vw, 600px\" \/><br \/>\n<a href=\"https:\/\/itunes.apple.com\/us\/app\/ultra-downloader-plus\/id584355340?mt=8\">Ultra Downloader Plus<\/a> ist eine nutzerfreundliche YouTube Video Downloader App f\u00fcr Ihr iPhone, die es Ihnen erlaubt Videos abzuspielen und herunterzuladen von Websites, wie YouTube, Vimeo, Dailymotion und anderen. Sie k\u00f6nnen die Videos dann ohne Internetverbindung ansehen. Sie k\u00f6nnen gleichzeitig mehrere 720p und 1080p HD Videos herunterladen und Lesezeichen setzen.<\/p>\n<h2>6. ProTube for YouTube<\/h2>\n<p><img loading=\"lazy\" decoding=\"async\" class=\"alignnone size-full wp-image-1155\" src=\"http:\/\/www.tipard.de\/blog\/wp-content\/uploads\/2017\/09\/protube.jpg\" alt=\"\" width=\"600\" height=\"348\" srcset=\"https:\/\/www.tipard.de\/blog\/wp-content\/uploads\/2017\/09\/protube.jpg 600w, https:\/\/www.tipard.de\/blog\/wp-content\/uploads\/2017\/09\/protube-300x174.jpg 300w\" sizes=\"auto, (max-width: 600px) 100vw, 600px\" \/><br \/>\n<a href=\"https:\/\/itunes.apple.com\/us\/app\/protube-for-youtube\/id931201696?mt=8\">ProTube for YouTube<\/a> ist eine YouTube Playback App, die Aufl\u00f6sungen von 144p bis 1080p anbietet und sogar eine 4K Aufl\u00f6sung. Sie schl\u00e4gt in einem Vergleich eindeutig die YouTube App. Sie zeigt Ihnen die die neuen Uploads derer, die Sie abonniert haben. Pop-Ups und Werbung werden blockiert und Sie k\u00f6nnen Ihre Videos, Playlist und Abos teilen und bietet eine leistungsstarke Suchfunktion.<\/p>\n<h2>7. MyVid Video Downloader<\/h2>\n<p><img loading=\"lazy\" decoding=\"async\" class=\"alignnone size-full wp-image-1154\" src=\"http:\/\/www.tipard.de\/blog\/wp-content\/uploads\/2017\/09\/myvid.jpg\" alt=\"\" width=\"600\" height=\"342\" srcset=\"https:\/\/www.tipard.de\/blog\/wp-content\/uploads\/2017\/09\/myvid.jpg 600w, https:\/\/www.tipard.de\/blog\/wp-content\/uploads\/2017\/09\/myvid-300x171.jpg 300w\" sizes=\"auto, (max-width: 600px) 100vw, 600px\" \/><br \/>\n<a href=\"http:\/\/appcrawlr.com\/ios\/myvid-video-downloader-and-best#authors-description\">MyVid<\/a> ist eine der beliebtesten kostenlosen YouTube Video Downloader Apps f\u00fcr iOS Ger\u00e4te. Die Schritte zum Herunterladen von Videos sind sehr einfach und Sie k\u00f6nnen dies auf jedem Apple Ger\u00e4t tun, indem Sie die URL des Videos einf\u00fcgen. W\u00e4hrend Sie das Video abspielen k\u00f6nnen Sie den Speichern-Knopf dr\u00fccken. Es bietet viele nutzerfreundliche Funktionen, wie ein Umbenennen der Videos.<\/p>\n<h2>8. Titan Downloader<\/h2>\n<p><img loading=\"lazy\" decoding=\"async\" class=\"alignnone size-full wp-image-1156\" src=\"http:\/\/www.tipard.de\/blog\/wp-content\/uploads\/2017\/09\/titan-downloader.jpg\" alt=\"\" width=\"600\" height=\"264\" srcset=\"https:\/\/www.tipard.de\/blog\/wp-content\/uploads\/2017\/09\/titan-downloader.jpg 600w, https:\/\/www.tipard.de\/blog\/wp-content\/uploads\/2017\/09\/titan-downloader-300x132.jpg 300w\" sizes=\"auto, (max-width: 600px) 100vw, 600px\" \/><br \/>\n<a href=\"http:\/\/download.cnet.com\/Video-Download-Player-Titan-Downloader\/3000-12511_4-75659902.html\">Titan Downloader<\/a> for iPhone ist ein Video Manager, Video Downloader und Video Player, der Zugriff auf Websites wie YouTube auf dem iPhone hat und Videos herunterladen kann. Titan Downloader hat einen in-app Webbrowser, um auf YouTube zu surfen oder Sie geben die Video URL ein. Die Downloadgeschwindigkeit ist schnell und die App ist benutzerfreundlich aufgebaut.<\/p>\n<h2>9. Free Video Downloader Plus<\/h2>\n<p><img loading=\"lazy\" decoding=\"async\" class=\"alignnone size-full wp-image-1151\" src=\"http:\/\/www.tipard.de\/blog\/wp-content\/uploads\/2017\/09\/free-video-downloader-plus.jpg\" alt=\"\" width=\"600\" height=\"530\" srcset=\"https:\/\/www.tipard.de\/blog\/wp-content\/uploads\/2017\/09\/free-video-downloader-plus.jpg 600w, https:\/\/www.tipard.de\/blog\/wp-content\/uploads\/2017\/09\/free-video-downloader-plus-300x265.jpg 300w\" sizes=\"auto, (max-width: 600px) 100vw, 600px\" \/><br \/>\n<a href=\"http:\/\/appcrawlr.com\/ios\/free-video-downloader-plus-plus\">Free Video Download Plus<\/a> ist eine einfach zu nutzende iPhone YouTube Video Downloader App mit der Sie Videos von bekannten Websites wie YouTube, Dailymotion, Facebook, VEVO und anderen herunterladen k\u00f6nnen. Zus\u00e4tzlich k\u00f6nnen Sie Videos in einer Playlist abspielen, nach Ihren Videos suchen, Lesezeichen bei Websites setzen und Dateien umbennen und l\u00f6schen.<\/p>\n<h2>10. Video Download Browser<\/h2>\n<p><img loading=\"lazy\" decoding=\"async\" class=\"alignnone size-full wp-image-1158\" src=\"http:\/\/www.tipard.de\/blog\/wp-content\/uploads\/2017\/09\/video-download-browser.jpg\" alt=\"\" width=\"600\" height=\"264\" srcset=\"https:\/\/www.tipard.de\/blog\/wp-content\/uploads\/2017\/09\/video-download-browser.jpg 600w, https:\/\/www.tipard.de\/blog\/wp-content\/uploads\/2017\/09\/video-download-browser-300x132.jpg 300w\" sizes=\"auto, (max-width: 600px) 100vw, 600px\" \/><br \/>\n<a href=\"http:\/\/appcrawlr.com\/ios\/video-download-browser-2\">Video Download Browser<\/a> kann Videos von jeder Website herunterladen, wie zum Beispiel YouTube, Facebook und Dailymotion. Diese k\u00f6nnen Sie dann auch sp\u00e4ter ohne Internetverbindung ansehen. Standard Videoformate wie MP4, MOV, M4V und auch m3u8 werden unterst\u00fctzt. Zus\u00e4tzlich hat diese iOS App die Funktion Musik im Hintergrund abzuspielen. Die Downloadgeschwindigkeit ist sehr schnell.<\/p>\n","protected":false},"excerpt":{"rendered":"<p>Wie l\u00e4dt man YouTube Videos auf dem iPhone herunter? Es gibt verschiedene Softwares und Website Services um auf dem PC oder Mac Videos herunterzuladen und zu speichern. Hier schauen wir uns die nutzerfreundlichen Apps f\u00fcr iPhone Nutzer an f\u00fcr den Download von YouTube Videos. Um die neusten und Ihre liebsten YouTube Videos auf Ihrem iPhone [&hellip;]<\/p>\n","protected":false},"author":1,"featured_media":0,"parent":0,"menu_order":0,"comment_status":"closed","ping_status":"closed","template":"","meta":{"footnotes":""},"class_list":["post-1146","page","type-page","status-publish","hentry"],"_links":{"self":[{"href":"https:\/\/www.tipard.de\/blog\/wp-json\/wp\/v2\/pages\/1146","targetHints":{"allow":["GET"]}}],"collection":[{"href":"https:\/\/www.tipard.de\/blog\/wp-json\/wp\/v2\/pages"}],"about":[{"href":"https:\/\/www.tipard.de\/blog\/wp-json\/wp\/v2\/types\/page"}],"author":[{"embeddable":true,"href":"https:\/\/www.tipard.de\/blog\/wp-json\/wp\/v2\/users\/1"}],"replies":[{"embeddable":true,"href":"https:\/\/www.tipard.de\/blog\/wp-json\/wp\/v2\/comments?post=1146"}],"version-history":[{"count":4,"href":"https:\/\/www.tipard.de\/blog\/wp-json\/wp\/v2\/pages\/1146\/revisions"}],"predecessor-version":[{"id":2632,"href":"https:\/\/www.tipard.de\/blog\/wp-json\/wp\/v2\/pages\/1146\/revisions\/2632"}],"wp:attachment":[{"href":"https:\/\/www.tipard.de\/blog\/wp-json\/wp\/v2\/media?parent=1146"}],"curies":[{"name":"wp","href":"https:\/\/api.w.org\/{rel}","templated":true}]}}