{"id":1130,"date":"2017-09-21T22:06:13","date_gmt":"2017-09-21T22:06:13","guid":{"rendered":"http:\/\/www.tipard.de\/blog\/?page_id=1130"},"modified":"2017-09-21T22:06:13","modified_gmt":"2017-09-21T22:06:13","slug":"wie-man-einen-ipod-aus-dem-wartungsmodus-herausholt","status":"publish","type":"page","link":"https:\/\/www.tipard.de\/blog\/wie-man-einen-ipod-aus-dem-wartungsmodus-herausholt\/","title":{"rendered":"Wie man einen iPod aus dem Wartungsmodus herausholt"},"content":{"rendered":"<p><img loading=\"lazy\" decoding=\"async\" src=\"http:\/\/www.tipard.de\/blog\/wp-content\/uploads\/2017\/09\/ipod-stuck-in-recovery-mode.jpg\" alt=\"\" width=\"600\" height=\"338\" class=\"alignnone size-full wp-image-1129\" srcset=\"https:\/\/www.tipard.de\/blog\/wp-content\/uploads\/2017\/09\/ipod-stuck-in-recovery-mode.jpg 600w, https:\/\/www.tipard.de\/blog\/wp-content\/uploads\/2017\/09\/ipod-stuck-in-recovery-mode-300x169.jpg 300w\" sizes=\"auto, (max-width: 600px) 100vw, 600px\" \/><br \/>\nNach einem Update oder einem Problem bei der Wiederherstellung kann es vorkommen, dass Ihr iPod im Wartungsmodus festsitzt. Das ist ein h\u00e4ufiges Problem bei iOS Ger\u00e4ten. Wenn dieses Problem auftritt, dann kann es auch zu einem Datenverlust kommen. Hier nennen wir Ihnen einige M\u00f6glichkeiten, wie Sie Ihren iPod aus dem Wartungsmodus heraus bekommen. <\/p>\n<h2>Methode 1: iPod aus dem Wartungsmodus herausholen mit iTunes<\/h2>\n<p>Apple bietet Ihnen eine offizielle Methode den iPod aus dem Wartungsmodus herauszuholen und zwar mit der Hilfe von iTunes.<br \/>\n1. Verbinden Sie Ihren iPod mit einem USB Kabel mit dem Computer und starten Sie iTunes.<br \/>\n2. Nachdem iTunes Ihren iPod im Wartungsmodus entdeckt hat, dann wird ein Fenster auftauchen, welches Sie daran erinnert, dass Sie Ihren iPod wiederherstellen m\u00fcssen bevor Sie den iPod mit iTunes nutzen k\u00f6nnen.<br \/>\n3. Klicken Sie auf den \u201cOK\u201d Knopf, um Ihren iPod wiederherzustellen und den Wartungsmodus zu verlassen.<br \/>\n<img loading=\"lazy\" decoding=\"async\" src=\"http:\/\/www.tipard.de\/blog\/wp-content\/uploads\/2017\/09\/recover-from-itunes.jpg\" alt=\"\" width=\"600\" height=\"210\" class=\"alignnone size-full wp-image-1131\" srcset=\"https:\/\/www.tipard.de\/blog\/wp-content\/uploads\/2017\/09\/recover-from-itunes.jpg 600w, https:\/\/www.tipard.de\/blog\/wp-content\/uploads\/2017\/09\/recover-from-itunes-300x105.jpg 300w\" sizes=\"auto, (max-width: 600px) 100vw, 600px\" \/> <\/p>\n<h2>Methode 2: Holen Sie Ihren iPod aus dem Wartungsmodus, wenn eine Wiederherstellung nicht m\u00f6glich ist<\/h2>\n<p>Ist es m\u00f6glich den iPod aus dem Wartungsmodus zu holen, wenn eine Wiederherstellung nicht ausgef\u00fchrt werden kann? Nat\u00fcrlich!<br \/>\n1. Halten Sie den &#8222;Home&#8220; und &#8222;Power&#8220; Button zeitgleich f\u00fcr mindestens 10 Sekunden.<br \/>\n2. Lassen Sie die Kn\u00f6pfe los und Ihr iPod wird ausgeschaltet. Und dann halten Sie wieder den &#8222;Home&#8220; und &#8222;Power&#8220; Button und das Apple Logo wird erscheinen.<br \/>\nAber dies ist eine Option, wenn der &#8222;Home&#8220; Button defekt ist.<\/p>\n<h2>Methode 3: iPod aus dem Wartungsmodus herausholen mit iPod Data Recovery<\/h2>\n<p>Wenn Ihr iPod im Wartungsmodus festsitzt und Sie keine Daten verlieren wollen, dann gibt es nur eine L\u00f6sung f\u00fcr Sie: Tipard iPod Recovery Software. Mit diesem Programm k\u00f6nnen Sie Ihren iPod problemlos aus dem Wartungsmodus herausholen und eventuell verlorene Daten wiederherstellen. Sie k\u00f6nnen Fotos, Videos, Nachrichten, Notizen, Kontakte und andere Daten vom iPod, iTunes Backup und iCloud Backup wiederherstellen. Au\u00dferdem ist diese Software kompatibel mit jedem iOS Ger\u00e4t, wie iPhone SE, iPhone 6s\/6s Plus\/6\/6 plus\/5s\/5c, iPad Pro, iPad Air\/2, iPad mini\/2\/3\/4, iPod touch 4\/5, iPod Nano 7G\/6G\/5G\/4\/3G\/2\/1, iPod Shuffle 4G\/3G\/2G\/1G, iPod Classic 2\/1 und die neuste iOS 9 Version.<br \/>\nFolgen Sie diesen Schritten, um Ihren iPod aus dem Wartungsmodus herauszuholen mit der iPod Data Recovery Software.<br \/>\n1. Laden Sie die leistungsstarke iPod Recovery Software herunter und installieren Sie diese auf Ihrem Computer.<br \/>\n2. Verbinden Sie Ihren iPod mit Ihrem Computer und starten Sie die Software.<br \/>\n3. Wenn Ihr iPod erkannt wird, dann sehen Sie das neue Interface und klicken einfach auf \u201cwiederherstellen\u201d, um Ihren iPod wiederherzustellen und dadurch in den normalen Modus zu versetzen.<br \/>\n<img loading=\"lazy\" decoding=\"async\" src=\"http:\/\/www.tipard.de\/blog\/wp-content\/uploads\/2017\/09\/recovery-mode.jpg\" alt=\"\" width=\"600\" height=\"387\" class=\"alignnone size-full wp-image-1132\" srcset=\"https:\/\/www.tipard.de\/blog\/wp-content\/uploads\/2017\/09\/recovery-mode.jpg 600w, https:\/\/www.tipard.de\/blog\/wp-content\/uploads\/2017\/09\/recovery-mode-300x194.jpg 300w\" sizes=\"auto, (max-width: 600px) 100vw, 600px\" \/><br \/>\nDamit ist Ihr Problem gel\u00f6scht. Aber wenn Sie die durch die Wiederherstellung des iPods verlorenen Daten wiederbekommen wollen, dann m\u00fcssen Sie sich die Methode 4 durchlesen und umsetzen. <\/p>\n<h2>Methode 4: Wie man verlorene und gel\u00f6schte Daten vom iPod Touch, iPod Nano, iPod Classic wiederherstellt<\/h2>\n<div class=\"article-steps\"><br \/>\n<div class=\"article-step\"><div class=\"context\"><h3><span class=\"stepShield\">Schritt 1<\/span>Starten Sie das Programm und den Scan<\/h3><br \/>\nStarten Sie die Software auf Ihrem Computer und verbinden Sie dann Ihren iPod. Das Programm wird diesen erkennen und dann w\u00e4hlen Sie die Option \u201eScan starten\u201c.<br \/>\n <\/div><img loading=\"lazy\" decoding=\"async\" width=\"400\" height=\"258\" src=\"https:\/\/www.tipard.de\/blog\/wp-content\/uploads\/2017\/09\/start-scan.jpg\" class=\"preview\" alt=\"Starten Sie das Programm und den Scan\" srcset=\"https:\/\/www.tipard.de\/blog\/wp-content\/uploads\/2017\/09\/start-scan.jpg 400w, https:\/\/www.tipard.de\/blog\/wp-content\/uploads\/2017\/09\/start-scan-300x194.jpg 300w\" sizes=\"auto, (max-width: 400px) 100vw, 400px\" \/><\/div><br \/>\n<div class=\"article-step reverse\"><div class=\"context\"><h3><span class=\"stepShield\">Schritt 2<\/span>Vorschau und Wiederherstellung der Daten<\/h3><br \/>\nWenn der Scan beendet ist, dann werden Ihnen existierende und gel\u00f6schte Dateien in der Liste angezeigt. W\u00e4hlen Sie die Dateien, die Sie wiederherstellen wollen und klicken Sie dann auf \u201ewiederherstellen\u201c.<br \/>\nNeben Fotos und Videos k\u00f6nnen Sie auch Kontakte, Nachrichten, Anruferlisten, Notizen, Apps, Kalender, Erinnerungen, Safari Lesezeichen und mehr von iTunes Backup Dateien und iCloud Backup Dateien wiederherstellen. Das funktioniert auch mit dem iPhone und iPad.<br \/>\n<\/div><img loading=\"lazy\" decoding=\"async\" width=\"400\" height=\"258\" src=\"https:\/\/www.tipard.de\/blog\/wp-content\/uploads\/2017\/09\/contacts.jpg\" class=\"preview\" alt=\"Vorschau und Wiederherstellung der Daten\" srcset=\"https:\/\/www.tipard.de\/blog\/wp-content\/uploads\/2017\/09\/contacts.jpg 400w, https:\/\/www.tipard.de\/blog\/wp-content\/uploads\/2017\/09\/contacts-300x194.jpg 300w\" sizes=\"auto, (max-width: 400px) 100vw, 400px\" \/><\/div><br \/>\n<\/div>\n","protected":false},"excerpt":{"rendered":"<p>Nach einem Update oder einem Problem bei der Wiederherstellung kann es vorkommen, dass Ihr iPod im Wartungsmodus festsitzt. Das ist ein h\u00e4ufiges Problem bei iOS Ger\u00e4ten. Wenn dieses Problem auftritt, dann kann es auch zu einem Datenverlust kommen. Hier nennen wir Ihnen einige M\u00f6glichkeiten, wie Sie Ihren iPod aus dem Wartungsmodus heraus bekommen. Methode 1: [&hellip;]<\/p>\n","protected":false},"author":1,"featured_media":0,"parent":0,"menu_order":0,"comment_status":"closed","ping_status":"closed","template":"","meta":{"footnotes":""},"class_list":["post-1130","page","type-page","status-publish","hentry"],"_links":{"self":[{"href":"https:\/\/www.tipard.de\/blog\/wp-json\/wp\/v2\/pages\/1130","targetHints":{"allow":["GET"]}}],"collection":[{"href":"https:\/\/www.tipard.de\/blog\/wp-json\/wp\/v2\/pages"}],"about":[{"href":"https:\/\/www.tipard.de\/blog\/wp-json\/wp\/v2\/types\/page"}],"author":[{"embeddable":true,"href":"https:\/\/www.tipard.de\/blog\/wp-json\/wp\/v2\/users\/1"}],"replies":[{"embeddable":true,"href":"https:\/\/www.tipard.de\/blog\/wp-json\/wp\/v2\/comments?post=1130"}],"version-history":[{"count":2,"href":"https:\/\/www.tipard.de\/blog\/wp-json\/wp\/v2\/pages\/1130\/revisions"}],"predecessor-version":[{"id":1135,"href":"https:\/\/www.tipard.de\/blog\/wp-json\/wp\/v2\/pages\/1130\/revisions\/1135"}],"wp:attachment":[{"href":"https:\/\/www.tipard.de\/blog\/wp-json\/wp\/v2\/media?parent=1130"}],"curies":[{"name":"wp","href":"https:\/\/api.w.org\/{rel}","templated":true}]}}