{"id":1122,"date":"2017-09-21T22:01:34","date_gmt":"2017-09-21T22:01:34","guid":{"rendered":"http:\/\/www.tipard.de\/blog\/?page_id=1122"},"modified":"2025-03-02T04:17:13","modified_gmt":"2025-03-02T04:17:13","slug":"alle-nuetzlichen-methoden-um-das-iphone-aus-dem-wartungsmodus-zu-holen","status":"publish","type":"page","link":"https:\/\/www.tipard.de\/blog\/alle-nuetzlichen-methoden-um-das-iphone-aus-dem-wartungsmodus-zu-holen\/","title":{"rendered":"Alle n\u00fctzlichen Methoden, um das iPhone aus dem Wartungsmodus zu holen"},"content":{"rendered":"<p><img loading=\"lazy\" decoding=\"async\" src=\"http:\/\/www.tipard.de\/blog\/wp-content\/uploads\/2017\/09\/iphone-recovery-mode-1.jpg\" alt=\"\" width=\"696\" height=\"338\" class=\"alignnone size-full wp-image-1121\" srcset=\"https:\/\/www.tipard.de\/blog\/wp-content\/uploads\/2017\/09\/iphone-recovery-mode-1.jpg 696w, https:\/\/www.tipard.de\/blog\/wp-content\/uploads\/2017\/09\/iphone-recovery-mode-1-300x146.jpg 300w\" sizes=\"auto, (max-width: 696px) 100vw, 696px\" \/><br \/>\nNutzer von iPhones werden feststellen, dass es vorkommen kann, dass nach einem Update, einem Jailbreak oder wenn Sie ein Backup erstellen das Ger\u00e4t in den Wartungsmodus gesetzt werden muss oder dies automatisch geschieht- Es kann vorkommen, dass das iPhone dann in dem Wartungsmodus fest sitzt und nicht mehr auf normalem weg daraus befreit werden kann. Aber machen Sie sich keine Sorgen: hier zeigen wir Ihnen welche M\u00f6glichkeiten Sie dann haben. <\/p>\n<h2>Teil 1: Manuell aus dem Wartungsmodus herauskommen<\/h2>\n<p>1. Halten Sie den Home und Power Button gleichzeitig f\u00fcr etwa 15 Sekunden, damit Ihr iPhone ausgeschaltet wird.<br \/>\n2. Dr\u00fccken Sie auf den Powere Button, um das iPhone neu zu starten <\/p>\n<h2>Teil 2: Das iPhone mit iTunes aus dem Wartungsmodus herausholen<\/h2>\n<p>Wenn der Home Button Ihres iPhones defekt ist, dann k\u00f6nnen Sie den Wartungsmodus mit iTunes beenden.<br \/>\n1. Verbinden Sie Ihr iPhone mit Ihrem Computer durch ein USB Kabel<br \/>\n2. \u00d6ffnen Sie iTunes und stellen Sie sicher, dass Ihr iPhone korrekt verbunden ist und sich im Wartungsmodus befindet. Eine Nachricht von iTunes wird Ihnen angezeigt und Sie m\u00fcssen die Option w\u00e4hlen das iPhone wiederherzustellen.<br \/>\nTipp: Sie sollten die neuste iTunes Version auf Ihrem Computer installiert haben.<\/p>\n<h2>Teil 3: iPhone ohne iTunes aus dem Wartungsmodus herausholen<\/h2>\n<p>Wenn Sie den Wartungsmodus mit Hilfe von iTunes verlassen, dann verlieren Sie den gesamten Inhalt und alle Einstellungen Ihres iPhones, wenn Sie diese Daten nicht vorher durch ein Backup gesichert haben. Aber gibt es einen Weg, um ohne Datenverlust das iPhone aus dem Wartungsmodus zu holen? Ja!<br \/>\nTipard iOS Data Recovery ist die perfekte L\u00f6sung, um Ihr iPhone aus dem Wartungsmodus herauszuholen. Au\u00dferdem kann die Software verlorene und gel\u00f6schte Fotos, Nachrichten, Kontakte, Notizen und andere Inhalte wiederherstellen.<br \/>\n1. Starten Sie das Programm iOS Data Recovery<br \/>\nNach der Installation starten Sie die Software und verbinden Ihr iPhone mit dem Computer. Die Software wird das Ger\u00e4t im Wartungsmodus erkennen und Sie bitten da \u201eGer\u00e4t neustarten\u201c, um in den normalen Modus zur\u00fcck zu kehren.<br \/>\n<img loading=\"lazy\" decoding=\"async\" src=\"http:\/\/www.tipard.de\/blog\/wp-content\/uploads\/2017\/09\/ios-recovery-inter.jpg\" alt=\"\" width=\"600\" height=\"387\" class=\"alignnone size-full wp-image-1120\" srcset=\"https:\/\/www.tipard.de\/blog\/wp-content\/uploads\/2017\/09\/ios-recovery-inter.jpg 600w, https:\/\/www.tipard.de\/blog\/wp-content\/uploads\/2017\/09\/ios-recovery-inter-300x194.jpg 300w\" sizes=\"auto, (max-width: 600px) 100vw, 600px\" \/><br \/>\n2. Klicken Sie auf \u201cNeustart\u201d.<br \/>\nNach dem Neustart des iPhones k\u00f6nnen Sie die Software nutzen, um verlorene Daten wiederherzustellen.<\/p>\n<h2>Teil 4: Wie man gel\u00f6schte Daten vom iPhone wiederherstellt<\/h2>\n<p>Nachdem Sie Ihr iPhone aus dem Wartungsmodus herausgeholt haben, stellen Sie vielleicht fest, dass Sie wichtige Daten verloren haben. Tipard iOS Data Recovery wurde entwickelt, um f\u00fcr Sie Nachrichten, Fotos, Notizen, Kontakte, Videos und andere Dateien wiederherzustellen von Ihrem iPhone, iPad, iPod, iTunes Backup und iCloud Backup.<\/p>\n<h3>1. iPhone wiederherstellen<\/h3>\n<p>Gehen Sie zur\u00fcck zum Hauptinterface und w\u00e4hlen Sie die \u201cwiederherstellen vom iOS Ger\u00e4t\u201d Option und klicken dann auf \u201cScan starten\u201d, um Ihr iPhone zu scannen.<br \/>\n<img loading=\"lazy\" decoding=\"async\" src=\"http:\/\/www.tipard.de\/blog\/wp-content\/uploads\/2017\/09\/scan.jpg\" alt=\"\" width=\"600\" height=\"387\" class=\"alignnone size-full wp-image-1124\" srcset=\"https:\/\/www.tipard.de\/blog\/wp-content\/uploads\/2017\/09\/scan.jpg 600w, https:\/\/www.tipard.de\/blog\/wp-content\/uploads\/2017\/09\/scan-300x194.jpg 300w\" sizes=\"auto, (max-width: 600px) 100vw, 600px\" \/><br \/>\nTipp: Wenn Sie ein iPhone 4\/3GS Nutzer sind, dann laden Sie bitte ein Plug-in herunter, indem Sie auf den Download Knopf klicken in dem Fenster, welches auftaucht, wenn Ihr iPhone wieder im normalen Modus ist. Folgen Sie diesen Schritten, um Ihr iPhone zu scannen:<br \/>\n1. Halten Sie Ihr iPhone und klicken den Start Knopf.<br \/>\n2. Halten Sie dann den Power und Home Button gleichzeitig f\u00fcr etwa 10 Sekunden.<br \/>\n3. Nach dieser Zeit lassen Sie den Power Button los und halten weiterhin den Home Button f\u00fcr weitere 15 Sekunden.<\/p>\n<h3>2. Vorschau und Wiederherstellung der verlorenen Daten auf Ihrem iPhone<\/h3>\n<p>Wenn der Scan abgeschlossen ist, k\u00f6nnen Sie sich alle Daten (existierende und verlorene) ansehen in der linken Liste. Das Vorschau-Fenster wird Ihnen dabei helfen die Daten, die Sie wiederherstellen wollen, auszuw\u00e4hlen.<br \/>\n<img loading=\"lazy\" decoding=\"async\" src=\"http:\/\/www.tipard.de\/blog\/wp-content\/uploads\/2017\/09\/preview-recover.jpg\" alt=\"\" width=\"600\" height=\"387\" class=\"alignnone size-full wp-image-1123\" srcset=\"https:\/\/www.tipard.de\/blog\/wp-content\/uploads\/2017\/09\/preview-recover.jpg 600w, https:\/\/www.tipard.de\/blog\/wp-content\/uploads\/2017\/09\/preview-recover-300x194.jpg 300w\" sizes=\"auto, (max-width: 600px) 100vw, 600px\" \/> <\/p>\n<h3>3. Wiederherstellung starten<\/h3>\n<p>\u00dcberpr\u00fcfen Sie die Dateien, die Sie wiederherstellen wollen, w\u00e4hlen diese aus und klicken dann auf den \u201cwiederherstelle\u201d Knopf am unteren Rand des Interface.<\/p>\n","protected":false},"excerpt":{"rendered":"<p>Nutzer von iPhones werden feststellen, dass es vorkommen kann, dass nach einem Update, einem Jailbreak oder wenn Sie ein Backup erstellen das Ger\u00e4t in den Wartungsmodus gesetzt werden muss oder dies automatisch geschieht- Es kann vorkommen, dass das iPhone dann in dem Wartungsmodus fest sitzt und nicht mehr auf normalem weg daraus befreit werden kann. [&hellip;]<\/p>\n","protected":false},"author":1,"featured_media":0,"parent":0,"menu_order":0,"comment_status":"closed","ping_status":"closed","template":"","meta":{"footnotes":""},"class_list":["post-1122","page","type-page","status-publish","hentry"],"_links":{"self":[{"href":"https:\/\/www.tipard.de\/blog\/wp-json\/wp\/v2\/pages\/1122","targetHints":{"allow":["GET"]}}],"collection":[{"href":"https:\/\/www.tipard.de\/blog\/wp-json\/wp\/v2\/pages"}],"about":[{"href":"https:\/\/www.tipard.de\/blog\/wp-json\/wp\/v2\/types\/page"}],"author":[{"embeddable":true,"href":"https:\/\/www.tipard.de\/blog\/wp-json\/wp\/v2\/users\/1"}],"replies":[{"embeddable":true,"href":"https:\/\/www.tipard.de\/blog\/wp-json\/wp\/v2\/comments?post=1122"}],"version-history":[{"count":3,"href":"https:\/\/www.tipard.de\/blog\/wp-json\/wp\/v2\/pages\/1122\/revisions"}],"predecessor-version":[{"id":1127,"href":"https:\/\/www.tipard.de\/blog\/wp-json\/wp\/v2\/pages\/1122\/revisions\/1127"}],"wp:attachment":[{"href":"https:\/\/www.tipard.de\/blog\/wp-json\/wp\/v2\/media?parent=1122"}],"curies":[{"name":"wp","href":"https:\/\/api.w.org\/{rel}","templated":true}]}}